{"id":51789,"date":"2019-11-26T16:11:16","date_gmt":"2019-11-26T15:11:16","guid":{"rendered":"https:\/\/www.ucly.fr\/?page_id=51789"},"modified":"2026-01-14T14:39:07","modified_gmt":"2026-01-14T13:39:07","slug":"exchange-students-mobility-program","status":"publish","type":"page","link":"https:\/\/www.ucly.fr\/en\/admissions\/exchange-students-mobility-program\/","title":{"rendered":"Exchange students"},"content":{"rendered":"<h2 class=\"wp-block-heading\">You're coming in the framework of an academic exchange<\/h2><p>First of all, you need to check whether there is a cooperation agreement between your home university\/your faculty and UCLy allowing student exchanges. <br>You can consult our list of international partner universities, or contact your home university's International Relations Office. <\/p><h3 class=\"wp-block-heading\">Follow the steps! : <\/h3><p>1. Contact the International Relations Office at your home university to <strong>check if there is an agreement for student exchange<\/strong> between UCLy and your home university.<\/p><div class=\"wp-block-button js-fade-scroll\">\n\n    <a href=\"https:\/\/www.ucly.fr\/international\/etudier-a-letranger\/nos-partenaires-reseaux-universites\/universites-partenaires\/\" target=\"_blank\" title=\"View our partner universities\" class=\"button primary\">View our partner universities<\/a>\n\n  <\/div><p>2. <strong>Follow your home university's procedures to apply for an exchange semester<\/strong>. Your home university will screen your application according to their own specific criteria.  <\/p><p>3. Once your application to the exchange program is validated by your home university,<strong> they will nominate you with UCLy<\/strong>. In order for UCLy to consider your application as an exchange student, nomination by your home university is <strong>mandatory<\/strong>. <\/p><p>4. When your nomination has been accepted by UCLy, <strong>you will receive the instructions for application<\/strong>. Usually, the UCLy department where you have been nominated contacts you.<\/p><p>5. <strong>Follow the instructions<\/strong> and <strong>pay attention to the deadlines<\/strong>! <\/p><div class=\"wp-block-button js-fade-scroll\">\n\n    <a href=\"https:\/\/www.ucly.fr\/wp-content\/uploads\/2025\/04\/ucly_2025-26_nominations-applications_fall-2025.pdf\" target=\"_blank\" title=\"Fall 2025\" class=\"button primary\">Fall 2025<\/a>\n\n  <\/div><div class=\"wp-block-button js-fade-scroll\">\n\n    <a href=\"https:\/\/www.ucly.fr\/wp-content\/uploads\/2025\/07\/ucly_deadline-language-requirements_spring-2026.pdf\" target=\"_blank\" title=\"Spring 2026\" class=\"button primary\">Spring 2026<\/a>\n\n  <\/div><div class=\"wp-block-button js-fade-scroll\">\n\n    <a href=\"https:\/\/www.ucly.fr\/wp-content\/uploads\/2025\/03\/fact-sheet-25_26.pdf\" target=\"_blank\" title=\"Download UCLy Fact sheet 2025-2026\" class=\"button primary\">Download UCLy Fact sheet 2025-2026<\/a>\n\n  <\/div><p>Note that the International Relations Office is not in charge of your academics at UCLy. If you have questions related to admissions, classes and schedules, learning agreement, grades, etc. please contact directly the appropriate department.<\/p><div class=\"wp-block-button js-fade-scroll\">\n\n    <a href=\"https:\/\/www.ucly.fr\/wp-content\/uploads\/2024\/12\/ri-liste-contacts-facultes.pdf\" target=\"_blank\" title=\"List of contacts per faculty \/ school \/ institut at UCLy\" class=\"button primary\">List of contacts per faculty \/ school \/ institut at UCLy<\/a>\n\n  <\/div><div class=\"wp-block-faq js-fade-scroll\">\n  <p class=\"wp-block-faq-title\">Formalities regarding your stay in France - You are<\/p>\n\n      <ul class=\"accordion\" data-accordion data-allow-all-closed=\"true\">\n              <li class=\"accordion-item is-active\" data-accordion-item>\n          <a href=\"#\" class=\"accordion-title\">Citizen of the EU\/EEA\/Switzerland\/Monaco\/Andorra<\/a>\n          <div class=\"accordion-content\" data-tab-content><p>No formalities are required. A valid identity card or passport is sufficient.<\/p>\n<p>&nbsp;<\/p>\n<p style=\"text-align: center;\"><a href=\"https:\/\/erasmus-plus.ec.europa.eu\/contacts\/national-agencies?facets__permanent%7Cfield_eac_topics=1964\" target=\"_blank\" rel=\"noopener\"><strong><span style=\"color: #b70033;\"><span class=\"button\">More info about the Erasmus + program!<\/span><\/span><\/strong><\/a><\/p>\n<\/div>\n        <\/li>\n              <li class=\"accordion-item\" data-accordion-item>\n          <a href=\"#\" class=\"accordion-title\">Non-citizen of the EU\/EEA\/Switzerland\/Monaco\/Andorra<\/a>\n          <div class=\"accordion-content\" data-tab-content><p style=\"text-align: center;\"><strong>A passport is required to enter the French territory. Make sure it expires at least 6 months after the final day of your stay.<\/strong><\/p>\n<p><!-- \/wp:paragraph --> <!-- wp:heading {\"level\":4} --><\/p>\n<h4 class=\"wp-block-heading\"><strong>Get a student visa<\/strong><\/h4>\n<p><!-- \/wp:heading --> <!-- wp:paragraph --><\/p>\n<p>Before your arrival, you must obtain a visa in order to stay in France for the duration of your studies.<\/p>\n<p style=\"text-align: center;\"><a href=\"https:\/\/www.campusfrance.org\/en\/student-visa-for-france-login-to-france-visas\" target=\"_blank\" rel=\"noopener\"><strong><span style=\"color: #b70033;\"><span class=\"button\">Campus France: Student visa for France<\/span><\/span><\/strong><\/a><\/p>\n<p><!-- \/wp:paragraph --> <!-- wp:heading {\"level\":4} --><\/p>\n<ul>\n<li class=\"wp-block-heading\">\n<h4>You are currently living in a country affected by the <em>Etudes en France<\/em> procedure<\/h4>\n<\/li>\n<\/ul>\n<p><!-- \/wp:heading --> <!-- wp:paragraph --><\/p>\n<p>Students applying from one of these countries are required to submit an application through the <em>Etudes en France<\/em> platform. For more information, please contact your local <em>Espace Campus France<\/em>.<br \/>\nStudents applying within the framework of an exchange program may benefit from a ligher procedure.<\/p>\n<p><!-- \/wp:paragraph --><\/p>\n<p style=\"text-align: center;\"><a href=\"https:\/\/www.campusfrance.org\/en\/application-etudes-en-france-procedure\" target=\"_blank\" rel=\"noopener\"><strong><span style=\"color: #b70033;\"><span class=\"button\">List of countries affected by the <em>Etudes en France<\/em> procedure<\/span><\/span><\/strong><\/a><\/p>\n<p>&nbsp;<\/p>\n<p style=\"text-align: center;\"><a href=\"https:\/\/www.ucly.fr\/wp-content\/uploads\/2023\/04\/ri-2023-eef-procedure-eng.pdf\" target=\"_blank\" rel=\"noopener\"><strong><span style=\"color: #b70033;\"><span class=\"button\">Campus France: the <em>Etudes en France<\/em> procedure<\/span><\/span><\/strong><\/a><\/p>\n<p>&nbsp;<\/p>\n<p style=\"text-align: center;\"><a href=\"https:\/\/www.campusfrance.org\/en\/application-higher-education-france\" target=\"_blank\" rel=\"noopener\"><strong><span style=\"color: #b70033;\"><span class=\"button\">Campus France: How to apply?<\/span><\/span><\/strong><\/a><\/p>\n<p><!-- wp:heading {\"level\":4} --><\/p>\n<h4><\/h4>\n<ul>\n<li class=\"wp-block-heading\">\n<h4>You are currently living in a country which is not affected by the <em>Etudes en France<\/em> procedure<\/h4>\n<\/li>\n<\/ul>\n<p><!-- \/wp:heading --> <!-- wp:paragraph --><\/p>\n<p>Contact the French Embassy in your country for the detailed visa application procedure.<\/p>\n<p>&nbsp;<\/p>\n<p style=\"text-align: center;\"><a href=\"https:\/\/www.diplomatie.gouv.fr\/fr\/le-ministere-et-son-reseau\/organisation-et-annuaires\/ambassades-et-consulats-francais-a-l-etranger\/\" target=\"_blank\" rel=\"noopener\"><strong><span style=\"color: #b70033;\"><span class=\"button\">List of French Embassies and Consulates abroad<\/span><\/span><\/strong><\/a><\/p>\n<\/div>\n        <\/li>\n              <li class=\"accordion-item\" data-accordion-item>\n          <a href=\"#\" class=\"accordion-title\">Non-citizen of the EU\/EEA\/Switzerland\/Monaco\/Andorra - Living in EU\/EEA\/Switzerland\/Monaco\/Andorra<\/a>\n          <div class=\"accordion-content\" data-tab-content><p>Your &#8220;Student&#8221; residence card allows you to stay in France for maximum 90 days.<\/p>\n<p>If your mobility in France lasts more than 90 days:<\/p>\n<ul>\n<li>Whether you have to ask for a &#8220;Student &#8211; Mobility Program&#8221; residence card in the country you are living in.<\/li>\n<li>Or you have to ask for the &#8220;Student&#8221; visa at the French Embassy\/Consulat in the country you are living in (recommended).<br \/>\n<strong>Caution<\/strong>: Processing time to obtain the &#8220;Student&#8221; visa for France can be long. <strong>We advise you to anticipate your procedure 3 months before the semester starts.<\/strong><\/li>\n<\/ul>\n<p>&nbsp;<\/p>\n<p><strong>Note that you can&#8217;t obtain a French &#8220;Student&#8221; visa or residence card once already in France.<\/strong><\/p>\n<\/div>\n        <\/li>\n          <\/ul>\n  <\/div><div class=\"wp-block-cross-content js-fade-scroll\">\n    <p class=\"wp-block-cross-content-title\">More information<\/p>\n            <div class=\"row wp-block-cross-content-row\">\n                                <div class=\"column small-12 medium-6 large-4 wp-block-cross-content-col\">\n                        <a class=\"wp-block-cross-content-top\" href=\"https:\/\/www.ucly.fr\/en\/student-life\/international-relations-office\/international-student-desk\/administrative-procedures\/\" title=\"Administrative procedures\">\n                            <span class=\"wp-block-cross-content-name\">Administrative procedures<\/span>\n                            <span class=\"wp-block-cross-content-image\"><img decoding=\"async\" width=\"550\" height=\"500\" src=\"https:\/\/www.ucly.fr\/wp-content\/uploads\/2019\/11\/header-ucly-etudiant-en-plein-travail-sur-ordinateur-550x500.jpg\" class=\" wp-post-image\" alt=\"R\u00e9ussir ses \u00e9tudes \u00e0 Lyon\" \/><\/span>\n                            <span class=\"wp-block-cross-content-more\">\n                                <span class=\"icon-more\"><\/span>\n                            <\/span>\n                        <\/a>\n                        <div class=\"wp-block-cross-content-excerpt\"><\/div>\n                    <\/div>\n                                                <div class=\"column small-12 medium-6 large-4 wp-block-cross-content-col\">\n                        <a class=\"wp-block-cross-content-top\" href=\"https:\/\/www.ucly.fr\/en\/academics\/\" title=\"ACADEMICS\">\n                            <span class=\"wp-block-cross-content-name\">ACADEMICS<\/span>\n                            <span class=\"wp-block-cross-content-image\"><img decoding=\"async\" width=\"550\" height=\"500\" src=\"https:\/\/www.ucly.fr\/wp-content\/uploads\/2019\/11\/header-rue-interieure-saint-paul-550x500.jpg\" class=\" wp-post-image\" alt=\"Hall int\u00e9rieur du campus Saint-Paul\" \/><\/span>\n                            <span class=\"wp-block-cross-content-more\">\n                                <span class=\"icon-more\"><\/span>\n                            <\/span>\n                        <\/a>\n                        <div class=\"wp-block-cross-content-excerpt\"><\/div>\n                    <\/div>\n                                                <div class=\"column small-12 medium-6 large-4 wp-block-cross-content-col\">\n                        <a class=\"wp-block-cross-content-top\" href=\"\" title=\"\">\n                            <span class=\"wp-block-cross-content-name\"><\/span>\n                            <span class=\"wp-block-cross-content-image\"><\/span>\n                            <span class=\"wp-block-cross-content-more\">\n                                <span class=\"icon-more\"><\/span>\n                            <\/span>\n                        <\/a>\n                        <div class=\"wp-block-cross-content-excerpt\"><\/div>\n                    <\/div>\n                                    <\/div>\n    <\/div>","protected":false},"excerpt":{"rendered":"<p>You&#8217;re coming in the framework of an academic exchangeFirst of all, you need to check whether there is a cooperation agreement between your home [&hellip;]<\/p>\n","protected":false},"author":104,"featured_media":4852,"parent":43972,"menu_order":0,"comment_status":"closed","ping_status":"closed","template":"","meta":{"_acf_changed":false,"footnotes":""},"class_list":["post-51789","page","type-page","status-publish","has-post-thumbnail","hentry"],"acf":[],"yoast_head":"<!-- This site is optimized with the Yoast SEO plugin v24.1 - https:\/\/yoast.com\/wordpress\/plugins\/seo\/ -->\n<title>Exchange students - UCLy<\/title>\n<meta name=\"description\" content=\"If you are coming to study as part of a student exchange programme, this page will guide you through the application steps, practical information and next steps.\" \/>\n<meta name=\"robots\" content=\"index, follow, max-snippet:-1, max-image-preview:large, max-video-preview:-1\" \/>\n<link rel=\"canonical\" href=\"https:\/\/www.ucly.fr\/en\/admissions\/exchange-students-mobility-program\/\" \/>\n<meta property=\"og:locale\" content=\"en_US\" \/>\n<meta property=\"og:type\" content=\"article\" \/>\n<meta property=\"og:title\" content=\"Exchange students - UCLy\" \/>\n<meta property=\"og:description\" content=\"If you are coming to study as part of a student exchange programme, this page will guide you through the application steps, practical information and next steps.\" \/>\n<meta property=\"og:url\" content=\"https:\/\/www.ucly.fr\/en\/admissions\/exchange-students-mobility-program\/\" \/>\n<meta property=\"og:site_name\" content=\"UCLy\" \/>\n<meta property=\"article:modified_time\" content=\"2026-01-14T13:39:07+00:00\" \/>\n<meta property=\"og:image\" content=\"https:\/\/www.ucly.fr\/wp-content\/uploads\/2019\/11\/header-vue-drone-saint-paul.jpg\" \/>\n\t<meta property=\"og:image:width\" content=\"1920\" \/>\n\t<meta property=\"og:image:height\" content=\"575\" \/>\n\t<meta property=\"og:image:type\" content=\"image\/jpeg\" \/>\n<meta name=\"twitter:card\" content=\"summary_large_image\" \/>\n<meta name=\"twitter:label1\" content=\"Est. reading time\" \/>\n\t<meta name=\"twitter:data1\" content=\"2 minutes\" \/>\n<script type=\"application\/ld+json\" class=\"yoast-schema-graph\">{\"@context\":\"https:\/\/schema.org\",\"@graph\":[{\"@type\":\"WebPage\",\"@id\":\"https:\/\/www.ucly.fr\/en\/admissions\/exchange-students-mobility-program\/\",\"url\":\"https:\/\/www.ucly.fr\/en\/admissions\/exchange-students-mobility-program\/\",\"name\":\"Exchange students - UCLy\",\"isPartOf\":{\"@id\":\"https:\/\/www.ucly.fr\/en\/#website\"},\"primaryImageOfPage\":{\"@id\":\"https:\/\/www.ucly.fr\/en\/admissions\/exchange-students-mobility-program\/#primaryimage\"},\"image\":{\"@id\":\"https:\/\/www.ucly.fr\/en\/admissions\/exchange-students-mobility-program\/#primaryimage\"},\"thumbnailUrl\":\"https:\/\/www.ucly.fr\/wp-content\/uploads\/2019\/11\/header-vue-drone-saint-paul.jpg\",\"datePublished\":\"2019-11-26T15:11:16+00:00\",\"dateModified\":\"2026-01-14T13:39:07+00:00\",\"description\":\"If you are coming to study as part of a student exchange programme, this page will guide you through the application steps, practical information and next steps.\",\"breadcrumb\":{\"@id\":\"https:\/\/www.ucly.fr\/en\/admissions\/exchange-students-mobility-program\/#breadcrumb\"},\"inLanguage\":\"en-US\",\"potentialAction\":[{\"@type\":\"ReadAction\",\"target\":[\"https:\/\/www.ucly.fr\/en\/admissions\/exchange-students-mobility-program\/\"]}]},{\"@type\":\"ImageObject\",\"inLanguage\":\"en-US\",\"@id\":\"https:\/\/www.ucly.fr\/en\/admissions\/exchange-students-mobility-program\/#primaryimage\",\"url\":\"https:\/\/www.ucly.fr\/wp-content\/uploads\/2019\/11\/header-vue-drone-saint-paul.jpg\",\"contentUrl\":\"https:\/\/www.ucly.fr\/wp-content\/uploads\/2019\/11\/header-vue-drone-saint-paul.jpg\",\"width\":1920,\"height\":575,\"caption\":\"header-vue-drone-saint-paul\"},{\"@type\":\"BreadcrumbList\",\"@id\":\"https:\/\/www.ucly.fr\/en\/admissions\/exchange-students-mobility-program\/#breadcrumb\",\"itemListElement\":[{\"@type\":\"ListItem\",\"position\":1,\"name\":\"Accueil\",\"item\":\"https:\/\/www.ucly.fr\/en\/\"},{\"@type\":\"ListItem\",\"position\":2,\"name\":\"Study at UCLy\",\"item\":\"https:\/\/www.ucly.fr\/en\/admissions\/\"},{\"@type\":\"ListItem\",\"position\":3,\"name\":\"Exchange students\"}]},{\"@type\":\"WebSite\",\"@id\":\"https:\/\/www.ucly.fr\/en\/#website\",\"url\":\"https:\/\/www.ucly.fr\/en\/\",\"name\":\"UCLy\",\"description\":\"Un site utilisant WordPress\",\"publisher\":{\"@id\":\"https:\/\/www.ucly.fr\/en\/#organization\"},\"potentialAction\":[{\"@type\":\"SearchAction\",\"target\":{\"@type\":\"EntryPoint\",\"urlTemplate\":\"https:\/\/www.ucly.fr\/en\/?s={search_term_string}\"},\"query-input\":{\"@type\":\"PropertyValueSpecification\",\"valueRequired\":true,\"valueName\":\"search_term_string\"}}],\"inLanguage\":\"en-US\"},{\"@type\":\"Organization\",\"@id\":\"https:\/\/www.ucly.fr\/en\/#organization\",\"name\":\"UCLy\",\"url\":\"https:\/\/www.ucly.fr\/en\/\",\"logo\":{\"@type\":\"ImageObject\",\"inLanguage\":\"en-US\",\"@id\":\"https:\/\/www.ucly.fr\/en\/#\/schema\/logo\/image\/\",\"url\":\"https:\/\/www.ucly.fr\/wp-content\/uploads\/2025\/06\/logo-150ans-blanc.svg\",\"contentUrl\":\"https:\/\/www.ucly.fr\/wp-content\/uploads\/2025\/06\/logo-150ans-blanc.svg\",\"caption\":\"UCLy\"},\"image\":{\"@id\":\"https:\/\/www.ucly.fr\/en\/#\/schema\/logo\/image\/\"}}]}<\/script>\n<!-- \/ Yoast SEO plugin. -->","yoast_head_json":{"title":"Exchange students - UCLy","description":"If you are coming to study as part of a student exchange programme, this page will guide you through the application steps, practical information and next steps.","robots":{"index":"index","follow":"follow","max-snippet":"max-snippet:-1","max-image-preview":"max-image-preview:large","max-video-preview":"max-video-preview:-1"},"canonical":"https:\/\/www.ucly.fr\/en\/admissions\/exchange-students-mobility-program\/","og_locale":"en_US","og_type":"article","og_title":"Exchange students - UCLy","og_description":"If you are coming to study as part of a student exchange programme, this page will guide you through the application steps, practical information and next steps.","og_url":"https:\/\/www.ucly.fr\/en\/admissions\/exchange-students-mobility-program\/","og_site_name":"UCLy","article_modified_time":"2026-01-14T13:39:07+00:00","og_image":[{"width":1920,"height":575,"url":"https:\/\/www.ucly.fr\/wp-content\/uploads\/2019\/11\/header-vue-drone-saint-paul.jpg","type":"image\/jpeg"}],"twitter_card":"summary_large_image","twitter_misc":{"Est. reading time":"2 minutes"},"schema":{"@context":"https:\/\/schema.org","@graph":[{"@type":"WebPage","@id":"https:\/\/www.ucly.fr\/en\/admissions\/exchange-students-mobility-program\/","url":"https:\/\/www.ucly.fr\/en\/admissions\/exchange-students-mobility-program\/","name":"Exchange students - UCLy","isPartOf":{"@id":"https:\/\/www.ucly.fr\/en\/#website"},"primaryImageOfPage":{"@id":"https:\/\/www.ucly.fr\/en\/admissions\/exchange-students-mobility-program\/#primaryimage"},"image":{"@id":"https:\/\/www.ucly.fr\/en\/admissions\/exchange-students-mobility-program\/#primaryimage"},"thumbnailUrl":"https:\/\/www.ucly.fr\/wp-content\/uploads\/2019\/11\/header-vue-drone-saint-paul.jpg","datePublished":"2019-11-26T15:11:16+00:00","dateModified":"2026-01-14T13:39:07+00:00","description":"If you are coming to study as part of a student exchange programme, this page will guide you through the application steps, practical information and next steps.","breadcrumb":{"@id":"https:\/\/www.ucly.fr\/en\/admissions\/exchange-students-mobility-program\/#breadcrumb"},"inLanguage":"en-US","potentialAction":[{"@type":"ReadAction","target":["https:\/\/www.ucly.fr\/en\/admissions\/exchange-students-mobility-program\/"]}]},{"@type":"ImageObject","inLanguage":"en-US","@id":"https:\/\/www.ucly.fr\/en\/admissions\/exchange-students-mobility-program\/#primaryimage","url":"https:\/\/www.ucly.fr\/wp-content\/uploads\/2019\/11\/header-vue-drone-saint-paul.jpg","contentUrl":"https:\/\/www.ucly.fr\/wp-content\/uploads\/2019\/11\/header-vue-drone-saint-paul.jpg","width":1920,"height":575,"caption":"header-vue-drone-saint-paul"},{"@type":"BreadcrumbList","@id":"https:\/\/www.ucly.fr\/en\/admissions\/exchange-students-mobility-program\/#breadcrumb","itemListElement":[{"@type":"ListItem","position":1,"name":"Accueil","item":"https:\/\/www.ucly.fr\/en\/"},{"@type":"ListItem","position":2,"name":"Study at UCLy","item":"https:\/\/www.ucly.fr\/en\/admissions\/"},{"@type":"ListItem","position":3,"name":"Exchange students"}]},{"@type":"WebSite","@id":"https:\/\/www.ucly.fr\/en\/#website","url":"https:\/\/www.ucly.fr\/en\/","name":"UCLy","description":"Un site utilisant WordPress","publisher":{"@id":"https:\/\/www.ucly.fr\/en\/#organization"},"potentialAction":[{"@type":"SearchAction","target":{"@type":"EntryPoint","urlTemplate":"https:\/\/www.ucly.fr\/en\/?s={search_term_string}"},"query-input":{"@type":"PropertyValueSpecification","valueRequired":true,"valueName":"search_term_string"}}],"inLanguage":"en-US"},{"@type":"Organization","@id":"https:\/\/www.ucly.fr\/en\/#organization","name":"UCLy","url":"https:\/\/www.ucly.fr\/en\/","logo":{"@type":"ImageObject","inLanguage":"en-US","@id":"https:\/\/www.ucly.fr\/en\/#\/schema\/logo\/image\/","url":"https:\/\/www.ucly.fr\/wp-content\/uploads\/2025\/06\/logo-150ans-blanc.svg","contentUrl":"https:\/\/www.ucly.fr\/wp-content\/uploads\/2025\/06\/logo-150ans-blanc.svg","caption":"UCLy"},"image":{"@id":"https:\/\/www.ucly.fr\/en\/#\/schema\/logo\/image\/"}}]}},"_links":{"self":[{"href":"https:\/\/www.ucly.fr\/en\/wp-json\/wp\/v2\/pages\/51789","targetHints":{"allow":["GET"]}}],"collection":[{"href":"https:\/\/www.ucly.fr\/en\/wp-json\/wp\/v2\/pages"}],"about":[{"href":"https:\/\/www.ucly.fr\/en\/wp-json\/wp\/v2\/types\/page"}],"author":[{"embeddable":true,"href":"https:\/\/www.ucly.fr\/en\/wp-json\/wp\/v2\/users\/104"}],"replies":[{"embeddable":true,"href":"https:\/\/www.ucly.fr\/en\/wp-json\/wp\/v2\/comments?post=51789"}],"version-history":[{"count":3,"href":"https:\/\/www.ucly.fr\/en\/wp-json\/wp\/v2\/pages\/51789\/revisions"}],"predecessor-version":[{"id":421420,"href":"https:\/\/www.ucly.fr\/en\/wp-json\/wp\/v2\/pages\/51789\/revisions\/421420"}],"up":[{"embeddable":true,"href":"https:\/\/www.ucly.fr\/en\/wp-json\/wp\/v2\/pages\/43972"}],"wp:featuredmedia":[{"embeddable":true,"href":"https:\/\/www.ucly.fr\/en\/wp-json\/wp\/v2\/media\/4852"}],"wp:attachment":[{"href":"https:\/\/www.ucly.fr\/en\/wp-json\/wp\/v2\/media?parent=51789"}],"curies":[{"name":"wp","href":"https:\/\/api.w.org\/{rel}","templated":true}]}}