{"id":50856,"date":"2020-02-06T14:46:23","date_gmt":"2020-02-06T13:46:23","guid":{"rendered":"https:\/\/www.ucly.fr\/?page_id=50856"},"modified":"2021-03-29T11:20:43","modified_gmt":"2021-03-29T09:20:43","slug":"faculties","status":"publish","type":"page","link":"https:\/\/www.ucly.fr\/en\/academics\/faculties\/","title":{"rendered":"UCLy's 6 faculties"},"content":{"rendered":"<h2 class=\"wp-block-heading\">Faculty of Philosophy, Psychology and Education<\/h2><p>The originality of the <a href=\"https:\/\/www.ucly.fr\/en\/our-poles\/philosophy-and-human-sciences\/\" target=\"_blank\" rel=\"noreferrer noopener\">Faculty of Philosophy, Psychology and Education<\/a> is to coordinate a canonical department and a set of distinct university institutes.<\/p><p>The Faculty of Philosophy, Psychology and Education consists of:<\/p><ul class=\"wp-block-list\"><li><strong>Department of Philosophy <\/strong><\/li><li><strong>Department of Psychology - SHS (Human and Social Sciences)<\/strong><\/li><li><strong>Departement of Education <\/strong>(<strong>the MEEF Master's Degree<\/strong>)<\/li><\/ul><h2 class=\"wp-block-heading\">Faculty of Theology and Religious Sciences <\/h2><p>UCLy's <a href=\"https:\/\/www.ucly.fr\/en\/our-poles\/theology-religious-sciences\/\" target=\"_blank\" rel=\"noreferrer noopener\">Faculty of Theology and Religious Sciences<\/a> combines state-of-the-art teaching in Catholic theology with practical training that responds to the realities of the Church and society.<\/p><ul class=\"wp-block-list\"><li><strong>Department of Theology<\/strong><\/li><li><strong>IPER<\/strong><\/li><\/ul><h2 class=\"wp-block-heading\">Faculty of Economics Sciences and Management<\/h2><p>This <a rel=\"noreferrer noopener\" href=\"https:\/\/www.ucly.fr\/en\/our-poles\/economic-and-management\/\" target=\"_blank\">Faculty<\/a> is mainly composed of a business school :<\/p><ul class=\"wp-block-list\"><li><strong><a href=\"https:\/\/www.esdes.fr\/en-\/\" target=\"_blank\" rel=\"noreferrer noopener\">ESDES<\/a><\/strong><\/li><\/ul><h2 class=\"wp-block-heading\">Faculty of Modern Languages and Literature<\/h2><p>The <a href=\"https:\/\/www.ucly.fr\/en\/our-poles\/modern-languages-literature\/\" target=\"_blank\" rel=\"noreferrer noopener\">Faculty of Modern Languages and Literature<\/a> brings together a diverse group of schools and institutes for multidisciplinary teaching.<\/p><ul class=\"wp-block-list\"><li><strong>Department of French Literature<\/strong><\/li><li><strong><a href=\"https:\/\/www.estri.fr\/en\" target=\"_blank\" rel=\"noreferrer noopener\">ESTRI<\/a><\/strong><\/li><li><strong><a rel=\"noreferrer noopener\" href=\"https:\/\/www.ilcf.net\/en\/\" target=\"_blank\">ILCF<\/a><\/strong><\/li><li><strong>Institut Pierre Gardette<\/strong><\/li><\/ul><p><\/p><h2 class=\"wp-block-heading\">Faculty of Legal, Political, and Social Sciences<\/h2><p>This <a href=\"https:\/\/www.ucly.fr\/en\/our-poles\/legal-political-and-social-sciences\/\" target=\"_blank\" rel=\"noreferrer noopener\">Faculty <\/a>is composed of a faculty of law, three institutes (ISF, IDHL, CIEDEL) and a UNESCO Chair:<\/p><ul class=\"wp-block-list\"><li><strong>Faculty of Law<\/strong><\/li><li><strong>ISF<\/strong> <strong>- Familly Sciences\u2019 Institute<\/strong><\/li><li><strong>IDHL, <em>Institut des Droits de l'Homme<\/em><\/strong><\/li><li><strong>The UNESCO Chair \"Memory, Cultures and Interculturality\"<\/strong><\/li><li><strong>The CIEDEL - International Centre for Local Development Studies<\/strong><\/li><\/ul><h2 class=\"wp-block-heading\">The Faculty of Applied Sciences <\/h2><p>The <a href=\"https:\/\/www.ucly.fr\/en\/our-poles\/sciences\/\" target=\"_blank\" rel=\"noreferrer noopener\">Faculty of Applied Sciences <\/a>brings together specialized schools in biotechnologies, biomedical diagnostics, quality management, safety, environment and digital sciences.<\/p><ul class=\"wp-block-list\"><li><strong>ESTBB<\/strong><\/li><li><strong>IFTLM<\/strong><\/li><li><strong>ESQESE<\/strong><\/li><\/ul><div class=\"wp-block-cross-content js-fade-scroll\">\n    <p class=\"wp-block-cross-content-title\">Read also<\/p>\n            <div class=\"row wp-block-cross-content-row\">\n                                <div class=\"column small-12 medium-6 large-4 wp-block-cross-content-col\">\n                        <a class=\"wp-block-cross-content-top\" href=\"https:\/\/www.ucly.fr\/en\/ucly\/our-institution\/our-history\/\" title=\"Our history\">\n                            <span class=\"wp-block-cross-content-name\">Our history<\/span>\n                            <span class=\"wp-block-cross-content-image\"><img loading=\"lazy\" decoding=\"async\" width=\"545\" height=\"570\" src=\"https:\/\/www.ucly.fr\/wp-content\/uploads\/2019\/11\/header-ville-de-lyon-550x575.jpg\" class=\" wp-post-image\" alt=\"header-ville-de-lyon\" \/><\/span>\n                            <span class=\"wp-block-cross-content-more\">\n                                <span class=\"icon-more\"><\/span>\n                            <\/span>\n                        <\/a>\n                        <div class=\"wp-block-cross-content-excerpt\"><p>Founded in 1875, UCLy (Lyon Catholic University) combines respect for humanist values and openness to society.<\/p>\n<\/div>\n                    <\/div>\n                                                <div class=\"column small-12 medium-6 large-4 wp-block-cross-content-col\">\n                        <a class=\"wp-block-cross-content-top\" href=\"https:\/\/www.ucly.fr\/en\/ucly\/our-institution\/overview\/facts-figures\/\" title=\"Facts and figures\">\n                            <span class=\"wp-block-cross-content-name\">Facts and figures<\/span>\n                            <span class=\"wp-block-cross-content-image\"><img loading=\"lazy\" decoding=\"async\" width=\"630\" height=\"570\" src=\"https:\/\/www.ucly.fr\/wp-content\/uploads\/2019\/11\/amphi-etudiants-ucly-630x570.jpg\" class=\" wp-post-image\" alt=\"header - \u00e9tudiants dans un amphith\u00e9\u00e2tre\" \/><\/span>\n                            <span class=\"wp-block-cross-content-more\">\n                                <span class=\"icon-more\"><\/span>\n                            <\/span>\n                        <\/a>\n                        <div class=\"wp-block-cross-content-excerpt\"><\/div>\n                    <\/div>\n                                                <div class=\"column small-12 medium-6 large-4 wp-block-cross-content-col\">\n                        <a class=\"wp-block-cross-content-top\" href=\"https:\/\/www.ucly.fr\/en\/ucly\/our-institution\/our-strengths\/\" title=\"Our strengths\">\n                            <span class=\"wp-block-cross-content-name\">Our strengths<\/span>\n                            <span class=\"wp-block-cross-content-image\"><img loading=\"lazy\" decoding=\"async\" width=\"630\" height=\"570\" src=\"https:\/\/www.ucly.fr\/wp-content\/uploads\/2026\/04\/chatgpt-image-23-avr.-2026-14_27_54-630x570.png\" class=\" wp-post-image\" alt=\"\" \/><\/span>\n                            <span class=\"wp-block-cross-content-more\">\n                                <span class=\"icon-more\"><\/span>\n                            <\/span>\n                        <\/a>\n                        <div class=\"wp-block-cross-content-excerpt\"><p>Programmes designed to address the complexity of today\u2019s world, fostering critical discernment and preparing graduates to act with responsibility, purpose and commitment.<\/p>\n<\/div>\n                    <\/div>\n                                    <\/div>\n    <\/div>","protected":false},"excerpt":{"rendered":"<p>Faculty of Philosophy, Psychology and EducationThe originality of the Faculty of Philosophy, Psychology and Education is to coordinate a canonical department and a set [&hellip;]<\/p>\n","protected":false},"author":72,"featured_media":4852,"parent":43966,"menu_order":0,"comment_status":"closed","ping_status":"closed","template":"","meta":{"_acf_changed":false,"footnotes":""},"class_list":["post-50856","page","type-page","status-publish","has-post-thumbnail","hentry"],"acf":[],"yoast_head":"<!-- This site is optimized with the Yoast SEO plugin v24.1 - https:\/\/yoast.com\/wordpress\/plugins\/seo\/ -->\n<title>UCLy&#039;s 6 faculties - Academics - UCLy<\/title>\n<meta name=\"description\" content=\"Learn more about UCLy&#039;s 6 faculties, the schools and Institutes which compose our institution spread out among two campuses in Lyon and one in Annecy.\" \/>\n<meta name=\"robots\" content=\"index, follow, max-snippet:-1, max-image-preview:large, max-video-preview:-1\" \/>\n<link rel=\"canonical\" href=\"https:\/\/www.ucly.fr\/en\/academics\/faculties\/\" \/>\n<meta property=\"og:locale\" content=\"en_US\" \/>\n<meta property=\"og:type\" content=\"article\" \/>\n<meta property=\"og:title\" content=\"UCLy&#039;s 6 faculties - Academics - UCLy\" \/>\n<meta property=\"og:description\" content=\"Learn more about UCLy&#039;s 6 faculties, the schools and Institutes which compose our institution spread out among two campuses in Lyon and one in Annecy.\" \/>\n<meta property=\"og:url\" content=\"https:\/\/www.ucly.fr\/en\/academics\/faculties\/\" \/>\n<meta property=\"og:site_name\" content=\"UCLy\" \/>\n<meta property=\"article:modified_time\" content=\"2021-03-29T09:20:43+00:00\" \/>\n<meta property=\"og:image\" content=\"https:\/\/www.ucly.fr\/wp-content\/uploads\/2019\/11\/header-vue-drone-saint-paul.jpg\" \/>\n\t<meta property=\"og:image:width\" content=\"1920\" \/>\n\t<meta property=\"og:image:height\" content=\"575\" \/>\n\t<meta property=\"og:image:type\" content=\"image\/jpeg\" \/>\n<meta name=\"twitter:card\" content=\"summary_large_image\" \/>\n<meta name=\"twitter:label1\" content=\"Est. reading time\" \/>\n\t<meta name=\"twitter:data1\" content=\"1 minute\" \/>\n<script type=\"application\/ld+json\" class=\"yoast-schema-graph\">{\"@context\":\"https:\/\/schema.org\",\"@graph\":[{\"@type\":\"WebPage\",\"@id\":\"https:\/\/www.ucly.fr\/en\/academics\/faculties\/\",\"url\":\"https:\/\/www.ucly.fr\/en\/academics\/faculties\/\",\"name\":\"UCLy's 6 faculties - Academics - UCLy\",\"isPartOf\":{\"@id\":\"https:\/\/www.ucly.fr\/en\/#website\"},\"primaryImageOfPage\":{\"@id\":\"https:\/\/www.ucly.fr\/en\/academics\/faculties\/#primaryimage\"},\"image\":{\"@id\":\"https:\/\/www.ucly.fr\/en\/academics\/faculties\/#primaryimage\"},\"thumbnailUrl\":\"https:\/\/www.ucly.fr\/wp-content\/uploads\/2019\/11\/header-vue-drone-saint-paul.jpg\",\"datePublished\":\"2020-02-06T13:46:23+00:00\",\"dateModified\":\"2021-03-29T09:20:43+00:00\",\"description\":\"Learn more about UCLy's 6 faculties, the schools and Institutes which compose our institution spread out among two campuses in Lyon and one in Annecy.\",\"breadcrumb\":{\"@id\":\"https:\/\/www.ucly.fr\/en\/academics\/faculties\/#breadcrumb\"},\"inLanguage\":\"en-US\",\"potentialAction\":[{\"@type\":\"ReadAction\",\"target\":[\"https:\/\/www.ucly.fr\/en\/academics\/faculties\/\"]}]},{\"@type\":\"ImageObject\",\"inLanguage\":\"en-US\",\"@id\":\"https:\/\/www.ucly.fr\/en\/academics\/faculties\/#primaryimage\",\"url\":\"https:\/\/www.ucly.fr\/wp-content\/uploads\/2019\/11\/header-vue-drone-saint-paul.jpg\",\"contentUrl\":\"https:\/\/www.ucly.fr\/wp-content\/uploads\/2019\/11\/header-vue-drone-saint-paul.jpg\",\"width\":1920,\"height\":575,\"caption\":\"header-vue-drone-saint-paul\"},{\"@type\":\"BreadcrumbList\",\"@id\":\"https:\/\/www.ucly.fr\/en\/academics\/faculties\/#breadcrumb\",\"itemListElement\":[{\"@type\":\"ListItem\",\"position\":1,\"name\":\"Accueil\",\"item\":\"https:\/\/www.ucly.fr\/en\/\"},{\"@type\":\"ListItem\",\"position\":2,\"name\":\"ACADEMICS\",\"item\":\"https:\/\/www.ucly.fr\/en\/academics\/\"},{\"@type\":\"ListItem\",\"position\":3,\"name\":\"UCLy's 6 faculties\"}]},{\"@type\":\"WebSite\",\"@id\":\"https:\/\/www.ucly.fr\/en\/#website\",\"url\":\"https:\/\/www.ucly.fr\/en\/\",\"name\":\"UCLy\",\"description\":\"Un site utilisant WordPress\",\"publisher\":{\"@id\":\"https:\/\/www.ucly.fr\/en\/#organization\"},\"potentialAction\":[{\"@type\":\"SearchAction\",\"target\":{\"@type\":\"EntryPoint\",\"urlTemplate\":\"https:\/\/www.ucly.fr\/en\/?s={search_term_string}\"},\"query-input\":{\"@type\":\"PropertyValueSpecification\",\"valueRequired\":true,\"valueName\":\"search_term_string\"}}],\"inLanguage\":\"en-US\"},{\"@type\":\"Organization\",\"@id\":\"https:\/\/www.ucly.fr\/en\/#organization\",\"name\":\"UCLy\",\"url\":\"https:\/\/www.ucly.fr\/en\/\",\"logo\":{\"@type\":\"ImageObject\",\"inLanguage\":\"en-US\",\"@id\":\"https:\/\/www.ucly.fr\/en\/#\/schema\/logo\/image\/\",\"url\":\"https:\/\/www.ucly.fr\/wp-content\/uploads\/2025\/06\/logo-150ans-blanc.svg\",\"contentUrl\":\"https:\/\/www.ucly.fr\/wp-content\/uploads\/2025\/06\/logo-150ans-blanc.svg\",\"caption\":\"UCLy\"},\"image\":{\"@id\":\"https:\/\/www.ucly.fr\/en\/#\/schema\/logo\/image\/\"}}]}<\/script>\n<!-- \/ Yoast SEO plugin. -->","yoast_head_json":{"title":"UCLy's 6 faculties - Academics - UCLy","description":"Learn more about UCLy's 6 faculties, the schools and Institutes which compose our institution spread out among two campuses in Lyon and one in Annecy.","robots":{"index":"index","follow":"follow","max-snippet":"max-snippet:-1","max-image-preview":"max-image-preview:large","max-video-preview":"max-video-preview:-1"},"canonical":"https:\/\/www.ucly.fr\/en\/academics\/faculties\/","og_locale":"en_US","og_type":"article","og_title":"UCLy's 6 faculties - Academics - UCLy","og_description":"Learn more about UCLy's 6 faculties, the schools and Institutes which compose our institution spread out among two campuses in Lyon and one in Annecy.","og_url":"https:\/\/www.ucly.fr\/en\/academics\/faculties\/","og_site_name":"UCLy","article_modified_time":"2021-03-29T09:20:43+00:00","og_image":[{"width":1920,"height":575,"url":"https:\/\/www.ucly.fr\/wp-content\/uploads\/2019\/11\/header-vue-drone-saint-paul.jpg","type":"image\/jpeg"}],"twitter_card":"summary_large_image","twitter_misc":{"Est. reading time":"1 minute"},"schema":{"@context":"https:\/\/schema.org","@graph":[{"@type":"WebPage","@id":"https:\/\/www.ucly.fr\/en\/academics\/faculties\/","url":"https:\/\/www.ucly.fr\/en\/academics\/faculties\/","name":"UCLy's 6 faculties - Academics - UCLy","isPartOf":{"@id":"https:\/\/www.ucly.fr\/en\/#website"},"primaryImageOfPage":{"@id":"https:\/\/www.ucly.fr\/en\/academics\/faculties\/#primaryimage"},"image":{"@id":"https:\/\/www.ucly.fr\/en\/academics\/faculties\/#primaryimage"},"thumbnailUrl":"https:\/\/www.ucly.fr\/wp-content\/uploads\/2019\/11\/header-vue-drone-saint-paul.jpg","datePublished":"2020-02-06T13:46:23+00:00","dateModified":"2021-03-29T09:20:43+00:00","description":"Learn more about UCLy's 6 faculties, the schools and Institutes which compose our institution spread out among two campuses in Lyon and one in Annecy.","breadcrumb":{"@id":"https:\/\/www.ucly.fr\/en\/academics\/faculties\/#breadcrumb"},"inLanguage":"en-US","potentialAction":[{"@type":"ReadAction","target":["https:\/\/www.ucly.fr\/en\/academics\/faculties\/"]}]},{"@type":"ImageObject","inLanguage":"en-US","@id":"https:\/\/www.ucly.fr\/en\/academics\/faculties\/#primaryimage","url":"https:\/\/www.ucly.fr\/wp-content\/uploads\/2019\/11\/header-vue-drone-saint-paul.jpg","contentUrl":"https:\/\/www.ucly.fr\/wp-content\/uploads\/2019\/11\/header-vue-drone-saint-paul.jpg","width":1920,"height":575,"caption":"header-vue-drone-saint-paul"},{"@type":"BreadcrumbList","@id":"https:\/\/www.ucly.fr\/en\/academics\/faculties\/#breadcrumb","itemListElement":[{"@type":"ListItem","position":1,"name":"Accueil","item":"https:\/\/www.ucly.fr\/en\/"},{"@type":"ListItem","position":2,"name":"ACADEMICS","item":"https:\/\/www.ucly.fr\/en\/academics\/"},{"@type":"ListItem","position":3,"name":"UCLy's 6 faculties"}]},{"@type":"WebSite","@id":"https:\/\/www.ucly.fr\/en\/#website","url":"https:\/\/www.ucly.fr\/en\/","name":"UCLy","description":"Un site utilisant WordPress","publisher":{"@id":"https:\/\/www.ucly.fr\/en\/#organization"},"potentialAction":[{"@type":"SearchAction","target":{"@type":"EntryPoint","urlTemplate":"https:\/\/www.ucly.fr\/en\/?s={search_term_string}"},"query-input":{"@type":"PropertyValueSpecification","valueRequired":true,"valueName":"search_term_string"}}],"inLanguage":"en-US"},{"@type":"Organization","@id":"https:\/\/www.ucly.fr\/en\/#organization","name":"UCLy","url":"https:\/\/www.ucly.fr\/en\/","logo":{"@type":"ImageObject","inLanguage":"en-US","@id":"https:\/\/www.ucly.fr\/en\/#\/schema\/logo\/image\/","url":"https:\/\/www.ucly.fr\/wp-content\/uploads\/2025\/06\/logo-150ans-blanc.svg","contentUrl":"https:\/\/www.ucly.fr\/wp-content\/uploads\/2025\/06\/logo-150ans-blanc.svg","caption":"UCLy"},"image":{"@id":"https:\/\/www.ucly.fr\/en\/#\/schema\/logo\/image\/"}}]}},"_links":{"self":[{"href":"https:\/\/www.ucly.fr\/en\/wp-json\/wp\/v2\/pages\/50856","targetHints":{"allow":["GET"]}}],"collection":[{"href":"https:\/\/www.ucly.fr\/en\/wp-json\/wp\/v2\/pages"}],"about":[{"href":"https:\/\/www.ucly.fr\/en\/wp-json\/wp\/v2\/types\/page"}],"author":[{"embeddable":true,"href":"https:\/\/www.ucly.fr\/en\/wp-json\/wp\/v2\/users\/72"}],"replies":[{"embeddable":true,"href":"https:\/\/www.ucly.fr\/en\/wp-json\/wp\/v2\/comments?post=50856"}],"version-history":[{"count":62,"href":"https:\/\/www.ucly.fr\/en\/wp-json\/wp\/v2\/pages\/50856\/revisions"}],"predecessor-version":[{"id":87275,"href":"https:\/\/www.ucly.fr\/en\/wp-json\/wp\/v2\/pages\/50856\/revisions\/87275"}],"up":[{"embeddable":true,"href":"https:\/\/www.ucly.fr\/en\/wp-json\/wp\/v2\/pages\/43966"}],"wp:featuredmedia":[{"embeddable":true,"href":"https:\/\/www.ucly.fr\/en\/wp-json\/wp\/v2\/media\/4852"}],"wp:attachment":[{"href":"https:\/\/www.ucly.fr\/en\/wp-json\/wp\/v2\/media?parent=50856"}],"curies":[{"name":"wp","href":"https:\/\/api.w.org\/{rel}","templated":true}]}}