{"id":50769,"date":"2020-02-06T14:12:02","date_gmt":"2020-02-06T13:12:02","guid":{"rendered":"https:\/\/www.ucly.fr\/?page_id=50769"},"modified":"2026-04-01T15:30:19","modified_gmt":"2026-04-01T13:30:19","slug":"healthcare","status":"publish","type":"page","link":"https:\/\/www.ucly.fr\/en\/healthcare\/","title":{"rendered":"Health Department"},"content":{"rendered":"<h2 class=\"wp-block-heading\" id=\"prevention-and-promotion-of-students-health\">Prevention and promotion of students' health <\/h2><p>The aim of UCLy's \"P\u00f4le sant\u00e9\" - which includes the<strong> <a href=\"https:\/\/www.ucly.fr\/vie-etudiante\/services-aux-etudiants\/sante-handicap-pole-sante\/medecine-preventive\/\">M\u00e9decine pr\u00e9ventive<\/a><\/strong> (preventive medicine), the <strong><a href=\"https:\/\/www.ucly.fr\/vie-etudiante\/services-aux-etudiants\/sante-handicap-pole-sante\/point-ecoute\/\">Point \u00c9coute<\/a><\/strong> (psychological support) and the <strong><a href=\"https:\/\/www.ucly.fr\/vie-etudiante\/services-aux-etudiants\/sante-handicap-pole-sante\/etudiant-en-situation-de-handicap\/\">Mission Handicap<\/a><\/strong> (support of students with disabilities) - is to help UCLy students with all matters related to physical and psychological health in order to encourage a successful studies experience. <\/p><p>Throughout their time at UCLy, our students have access to consultations and individual support, as well as ad-hoc large-scale preventive actions around student health and well-being (smoking, sleep, alcohol, addiction, etc.).<\/p><h3 class=\"wp-block-heading\" id=\"preventive-medecine\">Preventive medecine<\/h3><div class=\"wp-block-contact js-fade-scroll\">\n  <p class=\"wp-block-contact-title\">Saint Paul Campus - P\u00f4le Sant\u00e9 (Health Department)<\/p>\n\n        <div class=\"contact-info\">\n        <p class=\"contact-item\">\n          <span class=\"contact-strong\">Dr B\u00e9atrice VALLIN<\/span><br>\n          <span class=\"contact-light\">Doctor<\/span>\n        <\/p>\n        <span class=\"contact-separate\"><\/span>\n        <p class=\"contact-item\">\n          <a class=\"icon-phone contact-button show-for-small-only\" href=\"tel:B\u00e2timent C, 2\u00e8me \u00e9tage, bureau C202 \"><\/a>\n          <span class=\"contact-strong hide-for-small-only\">B\u00e2timent C, 2\u00e8me \u00e9tage, bureau C202 <\/span><br>\n          <a class=\"icon-mail contact-button show-for-small-only\" href=\"mailto:bvallin@univ-catholyon.fr\"><\/a>\n          <span class=\"contact-light hide-for-small-only\">bvallin@univ-catholyon.fr<\/span>\n        <\/p>\n      <\/div>\n          <div class=\"contact-info\">\n        <p class=\"contact-item\">\n          <span class=\"contact-strong\">V\u00e9ronique Fayolle<\/span><br>\n          <span class=\"contact-light\">P\u00f4le sant\u00e9 Coordinator - C, Ground floor, office C027<\/span>\n        <\/p>\n        <span class=\"contact-separate\"><\/span>\n        <p class=\"contact-item\">\n          <a class=\"icon-phone contact-button show-for-small-only\" href=\"tel:04 72 32 51 72\"><\/a>\n          <span class=\"contact-strong hide-for-small-only\">04 72 32 51 72<\/span><br>\n          <a class=\"icon-mail contact-button show-for-small-only\" href=\"mailto:pole.sante@univ-catholyon.fr\"><\/a>\n          <span class=\"contact-light hide-for-small-only\">pole.sante@univ-catholyon.fr<\/span>\n        <\/p>\n      <\/div>\n    <\/div><p><\/p>","protected":false},"excerpt":{"rendered":"<p>Prevention and promotion of students&#8217; health The aim of UCLy&#8217;s &#8220;P\u00f4le sant\u00e9&#8221; &#8211; which includes the M\u00e9decine pr\u00e9ventive (preventive medicine), the Point \u00c9coute (psychological [&hellip;]<\/p>\n","protected":false},"author":72,"featured_media":27134,"parent":0,"menu_order":0,"comment_status":"closed","ping_status":"closed","template":"","meta":{"_acf_changed":false,"footnotes":""},"class_list":["post-50769","page","type-page","status-publish","has-post-thumbnail","hentry"],"acf":[],"yoast_head":"<!-- This site is optimized with the Yoast SEO plugin v24.1 - https:\/\/yoast.com\/wordpress\/plugins\/seo\/ -->\n<title>Health Department - UCLy<\/title>\n<meta name=\"description\" content=\"UCLy\u2019s Health Department is made up of Preventive Medicine, the Counselling Service and Disabled Student Support.\" \/>\n<meta name=\"robots\" content=\"index, follow, max-snippet:-1, max-image-preview:large, max-video-preview:-1\" \/>\n<link rel=\"canonical\" href=\"https:\/\/www.ucly.fr\/en\/healthcare\/\" \/>\n<meta property=\"og:locale\" content=\"en_US\" \/>\n<meta property=\"og:type\" content=\"article\" \/>\n<meta property=\"og:title\" content=\"Health Department - UCLy\" \/>\n<meta property=\"og:description\" content=\"UCLy\u2019s Health Department is made up of Preventive Medicine, the Counselling Service and Disabled Student Support.\" \/>\n<meta property=\"og:url\" content=\"https:\/\/www.ucly.fr\/en\/healthcare\/\" \/>\n<meta property=\"og:site_name\" content=\"UCLy\" \/>\n<meta property=\"article:modified_time\" content=\"2026-04-01T13:30:19+00:00\" \/>\n<meta property=\"og:image\" content=\"https:\/\/www.ucly.fr\/wp-content\/uploads\/2019\/11\/header-cours-mensuel-ete-ilcf.jpg\" \/>\n\t<meta property=\"og:image:width\" content=\"1920\" \/>\n\t<meta property=\"og:image:height\" content=\"575\" \/>\n\t<meta property=\"og:image:type\" content=\"image\/jpeg\" \/>\n<meta name=\"twitter:card\" content=\"summary_large_image\" \/>\n<meta name=\"twitter:label1\" content=\"Est. reading time\" \/>\n\t<meta name=\"twitter:data1\" content=\"1 minute\" \/>\n<script type=\"application\/ld+json\" class=\"yoast-schema-graph\">{\"@context\":\"https:\/\/schema.org\",\"@graph\":[{\"@type\":\"WebPage\",\"@id\":\"https:\/\/www.ucly.fr\/en\/healthcare\/\",\"url\":\"https:\/\/www.ucly.fr\/en\/healthcare\/\",\"name\":\"Health Department - UCLy\",\"isPartOf\":{\"@id\":\"https:\/\/www.ucly.fr\/en\/#website\"},\"primaryImageOfPage\":{\"@id\":\"https:\/\/www.ucly.fr\/en\/healthcare\/#primaryimage\"},\"image\":{\"@id\":\"https:\/\/www.ucly.fr\/en\/healthcare\/#primaryimage\"},\"thumbnailUrl\":\"https:\/\/www.ucly.fr\/wp-content\/uploads\/2019\/11\/header-cours-mensuel-ete-ilcf.jpg\",\"datePublished\":\"2020-02-06T13:12:02+00:00\",\"dateModified\":\"2026-04-01T13:30:19+00:00\",\"description\":\"UCLy\u2019s Health Department is made up of Preventive Medicine, the Counselling Service and Disabled Student Support.\",\"breadcrumb\":{\"@id\":\"https:\/\/www.ucly.fr\/en\/healthcare\/#breadcrumb\"},\"inLanguage\":\"en-US\",\"potentialAction\":[{\"@type\":\"ReadAction\",\"target\":[\"https:\/\/www.ucly.fr\/en\/healthcare\/\"]}]},{\"@type\":\"ImageObject\",\"inLanguage\":\"en-US\",\"@id\":\"https:\/\/www.ucly.fr\/en\/healthcare\/#primaryimage\",\"url\":\"https:\/\/www.ucly.fr\/wp-content\/uploads\/2019\/11\/header-cours-mensuel-ete-ilcf.jpg\",\"contentUrl\":\"https:\/\/www.ucly.fr\/wp-content\/uploads\/2019\/11\/header-cours-mensuel-ete-ilcf.jpg\",\"width\":1920,\"height\":575,\"caption\":\"\u00c9tudiants internationaux se promenant dans un parc\"},{\"@type\":\"BreadcrumbList\",\"@id\":\"https:\/\/www.ucly.fr\/en\/healthcare\/#breadcrumb\",\"itemListElement\":[{\"@type\":\"ListItem\",\"position\":1,\"name\":\"Accueil\",\"item\":\"https:\/\/www.ucly.fr\/en\/\"},{\"@type\":\"ListItem\",\"position\":2,\"name\":\"Health Department\"}]},{\"@type\":\"WebSite\",\"@id\":\"https:\/\/www.ucly.fr\/en\/#website\",\"url\":\"https:\/\/www.ucly.fr\/en\/\",\"name\":\"UCLy\",\"description\":\"Un site utilisant WordPress\",\"publisher\":{\"@id\":\"https:\/\/www.ucly.fr\/en\/#organization\"},\"potentialAction\":[{\"@type\":\"SearchAction\",\"target\":{\"@type\":\"EntryPoint\",\"urlTemplate\":\"https:\/\/www.ucly.fr\/en\/?s={search_term_string}\"},\"query-input\":{\"@type\":\"PropertyValueSpecification\",\"valueRequired\":true,\"valueName\":\"search_term_string\"}}],\"inLanguage\":\"en-US\"},{\"@type\":\"Organization\",\"@id\":\"https:\/\/www.ucly.fr\/en\/#organization\",\"name\":\"UCLy\",\"url\":\"https:\/\/www.ucly.fr\/en\/\",\"logo\":{\"@type\":\"ImageObject\",\"inLanguage\":\"en-US\",\"@id\":\"https:\/\/www.ucly.fr\/en\/#\/schema\/logo\/image\/\",\"url\":\"https:\/\/www.ucly.fr\/wp-content\/uploads\/2025\/06\/logo-150ans-blanc.svg\",\"contentUrl\":\"https:\/\/www.ucly.fr\/wp-content\/uploads\/2025\/06\/logo-150ans-blanc.svg\",\"caption\":\"UCLy\"},\"image\":{\"@id\":\"https:\/\/www.ucly.fr\/en\/#\/schema\/logo\/image\/\"}}]}<\/script>\n<!-- \/ Yoast SEO plugin. -->","yoast_head_json":{"title":"Health Department - UCLy","description":"UCLy\u2019s Health Department is made up of Preventive Medicine, the Counselling Service and Disabled Student Support.","robots":{"index":"index","follow":"follow","max-snippet":"max-snippet:-1","max-image-preview":"max-image-preview:large","max-video-preview":"max-video-preview:-1"},"canonical":"https:\/\/www.ucly.fr\/en\/healthcare\/","og_locale":"en_US","og_type":"article","og_title":"Health Department - UCLy","og_description":"UCLy\u2019s Health Department is made up of Preventive Medicine, the Counselling Service and Disabled Student Support.","og_url":"https:\/\/www.ucly.fr\/en\/healthcare\/","og_site_name":"UCLy","article_modified_time":"2026-04-01T13:30:19+00:00","og_image":[{"width":1920,"height":575,"url":"https:\/\/www.ucly.fr\/wp-content\/uploads\/2019\/11\/header-cours-mensuel-ete-ilcf.jpg","type":"image\/jpeg"}],"twitter_card":"summary_large_image","twitter_misc":{"Est. reading time":"1 minute"},"schema":{"@context":"https:\/\/schema.org","@graph":[{"@type":"WebPage","@id":"https:\/\/www.ucly.fr\/en\/healthcare\/","url":"https:\/\/www.ucly.fr\/en\/healthcare\/","name":"Health Department - UCLy","isPartOf":{"@id":"https:\/\/www.ucly.fr\/en\/#website"},"primaryImageOfPage":{"@id":"https:\/\/www.ucly.fr\/en\/healthcare\/#primaryimage"},"image":{"@id":"https:\/\/www.ucly.fr\/en\/healthcare\/#primaryimage"},"thumbnailUrl":"https:\/\/www.ucly.fr\/wp-content\/uploads\/2019\/11\/header-cours-mensuel-ete-ilcf.jpg","datePublished":"2020-02-06T13:12:02+00:00","dateModified":"2026-04-01T13:30:19+00:00","description":"UCLy\u2019s Health Department is made up of Preventive Medicine, the Counselling Service and Disabled Student Support.","breadcrumb":{"@id":"https:\/\/www.ucly.fr\/en\/healthcare\/#breadcrumb"},"inLanguage":"en-US","potentialAction":[{"@type":"ReadAction","target":["https:\/\/www.ucly.fr\/en\/healthcare\/"]}]},{"@type":"ImageObject","inLanguage":"en-US","@id":"https:\/\/www.ucly.fr\/en\/healthcare\/#primaryimage","url":"https:\/\/www.ucly.fr\/wp-content\/uploads\/2019\/11\/header-cours-mensuel-ete-ilcf.jpg","contentUrl":"https:\/\/www.ucly.fr\/wp-content\/uploads\/2019\/11\/header-cours-mensuel-ete-ilcf.jpg","width":1920,"height":575,"caption":"\u00c9tudiants internationaux se promenant dans un parc"},{"@type":"BreadcrumbList","@id":"https:\/\/www.ucly.fr\/en\/healthcare\/#breadcrumb","itemListElement":[{"@type":"ListItem","position":1,"name":"Accueil","item":"https:\/\/www.ucly.fr\/en\/"},{"@type":"ListItem","position":2,"name":"Health Department"}]},{"@type":"WebSite","@id":"https:\/\/www.ucly.fr\/en\/#website","url":"https:\/\/www.ucly.fr\/en\/","name":"UCLy","description":"Un site utilisant WordPress","publisher":{"@id":"https:\/\/www.ucly.fr\/en\/#organization"},"potentialAction":[{"@type":"SearchAction","target":{"@type":"EntryPoint","urlTemplate":"https:\/\/www.ucly.fr\/en\/?s={search_term_string}"},"query-input":{"@type":"PropertyValueSpecification","valueRequired":true,"valueName":"search_term_string"}}],"inLanguage":"en-US"},{"@type":"Organization","@id":"https:\/\/www.ucly.fr\/en\/#organization","name":"UCLy","url":"https:\/\/www.ucly.fr\/en\/","logo":{"@type":"ImageObject","inLanguage":"en-US","@id":"https:\/\/www.ucly.fr\/en\/#\/schema\/logo\/image\/","url":"https:\/\/www.ucly.fr\/wp-content\/uploads\/2025\/06\/logo-150ans-blanc.svg","contentUrl":"https:\/\/www.ucly.fr\/wp-content\/uploads\/2025\/06\/logo-150ans-blanc.svg","caption":"UCLy"},"image":{"@id":"https:\/\/www.ucly.fr\/en\/#\/schema\/logo\/image\/"}}]}},"_links":{"self":[{"href":"https:\/\/www.ucly.fr\/en\/wp-json\/wp\/v2\/pages\/50769","targetHints":{"allow":["GET"]}}],"collection":[{"href":"https:\/\/www.ucly.fr\/en\/wp-json\/wp\/v2\/pages"}],"about":[{"href":"https:\/\/www.ucly.fr\/en\/wp-json\/wp\/v2\/types\/page"}],"author":[{"embeddable":true,"href":"https:\/\/www.ucly.fr\/en\/wp-json\/wp\/v2\/users\/72"}],"replies":[{"embeddable":true,"href":"https:\/\/www.ucly.fr\/en\/wp-json\/wp\/v2\/comments?post=50769"}],"version-history":[{"count":4,"href":"https:\/\/www.ucly.fr\/en\/wp-json\/wp\/v2\/pages\/50769\/revisions"}],"predecessor-version":[{"id":434774,"href":"https:\/\/www.ucly.fr\/en\/wp-json\/wp\/v2\/pages\/50769\/revisions\/434774"}],"wp:featuredmedia":[{"embeddable":true,"href":"https:\/\/www.ucly.fr\/en\/wp-json\/wp\/v2\/media\/27134"}],"wp:attachment":[{"href":"https:\/\/www.ucly.fr\/en\/wp-json\/wp\/v2\/media?parent=50769"}],"curies":[{"name":"wp","href":"https:\/\/api.w.org\/{rel}","templated":true}]}}