{"id":3683,"date":"2001-10-10T17:25:40","date_gmt":"2001-10-10T15:25:40","guid":{"rendered":"https:\/\/www.ucly.fr\/?page_id=3683"},"modified":"2019-11-21T09:32:31","modified_gmt":"2019-11-21T08:32:31","slug":"theophilyon-tome-6-volume-2","status":"publish","type":"page","link":"https:\/\/www.ucly.fr\/en\/theophilyon-tome-6-volume-2\/","title":{"rendered":"VI-2 - Jeu cosmique, \"Je\" divin (2001)"},"content":{"rendered":"<h2 class=\"wp-block-heading\">Summaries<\/h2><p><strong>Jean-Michel Maldam\u00e9 - How can the Ascension of Christ be a foundation for universal salvation? <\/strong><\/p><p>The mystery of Ascension gives us food for thought about a visible transformation of the humanity of Jesus, which is not an escape out of this world, but the accomplishment of flesh. This prospect, which proposes a cosmic dimension to salvation, can be linked to the current changes in the scientific view of the world, in which there seems to be an interdependence between man and a historical, factual universe, of which he is a microcosm. In the eyes of faith, in the context of the other events in the history of salvation, the Ascension states a new way of being of the cosmos, a transformation of the earth into a celestial state, which brings to completion both the work of \"giving birth\" to the Creation and the eschatological movement inaugurated by Incarnation. <br><br><\/p><p><strong>Dominique Lambert - Georges Lema\u00eetre and the problem of creation <\/strong><\/p><p>Georges Lema\u00eetre, the \"initiator\" of the Big Bang theory, had not deduced from it a sort of \"scientific proof\" of creation. Confronting modern cosmology with the Catholic theology of creation, he had already looked into the hypothesis of a universe which would have a theoretically infinite past, like the one proposed today by several new models of initial singularity. These new approaches revive in particular the old debate on the distinction between creation and beginning (St Thomas) and the more recent debate on the relationship between time and  eternity (Prigogine, Hawking). <br><br><\/p><p><strong>Fran\u00e7ois Euv\u00e9 - Inventing the world. Towards a play-based theology of creation? <\/strong><\/p><p>Formulating a theology of creation today requires asking the question of the relationship with nature sciences. The fascination exerted by the different views of the world, whether they belong to the determinist-mechanical model, as in the past, or to the \"chaos\" model, as is more often the case today, is an obstacle for perceiving the singularity of the biblical message. It is better to focus on the research approach. The plurality of the modes of description can mirror the plurality of the images of God within a theology of creation. The  notion of play, provided it is not too quickly identified with \"Dionysian\" spontaneity, can help reflecting on the relationship between the two areas by opening up a space for inventiveness. <br><br><\/p><p><strong>Emmanuel Gabellieri - The \u00ab Theodramatics \u00bb of S. Weil <\/strong><\/p><p>Isn't there a connection between the \"beauty of the world\" celebrated by the Greeks and a determinist view of the cosmos, which is necessarily incompatible with the biblical theme of creation structured by freedom and historicity? If the thought of S. Weil seems to ignore this dilemma, it is because her thought on creation as a \"withdrawal\" of  God and a \"kenosis\" of the Son, has led her to the idea of a divine drama in which the play of cosmic \"necessity\" is linked to the Trinitarian play of divine love and human freedom. This vision, which grants a greater status to the notions of event and historicity than might have been expected, has resulted, however, in rejecting the evolutionist schemata of modernity as well as the relativist and  indeterminist views which had started to conflict with them. <br><br><\/p><p><strong>Jean-Marie Breuvart - Whitehead or the divine play on novel possibilities  <\/strong><\/p><p>The purpose of this article is to outline the major principles of Whiteheadian cosmology, which can be reduced to three main ones:<\/p><ul class=\"wp-block-list\"><li>founding subjective activity on \"eternal objects\", the relationality of  which makes \"actual occasions\" possible;<\/li><li>the creation of subjectivity on the basis of these objects being embedded in the effectiveness of a particular experience;<\/li><li>setting the creation within a \"harmonic\" type of metaphysics which is actually quite close to that of Leibniz.<\/li><\/ul><p>A few consequences are then drawn from it about the \"divine play on  novel possibilities\" in the cosmology of the author of Process and  Reality.  <\/p>","protected":false},"excerpt":{"rendered":"<p>SummariesJean-Michel Maldam\u00e9 &#8211; How can the Ascension of Christ be a foundation for universal salvation? The mystery of Ascension gives us food for thought [&hellip;]<\/p>\n","protected":false},"author":22,"featured_media":4852,"parent":0,"menu_order":36,"comment_status":"closed","ping_status":"closed","template":"","meta":{"_acf_changed":false,"footnotes":""},"class_list":["post-3683","page","type-page","status-publish","has-post-thumbnail","hentry"],"acf":[],"yoast_head":"<!-- This site is optimized with the Yoast SEO plugin v24.1 - https:\/\/yoast.com\/wordpress\/plugins\/seo\/ -->\n<title>Presentation of the Theophilyon magazine - Tome 6 Volume 2 - UCLy<\/title>\n<meta name=\"description\" content=\"D\u00e9couvrez la pr\u00e9sentation du second volume du 6\u00e8me tome de Th\u00e9ophilyon, revue des Facult\u00e9s de Th\u00e9ologie et de Philosophie de l&#039;UCLy.\" \/>\n<meta name=\"robots\" content=\"index, follow, max-snippet:-1, max-image-preview:large, max-video-preview:-1\" \/>\n<link rel=\"canonical\" href=\"https:\/\/www.ucly.fr\/en\/theophilyon-tome-6-volume-2\/\" \/>\n<meta property=\"og:locale\" content=\"en_US\" \/>\n<meta property=\"og:type\" content=\"article\" \/>\n<meta property=\"og:title\" content=\"Presentation of the Theophilyon magazine - Tome 6 Volume 2 - UCLy\" \/>\n<meta property=\"og:description\" content=\"D\u00e9couvrez la pr\u00e9sentation du second volume du 6\u00e8me tome de Th\u00e9ophilyon, revue des Facult\u00e9s de Th\u00e9ologie et de Philosophie de l&#039;UCLy.\" \/>\n<meta property=\"og:url\" content=\"https:\/\/www.ucly.fr\/en\/theophilyon-tome-6-volume-2\/\" \/>\n<meta property=\"og:site_name\" content=\"UCLy\" \/>\n<meta property=\"article:modified_time\" content=\"2019-11-21T08:32:31+00:00\" \/>\n<meta property=\"og:image\" content=\"https:\/\/www.ucly.fr\/wp-content\/uploads\/2019\/11\/header-vue-drone-saint-paul.jpg\" \/>\n\t<meta property=\"og:image:width\" content=\"1920\" \/>\n\t<meta property=\"og:image:height\" content=\"575\" \/>\n\t<meta property=\"og:image:type\" content=\"image\/jpeg\" \/>\n<meta name=\"twitter:card\" content=\"summary_large_image\" \/>\n<meta name=\"twitter:label1\" content=\"Est. reading time\" \/>\n\t<meta name=\"twitter:data1\" content=\"3 minutes\" \/>\n<script type=\"application\/ld+json\" class=\"yoast-schema-graph\">{\"@context\":\"https:\/\/schema.org\",\"@graph\":[{\"@type\":\"WebPage\",\"@id\":\"https:\/\/www.ucly.fr\/en\/theophilyon-tome-6-volume-2\/\",\"url\":\"https:\/\/www.ucly.fr\/en\/theophilyon-tome-6-volume-2\/\",\"name\":\"Presentation of the Theophilyon magazine - Tome 6 Volume 2 - UCLy\",\"isPartOf\":{\"@id\":\"https:\/\/www.ucly.fr\/en\/#website\"},\"primaryImageOfPage\":{\"@id\":\"https:\/\/www.ucly.fr\/en\/theophilyon-tome-6-volume-2\/#primaryimage\"},\"image\":{\"@id\":\"https:\/\/www.ucly.fr\/en\/theophilyon-tome-6-volume-2\/#primaryimage\"},\"thumbnailUrl\":\"https:\/\/www.ucly.fr\/wp-content\/uploads\/2019\/11\/header-vue-drone-saint-paul.jpg\",\"datePublished\":\"2001-10-10T15:25:40+00:00\",\"dateModified\":\"2019-11-21T08:32:31+00:00\",\"description\":\"D\u00e9couvrez la pr\u00e9sentation du second volume du 6\u00e8me tome de Th\u00e9ophilyon, revue des Facult\u00e9s de Th\u00e9ologie et de Philosophie de l'UCLy.\",\"breadcrumb\":{\"@id\":\"https:\/\/www.ucly.fr\/en\/theophilyon-tome-6-volume-2\/#breadcrumb\"},\"inLanguage\":\"en-US\",\"potentialAction\":[{\"@type\":\"ReadAction\",\"target\":[\"https:\/\/www.ucly.fr\/en\/theophilyon-tome-6-volume-2\/\"]}]},{\"@type\":\"ImageObject\",\"inLanguage\":\"en-US\",\"@id\":\"https:\/\/www.ucly.fr\/en\/theophilyon-tome-6-volume-2\/#primaryimage\",\"url\":\"https:\/\/www.ucly.fr\/wp-content\/uploads\/2019\/11\/header-vue-drone-saint-paul.jpg\",\"contentUrl\":\"https:\/\/www.ucly.fr\/wp-content\/uploads\/2019\/11\/header-vue-drone-saint-paul.jpg\",\"width\":1920,\"height\":575,\"caption\":\"header-vue-drone-saint-paul\"},{\"@type\":\"BreadcrumbList\",\"@id\":\"https:\/\/www.ucly.fr\/en\/theophilyon-tome-6-volume-2\/#breadcrumb\",\"itemListElement\":[{\"@type\":\"ListItem\",\"position\":1,\"name\":\"Accueil\",\"item\":\"https:\/\/www.ucly.fr\/en\/\"},{\"@type\":\"ListItem\",\"position\":2,\"name\":\"VI-2 - Jeu cosmique, \\\"Je\\\" divin (2001)\"}]},{\"@type\":\"WebSite\",\"@id\":\"https:\/\/www.ucly.fr\/en\/#website\",\"url\":\"https:\/\/www.ucly.fr\/en\/\",\"name\":\"UCLy\",\"description\":\"Un site utilisant WordPress\",\"publisher\":{\"@id\":\"https:\/\/www.ucly.fr\/en\/#organization\"},\"potentialAction\":[{\"@type\":\"SearchAction\",\"target\":{\"@type\":\"EntryPoint\",\"urlTemplate\":\"https:\/\/www.ucly.fr\/en\/?s={search_term_string}\"},\"query-input\":{\"@type\":\"PropertyValueSpecification\",\"valueRequired\":true,\"valueName\":\"search_term_string\"}}],\"inLanguage\":\"en-US\"},{\"@type\":\"Organization\",\"@id\":\"https:\/\/www.ucly.fr\/en\/#organization\",\"name\":\"UCLy\",\"url\":\"https:\/\/www.ucly.fr\/en\/\",\"logo\":{\"@type\":\"ImageObject\",\"inLanguage\":\"en-US\",\"@id\":\"https:\/\/www.ucly.fr\/en\/#\/schema\/logo\/image\/\",\"url\":\"https:\/\/www.ucly.fr\/wp-content\/uploads\/2025\/06\/logo-150ans-blanc.svg\",\"contentUrl\":\"https:\/\/www.ucly.fr\/wp-content\/uploads\/2025\/06\/logo-150ans-blanc.svg\",\"caption\":\"UCLy\"},\"image\":{\"@id\":\"https:\/\/www.ucly.fr\/en\/#\/schema\/logo\/image\/\"}}]}<\/script>\n<!-- \/ Yoast SEO plugin. -->","yoast_head_json":{"title":"Presentation of the Theophilyon magazine - Tome 6 Volume 2 - UCLy","description":"D\u00e9couvrez la pr\u00e9sentation du second volume du 6\u00e8me tome de Th\u00e9ophilyon, revue des Facult\u00e9s de Th\u00e9ologie et de Philosophie de l'UCLy.","robots":{"index":"index","follow":"follow","max-snippet":"max-snippet:-1","max-image-preview":"max-image-preview:large","max-video-preview":"max-video-preview:-1"},"canonical":"https:\/\/www.ucly.fr\/en\/theophilyon-tome-6-volume-2\/","og_locale":"en_US","og_type":"article","og_title":"Presentation of the Theophilyon magazine - Tome 6 Volume 2 - UCLy","og_description":"D\u00e9couvrez la pr\u00e9sentation du second volume du 6\u00e8me tome de Th\u00e9ophilyon, revue des Facult\u00e9s de Th\u00e9ologie et de Philosophie de l'UCLy.","og_url":"https:\/\/www.ucly.fr\/en\/theophilyon-tome-6-volume-2\/","og_site_name":"UCLy","article_modified_time":"2019-11-21T08:32:31+00:00","og_image":[{"width":1920,"height":575,"url":"https:\/\/www.ucly.fr\/wp-content\/uploads\/2019\/11\/header-vue-drone-saint-paul.jpg","type":"image\/jpeg"}],"twitter_card":"summary_large_image","twitter_misc":{"Est. reading time":"3 minutes"},"schema":{"@context":"https:\/\/schema.org","@graph":[{"@type":"WebPage","@id":"https:\/\/www.ucly.fr\/en\/theophilyon-tome-6-volume-2\/","url":"https:\/\/www.ucly.fr\/en\/theophilyon-tome-6-volume-2\/","name":"Presentation of the Theophilyon magazine - Tome 6 Volume 2 - UCLy","isPartOf":{"@id":"https:\/\/www.ucly.fr\/en\/#website"},"primaryImageOfPage":{"@id":"https:\/\/www.ucly.fr\/en\/theophilyon-tome-6-volume-2\/#primaryimage"},"image":{"@id":"https:\/\/www.ucly.fr\/en\/theophilyon-tome-6-volume-2\/#primaryimage"},"thumbnailUrl":"https:\/\/www.ucly.fr\/wp-content\/uploads\/2019\/11\/header-vue-drone-saint-paul.jpg","datePublished":"2001-10-10T15:25:40+00:00","dateModified":"2019-11-21T08:32:31+00:00","description":"D\u00e9couvrez la pr\u00e9sentation du second volume du 6\u00e8me tome de Th\u00e9ophilyon, revue des Facult\u00e9s de Th\u00e9ologie et de Philosophie de l'UCLy.","breadcrumb":{"@id":"https:\/\/www.ucly.fr\/en\/theophilyon-tome-6-volume-2\/#breadcrumb"},"inLanguage":"en-US","potentialAction":[{"@type":"ReadAction","target":["https:\/\/www.ucly.fr\/en\/theophilyon-tome-6-volume-2\/"]}]},{"@type":"ImageObject","inLanguage":"en-US","@id":"https:\/\/www.ucly.fr\/en\/theophilyon-tome-6-volume-2\/#primaryimage","url":"https:\/\/www.ucly.fr\/wp-content\/uploads\/2019\/11\/header-vue-drone-saint-paul.jpg","contentUrl":"https:\/\/www.ucly.fr\/wp-content\/uploads\/2019\/11\/header-vue-drone-saint-paul.jpg","width":1920,"height":575,"caption":"header-vue-drone-saint-paul"},{"@type":"BreadcrumbList","@id":"https:\/\/www.ucly.fr\/en\/theophilyon-tome-6-volume-2\/#breadcrumb","itemListElement":[{"@type":"ListItem","position":1,"name":"Accueil","item":"https:\/\/www.ucly.fr\/en\/"},{"@type":"ListItem","position":2,"name":"VI-2 - Jeu cosmique, \"Je\" divin (2001)"}]},{"@type":"WebSite","@id":"https:\/\/www.ucly.fr\/en\/#website","url":"https:\/\/www.ucly.fr\/en\/","name":"UCLy","description":"Un site utilisant WordPress","publisher":{"@id":"https:\/\/www.ucly.fr\/en\/#organization"},"potentialAction":[{"@type":"SearchAction","target":{"@type":"EntryPoint","urlTemplate":"https:\/\/www.ucly.fr\/en\/?s={search_term_string}"},"query-input":{"@type":"PropertyValueSpecification","valueRequired":true,"valueName":"search_term_string"}}],"inLanguage":"en-US"},{"@type":"Organization","@id":"https:\/\/www.ucly.fr\/en\/#organization","name":"UCLy","url":"https:\/\/www.ucly.fr\/en\/","logo":{"@type":"ImageObject","inLanguage":"en-US","@id":"https:\/\/www.ucly.fr\/en\/#\/schema\/logo\/image\/","url":"https:\/\/www.ucly.fr\/wp-content\/uploads\/2025\/06\/logo-150ans-blanc.svg","contentUrl":"https:\/\/www.ucly.fr\/wp-content\/uploads\/2025\/06\/logo-150ans-blanc.svg","caption":"UCLy"},"image":{"@id":"https:\/\/www.ucly.fr\/en\/#\/schema\/logo\/image\/"}}]}},"_links":{"self":[{"href":"https:\/\/www.ucly.fr\/en\/wp-json\/wp\/v2\/pages\/3683","targetHints":{"allow":["GET"]}}],"collection":[{"href":"https:\/\/www.ucly.fr\/en\/wp-json\/wp\/v2\/pages"}],"about":[{"href":"https:\/\/www.ucly.fr\/en\/wp-json\/wp\/v2\/types\/page"}],"author":[{"embeddable":true,"href":"https:\/\/www.ucly.fr\/en\/wp-json\/wp\/v2\/users\/22"}],"replies":[{"embeddable":true,"href":"https:\/\/www.ucly.fr\/en\/wp-json\/wp\/v2\/comments?post=3683"}],"version-history":[{"count":3,"href":"https:\/\/www.ucly.fr\/en\/wp-json\/wp\/v2\/pages\/3683\/revisions"}],"predecessor-version":[{"id":3702,"href":"https:\/\/www.ucly.fr\/en\/wp-json\/wp\/v2\/pages\/3683\/revisions\/3702"}],"wp:featuredmedia":[{"embeddable":true,"href":"https:\/\/www.ucly.fr\/en\/wp-json\/wp\/v2\/media\/4852"}],"wp:attachment":[{"href":"https:\/\/www.ucly.fr\/en\/wp-json\/wp\/v2\/media?parent=3683"}],"curies":[{"name":"wp","href":"https:\/\/api.w.org\/{rel}","templated":true}]}}