{"id":3218,"date":"2007-05-10T12:14:51","date_gmt":"2007-05-10T10:14:51","guid":{"rendered":"https:\/\/www.ucly.fr\/?page_id=3218"},"modified":"2019-11-21T09:32:35","modified_gmt":"2019-11-21T08:32:35","slug":"theophilyon-tome-12-volume-1","status":"publish","type":"page","link":"https:\/\/www.ucly.fr\/en\/theophilyon-tome-12-volume-1\/","title":{"rendered":"XII-1 - La traduction, art des passages (2007)"},"content":{"rendered":"<h2 class=\"wp-block-heading\">Summaries<\/h2><p><strong>Herv\u00e9 Savon - Two translators of Ambrose in the XVIth century <\/strong><\/p><p>Two questions are closely linked in this article: that of translation and that of reception. How have saint Ambrose's works been translated at classical times? What has come out of it as to the image of his character and as to the influence his work had? Not only the methods have we been led to examine. The finality and the definition of translation are also at stake. These questions inspired an inquiry about the eight writers who turned a number of Ambrose's works into French between 1600 and 1750. Two exemplary translations have been chosen out of this collection: that by Louis Giry (1639) and the other by Father Leurin (1646). As was usual in their time, they have a taste for amplification, and they have few scruples as to accuracy. Besides, everything opposes them: Giry has a tendency for ceremonial eloquence;  Leurin acts as a spiritual propagandist and transforms Ambrose's texts into gentle talks, in Fran\u00e7ois de Sales' style. As a rule, we have chosen a precise analysis of the relationship between the source- text and the target- text rather than a mere description. <br><br><\/p><p><strong>Nicole Guenier - The Bible: why so many translations?   <\/strong><\/p><p>Few literary or religious texts have been as often translated as the Bible. Why? We are not considering here the thousands of translations in various languages, but only those that are constantly renewed in one language, within the limits of a few European languages. Three criteria enable us to explain this age-old diversity of translations from the XVIth century onward: the Christian confession (the Jewish translations  remaining a minority), the social level of the readers and the relationship to contemporary culture, whether it be the humanist legacy and the heritage of Enlightenment, or, to-day, the conception of the Bible as a monument, linked to the religious heritage or not. <br><br><\/p><p><strong>Pascal Marin - Contemporary philosophy and the reality of translation<\/strong><\/p><p>A paradigm of translation ( P. Ricoeur) is at work in the field of contemporary philosophy. The existence of this notion in philosophy, which up to now meant an activity imposed to man since Babel, can be surprising. The appearance of such a notion could obey a threefold necessity, practical, ontological and archaeological.<\/p><ul class=\"wp-block-list\"><li>Practical: it is urgent to-day to think over the conditions of the possibility of a genuine universalism in a pluralistic context, in Europe particularly. The confrontation of two ethics of translation, in Nietzsche's and in Ricoeur's works, lets us perceive the person in question for the philosopher, the subject himself\u00a0 in the act of  translating, who opens up to his own language as he passes from one language to another.<\/li><li>Ontological: in a world about to become transparent to us, the test of translating reveals to us, at the heart of the experience of language, the resistance of a there is, of a reality. Whether he faces the test of interlinguistic or intralinguistic translation (Jakobson), the subject finds himself propped by this  reality.<\/li><li>Archaeological: finding out the reality of translation at  the very heart of languages, contemporary philosophers act as archaeologists. They exhume a most ancient stratum of our Western tradition, at the point where it constitutes itself. <\/li><\/ul><p><strong>Volker Mecking - Traduttore, traditore : The act of translating presented by a practitioner <\/strong><\/p><p>This paper intends to summarily draft the history of translation since the Sumerians, who invented the cuneiform writing, up to the XXth century, while at the same time insisting on etymological and lexicographical aspects of the word translating, of its derivatives and of its historical competitors. It will deal with basic questions such as the approach using the notions of source and target languages, but also the most usual stereotypes as regards translators across the centuries as well as the material conditions of to-day's translators, who are strongly influenced by information technology. On this account, we shall also call up the increasing specialization of translators and the development of his\/her professional profile and the requirements concerning his\/her initial training and the not inconsiderable importance of documentary research prior to the translation. A general survey articulating around the famous saying traduttore-traditore will allow us to deal with the birth and reorientation of the science of translation in the second half of the XXth century towards such notions as skopos. The interpretative pattern of the Parisian school will be shown in detail in order to demonstrate its many and chiefly pedagogical advantages from the point of view of the practitioner. The large bibliography with a list of the links that are considered useful, will allow the novices and the learners of the paths of translation and \/or interpretation, to dig more deeply if necessary into such or such aspect dealt with in this article. <\/p>","protected":false},"excerpt":{"rendered":"<p>SummariesHerv\u00e9 Savon &#8211; Two translators of Ambrose in the XVIth century Two questions are closely linked in this article: that of translation and that [&hellip;]<\/p>\n","protected":false},"author":22,"featured_media":4852,"parent":0,"menu_order":43,"comment_status":"closed","ping_status":"closed","template":"","meta":{"_acf_changed":false,"footnotes":""},"class_list":["post-3218","page","type-page","status-publish","has-post-thumbnail","hentry"],"acf":[],"yoast_head":"<!-- This site is optimized with the Yoast SEO plugin v24.1 - https:\/\/yoast.com\/wordpress\/plugins\/seo\/ -->\n<title>Presentation of the Theophilyon magazine - Tome 12 Volume 1 - UCLy<\/title>\n<meta name=\"description\" content=\"D\u00e9couvrez la pr\u00e9sentation du premier volume du 12\u00e8me tome de Th\u00e9ophilyon, revue des Facult\u00e9s de Th\u00e9ologie et de Philosophie de l&#039;UCLy.\" \/>\n<meta name=\"robots\" content=\"index, follow, max-snippet:-1, max-image-preview:large, max-video-preview:-1\" \/>\n<link rel=\"canonical\" href=\"https:\/\/www.ucly.fr\/en\/theophilyon-tome-12-volume-1\/\" \/>\n<meta property=\"og:locale\" content=\"en_US\" \/>\n<meta property=\"og:type\" content=\"article\" \/>\n<meta property=\"og:title\" content=\"Presentation of the Theophilyon magazine - Tome 12 Volume 1 - UCLy\" \/>\n<meta property=\"og:description\" content=\"D\u00e9couvrez la pr\u00e9sentation du premier volume du 12\u00e8me tome de Th\u00e9ophilyon, revue des Facult\u00e9s de Th\u00e9ologie et de Philosophie de l&#039;UCLy.\" \/>\n<meta property=\"og:url\" content=\"https:\/\/www.ucly.fr\/en\/theophilyon-tome-12-volume-1\/\" \/>\n<meta property=\"og:site_name\" content=\"UCLy\" \/>\n<meta property=\"article:modified_time\" content=\"2019-11-21T08:32:35+00:00\" \/>\n<meta property=\"og:image\" content=\"https:\/\/www.ucly.fr\/wp-content\/uploads\/2019\/11\/header-vue-drone-saint-paul.jpg\" \/>\n\t<meta property=\"og:image:width\" content=\"1920\" \/>\n\t<meta property=\"og:image:height\" content=\"575\" \/>\n\t<meta property=\"og:image:type\" content=\"image\/jpeg\" \/>\n<meta name=\"twitter:card\" content=\"summary_large_image\" \/>\n<meta name=\"twitter:label1\" content=\"Est. reading time\" \/>\n\t<meta name=\"twitter:data1\" content=\"4 minutes\" \/>\n<script type=\"application\/ld+json\" class=\"yoast-schema-graph\">{\"@context\":\"https:\/\/schema.org\",\"@graph\":[{\"@type\":\"WebPage\",\"@id\":\"https:\/\/www.ucly.fr\/en\/theophilyon-tome-12-volume-1\/\",\"url\":\"https:\/\/www.ucly.fr\/en\/theophilyon-tome-12-volume-1\/\",\"name\":\"Presentation of the Theophilyon magazine - Tome 12 Volume 1 - UCLy\",\"isPartOf\":{\"@id\":\"https:\/\/www.ucly.fr\/en\/#website\"},\"primaryImageOfPage\":{\"@id\":\"https:\/\/www.ucly.fr\/en\/theophilyon-tome-12-volume-1\/#primaryimage\"},\"image\":{\"@id\":\"https:\/\/www.ucly.fr\/en\/theophilyon-tome-12-volume-1\/#primaryimage\"},\"thumbnailUrl\":\"https:\/\/www.ucly.fr\/wp-content\/uploads\/2019\/11\/header-vue-drone-saint-paul.jpg\",\"datePublished\":\"2007-05-10T10:14:51+00:00\",\"dateModified\":\"2019-11-21T08:32:35+00:00\",\"description\":\"D\u00e9couvrez la pr\u00e9sentation du premier volume du 12\u00e8me tome de Th\u00e9ophilyon, revue des Facult\u00e9s de Th\u00e9ologie et de Philosophie de l'UCLy.\",\"breadcrumb\":{\"@id\":\"https:\/\/www.ucly.fr\/en\/theophilyon-tome-12-volume-1\/#breadcrumb\"},\"inLanguage\":\"en-US\",\"potentialAction\":[{\"@type\":\"ReadAction\",\"target\":[\"https:\/\/www.ucly.fr\/en\/theophilyon-tome-12-volume-1\/\"]}]},{\"@type\":\"ImageObject\",\"inLanguage\":\"en-US\",\"@id\":\"https:\/\/www.ucly.fr\/en\/theophilyon-tome-12-volume-1\/#primaryimage\",\"url\":\"https:\/\/www.ucly.fr\/wp-content\/uploads\/2019\/11\/header-vue-drone-saint-paul.jpg\",\"contentUrl\":\"https:\/\/www.ucly.fr\/wp-content\/uploads\/2019\/11\/header-vue-drone-saint-paul.jpg\",\"width\":1920,\"height\":575,\"caption\":\"header-vue-drone-saint-paul\"},{\"@type\":\"BreadcrumbList\",\"@id\":\"https:\/\/www.ucly.fr\/en\/theophilyon-tome-12-volume-1\/#breadcrumb\",\"itemListElement\":[{\"@type\":\"ListItem\",\"position\":1,\"name\":\"Accueil\",\"item\":\"https:\/\/www.ucly.fr\/en\/\"},{\"@type\":\"ListItem\",\"position\":2,\"name\":\"XII-1 - La traduction, art des passages (2007)\"}]},{\"@type\":\"WebSite\",\"@id\":\"https:\/\/www.ucly.fr\/en\/#website\",\"url\":\"https:\/\/www.ucly.fr\/en\/\",\"name\":\"UCLy\",\"description\":\"Un site utilisant WordPress\",\"publisher\":{\"@id\":\"https:\/\/www.ucly.fr\/en\/#organization\"},\"potentialAction\":[{\"@type\":\"SearchAction\",\"target\":{\"@type\":\"EntryPoint\",\"urlTemplate\":\"https:\/\/www.ucly.fr\/en\/?s={search_term_string}\"},\"query-input\":{\"@type\":\"PropertyValueSpecification\",\"valueRequired\":true,\"valueName\":\"search_term_string\"}}],\"inLanguage\":\"en-US\"},{\"@type\":\"Organization\",\"@id\":\"https:\/\/www.ucly.fr\/en\/#organization\",\"name\":\"UCLy\",\"url\":\"https:\/\/www.ucly.fr\/en\/\",\"logo\":{\"@type\":\"ImageObject\",\"inLanguage\":\"en-US\",\"@id\":\"https:\/\/www.ucly.fr\/en\/#\/schema\/logo\/image\/\",\"url\":\"https:\/\/www.ucly.fr\/wp-content\/uploads\/2025\/06\/logo-150ans-blanc.svg\",\"contentUrl\":\"https:\/\/www.ucly.fr\/wp-content\/uploads\/2025\/06\/logo-150ans-blanc.svg\",\"caption\":\"UCLy\"},\"image\":{\"@id\":\"https:\/\/www.ucly.fr\/en\/#\/schema\/logo\/image\/\"}}]}<\/script>\n<!-- \/ Yoast SEO plugin. -->","yoast_head_json":{"title":"Presentation of the Theophilyon magazine - Tome 12 Volume 1 - UCLy","description":"D\u00e9couvrez la pr\u00e9sentation du premier volume du 12\u00e8me tome de Th\u00e9ophilyon, revue des Facult\u00e9s de Th\u00e9ologie et de Philosophie de l'UCLy.","robots":{"index":"index","follow":"follow","max-snippet":"max-snippet:-1","max-image-preview":"max-image-preview:large","max-video-preview":"max-video-preview:-1"},"canonical":"https:\/\/www.ucly.fr\/en\/theophilyon-tome-12-volume-1\/","og_locale":"en_US","og_type":"article","og_title":"Presentation of the Theophilyon magazine - Tome 12 Volume 1 - UCLy","og_description":"D\u00e9couvrez la pr\u00e9sentation du premier volume du 12\u00e8me tome de Th\u00e9ophilyon, revue des Facult\u00e9s de Th\u00e9ologie et de Philosophie de l'UCLy.","og_url":"https:\/\/www.ucly.fr\/en\/theophilyon-tome-12-volume-1\/","og_site_name":"UCLy","article_modified_time":"2019-11-21T08:32:35+00:00","og_image":[{"width":1920,"height":575,"url":"https:\/\/www.ucly.fr\/wp-content\/uploads\/2019\/11\/header-vue-drone-saint-paul.jpg","type":"image\/jpeg"}],"twitter_card":"summary_large_image","twitter_misc":{"Est. reading time":"4 minutes"},"schema":{"@context":"https:\/\/schema.org","@graph":[{"@type":"WebPage","@id":"https:\/\/www.ucly.fr\/en\/theophilyon-tome-12-volume-1\/","url":"https:\/\/www.ucly.fr\/en\/theophilyon-tome-12-volume-1\/","name":"Presentation of the Theophilyon magazine - Tome 12 Volume 1 - UCLy","isPartOf":{"@id":"https:\/\/www.ucly.fr\/en\/#website"},"primaryImageOfPage":{"@id":"https:\/\/www.ucly.fr\/en\/theophilyon-tome-12-volume-1\/#primaryimage"},"image":{"@id":"https:\/\/www.ucly.fr\/en\/theophilyon-tome-12-volume-1\/#primaryimage"},"thumbnailUrl":"https:\/\/www.ucly.fr\/wp-content\/uploads\/2019\/11\/header-vue-drone-saint-paul.jpg","datePublished":"2007-05-10T10:14:51+00:00","dateModified":"2019-11-21T08:32:35+00:00","description":"D\u00e9couvrez la pr\u00e9sentation du premier volume du 12\u00e8me tome de Th\u00e9ophilyon, revue des Facult\u00e9s de Th\u00e9ologie et de Philosophie de l'UCLy.","breadcrumb":{"@id":"https:\/\/www.ucly.fr\/en\/theophilyon-tome-12-volume-1\/#breadcrumb"},"inLanguage":"en-US","potentialAction":[{"@type":"ReadAction","target":["https:\/\/www.ucly.fr\/en\/theophilyon-tome-12-volume-1\/"]}]},{"@type":"ImageObject","inLanguage":"en-US","@id":"https:\/\/www.ucly.fr\/en\/theophilyon-tome-12-volume-1\/#primaryimage","url":"https:\/\/www.ucly.fr\/wp-content\/uploads\/2019\/11\/header-vue-drone-saint-paul.jpg","contentUrl":"https:\/\/www.ucly.fr\/wp-content\/uploads\/2019\/11\/header-vue-drone-saint-paul.jpg","width":1920,"height":575,"caption":"header-vue-drone-saint-paul"},{"@type":"BreadcrumbList","@id":"https:\/\/www.ucly.fr\/en\/theophilyon-tome-12-volume-1\/#breadcrumb","itemListElement":[{"@type":"ListItem","position":1,"name":"Accueil","item":"https:\/\/www.ucly.fr\/en\/"},{"@type":"ListItem","position":2,"name":"XII-1 - La traduction, art des passages (2007)"}]},{"@type":"WebSite","@id":"https:\/\/www.ucly.fr\/en\/#website","url":"https:\/\/www.ucly.fr\/en\/","name":"UCLy","description":"Un site utilisant WordPress","publisher":{"@id":"https:\/\/www.ucly.fr\/en\/#organization"},"potentialAction":[{"@type":"SearchAction","target":{"@type":"EntryPoint","urlTemplate":"https:\/\/www.ucly.fr\/en\/?s={search_term_string}"},"query-input":{"@type":"PropertyValueSpecification","valueRequired":true,"valueName":"search_term_string"}}],"inLanguage":"en-US"},{"@type":"Organization","@id":"https:\/\/www.ucly.fr\/en\/#organization","name":"UCLy","url":"https:\/\/www.ucly.fr\/en\/","logo":{"@type":"ImageObject","inLanguage":"en-US","@id":"https:\/\/www.ucly.fr\/en\/#\/schema\/logo\/image\/","url":"https:\/\/www.ucly.fr\/wp-content\/uploads\/2025\/06\/logo-150ans-blanc.svg","contentUrl":"https:\/\/www.ucly.fr\/wp-content\/uploads\/2025\/06\/logo-150ans-blanc.svg","caption":"UCLy"},"image":{"@id":"https:\/\/www.ucly.fr\/en\/#\/schema\/logo\/image\/"}}]}},"_links":{"self":[{"href":"https:\/\/www.ucly.fr\/en\/wp-json\/wp\/v2\/pages\/3218","targetHints":{"allow":["GET"]}}],"collection":[{"href":"https:\/\/www.ucly.fr\/en\/wp-json\/wp\/v2\/pages"}],"about":[{"href":"https:\/\/www.ucly.fr\/en\/wp-json\/wp\/v2\/types\/page"}],"author":[{"embeddable":true,"href":"https:\/\/www.ucly.fr\/en\/wp-json\/wp\/v2\/users\/22"}],"replies":[{"embeddable":true,"href":"https:\/\/www.ucly.fr\/en\/wp-json\/wp\/v2\/comments?post=3218"}],"version-history":[{"count":3,"href":"https:\/\/www.ucly.fr\/en\/wp-json\/wp\/v2\/pages\/3218\/revisions"}],"predecessor-version":[{"id":3231,"href":"https:\/\/www.ucly.fr\/en\/wp-json\/wp\/v2\/pages\/3218\/revisions\/3231"}],"wp:featuredmedia":[{"embeddable":true,"href":"https:\/\/www.ucly.fr\/en\/wp-json\/wp\/v2\/media\/4852"}],"wp:attachment":[{"href":"https:\/\/www.ucly.fr\/en\/wp-json\/wp\/v2\/media?parent=3218"}],"curies":[{"name":"wp","href":"https:\/\/api.w.org\/{rel}","templated":true}]}}