{"id":272676,"date":"2019-12-05T16:30:24","date_gmt":"2019-12-05T15:30:24","guid":{"rendered":"https:\/\/www.ucly.fr\/pole-international\/"},"modified":"2025-05-19T14:03:27","modified_gmt":"2025-05-19T12:03:27","slug":"pole-international","status":"publish","type":"page","link":"https:\/\/www.ucly.fr\/en\/student-life\/international-relations-office\/pole-international\/","title":{"rendered":"P\u00f4le International"},"content":{"rendered":"<p>The P\u00f4le International helps international students to meet other students at the university through a cultural and fun activities, as through the <a href=\"https:\/\/www.ucly.fr\/en\/student-life\/international-relations-office\/buddy-program\/\" target=\"_blank\" rel=\"noreferrer noopener\">Buddy Program<\/a>.<\/p><p class=\"has-text-align-left\"><strong>International students<\/strong>, you want to meet other UCLY students and participate in multiple cultural events ?<\/p><p class=\"has-text-align-left\"><strong>French students<\/strong>, you want to participate in friendly activities in a international atmosphere?<\/p><h2 class=\"wp-block-heading has-text-align-center\">Join the P\u00f4le International !<\/h2><p>Throughout the year the <strong>P\u00f4le International<\/strong> organizes events and activities:<\/p><div class=\"wp-block-gallery-ucly js-fade-scroll\"><div class=\"owl-carousel owl-theme owl-gallery\"><div class=\"item\"><img decoding=\"async\" width=\"900\" height=\"520\" src=\"https:\/\/www.ucly.fr\/wp-content\/uploads\/2025\/01\/cafe-langue-3-900x520.jpg\" class=\"\" alt=\"RI - PI - Caf\u00e9-Langues\" \/><div class=\"wp-block-gallery-ucly-caption\">Caf\u00e9-Langues, to meet international and French students in a local caf\u00e9<\/div><\/div><div class=\"item\"><img decoding=\"async\" width=\"900\" height=\"520\" src=\"https:\/\/www.ucly.fr\/wp-content\/uploads\/2025\/01\/city-walk-jan-25-900x520.jpeg\" class=\"\" alt=\"RI - PI - Promenade Lyon\" \/><div class=\"wp-block-gallery-ucly-caption\">City walk, to discover Lyon<\/div><\/div><div class=\"item\"><img decoding=\"async\" width=\"900\" height=\"520\" src=\"https:\/\/www.ucly.fr\/wp-content\/uploads\/2025\/01\/mjc-pub-quizz-2-900x520.jpg\" class=\"\" alt=\"Pub Quizz - MJC Confluence\" \/><div class=\"wp-block-gallery-ucly-caption\">Pub Quizz with the MJC Confluence...on their boat !<\/div><\/div><div class=\"item\"><img decoding=\"async\" width=\"900\" height=\"520\" src=\"https:\/\/www.ucly.fr\/wp-content\/uploads\/2025\/01\/galette-des-rois-900x520.jpg\" class=\"\" alt=\"RI - PI - Galette des Rois\" srcset=\"https:\/\/www.ucly.fr\/wp-content\/uploads\/2025\/01\/galette-des-rois-900x520.jpg 900w, https:\/\/www.ucly.fr\/wp-content\/uploads\/2025\/01\/galette-des-rois-999x576.jpg 999w\" sizes=\"(max-width: 900px) 100vw, 900px\" \/><div class=\"wp-block-gallery-ucly-caption\">Tasting: Galette des Rois, a French speciality<\/div><\/div><div class=\"item\"><img decoding=\"async\" width=\"900\" height=\"520\" src=\"https:\/\/www.ucly.fr\/wp-content\/uploads\/2025\/01\/cine-club-900x520.jpg\" class=\"\" alt=\"RI - PI Cin\u00e9-club\" \/><div class=\"wp-block-gallery-ucly-caption\">Cin\u00e9-club, to discover French films (with subtitles)<\/div><\/div><div class=\"item\"><img decoding=\"async\" width=\"900\" height=\"520\" src=\"https:\/\/www.ucly.fr\/wp-content\/uploads\/2025\/01\/laser-game-900x520.jpeg\" class=\"\" alt=\"RI - PI -Laser Games\" \/><div class=\"wp-block-gallery-ucly-caption\">Laser Games<\/div><\/div><div class=\"item\"><img decoding=\"async\" width=\"900\" height=\"520\" src=\"https:\/\/www.ucly.fr\/wp-content\/uploads\/2025\/01\/repas-international-4-900x520.jpg\" class=\"\" alt=\"RI - PI -Repas international\" \/><div class=\"wp-block-gallery-ucly-caption\">International Meet &amp; Eat: share your culture through your specialities<\/div><\/div><\/div><div class=\"owl-numbers\"><span class=\"owl-number-current\"><\/span><span class=\"owl-number-sep\"><\/span><span class=\"owl-number-total\"><\/span><\/div><\/div><h3 class=\"wp-block-heading\">And so much more!<\/h3><h2 class=\"wp-block-heading has-text-align-left\"><strong>To be informed <\/strong>follow us on<strong>:<\/strong><\/h2><p class=\"has-text-align-center\"><a href=\"https:\/\/www.instagram.com\/internationalstudentsofucly\/\" target=\"_blank\" rel=\"noreferrer noopener\"><img decoding=\"async\" width=\"150\" height=\"150\" class=\"wp-image-272634\" style=\"width: 150px;\" src=\"https:\/\/www.ucly.fr\/wp-content\/uploads\/2024\/06\/instagram_icon.png\" alt=\"Logo instagram\" srcset=\"https:\/\/www.ucly.fr\/wp-content\/uploads\/2024\/06\/instagram_icon.png 800w, https:\/\/www.ucly.fr\/wp-content\/uploads\/2024\/06\/instagram_icon-150x150.png 150w, https:\/\/www.ucly.fr\/wp-content\/uploads\/2024\/06\/instagram_icon-140x140.png 140w, https:\/\/www.ucly.fr\/wp-content\/uploads\/2024\/06\/instagram_icon-520x520.png 520w, https:\/\/www.ucly.fr\/wp-content\/uploads\/2024\/06\/instagram_icon-640x640.png 640w, https:\/\/www.ucly.fr\/wp-content\/uploads\/2024\/06\/instagram_icon-494x494.png 494w, https:\/\/www.ucly.fr\/wp-content\/uploads\/2024\/06\/instagram_icon-100x100.png 100w\" sizes=\"(max-width: 150px) 100vw, 150px\" \/><\/a><\/p><div class=\"wp-block-contact js-fade-scroll\">\n  <p class=\"wp-block-contact-title\">Contact - P\u00f4le International<\/p>\n\n        <div class=\"contact-info\">\n        <p class=\"contact-item\">\n          <span class=\"contact-strong\">P\u00f4le Internaional<\/span><br>\n          <span class=\"contact-light\">Campus St Paul - 2nd floor -Behind the chapel - A 275<\/span>\n        <\/p>\n        <span class=\"contact-separate\"><\/span>\n        <p class=\"contact-item\">\n          <a class=\"icon-phone contact-button show-for-small-only\" href=\"tel:poleinternational@univ-catholyon.fr\"><\/a>\n          <span class=\"contact-strong hide-for-small-only\">poleinternational@univ-catholyon.fr<\/span><br>\n          <a class=\"icon-mail contact-button show-for-small-only\" href=\"mailto:\"><\/a>\n          <span class=\"contact-light hide-for-small-only\"><\/span>\n        <\/p>\n      <\/div>\n    <\/div><div class=\"wp-block-text-image\">\n  <div class=\"row align-bottom collapse\">\n    <div class=\"column small-12 medium-6 xlarge-5 xxlarge-expand wp-block-text-image-info js-fade-scroll\">\n      <p class=\"wp-block-text-image-title\">Association Lyon International<\/p>\n      <div class=\"wp-block-text-image-intro\"><p>Diner with a French family, cultural discussions, dicovery field-trips. Discover the activities programm of our partner, the Association Lyon International.<\/p>\n<p><a href=\"http:\/\/www.lyon-international.org\" target=\"_blank\" rel=\"noopener\">Click here<\/a>.<\/p>\n<\/div>\n    <\/div>\n\n    <div class=\"column small-12 medium-6 xlarge-7 xxlarge-shrink wp-block-text-image-picture js-fade-scroll\">\n      <img decoding=\"async\" width=\"810\" height=\"560\" src=\"https:\/\/www.ucly.fr\/wp-content\/uploads\/2024\/04\/logo-lyon-international-810x560.jpg\" class=\"attachment-text_image size-text_image\" alt=\"Logo Association Lyon International\" \/>    <\/div>\n  <\/div>\n<\/div><p><\/p><div class=\"wp-block-cross-content js-fade-scroll\">\n    <p class=\"wp-block-cross-content-title\">Plus d'informations<\/p>\n            <div class=\"row wp-block-cross-content-row\">\n                                <div class=\"column small-12 medium-6 large-4 wp-block-cross-content-col\">\n                        <a class=\"wp-block-cross-content-top\" href=\"https:\/\/www.ucly.fr\/international\/accueil-des-etudiants-internationaux\/international-student-desk\/\" title=\"Accompagnement des \u00e9tudiants internationaux\">\n                            <span class=\"wp-block-cross-content-name\">Accompagnement des \u00e9tudiants internationaux<\/span>\n                            <span class=\"wp-block-cross-content-image\"><img decoding=\"async\" width=\"630\" height=\"570\" src=\"https:\/\/www.ucly.fr\/wp-content\/uploads\/2024\/06\/isd-header-630x570.png\" class=\" wp-post-image\" alt=\"\" \/><\/span>\n                            <span class=\"wp-block-cross-content-more\">\n                                <span class=\"icon-more\"><\/span>\n                            <\/span>\n                        <\/a>\n                        <div class=\"wp-block-cross-content-excerpt\"><\/div>\n                    <\/div>\n                                                <div class=\"column small-12 medium-6 large-4 wp-block-cross-content-col\">\n                        <a class=\"wp-block-cross-content-top\" href=\"https:\/\/www.ucly.fr\/international\/etudier-a-letranger\/nos-partenaires-reseaux-universites\/\" title=\"Nos partenaires, nos r\u00e9seaux\">\n                            <span class=\"wp-block-cross-content-name\">Nos partenaires, nos r\u00e9seaux<\/span>\n                            <span class=\"wp-block-cross-content-image\"><img decoding=\"async\" width=\"630\" height=\"570\" src=\"https:\/\/www.ucly.fr\/wp-content\/uploads\/2019\/11\/ateliers-langues-630x570.jpg\" class=\" wp-post-image\" alt=\"Relations Internationales - Drapeaux\" \/><\/span>\n                            <span class=\"wp-block-cross-content-more\">\n                                <span class=\"icon-more\"><\/span>\n                            <\/span>\n                        <\/a>\n                        <div class=\"wp-block-cross-content-excerpt\"><\/div>\n                    <\/div>\n                                                <div class=\"column small-12 medium-6 large-4 wp-block-cross-content-col\">\n                        <a class=\"wp-block-cross-content-top\" href=\"https:\/\/www.ucly.fr\/international\/accueil-des-etudiants-internationaux\/buddy-program\/\" title=\"Buddy Program\">\n                            <span class=\"wp-block-cross-content-name\">Buddy Program<\/span>\n                            <span class=\"wp-block-cross-content-image\"><img decoding=\"async\" width=\"630\" height=\"570\" src=\"https:\/\/www.ucly.fr\/wp-content\/uploads\/2024\/06\/buddy-header-630x570.png\" class=\" wp-post-image\" alt=\"\" \/><\/span>\n                            <span class=\"wp-block-cross-content-more\">\n                                <span class=\"icon-more\"><\/span>\n                            <\/span>\n                        <\/a>\n                        <div class=\"wp-block-cross-content-excerpt\"><\/div>\n                    <\/div>\n                                    <\/div>\n    <\/div>","protected":false},"excerpt":{"rendered":"<p>The P\u00f4le International helps international students to meet other students at the university through a cultural and fun activities, as through the Buddy Program.International [&hellip;]<\/p>\n","protected":false},"author":72,"featured_media":272858,"parent":43988,"menu_order":0,"comment_status":"closed","ping_status":"closed","template":"","meta":{"_acf_changed":false,"footnotes":""},"class_list":["post-272676","page","type-page","status-publish","has-post-thumbnail","hentry"],"acf":[],"yoast_head":"<!-- This site is optimized with the Yoast SEO plugin v24.1 - https:\/\/yoast.com\/wordpress\/plugins\/seo\/ -->\n<title>P\u00f4le International - UCLy<\/title>\n<meta name=\"description\" content=\"\u00c9tudiants internationaux, vous souhaitez rencontrer les \u00e9tudiants de l&#039;UCLy et participer \u00e0 de nombreuses activit\u00e9s culturelles ?\" \/>\n<meta name=\"robots\" content=\"index, follow, max-snippet:-1, max-image-preview:large, max-video-preview:-1\" \/>\n<link rel=\"canonical\" href=\"https:\/\/www.ucly.fr\/en\/student-life\/international-relations-office\/pole-international\/\" \/>\n<meta property=\"og:locale\" content=\"en_US\" \/>\n<meta property=\"og:type\" content=\"article\" \/>\n<meta property=\"og:title\" content=\"P\u00f4le International - UCLy\" \/>\n<meta property=\"og:description\" content=\"\u00c9tudiants internationaux, vous souhaitez rencontrer les \u00e9tudiants de l&#039;UCLy et participer \u00e0 de nombreuses activit\u00e9s culturelles ?\" \/>\n<meta property=\"og:url\" content=\"https:\/\/www.ucly.fr\/en\/student-life\/international-relations-office\/pole-international\/\" \/>\n<meta property=\"og:site_name\" content=\"UCLy\" \/>\n<meta property=\"article:modified_time\" content=\"2025-05-19T12:03:27+00:00\" \/>\n<meta property=\"og:image\" content=\"https:\/\/www.ucly.fr\/wp-content\/uploads\/2024\/06\/pole-header.png\" \/>\n\t<meta property=\"og:image:width\" content=\"1921\" \/>\n\t<meta property=\"og:image:height\" content=\"576\" \/>\n\t<meta property=\"og:image:type\" content=\"image\/png\" \/>\n<meta name=\"twitter:card\" content=\"summary_large_image\" \/>\n<meta name=\"twitter:label1\" content=\"Est. reading time\" \/>\n\t<meta name=\"twitter:data1\" content=\"1 minute\" \/>\n<script type=\"application\/ld+json\" class=\"yoast-schema-graph\">{\"@context\":\"https:\/\/schema.org\",\"@graph\":[{\"@type\":\"WebPage\",\"@id\":\"https:\/\/www.ucly.fr\/en\/student-life\/international-relations-office\/pole-international\/\",\"url\":\"https:\/\/www.ucly.fr\/en\/student-life\/international-relations-office\/pole-international\/\",\"name\":\"P\u00f4le International - UCLy\",\"isPartOf\":{\"@id\":\"https:\/\/www.ucly.fr\/en\/#website\"},\"primaryImageOfPage\":{\"@id\":\"https:\/\/www.ucly.fr\/en\/student-life\/international-relations-office\/pole-international\/#primaryimage\"},\"image\":{\"@id\":\"https:\/\/www.ucly.fr\/en\/student-life\/international-relations-office\/pole-international\/#primaryimage\"},\"thumbnailUrl\":\"https:\/\/www.ucly.fr\/wp-content\/uploads\/2024\/06\/pole-header.png\",\"datePublished\":\"2019-12-05T15:30:24+00:00\",\"dateModified\":\"2025-05-19T12:03:27+00:00\",\"description\":\"\u00c9tudiants internationaux, vous souhaitez rencontrer les \u00e9tudiants de l'UCLy et participer \u00e0 de nombreuses activit\u00e9s culturelles ?\",\"breadcrumb\":{\"@id\":\"https:\/\/www.ucly.fr\/en\/student-life\/international-relations-office\/pole-international\/#breadcrumb\"},\"inLanguage\":\"en-US\",\"potentialAction\":[{\"@type\":\"ReadAction\",\"target\":[\"https:\/\/www.ucly.fr\/en\/student-life\/international-relations-office\/pole-international\/\"]}]},{\"@type\":\"ImageObject\",\"inLanguage\":\"en-US\",\"@id\":\"https:\/\/www.ucly.fr\/en\/student-life\/international-relations-office\/pole-international\/#primaryimage\",\"url\":\"https:\/\/www.ucly.fr\/wp-content\/uploads\/2024\/06\/pole-header.png\",\"contentUrl\":\"https:\/\/www.ucly.fr\/wp-content\/uploads\/2024\/06\/pole-header.png\",\"width\":1921,\"height\":576},{\"@type\":\"BreadcrumbList\",\"@id\":\"https:\/\/www.ucly.fr\/en\/student-life\/international-relations-office\/pole-international\/#breadcrumb\",\"itemListElement\":[{\"@type\":\"ListItem\",\"position\":1,\"name\":\"Accueil\",\"item\":\"https:\/\/www.ucly.fr\/en\/\"},{\"@type\":\"ListItem\",\"position\":2,\"name\":\"Student services\",\"item\":\"https:\/\/www.ucly.fr\/en\/student-life\/\"},{\"@type\":\"ListItem\",\"position\":3,\"name\":\"International Relations Office\",\"item\":\"https:\/\/www.ucly.fr\/en\/student-life\/international-relations-office\/\"},{\"@type\":\"ListItem\",\"position\":4,\"name\":\"P\u00f4le International\"}]},{\"@type\":\"WebSite\",\"@id\":\"https:\/\/www.ucly.fr\/en\/#website\",\"url\":\"https:\/\/www.ucly.fr\/en\/\",\"name\":\"UCLy\",\"description\":\"Un site utilisant WordPress\",\"publisher\":{\"@id\":\"https:\/\/www.ucly.fr\/en\/#organization\"},\"potentialAction\":[{\"@type\":\"SearchAction\",\"target\":{\"@type\":\"EntryPoint\",\"urlTemplate\":\"https:\/\/www.ucly.fr\/en\/?s={search_term_string}\"},\"query-input\":{\"@type\":\"PropertyValueSpecification\",\"valueRequired\":true,\"valueName\":\"search_term_string\"}}],\"inLanguage\":\"en-US\"},{\"@type\":\"Organization\",\"@id\":\"https:\/\/www.ucly.fr\/en\/#organization\",\"name\":\"UCLy\",\"url\":\"https:\/\/www.ucly.fr\/en\/\",\"logo\":{\"@type\":\"ImageObject\",\"inLanguage\":\"en-US\",\"@id\":\"https:\/\/www.ucly.fr\/en\/#\/schema\/logo\/image\/\",\"url\":\"https:\/\/www.ucly.fr\/wp-content\/uploads\/2025\/06\/logo-150ans-blanc.svg\",\"contentUrl\":\"https:\/\/www.ucly.fr\/wp-content\/uploads\/2025\/06\/logo-150ans-blanc.svg\",\"caption\":\"UCLy\"},\"image\":{\"@id\":\"https:\/\/www.ucly.fr\/en\/#\/schema\/logo\/image\/\"}}]}<\/script>\n<!-- \/ Yoast SEO plugin. -->","yoast_head_json":{"title":"P\u00f4le International - UCLy","description":"\u00c9tudiants internationaux, vous souhaitez rencontrer les \u00e9tudiants de l'UCLy et participer \u00e0 de nombreuses activit\u00e9s culturelles ?","robots":{"index":"index","follow":"follow","max-snippet":"max-snippet:-1","max-image-preview":"max-image-preview:large","max-video-preview":"max-video-preview:-1"},"canonical":"https:\/\/www.ucly.fr\/en\/student-life\/international-relations-office\/pole-international\/","og_locale":"en_US","og_type":"article","og_title":"P\u00f4le International - UCLy","og_description":"\u00c9tudiants internationaux, vous souhaitez rencontrer les \u00e9tudiants de l'UCLy et participer \u00e0 de nombreuses activit\u00e9s culturelles ?","og_url":"https:\/\/www.ucly.fr\/en\/student-life\/international-relations-office\/pole-international\/","og_site_name":"UCLy","article_modified_time":"2025-05-19T12:03:27+00:00","og_image":[{"width":1921,"height":576,"url":"https:\/\/www.ucly.fr\/wp-content\/uploads\/2024\/06\/pole-header.png","type":"image\/png"}],"twitter_card":"summary_large_image","twitter_misc":{"Est. reading time":"1 minute"},"schema":{"@context":"https:\/\/schema.org","@graph":[{"@type":"WebPage","@id":"https:\/\/www.ucly.fr\/en\/student-life\/international-relations-office\/pole-international\/","url":"https:\/\/www.ucly.fr\/en\/student-life\/international-relations-office\/pole-international\/","name":"P\u00f4le International - UCLy","isPartOf":{"@id":"https:\/\/www.ucly.fr\/en\/#website"},"primaryImageOfPage":{"@id":"https:\/\/www.ucly.fr\/en\/student-life\/international-relations-office\/pole-international\/#primaryimage"},"image":{"@id":"https:\/\/www.ucly.fr\/en\/student-life\/international-relations-office\/pole-international\/#primaryimage"},"thumbnailUrl":"https:\/\/www.ucly.fr\/wp-content\/uploads\/2024\/06\/pole-header.png","datePublished":"2019-12-05T15:30:24+00:00","dateModified":"2025-05-19T12:03:27+00:00","description":"\u00c9tudiants internationaux, vous souhaitez rencontrer les \u00e9tudiants de l'UCLy et participer \u00e0 de nombreuses activit\u00e9s culturelles ?","breadcrumb":{"@id":"https:\/\/www.ucly.fr\/en\/student-life\/international-relations-office\/pole-international\/#breadcrumb"},"inLanguage":"en-US","potentialAction":[{"@type":"ReadAction","target":["https:\/\/www.ucly.fr\/en\/student-life\/international-relations-office\/pole-international\/"]}]},{"@type":"ImageObject","inLanguage":"en-US","@id":"https:\/\/www.ucly.fr\/en\/student-life\/international-relations-office\/pole-international\/#primaryimage","url":"https:\/\/www.ucly.fr\/wp-content\/uploads\/2024\/06\/pole-header.png","contentUrl":"https:\/\/www.ucly.fr\/wp-content\/uploads\/2024\/06\/pole-header.png","width":1921,"height":576},{"@type":"BreadcrumbList","@id":"https:\/\/www.ucly.fr\/en\/student-life\/international-relations-office\/pole-international\/#breadcrumb","itemListElement":[{"@type":"ListItem","position":1,"name":"Accueil","item":"https:\/\/www.ucly.fr\/en\/"},{"@type":"ListItem","position":2,"name":"Student services","item":"https:\/\/www.ucly.fr\/en\/student-life\/"},{"@type":"ListItem","position":3,"name":"International Relations Office","item":"https:\/\/www.ucly.fr\/en\/student-life\/international-relations-office\/"},{"@type":"ListItem","position":4,"name":"P\u00f4le International"}]},{"@type":"WebSite","@id":"https:\/\/www.ucly.fr\/en\/#website","url":"https:\/\/www.ucly.fr\/en\/","name":"UCLy","description":"Un site utilisant WordPress","publisher":{"@id":"https:\/\/www.ucly.fr\/en\/#organization"},"potentialAction":[{"@type":"SearchAction","target":{"@type":"EntryPoint","urlTemplate":"https:\/\/www.ucly.fr\/en\/?s={search_term_string}"},"query-input":{"@type":"PropertyValueSpecification","valueRequired":true,"valueName":"search_term_string"}}],"inLanguage":"en-US"},{"@type":"Organization","@id":"https:\/\/www.ucly.fr\/en\/#organization","name":"UCLy","url":"https:\/\/www.ucly.fr\/en\/","logo":{"@type":"ImageObject","inLanguage":"en-US","@id":"https:\/\/www.ucly.fr\/en\/#\/schema\/logo\/image\/","url":"https:\/\/www.ucly.fr\/wp-content\/uploads\/2025\/06\/logo-150ans-blanc.svg","contentUrl":"https:\/\/www.ucly.fr\/wp-content\/uploads\/2025\/06\/logo-150ans-blanc.svg","caption":"UCLy"},"image":{"@id":"https:\/\/www.ucly.fr\/en\/#\/schema\/logo\/image\/"}}]}},"_links":{"self":[{"href":"https:\/\/www.ucly.fr\/en\/wp-json\/wp\/v2\/pages\/272676","targetHints":{"allow":["GET"]}}],"collection":[{"href":"https:\/\/www.ucly.fr\/en\/wp-json\/wp\/v2\/pages"}],"about":[{"href":"https:\/\/www.ucly.fr\/en\/wp-json\/wp\/v2\/types\/page"}],"author":[{"embeddable":true,"href":"https:\/\/www.ucly.fr\/en\/wp-json\/wp\/v2\/users\/72"}],"replies":[{"embeddable":true,"href":"https:\/\/www.ucly.fr\/en\/wp-json\/wp\/v2\/comments?post=272676"}],"version-history":[{"count":2,"href":"https:\/\/www.ucly.fr\/en\/wp-json\/wp\/v2\/pages\/272676\/revisions"}],"predecessor-version":[{"id":379533,"href":"https:\/\/www.ucly.fr\/en\/wp-json\/wp\/v2\/pages\/272676\/revisions\/379533"}],"up":[{"embeddable":true,"href":"https:\/\/www.ucly.fr\/en\/wp-json\/wp\/v2\/pages\/43988"}],"wp:featuredmedia":[{"embeddable":true,"href":"https:\/\/www.ucly.fr\/en\/wp-json\/wp\/v2\/media\/272858"}],"wp:attachment":[{"href":"https:\/\/www.ucly.fr\/en\/wp-json\/wp\/v2\/media?parent=272676"}],"curies":[{"name":"wp","href":"https:\/\/api.w.org\/{rel}","templated":true}]}}