{"id":2636,"date":"2013-10-10T15:53:39","date_gmt":"2013-10-10T13:53:39","guid":{"rendered":"https:\/\/www.ucly.fr\/?page_id=2636"},"modified":"2019-11-21T09:32:50","modified_gmt":"2019-11-21T08:32:50","slug":"theophilyon-tome-18-volume-2","status":"publish","type":"page","link":"https:\/\/www.ucly.fr\/en\/theophilyon-tome-18-volume-2\/","title":{"rendered":"XVIII-2 - Le Christ sans confession - Philosophie contemporaine et christianisme (2013)"},"content":{"rendered":"<h2 class=\"wp-block-heading\"> Summaries <\/h2><p><strong>Isabelle Chareire - Giorgio Agamben and hollow glory <\/strong><\/p><p>The article proposes looking into a few facets of Giorgio Agamben's work. The abeyance of the  law is at the heart of the time remaining and the first volume of Homo sacer. With Paul, law abeyance takes place within the frame of the Alliance and faith. In the political field, law abeyance takes place either within the frame of otherness, such as is the case in the state of exception as instituted by a state power, or when mediation is  lacking, in the field of bio politics. The second part rereads the Reign  and the Glory, in which Agamben summons a large number of theological notions in order to go through his genealogy of public affairs. An  evaluation attempts to appraise Agamben's discourse from a theologian's  position which is that of the author. <br><br><\/p><p><strong>Pascal Marin - The strange philology of a German philologist- philosopher. Christological flesh and Dionysian flesh in Nietzsche<\/strong><\/p><p> Among present day philosophers who shape their own concept of man in their appropriation of whole structures of Christian doctrine, it might well seem incongruous to quote the name of Nietzsche when opening this period. It is well known in what allergy to the Christianity of his childhood and forbears he created his concept of life. He wants to recognize only one historical source: Dionysian Greece. But the German  philologist-philosopher uses a strange philology. His figure of Dionysius is a philosopher's construction which leaves little to consider as philologically Greek. In particular, he is said to have received from Johanian Christianity the idea of a truth made flesh. This  shows this philosophy of life in a contradictory light, in its origins and aims and thus makes its interpretation more complex. <br><br><\/p><p><strong>Marc de Launay - The Chiliastic revolt in the Qora'h <\/strong><\/p><p>Numbers 16 receives few comments in the philosophical tradition; in the 20th century, when it does so, the philosophical tradition overlooks the particular sense of violence that this text builds up with a deep intuition of the roots of moral. The perverted will to put forward a natural equality within  sanctity will vindicate, on a political level, the Gnostic structure that will be found later in all chiliastic movements. The text is construed so as to put forward his intentions when he uses a quasi  verbal hapax: the term that the Bible uses when designating the divine  action of the Creator. <br><br><\/p><p><strong>Fran\u00e7ois Nault  - The first kiss: Jacques Derrida and Christian memory <\/strong><\/p><p>This article endeavours to scrutinize the complex relations that Jacques Derrida's thought bears with regard to Christianity. On the one hand, it must be pointed out that the philosopher intends to pursue as far as  possible the necessity of a hyper atheological discourse. From this point of view, Derrida's thought clearly opposes any form of theological  appropriation and one might perhaps be forgiven for thinking that it is  a form of radical atheism. On the other hand, it being understood that deconstruction cannot be reduced to demolition, it is also possible to recognise an act of recollection, memory and meditation on Christianity  in Derrida's philosophical gesture. This remark more widely applies to abrahamic religions. This article insists on the huge effort of meditation that Derrida puts forth, an effort of which one could wonder -  by way of cracking a joke - whether it is not already theological. <br><br><\/p><p><strong>Sylvain Camilleri - Heidegger' textual critical examination of Christianity <\/strong><\/p><p>Heidegger's relations with Christianity are many. Here we intend to propose a new synthesis with a double purpose. The first, of a special order, is to show in what measure they globally take up the turning points of his biography and works as well as those of exegesis, theology and 20th century Church. The second, from a general point of view, is to show in which measure the constant reference to Christianity of present day  philosophical thought is not indebted with regard to the German thinker's thought in itself, taking into account the fact that it insists on having gone out of religion, notwithstanding the fact that it is not always fully understood. <br><br><\/p>","protected":false},"excerpt":{"rendered":"<p>Summaries Isabelle Chareire &#8211; Giorgio Agamben and hollow glory The article proposes looking into a few facets of Giorgio Agamben&#8217;s work. The abeyance of [&hellip;]<\/p>\n","protected":false},"author":22,"featured_media":4852,"parent":0,"menu_order":57,"comment_status":"closed","ping_status":"closed","template":"","meta":{"_acf_changed":false,"footnotes":""},"class_list":["post-2636","page","type-page","status-publish","has-post-thumbnail","hentry"],"acf":[],"yoast_head":"<!-- This site is optimized with the Yoast SEO plugin v24.1 - https:\/\/yoast.com\/wordpress\/plugins\/seo\/ -->\n<title>Presentation of the Theophilyon magazine - Tome 18 Volume 2 - UCLy<\/title>\n<meta name=\"description\" content=\"D\u00e9couvrez la pr\u00e9sentation du second volume du 18\u00e8me tome de Th\u00e9ophilyon, revue des Facult\u00e9s de Th\u00e9ologie et de Philosophie de l&#039;UCLy.\" \/>\n<meta name=\"robots\" content=\"index, follow, max-snippet:-1, max-image-preview:large, max-video-preview:-1\" \/>\n<link rel=\"canonical\" href=\"https:\/\/www.ucly.fr\/en\/theophilyon-tome-18-volume-2\/\" \/>\n<meta property=\"og:locale\" content=\"en_US\" \/>\n<meta property=\"og:type\" content=\"article\" \/>\n<meta property=\"og:title\" content=\"Presentation of the Theophilyon magazine - Tome 18 Volume 2 - UCLy\" \/>\n<meta property=\"og:description\" content=\"D\u00e9couvrez la pr\u00e9sentation du second volume du 18\u00e8me tome de Th\u00e9ophilyon, revue des Facult\u00e9s de Th\u00e9ologie et de Philosophie de l&#039;UCLy.\" \/>\n<meta property=\"og:url\" content=\"https:\/\/www.ucly.fr\/en\/theophilyon-tome-18-volume-2\/\" \/>\n<meta property=\"og:site_name\" content=\"UCLy\" \/>\n<meta property=\"article:modified_time\" content=\"2019-11-21T08:32:50+00:00\" \/>\n<meta property=\"og:image\" content=\"https:\/\/www.ucly.fr\/wp-content\/uploads\/2019\/11\/header-vue-drone-saint-paul.jpg\" \/>\n\t<meta property=\"og:image:width\" content=\"1920\" \/>\n\t<meta property=\"og:image:height\" content=\"575\" \/>\n\t<meta property=\"og:image:type\" content=\"image\/jpeg\" \/>\n<meta name=\"twitter:card\" content=\"summary_large_image\" \/>\n<meta name=\"twitter:label1\" content=\"Est. reading time\" \/>\n\t<meta name=\"twitter:data1\" content=\"3 minutes\" \/>\n<script type=\"application\/ld+json\" class=\"yoast-schema-graph\">{\"@context\":\"https:\/\/schema.org\",\"@graph\":[{\"@type\":\"WebPage\",\"@id\":\"https:\/\/www.ucly.fr\/en\/theophilyon-tome-18-volume-2\/\",\"url\":\"https:\/\/www.ucly.fr\/en\/theophilyon-tome-18-volume-2\/\",\"name\":\"Presentation of the Theophilyon magazine - Tome 18 Volume 2 - UCLy\",\"isPartOf\":{\"@id\":\"https:\/\/www.ucly.fr\/en\/#website\"},\"primaryImageOfPage\":{\"@id\":\"https:\/\/www.ucly.fr\/en\/theophilyon-tome-18-volume-2\/#primaryimage\"},\"image\":{\"@id\":\"https:\/\/www.ucly.fr\/en\/theophilyon-tome-18-volume-2\/#primaryimage\"},\"thumbnailUrl\":\"https:\/\/www.ucly.fr\/wp-content\/uploads\/2019\/11\/header-vue-drone-saint-paul.jpg\",\"datePublished\":\"2013-10-10T13:53:39+00:00\",\"dateModified\":\"2019-11-21T08:32:50+00:00\",\"description\":\"D\u00e9couvrez la pr\u00e9sentation du second volume du 18\u00e8me tome de Th\u00e9ophilyon, revue des Facult\u00e9s de Th\u00e9ologie et de Philosophie de l'UCLy.\",\"breadcrumb\":{\"@id\":\"https:\/\/www.ucly.fr\/en\/theophilyon-tome-18-volume-2\/#breadcrumb\"},\"inLanguage\":\"en-US\",\"potentialAction\":[{\"@type\":\"ReadAction\",\"target\":[\"https:\/\/www.ucly.fr\/en\/theophilyon-tome-18-volume-2\/\"]}]},{\"@type\":\"ImageObject\",\"inLanguage\":\"en-US\",\"@id\":\"https:\/\/www.ucly.fr\/en\/theophilyon-tome-18-volume-2\/#primaryimage\",\"url\":\"https:\/\/www.ucly.fr\/wp-content\/uploads\/2019\/11\/header-vue-drone-saint-paul.jpg\",\"contentUrl\":\"https:\/\/www.ucly.fr\/wp-content\/uploads\/2019\/11\/header-vue-drone-saint-paul.jpg\",\"width\":1920,\"height\":575,\"caption\":\"header-vue-drone-saint-paul\"},{\"@type\":\"BreadcrumbList\",\"@id\":\"https:\/\/www.ucly.fr\/en\/theophilyon-tome-18-volume-2\/#breadcrumb\",\"itemListElement\":[{\"@type\":\"ListItem\",\"position\":1,\"name\":\"Accueil\",\"item\":\"https:\/\/www.ucly.fr\/en\/\"},{\"@type\":\"ListItem\",\"position\":2,\"name\":\"XVIII-2 - Le Christ sans confession - Philosophie contemporaine et christianisme (2013)\"}]},{\"@type\":\"WebSite\",\"@id\":\"https:\/\/www.ucly.fr\/en\/#website\",\"url\":\"https:\/\/www.ucly.fr\/en\/\",\"name\":\"UCLy\",\"description\":\"Un site utilisant WordPress\",\"publisher\":{\"@id\":\"https:\/\/www.ucly.fr\/en\/#organization\"},\"potentialAction\":[{\"@type\":\"SearchAction\",\"target\":{\"@type\":\"EntryPoint\",\"urlTemplate\":\"https:\/\/www.ucly.fr\/en\/?s={search_term_string}\"},\"query-input\":{\"@type\":\"PropertyValueSpecification\",\"valueRequired\":true,\"valueName\":\"search_term_string\"}}],\"inLanguage\":\"en-US\"},{\"@type\":\"Organization\",\"@id\":\"https:\/\/www.ucly.fr\/en\/#organization\",\"name\":\"UCLy\",\"url\":\"https:\/\/www.ucly.fr\/en\/\",\"logo\":{\"@type\":\"ImageObject\",\"inLanguage\":\"en-US\",\"@id\":\"https:\/\/www.ucly.fr\/en\/#\/schema\/logo\/image\/\",\"url\":\"https:\/\/www.ucly.fr\/wp-content\/uploads\/2025\/06\/logo-150ans-blanc.svg\",\"contentUrl\":\"https:\/\/www.ucly.fr\/wp-content\/uploads\/2025\/06\/logo-150ans-blanc.svg\",\"caption\":\"UCLy\"},\"image\":{\"@id\":\"https:\/\/www.ucly.fr\/en\/#\/schema\/logo\/image\/\"}}]}<\/script>\n<!-- \/ Yoast SEO plugin. -->","yoast_head_json":{"title":"Presentation of the Theophilyon magazine - Tome 18 Volume 2 - UCLy","description":"D\u00e9couvrez la pr\u00e9sentation du second volume du 18\u00e8me tome de Th\u00e9ophilyon, revue des Facult\u00e9s de Th\u00e9ologie et de Philosophie de l'UCLy.","robots":{"index":"index","follow":"follow","max-snippet":"max-snippet:-1","max-image-preview":"max-image-preview:large","max-video-preview":"max-video-preview:-1"},"canonical":"https:\/\/www.ucly.fr\/en\/theophilyon-tome-18-volume-2\/","og_locale":"en_US","og_type":"article","og_title":"Presentation of the Theophilyon magazine - Tome 18 Volume 2 - UCLy","og_description":"D\u00e9couvrez la pr\u00e9sentation du second volume du 18\u00e8me tome de Th\u00e9ophilyon, revue des Facult\u00e9s de Th\u00e9ologie et de Philosophie de l'UCLy.","og_url":"https:\/\/www.ucly.fr\/en\/theophilyon-tome-18-volume-2\/","og_site_name":"UCLy","article_modified_time":"2019-11-21T08:32:50+00:00","og_image":[{"width":1920,"height":575,"url":"https:\/\/www.ucly.fr\/wp-content\/uploads\/2019\/11\/header-vue-drone-saint-paul.jpg","type":"image\/jpeg"}],"twitter_card":"summary_large_image","twitter_misc":{"Est. reading time":"3 minutes"},"schema":{"@context":"https:\/\/schema.org","@graph":[{"@type":"WebPage","@id":"https:\/\/www.ucly.fr\/en\/theophilyon-tome-18-volume-2\/","url":"https:\/\/www.ucly.fr\/en\/theophilyon-tome-18-volume-2\/","name":"Presentation of the Theophilyon magazine - Tome 18 Volume 2 - UCLy","isPartOf":{"@id":"https:\/\/www.ucly.fr\/en\/#website"},"primaryImageOfPage":{"@id":"https:\/\/www.ucly.fr\/en\/theophilyon-tome-18-volume-2\/#primaryimage"},"image":{"@id":"https:\/\/www.ucly.fr\/en\/theophilyon-tome-18-volume-2\/#primaryimage"},"thumbnailUrl":"https:\/\/www.ucly.fr\/wp-content\/uploads\/2019\/11\/header-vue-drone-saint-paul.jpg","datePublished":"2013-10-10T13:53:39+00:00","dateModified":"2019-11-21T08:32:50+00:00","description":"D\u00e9couvrez la pr\u00e9sentation du second volume du 18\u00e8me tome de Th\u00e9ophilyon, revue des Facult\u00e9s de Th\u00e9ologie et de Philosophie de l'UCLy.","breadcrumb":{"@id":"https:\/\/www.ucly.fr\/en\/theophilyon-tome-18-volume-2\/#breadcrumb"},"inLanguage":"en-US","potentialAction":[{"@type":"ReadAction","target":["https:\/\/www.ucly.fr\/en\/theophilyon-tome-18-volume-2\/"]}]},{"@type":"ImageObject","inLanguage":"en-US","@id":"https:\/\/www.ucly.fr\/en\/theophilyon-tome-18-volume-2\/#primaryimage","url":"https:\/\/www.ucly.fr\/wp-content\/uploads\/2019\/11\/header-vue-drone-saint-paul.jpg","contentUrl":"https:\/\/www.ucly.fr\/wp-content\/uploads\/2019\/11\/header-vue-drone-saint-paul.jpg","width":1920,"height":575,"caption":"header-vue-drone-saint-paul"},{"@type":"BreadcrumbList","@id":"https:\/\/www.ucly.fr\/en\/theophilyon-tome-18-volume-2\/#breadcrumb","itemListElement":[{"@type":"ListItem","position":1,"name":"Accueil","item":"https:\/\/www.ucly.fr\/en\/"},{"@type":"ListItem","position":2,"name":"XVIII-2 - Le Christ sans confession - Philosophie contemporaine et christianisme (2013)"}]},{"@type":"WebSite","@id":"https:\/\/www.ucly.fr\/en\/#website","url":"https:\/\/www.ucly.fr\/en\/","name":"UCLy","description":"Un site utilisant WordPress","publisher":{"@id":"https:\/\/www.ucly.fr\/en\/#organization"},"potentialAction":[{"@type":"SearchAction","target":{"@type":"EntryPoint","urlTemplate":"https:\/\/www.ucly.fr\/en\/?s={search_term_string}"},"query-input":{"@type":"PropertyValueSpecification","valueRequired":true,"valueName":"search_term_string"}}],"inLanguage":"en-US"},{"@type":"Organization","@id":"https:\/\/www.ucly.fr\/en\/#organization","name":"UCLy","url":"https:\/\/www.ucly.fr\/en\/","logo":{"@type":"ImageObject","inLanguage":"en-US","@id":"https:\/\/www.ucly.fr\/en\/#\/schema\/logo\/image\/","url":"https:\/\/www.ucly.fr\/wp-content\/uploads\/2025\/06\/logo-150ans-blanc.svg","contentUrl":"https:\/\/www.ucly.fr\/wp-content\/uploads\/2025\/06\/logo-150ans-blanc.svg","caption":"UCLy"},"image":{"@id":"https:\/\/www.ucly.fr\/en\/#\/schema\/logo\/image\/"}}]}},"_links":{"self":[{"href":"https:\/\/www.ucly.fr\/en\/wp-json\/wp\/v2\/pages\/2636","targetHints":{"allow":["GET"]}}],"collection":[{"href":"https:\/\/www.ucly.fr\/en\/wp-json\/wp\/v2\/pages"}],"about":[{"href":"https:\/\/www.ucly.fr\/en\/wp-json\/wp\/v2\/types\/page"}],"author":[{"embeddable":true,"href":"https:\/\/www.ucly.fr\/en\/wp-json\/wp\/v2\/users\/22"}],"replies":[{"embeddable":true,"href":"https:\/\/www.ucly.fr\/en\/wp-json\/wp\/v2\/comments?post=2636"}],"version-history":[{"count":2,"href":"https:\/\/www.ucly.fr\/en\/wp-json\/wp\/v2\/pages\/2636\/revisions"}],"predecessor-version":[{"id":2649,"href":"https:\/\/www.ucly.fr\/en\/wp-json\/wp\/v2\/pages\/2636\/revisions\/2649"}],"wp:featuredmedia":[{"embeddable":true,"href":"https:\/\/www.ucly.fr\/en\/wp-json\/wp\/v2\/media\/4852"}],"wp:attachment":[{"href":"https:\/\/www.ucly.fr\/en\/wp-json\/wp\/v2\/media?parent=2636"}],"curies":[{"name":"wp","href":"https:\/\/api.w.org\/{rel}","templated":true}]}}