{"id":250835,"date":"2020-02-12T11:54:40","date_gmt":"2020-02-12T10:54:40","guid":{"rendered":"https:\/\/www.ucly.fr\/vous-rejoignez-lucly-dans-le-cadre-dune-mobilite-individuelle\/"},"modified":"2026-01-14T14:28:43","modified_gmt":"2026-01-14T13:28:43","slug":"non-exchange-individual-mobility-free-mover","status":"publish","type":"page","link":"https:\/\/www.ucly.fr\/en\/admissions\/non-exchange-individual-mobility-free-mover\/","title":{"rendered":"Individual mobility (free mover \/ degree seeker)"},"content":{"rendered":"<h2 class=\"wp-block-heading\">Please note that the International Relations Office does not handle academic matters<\/h2><h3 class=\"wp-block-heading\">If you have questions related to admissions, classes, fees etc. please contact directly the relevant faculty for detailed tuition information.<\/h3><div class=\"wp-block-button js-fade-scroll\">\n\n    <a href=\"https:\/\/www.ucly.fr\/wp-content\/uploads\/2024\/12\/ri-liste-contacts-facultes.pdf\" target=\"_blank\" title=\"List of contacts in our Faculties\/Schools\/Institutes\" class=\"button primary\">List of contacts in our Faculties\/Schools\/Institutes<\/a>\n\n  <\/div><p>The application process varies depending on :<\/p><ul class=\"wp-block-list\"><li>your nationality<\/li>\n\n<li>your educational background (secondary education diploma or a diploma granting access to university)<\/li>\n\n<li>the level you wish to study (Bachelor, Master, PhD)<\/li>\n\n<li>your country of residence.<\/li><\/ul><div class=\"wp-block-button js-fade-scroll\">\n\n    <a href=\"https:\/\/www.ucly.fr\/formations\/les-formations-de-lucly\/toutes-nos-formations\/\" target=\"_blank\" title=\"Range of programs at the UCLy\" class=\"button primary\">Range of programs at the UCLy<\/a>\n\n  <\/div><div class=\"wp-block-faq js-fade-scroll\">\n  <p class=\"wp-block-faq-title\">You are<\/p>\n\n      <ul class=\"accordion\" data-accordion data-allow-all-closed=\"true\">\n              <li class=\"accordion-item\" data-accordion-item>\n          <a href=\"#\" class=\"accordion-title\">Citizen of the EU\/EEA\/Switzerland\/Monaco\/Andorra<\/a>\n          <div class=\"accordion-content\" data-tab-content><p>European students follow the same processes as French students to register in a French higher education institution:<\/p>\n<ul>\n<li>\n<h3>1st year of Bachelor (\u201cLicence\u201d)<\/h3>\n<\/li>\n<\/ul>\n<p>Apply <span class=\"tag_trans\">through<\/span>\u00a0the <em><a href=\"https:\/\/parcoursup.fr\/\" aria-label=\" (s\u2019ouvre dans un nouvel onglet)\">Parcoursup <\/a><\/em>platform.<\/p>\n<ul>\n<li>\n<h3>2nd\/3rd year of Bachelor (\u201cLicence\u201d)<\/h3>\n<\/li>\n<\/ul>\n<p>Apply directly with the Faculty\/School\/Institut at the UCLy offering the program you want to apply for.<br \/>\nYou will find the list of contacts above.<\/p>\n<ul>\n<li>\n<h3>1st year of Master<\/h3>\n<\/li>\n<\/ul>\n<p><strong>You want to apply for a Master with agreement with another university <\/strong>(degree taught in partnership with a French university = <em>Master conventionn\u00e9<\/em>): Apply <span class=\"tag_trans\">through<\/span>\u00a0the <a href=\"https:\/\/www.monmaster.gouv.fr\/\" target=\"_blank\" rel=\"noopener\"><em>Mon Master <\/em><\/a>platform.<\/p>\n<p><strong>You want to apply for a Master without agreement with a public university (<em>Master non-conventionn\u00e9<\/em>)<\/strong>: Apply directly with the Faculty\/School\/Institut at the UCLy offering the program you want to apply for.<br \/>\nYou will find the list of contacts above.<\/p>\n<ul>\n<li>\n<h3>2nd year of Master \/ PhD<\/h3>\n<\/li>\n<li>Apply directly with the Faculty\/School\/Institut at the UCLy offering the program you want to apply for.<br \/>\nYou will find the list of contacts above.<\/li>\n<\/ul>\n<\/div>\n        <\/li>\n              <li class=\"accordion-item\" data-accordion-item>\n          <a href=\"#\" class=\"accordion-title\">Non-citizen of the EU\/EEA\/Switzerland\/Monaco\/Andorra - Country where the Etudes en France (EeF) procedure IS APPLICABLE<\/a>\n          <div class=\"accordion-content\" data-tab-content><p style=\"text-align: left;\"><strong>A passport is required to enter the French territory. Make sure it expires at least 6 months after the final day of your stay.<\/strong><\/p>\n<p style=\"text-align: left;\">If you are a resident of one of the countries affected by the <em>Etudes en France<\/em> procedure, it is mandatory to register with the <em>Espace Campus France<\/em> in your country\u00a0 to submit your application and then obtain your &#8220;Student&#8221; visa.<\/p>\n<p style=\"text-align: left;\"><strong><span style=\"color: #b70033;\"><a class=\"lien_interne\" style=\"color: #b70033;\" href=\"https:\/\/www.campusfrance.org\/en\/application-etudes-en-france-procedure\" target=\"_blank\" rel=\"noopener\"><span class=\"button\">List of countries affected by the <em>Etudes en France<\/em> procedure<\/span><\/a><\/span><\/strong><\/p>\n<p style=\"text-align: left;\"><strong><span style=\"color: #b70033;\"><a class=\"lien_interne\" style=\"color: #b70033;\" href=\"https:\/\/www.ucly.fr\/wp-content\/uploads\/2023\/04\/ri-2023-eef-procedure-eng.pdf\" target=\"_blank\" rel=\"noopener\"><span class=\"button\">Campus France: <em>\u00c9tudes en France <\/em>procedure<\/span><\/a><\/span><\/strong><\/p>\n<p style=\"text-align: left;\"><strong><span style=\"color: #b70033;\"><a class=\"lien_interne\" style=\"color: #b70033;\" href=\"https:\/\/www.campusfrance.org\/en\/application-higher-education-france\" target=\"_blank\" rel=\"noopener\"><span class=\"button\">Campus France: How to apply in a French institut of higher education<\/span><\/a><\/span><\/strong><\/p>\n<p style=\"text-align: left;\">\n<ul style=\"text-align: left;\">\n<li>\n<h3>1st year of a Bachelor (\u201cLicence\u201d)<\/h3>\n<\/li>\n<\/ul>\n<p style=\"text-align: left;\"><strong>You have\/will have a French or European secondary education diploma<\/strong>: you will have to follow the <em><a href=\"https:\/\/www.parcoursup.fr\/\" target=\"_blank\" rel=\"noopener\">Parcoursup<\/a><\/em> procedure.<\/p>\n<p style=\"text-align: left;\"><strong>You have\/will have another diploma granting access to university<\/strong>: you will have to follow the <em>Etudes en France. <\/em><br \/>\nPlease consult your nearest Espace Campus France for more information.<\/p>\n<ul style=\"text-align: left;\">\n<li>\n<h3>2nd\/3rd year of Bachelor (\u201cLicence\u201d) \/ Master<\/h3>\n<\/li>\n<\/ul>\n<p style=\"text-align: left;\">You will have to follow the <em>Etudes en France<\/em> procedure.<\/p>\n<ul style=\"text-align: left;\">\n<li>\n<h3>PhD<\/h3>\n<\/li>\n<\/ul>\n<p style=\"text-align: left;\">You can send your application directly to the Faculty in charge of the program you are applying to.<\/p>\n<\/div>\n        <\/li>\n              <li class=\"accordion-item\" data-accordion-item>\n          <a href=\"#\" class=\"accordion-title\">Non-citizen of the EU\/EEA\/Switzerland\/Monaco\/Andorra - Country where the Etudes en France (EeF) procedure is NOT APPLICABLE<\/a>\n          <div class=\"accordion-content\" data-tab-content><ul>\n<li>\n<h3>1st year of a Bachelor (\u201cLicence\u201d)<\/h3>\n<\/li>\n<\/ul>\n<p><strong>You have\/will have a French or European secondary education diploma<\/strong>: you will have to follow the <em><a href=\"https:\/\/www.parcoursup.fr\/\" target=\"_blank\" rel=\"noopener\">Parcoursup<\/a><\/em> procedure.<\/p>\n<p><strong>You have\/will have another diploma granting access to university<\/strong>: apply directly with the Faculty\/School\/Institut at UCLy offering the program you want to apply for.<br \/>\nYou will find the list of contacts above.<\/p>\n<p>Non-European students not affected by the <em>Etudes en France procedure<\/em> are required to submit a \u201cDemande d\u2019Admission Pr\u00e9alable \u2013 DAP\u201d (preliminary request for admission) to enrol in<strong> the 1st year<\/strong> <strong>of a Bachelor\u2019s<\/strong> degree programme.<br \/>\nNote that at UCLy, not all Bachelor\u2019s programmes will require international students to submit a <em>DAP<\/em>.<br \/>\nFor more information, please contact the concerned Faculty\/School\/Institut at the UCLy. You will find the list of contacts above.<\/p>\n<p style=\"text-align: center;\"><strong><a class=\"lien_interne\" href=\"https:\/\/www.enseignementsup-recherche.gouv.fr\/fr\/dossier-blanc-demande-d-admission-prealable-dap-pour-une-premiere-inscription-dans-une-universite-46452\" target=\"_blank\" rel=\"noopener\"><span class=\"button\">More information about the DAP<\/span><\/a><\/strong><\/p>\n<p>&nbsp;<\/p>\n<ul>\n<li>\n<h3>2nd\/3rd year of Bachelor (\u201cLicence\u201d)<\/h3>\n<\/li>\n<\/ul>\n<p>Apply directly with the Faculty\/School\/Institut at the UCLy offering the program you want to apply for.<br \/>\nYou will find the list of contacts above.<\/p>\n<p>&nbsp;<\/p>\n<ul>\n<li>\n<h3>1st year Master<\/h3>\n<\/li>\n<\/ul>\n<p><strong>Application for a Master in partneship with a public university<\/strong>: your application must be submitted on the platform <a href=\"https:\/\/www.monmaster.gouv.fr\/\" target=\"_blank\" rel=\"noopener\">Mon Master<\/a>.<\/p>\n<p><strong>Application for a Master outside a partnership with a public university<\/strong>: Apply directly with the Faculty\/School\/Institut at the UCLy offering the program you want to apply for.<br \/>\nYou will find the list of contacts above.<\/p>\n<p>&nbsp;<\/p>\n<ul>\n<li>\n<h3>2nd year Master \/ PhD<\/h3>\n<\/li>\n<\/ul>\n<p>Apply directly with the Faculty\/School\/Institut at the UCLy offering the program you want to apply for.<br \/>\nYou will find the list of contacts above.<\/p>\n<\/div>\n        <\/li>\n              <li class=\"accordion-item\" data-accordion-item>\n          <a href=\"#\" class=\"accordion-title\">Non-citizen of the EU\/EEA\/Switzerland\/Monaco\/Andorra - Living in France<\/a>\n          <div class=\"accordion-content\" data-tab-content><ul>\n<li>\n<h3>1st year of a Bachelor (\u201cLicence\u201d)<\/h3>\n<\/li>\n<\/ul>\n<p><strong>You have\/will have a French or European secondary education diploma<\/strong>: you will have to follow the <em><a href=\"https:\/\/www.parcoursup.fr\/\" target=\"_blank\" rel=\"noopener\">Parcoursup<\/a><\/em> procedure.<\/p>\n<p><strong>You have\/will have another diploma granting access to university<\/strong>: apply directly with the Faculty\/School\/Institut at the UCLy offering the program you want to apply for.<br \/>\nYou will find the list of contacts above.<\/p>\n<p>Note that at UCLy, not all Bachelor\u2019s programmes will require international students to submit a <em>DAP &#8211; Dossier Vert<\/em>.<\/p>\n<ul>\n<li>\n<h3>2nd\/3rd year of Bachelor (\u201cLicence\u201d)<\/h3>\n<\/li>\n<\/ul>\n<p>Apply directly with the Faculty\/School\/Institut at the UCLy offering the program you want to apply for.<br \/>\nYou will find the list of contacts above.<\/p>\n<ul>\n<li>\n<h3>1st year of Master<\/h3>\n<\/li>\n<\/ul>\n<p><strong>You want to apply for a Master with agreement with another university (<em>Master conventionn\u00e9<\/em>)<\/strong>: Apply <span class=\"tag_trans\">through<\/span>\u00a0the <a href=\"https:\/\/www.monmaster.gouv.fr\/\" target=\"_blank\" rel=\"noopener\"><em>Mon Master <\/em><\/a>platform.<\/p>\n<p><strong>You want to apply for a Master without agreement with a public university (<em>Master non-conventionn\u00e9<\/em>)<\/strong>: Apply directly with the Faculty\/School\/Institut at the UCLy offering the program you want to apply for.<br \/>\nYou will find the list of contacts above.<\/p>\n<ul>\n<li>\n<h3>2nd year of Master \/ PhD<\/h3>\n<\/li>\n<\/ul>\n<p>Apply directly with the Faculty\/School\/Institut at the UCLy offering the program you want to apply for.<br \/>\nYou will find the list of contacts above.<\/p>\n<p>&nbsp;<\/p>\n<\/div>\n        <\/li>\n          <\/ul>\n  <\/div><div class=\"wp-block-text-image\">\n  <div class=\"row align-bottom collapse\">\n    <div class=\"column small-12 medium-6 xlarge-5 xxlarge-expand wp-block-text-image-info js-fade-scroll\">\n      <p class=\"wp-block-text-image-title\">Choose France for your studies!<\/p>\n      <div class=\"wp-block-text-image-intro\"><p>To download the file, <a href=\"https:\/\/ressources.campusfrance.org\/pratique\/guides\/en\/choisir_la_france_en.pdf\" target=\"_blank\" rel=\"noopener\">click here<\/a>.<\/p>\n<\/div>\n    <\/div>\n\n    <div class=\"column small-12 medium-6 xlarge-7 xxlarge-shrink wp-block-text-image-picture js-fade-scroll\">\n      <img loading=\"lazy\" decoding=\"async\" width=\"396\" height=\"560\" src=\"https:\/\/www.ucly.fr\/wp-content\/uploads\/2020\/03\/it_choose-france-choisir_la_france_en.jpg\" class=\"attachment-text_image size-text_image\" alt=\"IT_Choose France choisir_la_france_en\" srcset=\"https:\/\/www.ucly.fr\/wp-content\/uploads\/2020\/03\/it_choose-france-choisir_la_france_en.jpg 396w, https:\/\/www.ucly.fr\/wp-content\/uploads\/2020\/03\/it_choose-france-choisir_la_france_en-99x140.jpg 99w\" sizes=\"auto, (max-width: 396px) 100vw, 396px\" \/>    <\/div>\n  <\/div>\n<\/div><div class=\"wp-block-cross-content js-fade-scroll\">\n    <p class=\"wp-block-cross-content-title\">More information<\/p>\n            <div class=\"row wp-block-cross-content-row\">\n                                <div class=\"column small-12 medium-6 large-4 wp-block-cross-content-col\">\n                        <a class=\"wp-block-cross-content-top\" href=\"https:\/\/www.ucly.fr\/en\/ucly\/our-institution\/our-history\/\" title=\"Our history\">\n                            <span class=\"wp-block-cross-content-name\">Our history<\/span>\n                            <span class=\"wp-block-cross-content-image\"><img loading=\"lazy\" decoding=\"async\" width=\"545\" height=\"570\" src=\"https:\/\/www.ucly.fr\/wp-content\/uploads\/2019\/11\/header-ville-de-lyon-550x575.jpg\" class=\" wp-post-image\" alt=\"header-ville-de-lyon\" \/><\/span>\n                            <span class=\"wp-block-cross-content-more\">\n                                <span class=\"icon-more\"><\/span>\n                            <\/span>\n                        <\/a>\n                        <div class=\"wp-block-cross-content-excerpt\"><p>Founded in 1875, UCLy (Lyon Catholic University) combines respect for humanist values and openness to society.<\/p>\n<\/div>\n                    <\/div>\n                                                <div class=\"column small-12 medium-6 large-4 wp-block-cross-content-col\">\n                        <a class=\"wp-block-cross-content-top\" href=\"https:\/\/www.ucly.fr\/en\/ucly\/our-institution\/welcome-to-lyon\/life-in-lyon\/\" title=\"Life in Lyon\">\n                            <span class=\"wp-block-cross-content-name\">Life in Lyon<\/span>\n                            <span class=\"wp-block-cross-content-image\"><img loading=\"lazy\" decoding=\"async\" width=\"630\" height=\"570\" src=\"https:\/\/www.ucly.fr\/wp-content\/uploads\/2019\/12\/header-parcoursculturel-630x570.jpg\" class=\" wp-post-image\" alt=\"Parcours culturel Licence de Lettres\" \/><\/span>\n                            <span class=\"wp-block-cross-content-more\">\n                                <span class=\"icon-more\"><\/span>\n                            <\/span>\n                        <\/a>\n                        <div class=\"wp-block-cross-content-excerpt\"><p>Lyon is one of France\u2019s most dynamic and student-friendly cities. Nestled between the Rh\u00f4ne and Sa\u00f4ne rivers, it offers world-class gastronomy, rich history and culture, beautiful architecture, and a vibrant international community all within easy reach of your campus life at UCLy.<\/p>\n<\/div>\n                    <\/div>\n                                                <div class=\"column small-12 medium-6 large-4 wp-block-cross-content-col\">\n                        <a class=\"wp-block-cross-content-top\" href=\"https:\/\/www.ucly.fr\/en\/ucly-welcome-world-foreign-students\/\" title=\"Let's welcome the World!\">\n                            <span class=\"wp-block-cross-content-name\">Let's welcome the World!<\/span>\n                            <span class=\"wp-block-cross-content-image\"><img loading=\"lazy\" decoding=\"async\" width=\"630\" height=\"570\" src=\"https:\/\/www.ucly.fr\/wp-content\/uploads\/2020\/06\/08-3-630x570.jpg\" class=\" wp-post-image\" alt=\"\" \/><\/span>\n                            <span class=\"wp-block-cross-content-more\">\n                                <span class=\"icon-more\"><\/span>\n                            <\/span>\n                        <\/a>\n                        <div class=\"wp-block-cross-content-excerpt\"><p>Study in Lyon or Annecy : feel at home at UCLy<\/p>\n<\/div>\n                    <\/div>\n                                    <\/div>\n    <\/div>","protected":false},"excerpt":{"rendered":"<p>Please note that the International Relations Office does not handle academic mattersIf you have questions related to admissions, classes, fees etc. please contact directly [&hellip;]<\/p>\n","protected":false},"author":104,"featured_media":17164,"parent":43972,"menu_order":0,"comment_status":"closed","ping_status":"closed","template":"","meta":{"_acf_changed":false,"footnotes":""},"class_list":["post-250835","page","type-page","status-publish","has-post-thumbnail","hentry"],"acf":[],"yoast_head":"<!-- This site is optimized with the Yoast SEO plugin v24.1 - https:\/\/yoast.com\/wordpress\/plugins\/seo\/ -->\n<title>Individual mobility (free mover \/ degree seeker) - UCLy<\/title>\n<meta name=\"description\" content=\"The application steps vary depending on your nationality, your previous diploma, the level you wish to study and your country of residence.\" \/>\n<meta name=\"robots\" content=\"index, follow, max-snippet:-1, max-image-preview:large, max-video-preview:-1\" \/>\n<link rel=\"canonical\" href=\"https:\/\/www.ucly.fr\/en\/admissions\/non-exchange-individual-mobility-free-mover\/\" \/>\n<meta property=\"og:locale\" content=\"en_US\" \/>\n<meta property=\"og:type\" content=\"article\" \/>\n<meta property=\"og:title\" content=\"Individual mobility (free mover \/ degree seeker) - UCLy\" \/>\n<meta property=\"og:description\" content=\"The application steps vary depending on your nationality, your previous diploma, the level you wish to study and your country of residence.\" \/>\n<meta property=\"og:url\" content=\"https:\/\/www.ucly.fr\/en\/admissions\/non-exchange-individual-mobility-free-mover\/\" \/>\n<meta property=\"og:site_name\" content=\"UCLy\" \/>\n<meta property=\"article:modified_time\" content=\"2026-01-14T13:28:43+00:00\" \/>\n<meta property=\"og:image\" content=\"https:\/\/www.ucly.fr\/wp-content\/uploads\/2019\/11\/header-ucly.jpg\" \/>\n\t<meta property=\"og:image:width\" content=\"1920\" \/>\n\t<meta property=\"og:image:height\" content=\"575\" \/>\n\t<meta property=\"og:image:type\" content=\"image\/jpeg\" \/>\n<meta name=\"twitter:card\" content=\"summary_large_image\" \/>\n<meta name=\"twitter:label1\" content=\"Est. reading time\" \/>\n\t<meta name=\"twitter:data1\" content=\"2 minutes\" \/>\n<script type=\"application\/ld+json\" class=\"yoast-schema-graph\">{\"@context\":\"https:\/\/schema.org\",\"@graph\":[{\"@type\":\"WebPage\",\"@id\":\"https:\/\/www.ucly.fr\/en\/admissions\/non-exchange-individual-mobility-free-mover\/\",\"url\":\"https:\/\/www.ucly.fr\/en\/admissions\/non-exchange-individual-mobility-free-mover\/\",\"name\":\"Individual mobility (free mover \/ degree seeker) - UCLy\",\"isPartOf\":{\"@id\":\"https:\/\/www.ucly.fr\/en\/#website\"},\"primaryImageOfPage\":{\"@id\":\"https:\/\/www.ucly.fr\/en\/admissions\/non-exchange-individual-mobility-free-mover\/#primaryimage\"},\"image\":{\"@id\":\"https:\/\/www.ucly.fr\/en\/admissions\/non-exchange-individual-mobility-free-mover\/#primaryimage\"},\"thumbnailUrl\":\"https:\/\/www.ucly.fr\/wp-content\/uploads\/2019\/11\/header-ucly.jpg\",\"datePublished\":\"2020-02-12T10:54:40+00:00\",\"dateModified\":\"2026-01-14T13:28:43+00:00\",\"description\":\"The application steps vary depending on your nationality, your previous diploma, the level you wish to study and your country of residence.\",\"breadcrumb\":{\"@id\":\"https:\/\/www.ucly.fr\/en\/admissions\/non-exchange-individual-mobility-free-mover\/#breadcrumb\"},\"inLanguage\":\"en-US\",\"potentialAction\":[{\"@type\":\"ReadAction\",\"target\":[\"https:\/\/www.ucly.fr\/en\/admissions\/non-exchange-individual-mobility-free-mover\/\"]}]},{\"@type\":\"ImageObject\",\"inLanguage\":\"en-US\",\"@id\":\"https:\/\/www.ucly.fr\/en\/admissions\/non-exchange-individual-mobility-free-mover\/#primaryimage\",\"url\":\"https:\/\/www.ucly.fr\/wp-content\/uploads\/2019\/11\/header-ucly.jpg\",\"contentUrl\":\"https:\/\/www.ucly.fr\/wp-content\/uploads\/2019\/11\/header-ucly.jpg\",\"width\":1920,\"height\":575,\"caption\":\"int\u00e9grer une fili\u00e8re \u00e0 l'UCLy Lyon\"},{\"@type\":\"BreadcrumbList\",\"@id\":\"https:\/\/www.ucly.fr\/en\/admissions\/non-exchange-individual-mobility-free-mover\/#breadcrumb\",\"itemListElement\":[{\"@type\":\"ListItem\",\"position\":1,\"name\":\"Accueil\",\"item\":\"https:\/\/www.ucly.fr\/en\/\"},{\"@type\":\"ListItem\",\"position\":2,\"name\":\"Study at UCLy\",\"item\":\"https:\/\/www.ucly.fr\/en\/admissions\/\"},{\"@type\":\"ListItem\",\"position\":3,\"name\":\"Individual mobility (free mover \/ degree seeker)\"}]},{\"@type\":\"WebSite\",\"@id\":\"https:\/\/www.ucly.fr\/en\/#website\",\"url\":\"https:\/\/www.ucly.fr\/en\/\",\"name\":\"UCLy\",\"description\":\"Un site utilisant WordPress\",\"publisher\":{\"@id\":\"https:\/\/www.ucly.fr\/en\/#organization\"},\"potentialAction\":[{\"@type\":\"SearchAction\",\"target\":{\"@type\":\"EntryPoint\",\"urlTemplate\":\"https:\/\/www.ucly.fr\/en\/?s={search_term_string}\"},\"query-input\":{\"@type\":\"PropertyValueSpecification\",\"valueRequired\":true,\"valueName\":\"search_term_string\"}}],\"inLanguage\":\"en-US\"},{\"@type\":\"Organization\",\"@id\":\"https:\/\/www.ucly.fr\/en\/#organization\",\"name\":\"UCLy\",\"url\":\"https:\/\/www.ucly.fr\/en\/\",\"logo\":{\"@type\":\"ImageObject\",\"inLanguage\":\"en-US\",\"@id\":\"https:\/\/www.ucly.fr\/en\/#\/schema\/logo\/image\/\",\"url\":\"https:\/\/www.ucly.fr\/wp-content\/uploads\/2025\/06\/logo-150ans-blanc.svg\",\"contentUrl\":\"https:\/\/www.ucly.fr\/wp-content\/uploads\/2025\/06\/logo-150ans-blanc.svg\",\"caption\":\"UCLy\"},\"image\":{\"@id\":\"https:\/\/www.ucly.fr\/en\/#\/schema\/logo\/image\/\"}}]}<\/script>\n<!-- \/ Yoast SEO plugin. -->","yoast_head_json":{"title":"Individual mobility (free mover \/ degree seeker) - UCLy","description":"The application steps vary depending on your nationality, your previous diploma, the level you wish to study and your country of residence.","robots":{"index":"index","follow":"follow","max-snippet":"max-snippet:-1","max-image-preview":"max-image-preview:large","max-video-preview":"max-video-preview:-1"},"canonical":"https:\/\/www.ucly.fr\/en\/admissions\/non-exchange-individual-mobility-free-mover\/","og_locale":"en_US","og_type":"article","og_title":"Individual mobility (free mover \/ degree seeker) - UCLy","og_description":"The application steps vary depending on your nationality, your previous diploma, the level you wish to study and your country of residence.","og_url":"https:\/\/www.ucly.fr\/en\/admissions\/non-exchange-individual-mobility-free-mover\/","og_site_name":"UCLy","article_modified_time":"2026-01-14T13:28:43+00:00","og_image":[{"width":1920,"height":575,"url":"https:\/\/www.ucly.fr\/wp-content\/uploads\/2019\/11\/header-ucly.jpg","type":"image\/jpeg"}],"twitter_card":"summary_large_image","twitter_misc":{"Est. reading time":"2 minutes"},"schema":{"@context":"https:\/\/schema.org","@graph":[{"@type":"WebPage","@id":"https:\/\/www.ucly.fr\/en\/admissions\/non-exchange-individual-mobility-free-mover\/","url":"https:\/\/www.ucly.fr\/en\/admissions\/non-exchange-individual-mobility-free-mover\/","name":"Individual mobility (free mover \/ degree seeker) - UCLy","isPartOf":{"@id":"https:\/\/www.ucly.fr\/en\/#website"},"primaryImageOfPage":{"@id":"https:\/\/www.ucly.fr\/en\/admissions\/non-exchange-individual-mobility-free-mover\/#primaryimage"},"image":{"@id":"https:\/\/www.ucly.fr\/en\/admissions\/non-exchange-individual-mobility-free-mover\/#primaryimage"},"thumbnailUrl":"https:\/\/www.ucly.fr\/wp-content\/uploads\/2019\/11\/header-ucly.jpg","datePublished":"2020-02-12T10:54:40+00:00","dateModified":"2026-01-14T13:28:43+00:00","description":"The application steps vary depending on your nationality, your previous diploma, the level you wish to study and your country of residence.","breadcrumb":{"@id":"https:\/\/www.ucly.fr\/en\/admissions\/non-exchange-individual-mobility-free-mover\/#breadcrumb"},"inLanguage":"en-US","potentialAction":[{"@type":"ReadAction","target":["https:\/\/www.ucly.fr\/en\/admissions\/non-exchange-individual-mobility-free-mover\/"]}]},{"@type":"ImageObject","inLanguage":"en-US","@id":"https:\/\/www.ucly.fr\/en\/admissions\/non-exchange-individual-mobility-free-mover\/#primaryimage","url":"https:\/\/www.ucly.fr\/wp-content\/uploads\/2019\/11\/header-ucly.jpg","contentUrl":"https:\/\/www.ucly.fr\/wp-content\/uploads\/2019\/11\/header-ucly.jpg","width":1920,"height":575,"caption":"int\u00e9grer une fili\u00e8re \u00e0 l'UCLy Lyon"},{"@type":"BreadcrumbList","@id":"https:\/\/www.ucly.fr\/en\/admissions\/non-exchange-individual-mobility-free-mover\/#breadcrumb","itemListElement":[{"@type":"ListItem","position":1,"name":"Accueil","item":"https:\/\/www.ucly.fr\/en\/"},{"@type":"ListItem","position":2,"name":"Study at UCLy","item":"https:\/\/www.ucly.fr\/en\/admissions\/"},{"@type":"ListItem","position":3,"name":"Individual mobility (free mover \/ degree seeker)"}]},{"@type":"WebSite","@id":"https:\/\/www.ucly.fr\/en\/#website","url":"https:\/\/www.ucly.fr\/en\/","name":"UCLy","description":"Un site utilisant WordPress","publisher":{"@id":"https:\/\/www.ucly.fr\/en\/#organization"},"potentialAction":[{"@type":"SearchAction","target":{"@type":"EntryPoint","urlTemplate":"https:\/\/www.ucly.fr\/en\/?s={search_term_string}"},"query-input":{"@type":"PropertyValueSpecification","valueRequired":true,"valueName":"search_term_string"}}],"inLanguage":"en-US"},{"@type":"Organization","@id":"https:\/\/www.ucly.fr\/en\/#organization","name":"UCLy","url":"https:\/\/www.ucly.fr\/en\/","logo":{"@type":"ImageObject","inLanguage":"en-US","@id":"https:\/\/www.ucly.fr\/en\/#\/schema\/logo\/image\/","url":"https:\/\/www.ucly.fr\/wp-content\/uploads\/2025\/06\/logo-150ans-blanc.svg","contentUrl":"https:\/\/www.ucly.fr\/wp-content\/uploads\/2025\/06\/logo-150ans-blanc.svg","caption":"UCLy"},"image":{"@id":"https:\/\/www.ucly.fr\/en\/#\/schema\/logo\/image\/"}}]}},"_links":{"self":[{"href":"https:\/\/www.ucly.fr\/en\/wp-json\/wp\/v2\/pages\/250835","targetHints":{"allow":["GET"]}}],"collection":[{"href":"https:\/\/www.ucly.fr\/en\/wp-json\/wp\/v2\/pages"}],"about":[{"href":"https:\/\/www.ucly.fr\/en\/wp-json\/wp\/v2\/types\/page"}],"author":[{"embeddable":true,"href":"https:\/\/www.ucly.fr\/en\/wp-json\/wp\/v2\/users\/104"}],"replies":[{"embeddable":true,"href":"https:\/\/www.ucly.fr\/en\/wp-json\/wp\/v2\/comments?post=250835"}],"version-history":[{"count":3,"href":"https:\/\/www.ucly.fr\/en\/wp-json\/wp\/v2\/pages\/250835\/revisions"}],"predecessor-version":[{"id":421417,"href":"https:\/\/www.ucly.fr\/en\/wp-json\/wp\/v2\/pages\/250835\/revisions\/421417"}],"up":[{"embeddable":true,"href":"https:\/\/www.ucly.fr\/en\/wp-json\/wp\/v2\/pages\/43972"}],"wp:featuredmedia":[{"embeddable":true,"href":"https:\/\/www.ucly.fr\/en\/wp-json\/wp\/v2\/media\/17164"}],"wp:attachment":[{"href":"https:\/\/www.ucly.fr\/en\/wp-json\/wp\/v2\/media?parent=250835"}],"curies":[{"name":"wp","href":"https:\/\/api.w.org\/{rel}","templated":true}]}}