{"id":2468,"date":"2014-12-08T14:12:58","date_gmt":"2014-12-08T13:12:58","guid":{"rendered":"https:\/\/www.ucly.fr\/?page_id=2468"},"modified":"2019-11-21T09:32:39","modified_gmt":"2019-11-21T08:32:39","slug":"theophilyon-tome-19-volume-2","status":"publish","type":"page","link":"https:\/\/www.ucly.fr\/en\/theophilyon-tome-19-volume-2\/","title":{"rendered":"XIX-2 - Difficile \u00e9ducation (2014)"},"content":{"rendered":"<h2 class=\"wp-block-heading\">Summaries<\/h2><p><strong>Guy Avanzini - Don Bosco<\/strong><\/p><p>At a time when we are celebrating the bicentenary of Don Bosco's birth, doubtless that rediscovering or even discovering the original character of his pedagogical thought is particularly welcome. Its pertinent actuality should, in the same way, be highlighted. After having asked ourselves about the reasons why it is too often the subject of ignorance or negligence, we shall call forth the preventive system of which he advocates adopting. Then, despite the objections that this could raise, we shall firmly underline, at a time considered as critical, the fecundity of the perspectives it opens on the future. <br><br><\/p><p><strong>Yan Plantier - <\/strong> <strong>Education and adhesion. Philosophical Perspectives<\/strong> <\/p><p>In the case of serious family problems, two educative protection modalities are possible with under age individuals. One is administrative (Educative Assistance at Home), the other is judiciary (Educative Assistance in Open Medium). Now, as from the act of parliament of March 5th 2007, the Chairman of the General Council has  been made the head of child protection. Thus, the judiciary decision becomes a subsidiary decision, the setting up of which is conditioned by the inefficient character of the administrative decision. In this framework it is the collaboration or non adhesion of families and no longer the dangerousness of the situation which becomes the prime criteria in the choice of the assistance disposition that is to be set up. It is therefore highly important for the professional to understand  this notion of adhesion in a comprehensive way. <br><\/p><p><strong>Giuseppe Mari - Education, reliance, faith<\/strong><\/p><p>In the first place, the paper underlines that education has specific characteristics. Foremost it is an asymmetrical relation. Another characteristic of the educative relation consists in representing oneself from an affective point of view like a&nbsp;love feast. The educative relation asymmetry together with its affective connotation shows the complexity of the educative action as prospective and intentional dynamics. Educating never means backing up what is in existence as if it  were self sufficient dynamics, but rather focusing towards the person  involved in order to express one's own singularity. This trend implies a  substantial reliance on the human being and, at the same time, an act of faith because the intentional dimension always implies belief. <br><br><\/p><p><strong>Pierre Gire - Teaching, Educating, Proposing some meaning.&nbsp; The act educating and proposal of meaning <\/strong><\/p><p>In the pedagogical relation, the paper insists on inseparability between teaching and educating. This inseparability (which implies distinction) makes possible an authentic humanisation activity of the subject. Today the question of meaning is more essential than ever. Including all  teaching and education activities it sublimates itself when questioning existence itself which it opens up to hope. <br><br><\/p><p><strong>Hubert Faes - <\/strong>  <strong>Hannah Arendt : The statute of education in the human condition<\/strong> <\/p><p>The paper endeavours to highlight the global understanding that Arendt proposes regarding the problem of education in the human condition. Then he scrutinizes the crisis affecting education in the modern world. The task of education is to ensure that the world is durable while, at the same time, renewing it. This needs education to succeed in inventing a new model for authority which would be specific to it as it may no more  rely on the authority of aglobal tradition within society. <br><br><\/p><p><strong>Daniel Moullnet -<\/strong> <strong>University throughout the ages<\/strong> <\/p><p>An historical review highlights the fundamental components of university institution. The corporative constitution between tutors and students, a liking for the multidisciplinary and freedom of research are inherited from the Middle Ages. The tutor appears more as a guide than a provider of magisterial knowledge. Created in modern times, professional teaching institutions came closer touniversity only recently. In France, the old regime university which was destroyed by the  Revolution was rebuilt on a low scale by Napoleon. It recovers on the German model at the end of the 19th century before exploding its borders during the sixties. In catholic universities the 1970's crisis pushed them to develop their specialities while, at the same time, setting up close connections with the whole of the University institution. <br><br><\/p>","protected":false},"excerpt":{"rendered":"<p>SummariesGuy Avanzini &#8211; Don BoscoAt a time when we are celebrating the bicentenary of Don Bosco&#8217;s birth, doubtless that rediscovering or even discovering the [&hellip;]<\/p>\n","protected":false},"author":22,"featured_media":4852,"parent":0,"menu_order":50,"comment_status":"closed","ping_status":"closed","template":"","meta":{"_acf_changed":false,"footnotes":""},"class_list":["post-2468","page","type-page","status-publish","has-post-thumbnail","hentry"],"acf":[],"yoast_head":"<!-- This site is optimized with the Yoast SEO plugin v24.1 - https:\/\/yoast.com\/wordpress\/plugins\/seo\/ -->\n<title>Presentation of the Theophilyon magazine - Tome 19 Volume 2 - UCLy<\/title>\n<meta name=\"description\" content=\"D\u00e9couvrez la pr\u00e9sentation du second volume du 19\u00e8me tome de Th\u00e9ophilyon, revue des Facult\u00e9s de Th\u00e9ologie et de Philosophie de l&#039;UCLy.\" \/>\n<meta name=\"robots\" content=\"index, follow, max-snippet:-1, max-image-preview:large, max-video-preview:-1\" \/>\n<link rel=\"canonical\" href=\"https:\/\/www.ucly.fr\/en\/theophilyon-tome-19-volume-2\/\" \/>\n<meta property=\"og:locale\" content=\"en_US\" \/>\n<meta property=\"og:type\" content=\"article\" \/>\n<meta property=\"og:title\" content=\"Presentation of the Theophilyon magazine - Tome 19 Volume 2 - UCLy\" \/>\n<meta property=\"og:description\" content=\"D\u00e9couvrez la pr\u00e9sentation du second volume du 19\u00e8me tome de Th\u00e9ophilyon, revue des Facult\u00e9s de Th\u00e9ologie et de Philosophie de l&#039;UCLy.\" \/>\n<meta property=\"og:url\" content=\"https:\/\/www.ucly.fr\/en\/theophilyon-tome-19-volume-2\/\" \/>\n<meta property=\"og:site_name\" content=\"UCLy\" \/>\n<meta property=\"article:modified_time\" content=\"2019-11-21T08:32:39+00:00\" \/>\n<meta property=\"og:image\" content=\"https:\/\/www.ucly.fr\/wp-content\/uploads\/2019\/11\/header-vue-drone-saint-paul.jpg\" \/>\n\t<meta property=\"og:image:width\" content=\"1920\" \/>\n\t<meta property=\"og:image:height\" content=\"575\" \/>\n\t<meta property=\"og:image:type\" content=\"image\/jpeg\" \/>\n<meta name=\"twitter:card\" content=\"summary_large_image\" \/>\n<meta name=\"twitter:label1\" content=\"Est. reading time\" \/>\n\t<meta name=\"twitter:data1\" content=\"3 minutes\" \/>\n<script type=\"application\/ld+json\" class=\"yoast-schema-graph\">{\"@context\":\"https:\/\/schema.org\",\"@graph\":[{\"@type\":\"WebPage\",\"@id\":\"https:\/\/www.ucly.fr\/en\/theophilyon-tome-19-volume-2\/\",\"url\":\"https:\/\/www.ucly.fr\/en\/theophilyon-tome-19-volume-2\/\",\"name\":\"Presentation of the Theophilyon magazine - Tome 19 Volume 2 - UCLy\",\"isPartOf\":{\"@id\":\"https:\/\/www.ucly.fr\/en\/#website\"},\"primaryImageOfPage\":{\"@id\":\"https:\/\/www.ucly.fr\/en\/theophilyon-tome-19-volume-2\/#primaryimage\"},\"image\":{\"@id\":\"https:\/\/www.ucly.fr\/en\/theophilyon-tome-19-volume-2\/#primaryimage\"},\"thumbnailUrl\":\"https:\/\/www.ucly.fr\/wp-content\/uploads\/2019\/11\/header-vue-drone-saint-paul.jpg\",\"datePublished\":\"2014-12-08T13:12:58+00:00\",\"dateModified\":\"2019-11-21T08:32:39+00:00\",\"description\":\"D\u00e9couvrez la pr\u00e9sentation du second volume du 19\u00e8me tome de Th\u00e9ophilyon, revue des Facult\u00e9s de Th\u00e9ologie et de Philosophie de l'UCLy.\",\"breadcrumb\":{\"@id\":\"https:\/\/www.ucly.fr\/en\/theophilyon-tome-19-volume-2\/#breadcrumb\"},\"inLanguage\":\"en-US\",\"potentialAction\":[{\"@type\":\"ReadAction\",\"target\":[\"https:\/\/www.ucly.fr\/en\/theophilyon-tome-19-volume-2\/\"]}]},{\"@type\":\"ImageObject\",\"inLanguage\":\"en-US\",\"@id\":\"https:\/\/www.ucly.fr\/en\/theophilyon-tome-19-volume-2\/#primaryimage\",\"url\":\"https:\/\/www.ucly.fr\/wp-content\/uploads\/2019\/11\/header-vue-drone-saint-paul.jpg\",\"contentUrl\":\"https:\/\/www.ucly.fr\/wp-content\/uploads\/2019\/11\/header-vue-drone-saint-paul.jpg\",\"width\":1920,\"height\":575,\"caption\":\"header-vue-drone-saint-paul\"},{\"@type\":\"BreadcrumbList\",\"@id\":\"https:\/\/www.ucly.fr\/en\/theophilyon-tome-19-volume-2\/#breadcrumb\",\"itemListElement\":[{\"@type\":\"ListItem\",\"position\":1,\"name\":\"Accueil\",\"item\":\"https:\/\/www.ucly.fr\/en\/\"},{\"@type\":\"ListItem\",\"position\":2,\"name\":\"XIX-2 - Difficile \u00e9ducation (2014)\"}]},{\"@type\":\"WebSite\",\"@id\":\"https:\/\/www.ucly.fr\/en\/#website\",\"url\":\"https:\/\/www.ucly.fr\/en\/\",\"name\":\"UCLy\",\"description\":\"Un site utilisant WordPress\",\"publisher\":{\"@id\":\"https:\/\/www.ucly.fr\/en\/#organization\"},\"potentialAction\":[{\"@type\":\"SearchAction\",\"target\":{\"@type\":\"EntryPoint\",\"urlTemplate\":\"https:\/\/www.ucly.fr\/en\/?s={search_term_string}\"},\"query-input\":{\"@type\":\"PropertyValueSpecification\",\"valueRequired\":true,\"valueName\":\"search_term_string\"}}],\"inLanguage\":\"en-US\"},{\"@type\":\"Organization\",\"@id\":\"https:\/\/www.ucly.fr\/en\/#organization\",\"name\":\"UCLy\",\"url\":\"https:\/\/www.ucly.fr\/en\/\",\"logo\":{\"@type\":\"ImageObject\",\"inLanguage\":\"en-US\",\"@id\":\"https:\/\/www.ucly.fr\/en\/#\/schema\/logo\/image\/\",\"url\":\"https:\/\/www.ucly.fr\/wp-content\/uploads\/2025\/06\/logo-150ans-blanc.svg\",\"contentUrl\":\"https:\/\/www.ucly.fr\/wp-content\/uploads\/2025\/06\/logo-150ans-blanc.svg\",\"caption\":\"UCLy\"},\"image\":{\"@id\":\"https:\/\/www.ucly.fr\/en\/#\/schema\/logo\/image\/\"}}]}<\/script>\n<!-- \/ Yoast SEO plugin. -->","yoast_head_json":{"title":"Presentation of the Theophilyon magazine - Tome 19 Volume 2 - UCLy","description":"D\u00e9couvrez la pr\u00e9sentation du second volume du 19\u00e8me tome de Th\u00e9ophilyon, revue des Facult\u00e9s de Th\u00e9ologie et de Philosophie de l'UCLy.","robots":{"index":"index","follow":"follow","max-snippet":"max-snippet:-1","max-image-preview":"max-image-preview:large","max-video-preview":"max-video-preview:-1"},"canonical":"https:\/\/www.ucly.fr\/en\/theophilyon-tome-19-volume-2\/","og_locale":"en_US","og_type":"article","og_title":"Presentation of the Theophilyon magazine - Tome 19 Volume 2 - UCLy","og_description":"D\u00e9couvrez la pr\u00e9sentation du second volume du 19\u00e8me tome de Th\u00e9ophilyon, revue des Facult\u00e9s de Th\u00e9ologie et de Philosophie de l'UCLy.","og_url":"https:\/\/www.ucly.fr\/en\/theophilyon-tome-19-volume-2\/","og_site_name":"UCLy","article_modified_time":"2019-11-21T08:32:39+00:00","og_image":[{"width":1920,"height":575,"url":"https:\/\/www.ucly.fr\/wp-content\/uploads\/2019\/11\/header-vue-drone-saint-paul.jpg","type":"image\/jpeg"}],"twitter_card":"summary_large_image","twitter_misc":{"Est. reading time":"3 minutes"},"schema":{"@context":"https:\/\/schema.org","@graph":[{"@type":"WebPage","@id":"https:\/\/www.ucly.fr\/en\/theophilyon-tome-19-volume-2\/","url":"https:\/\/www.ucly.fr\/en\/theophilyon-tome-19-volume-2\/","name":"Presentation of the Theophilyon magazine - Tome 19 Volume 2 - UCLy","isPartOf":{"@id":"https:\/\/www.ucly.fr\/en\/#website"},"primaryImageOfPage":{"@id":"https:\/\/www.ucly.fr\/en\/theophilyon-tome-19-volume-2\/#primaryimage"},"image":{"@id":"https:\/\/www.ucly.fr\/en\/theophilyon-tome-19-volume-2\/#primaryimage"},"thumbnailUrl":"https:\/\/www.ucly.fr\/wp-content\/uploads\/2019\/11\/header-vue-drone-saint-paul.jpg","datePublished":"2014-12-08T13:12:58+00:00","dateModified":"2019-11-21T08:32:39+00:00","description":"D\u00e9couvrez la pr\u00e9sentation du second volume du 19\u00e8me tome de Th\u00e9ophilyon, revue des Facult\u00e9s de Th\u00e9ologie et de Philosophie de l'UCLy.","breadcrumb":{"@id":"https:\/\/www.ucly.fr\/en\/theophilyon-tome-19-volume-2\/#breadcrumb"},"inLanguage":"en-US","potentialAction":[{"@type":"ReadAction","target":["https:\/\/www.ucly.fr\/en\/theophilyon-tome-19-volume-2\/"]}]},{"@type":"ImageObject","inLanguage":"en-US","@id":"https:\/\/www.ucly.fr\/en\/theophilyon-tome-19-volume-2\/#primaryimage","url":"https:\/\/www.ucly.fr\/wp-content\/uploads\/2019\/11\/header-vue-drone-saint-paul.jpg","contentUrl":"https:\/\/www.ucly.fr\/wp-content\/uploads\/2019\/11\/header-vue-drone-saint-paul.jpg","width":1920,"height":575,"caption":"header-vue-drone-saint-paul"},{"@type":"BreadcrumbList","@id":"https:\/\/www.ucly.fr\/en\/theophilyon-tome-19-volume-2\/#breadcrumb","itemListElement":[{"@type":"ListItem","position":1,"name":"Accueil","item":"https:\/\/www.ucly.fr\/en\/"},{"@type":"ListItem","position":2,"name":"XIX-2 - Difficile \u00e9ducation (2014)"}]},{"@type":"WebSite","@id":"https:\/\/www.ucly.fr\/en\/#website","url":"https:\/\/www.ucly.fr\/en\/","name":"UCLy","description":"Un site utilisant WordPress","publisher":{"@id":"https:\/\/www.ucly.fr\/en\/#organization"},"potentialAction":[{"@type":"SearchAction","target":{"@type":"EntryPoint","urlTemplate":"https:\/\/www.ucly.fr\/en\/?s={search_term_string}"},"query-input":{"@type":"PropertyValueSpecification","valueRequired":true,"valueName":"search_term_string"}}],"inLanguage":"en-US"},{"@type":"Organization","@id":"https:\/\/www.ucly.fr\/en\/#organization","name":"UCLy","url":"https:\/\/www.ucly.fr\/en\/","logo":{"@type":"ImageObject","inLanguage":"en-US","@id":"https:\/\/www.ucly.fr\/en\/#\/schema\/logo\/image\/","url":"https:\/\/www.ucly.fr\/wp-content\/uploads\/2025\/06\/logo-150ans-blanc.svg","contentUrl":"https:\/\/www.ucly.fr\/wp-content\/uploads\/2025\/06\/logo-150ans-blanc.svg","caption":"UCLy"},"image":{"@id":"https:\/\/www.ucly.fr\/en\/#\/schema\/logo\/image\/"}}]}},"_links":{"self":[{"href":"https:\/\/www.ucly.fr\/en\/wp-json\/wp\/v2\/pages\/2468","targetHints":{"allow":["GET"]}}],"collection":[{"href":"https:\/\/www.ucly.fr\/en\/wp-json\/wp\/v2\/pages"}],"about":[{"href":"https:\/\/www.ucly.fr\/en\/wp-json\/wp\/v2\/types\/page"}],"author":[{"embeddable":true,"href":"https:\/\/www.ucly.fr\/en\/wp-json\/wp\/v2\/users\/22"}],"replies":[{"embeddable":true,"href":"https:\/\/www.ucly.fr\/en\/wp-json\/wp\/v2\/comments?post=2468"}],"version-history":[{"count":3,"href":"https:\/\/www.ucly.fr\/en\/wp-json\/wp\/v2\/pages\/2468\/revisions"}],"predecessor-version":[{"id":2569,"href":"https:\/\/www.ucly.fr\/en\/wp-json\/wp\/v2\/pages\/2468\/revisions\/2569"}],"wp:featuredmedia":[{"embeddable":true,"href":"https:\/\/www.ucly.fr\/en\/wp-json\/wp\/v2\/media\/4852"}],"wp:attachment":[{"href":"https:\/\/www.ucly.fr\/en\/wp-json\/wp\/v2\/media?parent=2468"}],"curies":[{"name":"wp","href":"https:\/\/api.w.org\/{rel}","templated":true}]}}