{"id":2421,"date":"2015-09-02T12:09:40","date_gmt":"2015-09-02T10:09:40","guid":{"rendered":"https:\/\/www.ucly.fr\/?page_id=2421"},"modified":"2019-11-21T09:32:51","modified_gmt":"2019-11-21T08:32:51","slug":"theophilyon-tome-20-volume-1","status":"publish","type":"page","link":"https:\/\/www.ucly.fr\/en\/theophilyon-tome-20-volume-1\/","title":{"rendered":"XX-1 - Le pouvoir politique et son \"autre\" (2015)"},"content":{"rendered":"<h2 class=\"wp-block-heading\">Summaries<\/h2><p><strong> Jean Reynard - <em>Facets of the Cappadocians fathers' political thinking<\/em><\/strong> <\/p><p>During the second half of the IVth century, the Cappadocian fathers, Gregory of Nazainze, Basil of Caesarea and Gregory of Nyssa were faced with the challenge of neo Aryanism which was actively upheld by the  imperial policy in an empire converted to Christianity with Constantine. They were, however, theologians and exegetists and were only marginally concerned with questions arising from the relations between the political and religious fields. This experience led them to more precisely state the role they were expecting the governing bodies to play. They recognised that their power was legitimate and did not contest the established social order of which they were the warrants as they owed it to God. Nevertheless, this was to take place within a framework. On a religious level, they accepted the intervention from a Lord who shared their faith, but, in case of a disagreement, they became defenders of the doctrine they deemed orthodox and did not hesitate in directly opposing the emperors. Finally they drew up the sketch of the Lord that they wished for, a Lord who, as he was representing God on earth, had to comply with the moral model of the good king, as also described by contemporary heathens. <br><br><\/p><p><strong>Paul Valadier - <em>\u00ab All authority comes from God \u00bb<\/em><\/strong> <strong>(Epistle to the Romans, 13,1)<\/strong><\/p><p>For a mind filled with democratic ethos, the biblical formula, or other similar ones, according to which All authority comes from God is rather cumbersome. Should it go by unmentioned? Should it be put into context  to the point of being called into question for our societies? Should it  be made a euphemism in order to be made commonplace? This paper shows here that these formulas, still valid, are highlighting beneficial tensions pertaining to any political life and that minimizing their full significance would be wrong. A Christian should not hush them up but, rather, should truly take them into consideration. <br><br><\/p><p><strong>Yves Krumenacker - Resistance to Power in historic calvinism <\/strong><\/p><p>From the outset, Reform was faced with the need to bear up against political and religious powers which were confronting it. Luther opposes any kind of revolt and only thinks of passive resistance. Following Luther on this point, in his various works, Calvin insists on obedience due to authorities. If the Power is unfair, it remains that it is God is  nevertheless instituted and one must merely be content with thinking on  the offenses which caused such a prince to be deserved by his faithful. They may pray, suffer, or flee in a country where religion may be exercised freely. Therefore, obeying God rather than man can only be passive and exceptional resistance. During the wars of religious, the  right to resist takes shape, but this is done from a political synopsis giving precedence to nobility and magistrates and based on the rejection  of foreigners, popular sovereignty and the theory of the contract. Thus it is less a right to resist than the nature of power which is at stake. According to Romans 13, other than in exceptional cases it is obedience to authorities which prevails. <br><br><\/p><p><strong>Mireille Hugonnard - The catholic church in Franco's Spain. History of an evolution<\/strong> <\/p><p>In Spain in 2015, the death of Caudillo Franco will be remembered together with the political transition smoothly leading to democracy. Now, in the forty years prior to these events, the path of theology  presents significant characteristics which can be made universal, in  order to think in terms of political moral theology. The primary collusion with Franquism, bearing notable ambiguities, was enhanced by the serious political events of the civil war: on the moral level, the consequences were the setting up under duress of a Christian model based on religious obedience and, as a strict mirror, obedience to civil  powers. The turn-around to which the Church was submitted after Vatican II, stressing the autonomy of temporal realities and acknowledging religious freedom, in the Hispanic context, has known an unequalled reverberation. The Church, its Magisterium and also its theologians, were radically transformed, converted and invited to return to the sources of obedience up to recognising the vocation of any man to responsible freedom. This new attitude was deeply imbedded in ecclesiology: will it one day transform the political aim? <br><br> <\/p><p><strong>Fran\u00e7ois Lestang  - A king other than Cesar? Political implications of Paulininan gospel.<\/strong> <\/p><p>For about twenty years, exegetic research has been more concerned with the social and political dimensions of the New Testament, particularly in the field of Paulinian studies. When pledging that Jesus is Lord, is  there not an anti imperial claim? Many vocabulary entries describing Jesus' activity and authority are to be found in one could call anti imperial propaganda. How can this be construed? Perhaps there might be  hidden scenarioswhen a word of explicit opposition is impossible?<br>In  the beginning of the first letter to the Corinthians the notification of a crucified Christ comes together with the certainty that the rulers of this world will annihilated (1 Cor 2,6), which is a clear announcement of the end of imperial domination, in an apocalyptical logic. The letter  to the Philippians puts forward a praise of Jesus that could be compared to Imperial apotheosis. It gives believers a celestial politeuma, unlike any terrestrial citizenship, even though it be roman. But there, stressing an anti imperial view is less required. In the end, the famous text Rom 13,1-7 which invites submission to authorities as willed by God is analysed in detail in order to detect whether any hidden scenarios might be there.  <\/p><p>As a conclusion this article confronts the results of the text study with Acts 4,19 where Pierre declares that obeying God rather than humans is preferable. <\/p>","protected":false},"excerpt":{"rendered":"<p>Summaries Jean Reynard &#8211; Facets of the Cappadocians fathers&#8217; political thinking During the second half of the IVth century, the Cappadocian fathers, Gregory of [&hellip;]<\/p>\n","protected":false},"author":22,"featured_media":4852,"parent":0,"menu_order":58,"comment_status":"closed","ping_status":"closed","template":"","meta":{"_acf_changed":false,"footnotes":""},"class_list":["post-2421","page","type-page","status-publish","has-post-thumbnail","hentry"],"acf":[],"yoast_head":"<!-- This site is optimized with the Yoast SEO plugin v24.1 - https:\/\/yoast.com\/wordpress\/plugins\/seo\/ -->\n<title>Presentation of the Theophilyon magazine - Tome 20 Volume 1 - UCLy<\/title>\n<meta name=\"description\" content=\"D\u00e9couvrez la pr\u00e9sentation du premier volume du 20\u00e8me tome de Th\u00e9ophilyon, revue des Facult\u00e9s de Th\u00e9ologie et de Philosophie de l&#039;UCLy.\" \/>\n<meta name=\"robots\" content=\"index, follow, max-snippet:-1, max-image-preview:large, max-video-preview:-1\" \/>\n<link rel=\"canonical\" href=\"https:\/\/www.ucly.fr\/en\/theophilyon-tome-20-volume-1\/\" \/>\n<meta property=\"og:locale\" content=\"en_US\" \/>\n<meta property=\"og:type\" content=\"article\" \/>\n<meta property=\"og:title\" content=\"Presentation of the Theophilyon magazine - Tome 20 Volume 1 - UCLy\" \/>\n<meta property=\"og:description\" content=\"D\u00e9couvrez la pr\u00e9sentation du premier volume du 20\u00e8me tome de Th\u00e9ophilyon, revue des Facult\u00e9s de Th\u00e9ologie et de Philosophie de l&#039;UCLy.\" \/>\n<meta property=\"og:url\" content=\"https:\/\/www.ucly.fr\/en\/theophilyon-tome-20-volume-1\/\" \/>\n<meta property=\"og:site_name\" content=\"UCLy\" \/>\n<meta property=\"article:modified_time\" content=\"2019-11-21T08:32:51+00:00\" \/>\n<meta property=\"og:image\" content=\"https:\/\/www.ucly.fr\/wp-content\/uploads\/2019\/11\/header-vue-drone-saint-paul.jpg\" \/>\n\t<meta property=\"og:image:width\" content=\"1920\" \/>\n\t<meta property=\"og:image:height\" content=\"575\" \/>\n\t<meta property=\"og:image:type\" content=\"image\/jpeg\" \/>\n<meta name=\"twitter:card\" content=\"summary_large_image\" \/>\n<meta name=\"twitter:label1\" content=\"Est. reading time\" \/>\n\t<meta name=\"twitter:data1\" content=\"5 minutes\" \/>\n<script type=\"application\/ld+json\" class=\"yoast-schema-graph\">{\"@context\":\"https:\/\/schema.org\",\"@graph\":[{\"@type\":\"WebPage\",\"@id\":\"https:\/\/www.ucly.fr\/en\/theophilyon-tome-20-volume-1\/\",\"url\":\"https:\/\/www.ucly.fr\/en\/theophilyon-tome-20-volume-1\/\",\"name\":\"Presentation of the Theophilyon magazine - Tome 20 Volume 1 - UCLy\",\"isPartOf\":{\"@id\":\"https:\/\/www.ucly.fr\/en\/#website\"},\"primaryImageOfPage\":{\"@id\":\"https:\/\/www.ucly.fr\/en\/theophilyon-tome-20-volume-1\/#primaryimage\"},\"image\":{\"@id\":\"https:\/\/www.ucly.fr\/en\/theophilyon-tome-20-volume-1\/#primaryimage\"},\"thumbnailUrl\":\"https:\/\/www.ucly.fr\/wp-content\/uploads\/2019\/11\/header-vue-drone-saint-paul.jpg\",\"datePublished\":\"2015-09-02T10:09:40+00:00\",\"dateModified\":\"2019-11-21T08:32:51+00:00\",\"description\":\"D\u00e9couvrez la pr\u00e9sentation du premier volume du 20\u00e8me tome de Th\u00e9ophilyon, revue des Facult\u00e9s de Th\u00e9ologie et de Philosophie de l'UCLy.\",\"breadcrumb\":{\"@id\":\"https:\/\/www.ucly.fr\/en\/theophilyon-tome-20-volume-1\/#breadcrumb\"},\"inLanguage\":\"en-US\",\"potentialAction\":[{\"@type\":\"ReadAction\",\"target\":[\"https:\/\/www.ucly.fr\/en\/theophilyon-tome-20-volume-1\/\"]}]},{\"@type\":\"ImageObject\",\"inLanguage\":\"en-US\",\"@id\":\"https:\/\/www.ucly.fr\/en\/theophilyon-tome-20-volume-1\/#primaryimage\",\"url\":\"https:\/\/www.ucly.fr\/wp-content\/uploads\/2019\/11\/header-vue-drone-saint-paul.jpg\",\"contentUrl\":\"https:\/\/www.ucly.fr\/wp-content\/uploads\/2019\/11\/header-vue-drone-saint-paul.jpg\",\"width\":1920,\"height\":575,\"caption\":\"header-vue-drone-saint-paul\"},{\"@type\":\"BreadcrumbList\",\"@id\":\"https:\/\/www.ucly.fr\/en\/theophilyon-tome-20-volume-1\/#breadcrumb\",\"itemListElement\":[{\"@type\":\"ListItem\",\"position\":1,\"name\":\"Accueil\",\"item\":\"https:\/\/www.ucly.fr\/en\/\"},{\"@type\":\"ListItem\",\"position\":2,\"name\":\"XX-1 - Le pouvoir politique et son \\\"autre\\\" (2015)\"}]},{\"@type\":\"WebSite\",\"@id\":\"https:\/\/www.ucly.fr\/en\/#website\",\"url\":\"https:\/\/www.ucly.fr\/en\/\",\"name\":\"UCLy\",\"description\":\"Un site utilisant WordPress\",\"publisher\":{\"@id\":\"https:\/\/www.ucly.fr\/en\/#organization\"},\"potentialAction\":[{\"@type\":\"SearchAction\",\"target\":{\"@type\":\"EntryPoint\",\"urlTemplate\":\"https:\/\/www.ucly.fr\/en\/?s={search_term_string}\"},\"query-input\":{\"@type\":\"PropertyValueSpecification\",\"valueRequired\":true,\"valueName\":\"search_term_string\"}}],\"inLanguage\":\"en-US\"},{\"@type\":\"Organization\",\"@id\":\"https:\/\/www.ucly.fr\/en\/#organization\",\"name\":\"UCLy\",\"url\":\"https:\/\/www.ucly.fr\/en\/\",\"logo\":{\"@type\":\"ImageObject\",\"inLanguage\":\"en-US\",\"@id\":\"https:\/\/www.ucly.fr\/en\/#\/schema\/logo\/image\/\",\"url\":\"https:\/\/www.ucly.fr\/wp-content\/uploads\/2025\/06\/logo-150ans-blanc.svg\",\"contentUrl\":\"https:\/\/www.ucly.fr\/wp-content\/uploads\/2025\/06\/logo-150ans-blanc.svg\",\"caption\":\"UCLy\"},\"image\":{\"@id\":\"https:\/\/www.ucly.fr\/en\/#\/schema\/logo\/image\/\"}}]}<\/script>\n<!-- \/ Yoast SEO plugin. -->","yoast_head_json":{"title":"Presentation of the Theophilyon magazine - Tome 20 Volume 1 - UCLy","description":"D\u00e9couvrez la pr\u00e9sentation du premier volume du 20\u00e8me tome de Th\u00e9ophilyon, revue des Facult\u00e9s de Th\u00e9ologie et de Philosophie de l'UCLy.","robots":{"index":"index","follow":"follow","max-snippet":"max-snippet:-1","max-image-preview":"max-image-preview:large","max-video-preview":"max-video-preview:-1"},"canonical":"https:\/\/www.ucly.fr\/en\/theophilyon-tome-20-volume-1\/","og_locale":"en_US","og_type":"article","og_title":"Presentation of the Theophilyon magazine - Tome 20 Volume 1 - UCLy","og_description":"D\u00e9couvrez la pr\u00e9sentation du premier volume du 20\u00e8me tome de Th\u00e9ophilyon, revue des Facult\u00e9s de Th\u00e9ologie et de Philosophie de l'UCLy.","og_url":"https:\/\/www.ucly.fr\/en\/theophilyon-tome-20-volume-1\/","og_site_name":"UCLy","article_modified_time":"2019-11-21T08:32:51+00:00","og_image":[{"width":1920,"height":575,"url":"https:\/\/www.ucly.fr\/wp-content\/uploads\/2019\/11\/header-vue-drone-saint-paul.jpg","type":"image\/jpeg"}],"twitter_card":"summary_large_image","twitter_misc":{"Est. reading time":"5 minutes"},"schema":{"@context":"https:\/\/schema.org","@graph":[{"@type":"WebPage","@id":"https:\/\/www.ucly.fr\/en\/theophilyon-tome-20-volume-1\/","url":"https:\/\/www.ucly.fr\/en\/theophilyon-tome-20-volume-1\/","name":"Presentation of the Theophilyon magazine - Tome 20 Volume 1 - UCLy","isPartOf":{"@id":"https:\/\/www.ucly.fr\/en\/#website"},"primaryImageOfPage":{"@id":"https:\/\/www.ucly.fr\/en\/theophilyon-tome-20-volume-1\/#primaryimage"},"image":{"@id":"https:\/\/www.ucly.fr\/en\/theophilyon-tome-20-volume-1\/#primaryimage"},"thumbnailUrl":"https:\/\/www.ucly.fr\/wp-content\/uploads\/2019\/11\/header-vue-drone-saint-paul.jpg","datePublished":"2015-09-02T10:09:40+00:00","dateModified":"2019-11-21T08:32:51+00:00","description":"D\u00e9couvrez la pr\u00e9sentation du premier volume du 20\u00e8me tome de Th\u00e9ophilyon, revue des Facult\u00e9s de Th\u00e9ologie et de Philosophie de l'UCLy.","breadcrumb":{"@id":"https:\/\/www.ucly.fr\/en\/theophilyon-tome-20-volume-1\/#breadcrumb"},"inLanguage":"en-US","potentialAction":[{"@type":"ReadAction","target":["https:\/\/www.ucly.fr\/en\/theophilyon-tome-20-volume-1\/"]}]},{"@type":"ImageObject","inLanguage":"en-US","@id":"https:\/\/www.ucly.fr\/en\/theophilyon-tome-20-volume-1\/#primaryimage","url":"https:\/\/www.ucly.fr\/wp-content\/uploads\/2019\/11\/header-vue-drone-saint-paul.jpg","contentUrl":"https:\/\/www.ucly.fr\/wp-content\/uploads\/2019\/11\/header-vue-drone-saint-paul.jpg","width":1920,"height":575,"caption":"header-vue-drone-saint-paul"},{"@type":"BreadcrumbList","@id":"https:\/\/www.ucly.fr\/en\/theophilyon-tome-20-volume-1\/#breadcrumb","itemListElement":[{"@type":"ListItem","position":1,"name":"Accueil","item":"https:\/\/www.ucly.fr\/en\/"},{"@type":"ListItem","position":2,"name":"XX-1 - Le pouvoir politique et son \"autre\" (2015)"}]},{"@type":"WebSite","@id":"https:\/\/www.ucly.fr\/en\/#website","url":"https:\/\/www.ucly.fr\/en\/","name":"UCLy","description":"Un site utilisant WordPress","publisher":{"@id":"https:\/\/www.ucly.fr\/en\/#organization"},"potentialAction":[{"@type":"SearchAction","target":{"@type":"EntryPoint","urlTemplate":"https:\/\/www.ucly.fr\/en\/?s={search_term_string}"},"query-input":{"@type":"PropertyValueSpecification","valueRequired":true,"valueName":"search_term_string"}}],"inLanguage":"en-US"},{"@type":"Organization","@id":"https:\/\/www.ucly.fr\/en\/#organization","name":"UCLy","url":"https:\/\/www.ucly.fr\/en\/","logo":{"@type":"ImageObject","inLanguage":"en-US","@id":"https:\/\/www.ucly.fr\/en\/#\/schema\/logo\/image\/","url":"https:\/\/www.ucly.fr\/wp-content\/uploads\/2025\/06\/logo-150ans-blanc.svg","contentUrl":"https:\/\/www.ucly.fr\/wp-content\/uploads\/2025\/06\/logo-150ans-blanc.svg","caption":"UCLy"},"image":{"@id":"https:\/\/www.ucly.fr\/en\/#\/schema\/logo\/image\/"}}]}},"_links":{"self":[{"href":"https:\/\/www.ucly.fr\/en\/wp-json\/wp\/v2\/pages\/2421","targetHints":{"allow":["GET"]}}],"collection":[{"href":"https:\/\/www.ucly.fr\/en\/wp-json\/wp\/v2\/pages"}],"about":[{"href":"https:\/\/www.ucly.fr\/en\/wp-json\/wp\/v2\/types\/page"}],"author":[{"embeddable":true,"href":"https:\/\/www.ucly.fr\/en\/wp-json\/wp\/v2\/users\/22"}],"replies":[{"embeddable":true,"href":"https:\/\/www.ucly.fr\/en\/wp-json\/wp\/v2\/comments?post=2421"}],"version-history":[{"count":2,"href":"https:\/\/www.ucly.fr\/en\/wp-json\/wp\/v2\/pages\/2421\/revisions"}],"predecessor-version":[{"id":2439,"href":"https:\/\/www.ucly.fr\/en\/wp-json\/wp\/v2\/pages\/2421\/revisions\/2439"}],"wp:featuredmedia":[{"embeddable":true,"href":"https:\/\/www.ucly.fr\/en\/wp-json\/wp\/v2\/media\/4852"}],"wp:attachment":[{"href":"https:\/\/www.ucly.fr\/en\/wp-json\/wp\/v2\/media?parent=2421"}],"curies":[{"name":"wp","href":"https:\/\/api.w.org\/{rel}","templated":true}]}}