{"id":196228,"date":"2022-12-06T15:13:13","date_gmt":"2022-12-06T14:13:13","guid":{"rendered":"https:\/\/www.ucly.fr\/agenda\/"},"modified":"2023-04-12T12:11:52","modified_gmt":"2023-04-12T10:11:52","slug":"whatson","status":"publish","type":"page","link":"https:\/\/www.ucly.fr\/en\/whatson\/","title":{"rendered":"What's on"},"content":{"rendered":"<div class=\"wp-block-text-image\">\n  <div class=\"row align-bottom collapse\">\n    <div class=\"column small-12 medium-6 xlarge-5 xxlarge-expand wp-block-text-image-info js-fade-scroll\">\n      <p class=\"wp-block-text-image-title\">Cin\u00e9-Club : EIFFEL<\/p>\n      <div class=\"wp-block-text-image-intro\"><p><strong> Monday 24th April 2023 | 6:00pm | Carnot Campus<br \/>\n<\/strong><\/p>\n<p>Join us for popcorn, soft drinks and a cinematic experience!<\/p>\n<p>Film in French with subtitles.<\/p>\n<p>&nbsp;<\/p>\n<p><strong>Plot<\/strong>: In the late 1800s, engineer Gustave Eiffel has created the framework for America\u2019s Statue of Liberty. At the peak of his career, Eiffel is asked by the French Government to design something spectacular for the 1889 Paris World Fair. Eiffel first refuses, but changes his mind when his first love, Adrienne, slinks back into his life.<\/p>\n<p><a href=\"https:\/\/www.youtube.com\/watch?v=pa5aj3UFCoE\" target=\"_blank\" rel=\"noopener\">Watch the trailer<\/a><\/p>\n<p><strong>To sign up fill out the form by <a href=\"https:\/\/forms.gle\/CqTdE1ymsLAa4KTMA\" target=\"_blank\" rel=\"noopener\">clicking here<\/a>!<\/strong><\/p>\n<\/div>\n    <\/div>\n\n    <div class=\"column small-12 medium-6 xlarge-7 xxlarge-shrink wp-block-text-image-picture js-fade-scroll\">\n      <img loading=\"lazy\" decoding=\"async\" width=\"668\" height=\"560\" src=\"https:\/\/www.ucly.fr\/wp-content\/uploads\/2023\/04\/ri-2023-cine-club-eiffel3.png\" class=\"attachment-text_image size-text_image\" alt=\"\" srcset=\"https:\/\/www.ucly.fr\/wp-content\/uploads\/2023\/04\/ri-2023-cine-club-eiffel3.png 668w, https:\/\/www.ucly.fr\/wp-content\/uploads\/2023\/04\/ri-2023-cine-club-eiffel3-167x140.png 167w, https:\/\/www.ucly.fr\/wp-content\/uploads\/2023\/04\/ri-2023-cine-club-eiffel3-520x436.png 520w\" sizes=\"auto, (max-width: 668px) 100vw, 668px\" \/>    <\/div>\n  <\/div>\n<\/div><div class=\"wp-block-text-image\">\n  <div class=\"row align-bottom collapse\">\n    <div class=\"column small-12 medium-6 xlarge-5 xxlarge-expand wp-block-text-image-info js-fade-scroll\">\n      <p class=\"wp-block-text-image-title\">Midi International - 07\/03\/2023<\/p>\n      <div class=\"wp-block-text-image-intro\"><p><strong>Rendez-vous semestriel d&#8217;information sur la mobilit\u00e9 sortante<\/strong><\/p>\n<p>Chaque semestre, retrouver l&#8217;\u00e9quipe du Service des Relations Internationales et les coordinateurs de chaque institut pour un temps d&#8217;information sur la mobilit\u00e9 sortante.<\/p>\n<p>De\u00a0<strong>11h \u00e0 14h,<\/strong>\u00a0rejoignez-nous dans\u00a0<strong>les halls des campus Saint-Paul et Carnot<\/strong>\u00a0si vous avez des questions sur votre futur d\u00e9part en mobilit\u00e9: visa, bourses, partenaires, proc\u00e9dures de candidatures, etc. Nous sommes l\u00e0 pour y r\u00e9pondre et vous accompagner dans votre projet.<\/p>\n<p>Qui sera pr\u00e9sent ?<\/p>\n<p><strong>Sur le campus Saint-Paul:<\/strong><\/p>\n<ul>\n<li>Le Service des Relations Internationales<\/li>\n<li>l&#8217;ESDES<\/li>\n<li>l&#8217;IDHL<\/li>\n<li>la Facult\u00e9 de Droit<\/li>\n<li>l&#8217;ESTBB<\/li>\n<li>L&#8217;IFTLM<\/li>\n<\/ul>\n<p>&nbsp;<\/p>\n<p><strong>Sur le Campus Carnot:<\/strong><\/p>\n<ul>\n<li>Le Service des Relations Internationales<\/li>\n<li>La Facult\u00e9 de Psychologie -SHS<\/li>\n<li>L&#8217;ESTRI<\/li>\n<li>La Facult\u00e9 de Lettres<\/li>\n<\/ul>\n<p>&nbsp;<\/p>\n<p><strong><em>\u00c9v\u00e8nement gratuit et ouvert \u00e0 tous, sans r\u00e9servation<\/em><\/strong><\/p>\n<\/div>\n    <\/div>\n\n    <div class=\"column small-12 medium-6 xlarge-7 xxlarge-shrink wp-block-text-image-picture js-fade-scroll\">\n      <img loading=\"lazy\" decoding=\"async\" width=\"640\" height=\"560\" src=\"https:\/\/www.ucly.fr\/wp-content\/uploads\/2023\/02\/midi-international-evenement-640x560.jpg\" class=\"attachment-text_image size-text_image\" alt=\"\" \/>    <\/div>\n  <\/div>\n<\/div><div class=\"wp-block-text-image\">\n  <div class=\"row align-bottom collapse wp-block-text-image-reverse\">\n    <div class=\"column small-12 medium-6 xlarge-5 xxlarge-expand wp-block-text-image-info js-fade-scroll\">\n      <p class=\"wp-block-text-image-title\">Erasmus Days  - Octobre 2023<\/p>\n      <div class=\"wp-block-text-image-intro\"><p>Les <a href=\"https:\/\/www.ucly.fr\/international\/le-service-des-relations-internationales\/erasmus-days\/\">Erasmus Days <\/a>se d\u00e9roulent chaque ann\u00e9e courant Octobre dans toute l&#8217;Europe<\/p>\n<\/div>\n    <\/div>\n\n    <div class=\"column small-12 medium-6 xlarge-7 xxlarge-shrink wp-block-text-image-picture js-fade-scroll\">\n      <img loading=\"lazy\" decoding=\"async\" width=\"640\" height=\"560\" src=\"https:\/\/www.ucly.fr\/wp-content\/uploads\/2021\/09\/web-erasmusday-002-640x560.jpg\" class=\"attachment-text_image size-text_image\" alt=\"\" \/>    <\/div>\n  <\/div>\n<\/div>","protected":false},"excerpt":{"rendered":"","protected":false},"author":72,"featured_media":196255,"parent":0,"menu_order":0,"comment_status":"closed","ping_status":"closed","template":"","meta":{"_acf_changed":false,"footnotes":""},"class_list":["post-196228","page","type-page","status-publish","has-post-thumbnail","hentry"],"acf":[],"yoast_head":"<!-- This site is optimized with the Yoast SEO plugin v24.1 - https:\/\/yoast.com\/wordpress\/plugins\/seo\/ -->\n<title>What&#039;s on - UCLy<\/title>\n<meta name=\"description\" content=\"Les \u00e9v\u00e9nements \u00e0 venir du Service des Relations Internationales. Types d&#039;\u00e9v\u00e9nement. Conf\u00e9rences, Expositions, R\u00e9union d&#039;informations...\" \/>\n<meta name=\"robots\" content=\"index, follow, max-snippet:-1, max-image-preview:large, max-video-preview:-1\" \/>\n<link rel=\"canonical\" href=\"https:\/\/www.ucly.fr\/en\/whatson\/\" \/>\n<meta property=\"og:locale\" content=\"en_US\" \/>\n<meta property=\"og:type\" content=\"article\" \/>\n<meta property=\"og:title\" content=\"What&#039;s on - UCLy\" \/>\n<meta property=\"og:description\" content=\"Les \u00e9v\u00e9nements \u00e0 venir du Service des Relations Internationales. Types d&#039;\u00e9v\u00e9nement. Conf\u00e9rences, Expositions, R\u00e9union d&#039;informations...\" \/>\n<meta property=\"og:url\" content=\"https:\/\/www.ucly.fr\/en\/whatson\/\" \/>\n<meta property=\"og:site_name\" content=\"UCLy\" \/>\n<meta property=\"article:modified_time\" content=\"2023-04-12T10:11:52+00:00\" \/>\n<meta property=\"og:image\" content=\"https:\/\/www.ucly.fr\/wp-content\/uploads\/2023\/04\/2cine-club.png\" \/>\n\t<meta property=\"og:image:width\" content=\"1920\" \/>\n\t<meta property=\"og:image:height\" content=\"575\" \/>\n\t<meta property=\"og:image:type\" content=\"image\/png\" \/>\n<meta name=\"twitter:card\" content=\"summary_large_image\" \/>\n<script type=\"application\/ld+json\" class=\"yoast-schema-graph\">{\"@context\":\"https:\/\/schema.org\",\"@graph\":[{\"@type\":\"WebPage\",\"@id\":\"https:\/\/www.ucly.fr\/en\/whatson\/\",\"url\":\"https:\/\/www.ucly.fr\/en\/whatson\/\",\"name\":\"What's on - UCLy\",\"isPartOf\":{\"@id\":\"https:\/\/www.ucly.fr\/en\/#website\"},\"primaryImageOfPage\":{\"@id\":\"https:\/\/www.ucly.fr\/en\/whatson\/#primaryimage\"},\"image\":{\"@id\":\"https:\/\/www.ucly.fr\/en\/whatson\/#primaryimage\"},\"thumbnailUrl\":\"https:\/\/www.ucly.fr\/wp-content\/uploads\/2023\/04\/2cine-club.png\",\"datePublished\":\"2022-12-06T14:13:13+00:00\",\"dateModified\":\"2023-04-12T10:11:52+00:00\",\"description\":\"Les \u00e9v\u00e9nements \u00e0 venir du Service des Relations Internationales. Types d'\u00e9v\u00e9nement. Conf\u00e9rences, Expositions, R\u00e9union d'informations...\",\"breadcrumb\":{\"@id\":\"https:\/\/www.ucly.fr\/en\/whatson\/#breadcrumb\"},\"inLanguage\":\"en-US\",\"potentialAction\":[{\"@type\":\"ReadAction\",\"target\":[\"https:\/\/www.ucly.fr\/en\/whatson\/\"]}]},{\"@type\":\"ImageObject\",\"inLanguage\":\"en-US\",\"@id\":\"https:\/\/www.ucly.fr\/en\/whatson\/#primaryimage\",\"url\":\"https:\/\/www.ucly.fr\/wp-content\/uploads\/2023\/04\/2cine-club.png\",\"contentUrl\":\"https:\/\/www.ucly.fr\/wp-content\/uploads\/2023\/04\/2cine-club.png\",\"width\":1920,\"height\":575},{\"@type\":\"BreadcrumbList\",\"@id\":\"https:\/\/www.ucly.fr\/en\/whatson\/#breadcrumb\",\"itemListElement\":[{\"@type\":\"ListItem\",\"position\":1,\"name\":\"Accueil\",\"item\":\"https:\/\/www.ucly.fr\/en\/\"},{\"@type\":\"ListItem\",\"position\":2,\"name\":\"What's on\"}]},{\"@type\":\"WebSite\",\"@id\":\"https:\/\/www.ucly.fr\/en\/#website\",\"url\":\"https:\/\/www.ucly.fr\/en\/\",\"name\":\"UCLy\",\"description\":\"Un site utilisant WordPress\",\"publisher\":{\"@id\":\"https:\/\/www.ucly.fr\/en\/#organization\"},\"potentialAction\":[{\"@type\":\"SearchAction\",\"target\":{\"@type\":\"EntryPoint\",\"urlTemplate\":\"https:\/\/www.ucly.fr\/en\/?s={search_term_string}\"},\"query-input\":{\"@type\":\"PropertyValueSpecification\",\"valueRequired\":true,\"valueName\":\"search_term_string\"}}],\"inLanguage\":\"en-US\"},{\"@type\":\"Organization\",\"@id\":\"https:\/\/www.ucly.fr\/en\/#organization\",\"name\":\"UCLy\",\"url\":\"https:\/\/www.ucly.fr\/en\/\",\"logo\":{\"@type\":\"ImageObject\",\"inLanguage\":\"en-US\",\"@id\":\"https:\/\/www.ucly.fr\/en\/#\/schema\/logo\/image\/\",\"url\":\"https:\/\/www.ucly.fr\/wp-content\/uploads\/2025\/06\/logo-150ans-blanc.svg\",\"contentUrl\":\"https:\/\/www.ucly.fr\/wp-content\/uploads\/2025\/06\/logo-150ans-blanc.svg\",\"caption\":\"UCLy\"},\"image\":{\"@id\":\"https:\/\/www.ucly.fr\/en\/#\/schema\/logo\/image\/\"}}]}<\/script>\n<!-- \/ Yoast SEO plugin. -->","yoast_head_json":{"title":"What's on - UCLy","description":"Les \u00e9v\u00e9nements \u00e0 venir du Service des Relations Internationales. Types d'\u00e9v\u00e9nement. Conf\u00e9rences, Expositions, R\u00e9union d'informations...","robots":{"index":"index","follow":"follow","max-snippet":"max-snippet:-1","max-image-preview":"max-image-preview:large","max-video-preview":"max-video-preview:-1"},"canonical":"https:\/\/www.ucly.fr\/en\/whatson\/","og_locale":"en_US","og_type":"article","og_title":"What's on - UCLy","og_description":"Les \u00e9v\u00e9nements \u00e0 venir du Service des Relations Internationales. Types d'\u00e9v\u00e9nement. Conf\u00e9rences, Expositions, R\u00e9union d'informations...","og_url":"https:\/\/www.ucly.fr\/en\/whatson\/","og_site_name":"UCLy","article_modified_time":"2023-04-12T10:11:52+00:00","og_image":[{"width":1920,"height":575,"url":"https:\/\/www.ucly.fr\/wp-content\/uploads\/2023\/04\/2cine-club.png","type":"image\/png"}],"twitter_card":"summary_large_image","schema":{"@context":"https:\/\/schema.org","@graph":[{"@type":"WebPage","@id":"https:\/\/www.ucly.fr\/en\/whatson\/","url":"https:\/\/www.ucly.fr\/en\/whatson\/","name":"What's on - UCLy","isPartOf":{"@id":"https:\/\/www.ucly.fr\/en\/#website"},"primaryImageOfPage":{"@id":"https:\/\/www.ucly.fr\/en\/whatson\/#primaryimage"},"image":{"@id":"https:\/\/www.ucly.fr\/en\/whatson\/#primaryimage"},"thumbnailUrl":"https:\/\/www.ucly.fr\/wp-content\/uploads\/2023\/04\/2cine-club.png","datePublished":"2022-12-06T14:13:13+00:00","dateModified":"2023-04-12T10:11:52+00:00","description":"Les \u00e9v\u00e9nements \u00e0 venir du Service des Relations Internationales. Types d'\u00e9v\u00e9nement. Conf\u00e9rences, Expositions, R\u00e9union d'informations...","breadcrumb":{"@id":"https:\/\/www.ucly.fr\/en\/whatson\/#breadcrumb"},"inLanguage":"en-US","potentialAction":[{"@type":"ReadAction","target":["https:\/\/www.ucly.fr\/en\/whatson\/"]}]},{"@type":"ImageObject","inLanguage":"en-US","@id":"https:\/\/www.ucly.fr\/en\/whatson\/#primaryimage","url":"https:\/\/www.ucly.fr\/wp-content\/uploads\/2023\/04\/2cine-club.png","contentUrl":"https:\/\/www.ucly.fr\/wp-content\/uploads\/2023\/04\/2cine-club.png","width":1920,"height":575},{"@type":"BreadcrumbList","@id":"https:\/\/www.ucly.fr\/en\/whatson\/#breadcrumb","itemListElement":[{"@type":"ListItem","position":1,"name":"Accueil","item":"https:\/\/www.ucly.fr\/en\/"},{"@type":"ListItem","position":2,"name":"What's on"}]},{"@type":"WebSite","@id":"https:\/\/www.ucly.fr\/en\/#website","url":"https:\/\/www.ucly.fr\/en\/","name":"UCLy","description":"Un site utilisant WordPress","publisher":{"@id":"https:\/\/www.ucly.fr\/en\/#organization"},"potentialAction":[{"@type":"SearchAction","target":{"@type":"EntryPoint","urlTemplate":"https:\/\/www.ucly.fr\/en\/?s={search_term_string}"},"query-input":{"@type":"PropertyValueSpecification","valueRequired":true,"valueName":"search_term_string"}}],"inLanguage":"en-US"},{"@type":"Organization","@id":"https:\/\/www.ucly.fr\/en\/#organization","name":"UCLy","url":"https:\/\/www.ucly.fr\/en\/","logo":{"@type":"ImageObject","inLanguage":"en-US","@id":"https:\/\/www.ucly.fr\/en\/#\/schema\/logo\/image\/","url":"https:\/\/www.ucly.fr\/wp-content\/uploads\/2025\/06\/logo-150ans-blanc.svg","contentUrl":"https:\/\/www.ucly.fr\/wp-content\/uploads\/2025\/06\/logo-150ans-blanc.svg","caption":"UCLy"},"image":{"@id":"https:\/\/www.ucly.fr\/en\/#\/schema\/logo\/image\/"}}]}},"_links":{"self":[{"href":"https:\/\/www.ucly.fr\/en\/wp-json\/wp\/v2\/pages\/196228","targetHints":{"allow":["GET"]}}],"collection":[{"href":"https:\/\/www.ucly.fr\/en\/wp-json\/wp\/v2\/pages"}],"about":[{"href":"https:\/\/www.ucly.fr\/en\/wp-json\/wp\/v2\/types\/page"}],"author":[{"embeddable":true,"href":"https:\/\/www.ucly.fr\/en\/wp-json\/wp\/v2\/users\/72"}],"replies":[{"embeddable":true,"href":"https:\/\/www.ucly.fr\/en\/wp-json\/wp\/v2\/comments?post=196228"}],"version-history":[{"count":3,"href":"https:\/\/www.ucly.fr\/en\/wp-json\/wp\/v2\/pages\/196228\/revisions"}],"predecessor-version":[{"id":196257,"href":"https:\/\/www.ucly.fr\/en\/wp-json\/wp\/v2\/pages\/196228\/revisions\/196257"}],"wp:featuredmedia":[{"embeddable":true,"href":"https:\/\/www.ucly.fr\/en\/wp-json\/wp\/v2\/media\/196255"}],"wp:attachment":[{"href":"https:\/\/www.ucly.fr\/en\/wp-json\/wp\/v2\/media?parent=196228"}],"curies":[{"name":"wp","href":"https:\/\/api.w.org\/{rel}","templated":true}]}}