{"id":176775,"date":"2019-12-05T16:31:22","date_gmt":"2019-12-05T15:31:22","guid":{"rendered":"https:\/\/www.ucly.fr\/accompagnement-etudiants-internationaux\/"},"modified":"2026-03-11T11:42:38","modified_gmt":"2026-03-11T10:42:38","slug":"support-for-international-student","status":"publish","type":"page","link":"https:\/\/www.ucly.fr\/en\/student-life\/international-relations-office\/international-student-desk\/support-for-international-student\/","title":{"rendered":"International Students Desk (ISD)"},"content":{"rendered":"<h2 class=\"wp-block-heading has-text-align-center\"><\/h2><p><img decoding=\"async\" width=\"400\" height=\"286\" class=\"wp-image-327981\" style=\"width: 400px;\" src=\"https:\/\/www.ucly.fr\/wp-content\/uploads\/2024\/11\/affiche-isd-a6-ind.png\" alt=\"\" srcset=\"https:\/\/www.ucly.fr\/wp-content\/uploads\/2024\/11\/affiche-isd-a6-ind.png 1749w, https:\/\/www.ucly.fr\/wp-content\/uploads\/2024\/11\/affiche-isd-a6-ind-1536x1099.png 1536w, https:\/\/www.ucly.fr\/wp-content\/uploads\/2024\/11\/affiche-isd-a6-ind-196x140.png 196w, https:\/\/www.ucly.fr\/wp-content\/uploads\/2024\/11\/affiche-isd-a6-ind-520x372.png 520w, https:\/\/www.ucly.fr\/wp-content\/uploads\/2024\/11\/affiche-isd-a6-ind-494x353.png 494w\" sizes=\"(max-width: 400px) 100vw, 400px\" \/><img decoding=\"async\" width=\"300\" height=\"301\" class=\"wp-image-327989\" style=\"width: 300px;\" src=\"https:\/\/www.ucly.fr\/wp-content\/uploads\/2024\/11\/logo-etoiles-rouges_2-etoiles-jpg-e1732531763104.jpg\" alt=\"\" srcset=\"https:\/\/www.ucly.fr\/wp-content\/uploads\/2024\/11\/logo-etoiles-rouges_2-etoiles-jpg-e1732531763104.jpg 1678w, https:\/\/www.ucly.fr\/wp-content\/uploads\/2024\/11\/logo-etoiles-rouges_2-etoiles-jpg-e1732531763104-150x150.jpg 150w, https:\/\/www.ucly.fr\/wp-content\/uploads\/2024\/11\/logo-etoiles-rouges_2-etoiles-jpg-e1732531763104-1532x1536.jpg 1532w, https:\/\/www.ucly.fr\/wp-content\/uploads\/2024\/11\/logo-etoiles-rouges_2-etoiles-jpg-e1732531763104-140x140.jpg 140w, https:\/\/www.ucly.fr\/wp-content\/uploads\/2024\/11\/logo-etoiles-rouges_2-etoiles-jpg-e1732531763104-520x521.jpg 520w, https:\/\/www.ucly.fr\/wp-content\/uploads\/2024\/11\/logo-etoiles-rouges_2-etoiles-jpg-e1732531763104-640x640.jpg 640w, https:\/\/www.ucly.fr\/wp-content\/uploads\/2024\/11\/logo-etoiles-rouges_2-etoiles-jpg-e1732531763104-494x495.jpg 494w, https:\/\/www.ucly.fr\/wp-content\/uploads\/2024\/11\/logo-etoiles-rouges_2-etoiles-jpg-e1732531763104-100x100.jpg 100w\" sizes=\"(max-width: 300px) 100vw, 300px\" \/><\/p><p><\/p><h2 class=\"wp-block-heading has-text-align-left\">Who to contact ? You have questions about:<\/h2><ul class=\"wp-block-list\"><li><strong>Academics:<\/strong> <strong>admission<\/strong>, <strong>registration<\/strong>, <strong>tuition fees<\/strong>, <strong>classes<\/strong>, <strong>transcripts of grades<\/strong>,<strong> learning agreement etc.:<\/strong> <strong>contact <\/strong><a href=\"https:\/\/www.ucly.fr\/wp-content\/uploads\/2024\/12\/ri-liste-contacts-facultes.pdf\" target=\"_blank\" rel=\"noreferrer noopener\"><strong>the concerned faculty<\/strong> at UCLy<\/a>.<br><\/li>\n\n<li><strong>Accommodation <\/strong>in Lyon and Annecy: contact our <a href=\"https:\/\/www.ucly.fr\/en\/student-life\/accomodation-ucly\/\" target=\"_blank\" rel=\"noreferrer noopener\"><strong>Accommodation Office<\/strong><\/a><strong> <\/strong>: <a href=\"mailto:sl@univ-catholyon.fr\" target=\"_blank\" rel=\"noreferrer noopener\">sl@univ-catholyon.fr<\/a><br><strong> <\/strong><\/li>\n\n<li><strong>Orientation <\/strong>(study and professional project, reorientation): contact the Mission Orientation: <a href=\"mailto:mission.orientation@univ-catholyon.fr\" target=\"_blank\" rel=\"noreferrer noopener\">mission.orientation@univ-catholyon.fr<\/a>.<\/li><\/ul><h2 class=\"wp-block-heading\">The International Student Desk (ISD) helps you with administrative procedures related to your stay in France:<\/h2><ul class=\"wp-block-list\"><li><strong>Visa &amp; residence permit<\/strong>: validation, renewal, change of status<\/li>\n\n<li><strong>Housing benefit<\/strong> from the CAF<\/li>\n\n<li><strong>French health insurance<\/strong> (Ameli, CPAM)<\/li>\n\n<li>Opening a <strong>French bank account<\/strong><\/li>\n\n<li>Looking for a <strong>student job<\/strong><\/li><\/ul><h2 class=\"wp-block-heading\">Follow us on Instragram \"International Students of UCLy\":<\/h2><p><a href=\"https:\/\/www.instagram.com\/internationalstudentsofucly\/\" target=\"_blank\" rel=\"noreferrer noopener\"><img decoding=\"async\" width=\"150\" height=\"150\" class=\"wp-image-272635\" style=\"width: 150px;\" src=\"https:\/\/www.ucly.fr\/wp-content\/uploads\/2024\/06\/instagram_icon.png\" alt=\"Logo instagram\" srcset=\"https:\/\/www.ucly.fr\/wp-content\/uploads\/2024\/06\/instagram_icon.png 800w, https:\/\/www.ucly.fr\/wp-content\/uploads\/2024\/06\/instagram_icon-150x150.png 150w, https:\/\/www.ucly.fr\/wp-content\/uploads\/2024\/06\/instagram_icon-140x140.png 140w, https:\/\/www.ucly.fr\/wp-content\/uploads\/2024\/06\/instagram_icon-520x520.png 520w, https:\/\/www.ucly.fr\/wp-content\/uploads\/2024\/06\/instagram_icon-640x640.png 640w, https:\/\/www.ucly.fr\/wp-content\/uploads\/2024\/06\/instagram_icon-494x494.png 494w, https:\/\/www.ucly.fr\/wp-content\/uploads\/2024\/06\/instagram_icon-100x100.png 100w\" sizes=\"(max-width: 150px) 100vw, 150px\" \/><\/a><\/p><p><\/p><div class=\"wp-block-text-image\">\n  <div class=\"row align-bottom collapse\">\n    <div class=\"column small-12 medium-6 xlarge-5 xxlarge-expand wp-block-text-image-info js-fade-scroll\">\n      <p class=\"wp-block-text-image-title\">Contact & opening hours <\/p>\n      <div class=\"wp-block-text-image-intro\"><div class=\"wp-block-text-image-intro\">\n<p><strong>International Student Desk<\/strong><br \/>\n<strong>Saint Paul Campus<\/strong><br \/>\n<strong>10 Place des Archives \u2013 69002 Lyon<\/strong><br \/>\n<strong>2sd floor \u2013 Behind the chapel \u2013 Office A275<\/strong><\/p>\n<p><em><strong>Monday<\/strong>: Closed | 1:30-5:00<br \/>\n<strong>Tuesday<\/strong>: Closed | 1:30-5:00<br \/>\n<strong>Wednesday<\/strong>: 9:00-12:30 | Closed<br \/>\n<strong>Thursday<\/strong>: Closed | 1:30-5:00<br \/>\n<strong>Friday<\/strong>: Closed | 1:30-5:00<br \/>\n<\/em><\/p>\n<p><strong>Book an appointment: <a href=\"https:\/\/calendly.com\/isd-ucly\/rdv\" target=\"_blank\" rel=\"noopener\">click <\/a><\/strong><strong>here<\/strong><br \/>\n<strong>Email: <a href=\"mailto:isd@univ-catholyon.fr\" target=\"_blank\" rel=\"noopener\">isd@univ-catholyon.fr<\/a><\/strong><\/p>\n<\/div>\n<\/div>\n    <\/div>\n\n    <div class=\"column small-12 medium-6 xlarge-7 xxlarge-shrink wp-block-text-image-picture js-fade-scroll\">\n      <img decoding=\"async\" width=\"810\" height=\"560\" src=\"https:\/\/www.ucly.fr\/wp-content\/uploads\/2025\/04\/trouver-les-ri.jpg\" class=\"attachment-text_image size-text_image\" alt=\"Trouver les RI\" srcset=\"https:\/\/www.ucly.fr\/wp-content\/uploads\/2025\/04\/trouver-les-ri.jpg 810w, https:\/\/www.ucly.fr\/wp-content\/uploads\/2025\/04\/trouver-les-ri-203x140.jpg 203w, https:\/\/www.ucly.fr\/wp-content\/uploads\/2025\/04\/trouver-les-ri-520x360.jpg 520w, https:\/\/www.ucly.fr\/wp-content\/uploads\/2025\/04\/trouver-les-ri-494x342.jpg 494w\" sizes=\"(max-width: 810px) 100vw, 810px\" \/>    <\/div>\n  <\/div>\n<\/div><div class=\"wp-block-text-image\">\n  <div class=\"row align-bottom collapse\">\n    <div class=\"column small-12 medium-6 xlarge-5 xxlarge-expand wp-block-text-image-info js-fade-scroll\">\n      <p class=\"wp-block-text-image-title\">International Student Guide<\/p>\n      <div class=\"wp-block-text-image-intro\"><p><a href=\"https:\/\/view.genially.com\/67dbf937715efe5423f649a0\/interactive-content-international-students-guide\" target=\"_blank\" rel=\"noopener\">Click here<\/a> to read!<\/p>\n<\/div>\n    <\/div>\n\n    <div class=\"column small-12 medium-6 xlarge-7 xxlarge-shrink wp-block-text-image-picture js-fade-scroll\">\n      <img decoding=\"async\" width=\"810\" height=\"560\" src=\"https:\/\/www.ucly.fr\/wp-content\/uploads\/2025\/07\/hp-guide-entrant-en-810x560.png\" class=\"attachment-text_image size-text_image\" alt=\"\" \/>    <\/div>\n  <\/div>\n<\/div><div class=\"wp-block-cross-content js-fade-scroll\">\n    <p class=\"wp-block-cross-content-title\">More information<\/p>\n            <div class=\"row wp-block-cross-content-row\">\n                                <div class=\"column small-12 medium-6 large-4 wp-block-cross-content-col\">\n                        <a class=\"wp-block-cross-content-top\" href=\"https:\/\/www.ucly.fr\/en\/student-life\/international-relations-office\/international-student-desk\/administrative-procedures\/\" title=\"Administrative procedures\">\n                            <span class=\"wp-block-cross-content-name\">Administrative procedures<\/span>\n                            <span class=\"wp-block-cross-content-image\"><img decoding=\"async\" width=\"550\" height=\"500\" src=\"https:\/\/www.ucly.fr\/wp-content\/uploads\/2019\/11\/header-ucly-etudiant-en-plein-travail-sur-ordinateur-550x500.jpg\" class=\" wp-post-image\" alt=\"R\u00e9ussir ses \u00e9tudes \u00e0 Lyon\" \/><\/span>\n                            <span class=\"wp-block-cross-content-more\">\n                                <span class=\"icon-more\"><\/span>\n                            <\/span>\n                        <\/a>\n                        <div class=\"wp-block-cross-content-excerpt\"><\/div>\n                    <\/div>\n                                                <div class=\"column small-12 medium-6 large-4 wp-block-cross-content-col\">\n                        <a class=\"wp-block-cross-content-top\" href=\"https:\/\/www.ucly.fr\/en\/student-life\/international-relations-office\/buddy-program\/\" title=\"Buddy Program\">\n                            <span class=\"wp-block-cross-content-name\">Buddy Program<\/span>\n                            <span class=\"wp-block-cross-content-image\"><img decoding=\"async\" width=\"630\" height=\"570\" src=\"https:\/\/www.ucly.fr\/wp-content\/uploads\/2024\/06\/buddy-header-630x570.png\" class=\" wp-post-image\" alt=\"\" \/><\/span>\n                            <span class=\"wp-block-cross-content-more\">\n                                <span class=\"icon-more\"><\/span>\n                            <\/span>\n                        <\/a>\n                        <div class=\"wp-block-cross-content-excerpt\"><\/div>\n                    <\/div>\n                                                <div class=\"column small-12 medium-6 large-4 wp-block-cross-content-col\">\n                        <a class=\"wp-block-cross-content-top\" href=\"https:\/\/www.ucly.fr\/en\/student-life\/international-relations-office\/pole-international\/\" title=\"P\u00f4le International\">\n                            <span class=\"wp-block-cross-content-name\">P\u00f4le International<\/span>\n                            <span class=\"wp-block-cross-content-image\"><img decoding=\"async\" width=\"630\" height=\"570\" src=\"https:\/\/www.ucly.fr\/wp-content\/uploads\/2024\/06\/pole-header-630x570.png\" class=\" wp-post-image\" alt=\"\" \/><\/span>\n                            <span class=\"wp-block-cross-content-more\">\n                                <span class=\"icon-more\"><\/span>\n                            <\/span>\n                        <\/a>\n                        <div class=\"wp-block-cross-content-excerpt\"><\/div>\n                    <\/div>\n                                    <\/div>\n    <\/div>","protected":false},"excerpt":{"rendered":"<p>Who to contact ? You have questions about:The International Student Desk (ISD) helps you with administrative procedures related to your stay in France:Follow us [&hellip;]<\/p>\n","protected":false},"author":72,"featured_media":30683,"parent":56354,"menu_order":0,"comment_status":"closed","ping_status":"closed","template":"","meta":{"_acf_changed":false,"footnotes":""},"class_list":["post-176775","page","type-page","status-publish","has-post-thumbnail","hentry"],"acf":[],"yoast_head":"<!-- This site is optimized with the Yoast SEO plugin v24.1 - https:\/\/yoast.com\/wordpress\/plugins\/seo\/ -->\n<title>International Students Desk (ISD) - UCLy<\/title>\n<meta name=\"description\" content=\"The International Student Desk (ISD) of UCLy helps and advises international students with their administrative procedures in France.\" \/>\n<meta name=\"robots\" content=\"index, follow, max-snippet:-1, max-image-preview:large, max-video-preview:-1\" \/>\n<link rel=\"canonical\" href=\"https:\/\/www.ucly.fr\/en\/student-life\/international-relations-office\/international-student-desk\/support-for-international-student\/\" \/>\n<meta property=\"og:locale\" content=\"en_US\" \/>\n<meta property=\"og:type\" content=\"article\" \/>\n<meta property=\"og:title\" content=\"International Students Desk (ISD) - UCLy\" \/>\n<meta property=\"og:description\" content=\"The International Student Desk (ISD) of UCLy helps and advises international students with their administrative procedures in France.\" \/>\n<meta property=\"og:url\" content=\"https:\/\/www.ucly.fr\/en\/student-life\/international-relations-office\/international-student-desk\/support-for-international-student\/\" \/>\n<meta property=\"og:site_name\" content=\"UCLy\" \/>\n<meta property=\"article:modified_time\" content=\"2026-03-11T10:42:38+00:00\" \/>\n<meta property=\"og:image\" content=\"https:\/\/www.ucly.fr\/wp-content\/uploads\/2019\/12\/header-sciences-economiques-1.jpg\" \/>\n\t<meta property=\"og:image:width\" content=\"1920\" \/>\n\t<meta property=\"og:image:height\" content=\"575\" \/>\n\t<meta property=\"og:image:type\" content=\"image\/jpeg\" \/>\n<meta name=\"twitter:card\" content=\"summary_large_image\" \/>\n<meta name=\"twitter:label1\" content=\"Est. reading time\" \/>\n\t<meta name=\"twitter:data1\" content=\"1 minute\" \/>\n<script type=\"application\/ld+json\" class=\"yoast-schema-graph\">{\"@context\":\"https:\/\/schema.org\",\"@graph\":[{\"@type\":\"WebPage\",\"@id\":\"https:\/\/www.ucly.fr\/en\/student-life\/international-relations-office\/international-student-desk\/support-for-international-student\/\",\"url\":\"https:\/\/www.ucly.fr\/en\/student-life\/international-relations-office\/international-student-desk\/support-for-international-student\/\",\"name\":\"International Students Desk (ISD) - UCLy\",\"isPartOf\":{\"@id\":\"https:\/\/www.ucly.fr\/en\/#website\"},\"primaryImageOfPage\":{\"@id\":\"https:\/\/www.ucly.fr\/en\/student-life\/international-relations-office\/international-student-desk\/support-for-international-student\/#primaryimage\"},\"image\":{\"@id\":\"https:\/\/www.ucly.fr\/en\/student-life\/international-relations-office\/international-student-desk\/support-for-international-student\/#primaryimage\"},\"thumbnailUrl\":\"https:\/\/www.ucly.fr\/wp-content\/uploads\/2019\/12\/header-sciences-economiques-1.jpg\",\"datePublished\":\"2019-12-05T15:31:22+00:00\",\"dateModified\":\"2026-03-11T10:42:38+00:00\",\"description\":\"The International Student Desk (ISD) of UCLy helps and advises international students with their administrative procedures in France.\",\"breadcrumb\":{\"@id\":\"https:\/\/www.ucly.fr\/en\/student-life\/international-relations-office\/international-student-desk\/support-for-international-student\/#breadcrumb\"},\"inLanguage\":\"en-US\",\"potentialAction\":[{\"@type\":\"ReadAction\",\"target\":[\"https:\/\/www.ucly.fr\/en\/student-life\/international-relations-office\/international-student-desk\/support-for-international-student\/\"]}]},{\"@type\":\"ImageObject\",\"inLanguage\":\"en-US\",\"@id\":\"https:\/\/www.ucly.fr\/en\/student-life\/international-relations-office\/international-student-desk\/support-for-international-student\/#primaryimage\",\"url\":\"https:\/\/www.ucly.fr\/wp-content\/uploads\/2019\/12\/header-sciences-economiques-1.jpg\",\"contentUrl\":\"https:\/\/www.ucly.fr\/wp-content\/uploads\/2019\/12\/header-sciences-economiques-1.jpg\",\"width\":1920,\"height\":575,\"caption\":\"header-\u00e9tudiants en ext\u00e9rieur\"},{\"@type\":\"BreadcrumbList\",\"@id\":\"https:\/\/www.ucly.fr\/en\/student-life\/international-relations-office\/international-student-desk\/support-for-international-student\/#breadcrumb\",\"itemListElement\":[{\"@type\":\"ListItem\",\"position\":1,\"name\":\"Accueil\",\"item\":\"https:\/\/www.ucly.fr\/en\/\"},{\"@type\":\"ListItem\",\"position\":2,\"name\":\"Student services\",\"item\":\"https:\/\/www.ucly.fr\/en\/student-life\/\"},{\"@type\":\"ListItem\",\"position\":3,\"name\":\"International Relations Office\",\"item\":\"https:\/\/www.ucly.fr\/en\/student-life\/international-relations-office\/\"},{\"@type\":\"ListItem\",\"position\":4,\"name\":\"Supporting international students\",\"item\":\"https:\/\/www.ucly.fr\/en\/student-life\/international-relations-office\/international-student-desk\/\"},{\"@type\":\"ListItem\",\"position\":5,\"name\":\"International Students Desk (ISD)\"}]},{\"@type\":\"WebSite\",\"@id\":\"https:\/\/www.ucly.fr\/en\/#website\",\"url\":\"https:\/\/www.ucly.fr\/en\/\",\"name\":\"UCLy\",\"description\":\"Un site utilisant WordPress\",\"publisher\":{\"@id\":\"https:\/\/www.ucly.fr\/en\/#organization\"},\"potentialAction\":[{\"@type\":\"SearchAction\",\"target\":{\"@type\":\"EntryPoint\",\"urlTemplate\":\"https:\/\/www.ucly.fr\/en\/?s={search_term_string}\"},\"query-input\":{\"@type\":\"PropertyValueSpecification\",\"valueRequired\":true,\"valueName\":\"search_term_string\"}}],\"inLanguage\":\"en-US\"},{\"@type\":\"Organization\",\"@id\":\"https:\/\/www.ucly.fr\/en\/#organization\",\"name\":\"UCLy\",\"url\":\"https:\/\/www.ucly.fr\/en\/\",\"logo\":{\"@type\":\"ImageObject\",\"inLanguage\":\"en-US\",\"@id\":\"https:\/\/www.ucly.fr\/en\/#\/schema\/logo\/image\/\",\"url\":\"https:\/\/www.ucly.fr\/wp-content\/uploads\/2025\/06\/logo-150ans-blanc.svg\",\"contentUrl\":\"https:\/\/www.ucly.fr\/wp-content\/uploads\/2025\/06\/logo-150ans-blanc.svg\",\"caption\":\"UCLy\"},\"image\":{\"@id\":\"https:\/\/www.ucly.fr\/en\/#\/schema\/logo\/image\/\"}}]}<\/script>\n<!-- \/ Yoast SEO plugin. -->","yoast_head_json":{"title":"International Students Desk (ISD) - UCLy","description":"The International Student Desk (ISD) of UCLy helps and advises international students with their administrative procedures in France.","robots":{"index":"index","follow":"follow","max-snippet":"max-snippet:-1","max-image-preview":"max-image-preview:large","max-video-preview":"max-video-preview:-1"},"canonical":"https:\/\/www.ucly.fr\/en\/student-life\/international-relations-office\/international-student-desk\/support-for-international-student\/","og_locale":"en_US","og_type":"article","og_title":"International Students Desk (ISD) - UCLy","og_description":"The International Student Desk (ISD) of UCLy helps and advises international students with their administrative procedures in France.","og_url":"https:\/\/www.ucly.fr\/en\/student-life\/international-relations-office\/international-student-desk\/support-for-international-student\/","og_site_name":"UCLy","article_modified_time":"2026-03-11T10:42:38+00:00","og_image":[{"width":1920,"height":575,"url":"https:\/\/www.ucly.fr\/wp-content\/uploads\/2019\/12\/header-sciences-economiques-1.jpg","type":"image\/jpeg"}],"twitter_card":"summary_large_image","twitter_misc":{"Est. reading time":"1 minute"},"schema":{"@context":"https:\/\/schema.org","@graph":[{"@type":"WebPage","@id":"https:\/\/www.ucly.fr\/en\/student-life\/international-relations-office\/international-student-desk\/support-for-international-student\/","url":"https:\/\/www.ucly.fr\/en\/student-life\/international-relations-office\/international-student-desk\/support-for-international-student\/","name":"International Students Desk (ISD) - UCLy","isPartOf":{"@id":"https:\/\/www.ucly.fr\/en\/#website"},"primaryImageOfPage":{"@id":"https:\/\/www.ucly.fr\/en\/student-life\/international-relations-office\/international-student-desk\/support-for-international-student\/#primaryimage"},"image":{"@id":"https:\/\/www.ucly.fr\/en\/student-life\/international-relations-office\/international-student-desk\/support-for-international-student\/#primaryimage"},"thumbnailUrl":"https:\/\/www.ucly.fr\/wp-content\/uploads\/2019\/12\/header-sciences-economiques-1.jpg","datePublished":"2019-12-05T15:31:22+00:00","dateModified":"2026-03-11T10:42:38+00:00","description":"The International Student Desk (ISD) of UCLy helps and advises international students with their administrative procedures in France.","breadcrumb":{"@id":"https:\/\/www.ucly.fr\/en\/student-life\/international-relations-office\/international-student-desk\/support-for-international-student\/#breadcrumb"},"inLanguage":"en-US","potentialAction":[{"@type":"ReadAction","target":["https:\/\/www.ucly.fr\/en\/student-life\/international-relations-office\/international-student-desk\/support-for-international-student\/"]}]},{"@type":"ImageObject","inLanguage":"en-US","@id":"https:\/\/www.ucly.fr\/en\/student-life\/international-relations-office\/international-student-desk\/support-for-international-student\/#primaryimage","url":"https:\/\/www.ucly.fr\/wp-content\/uploads\/2019\/12\/header-sciences-economiques-1.jpg","contentUrl":"https:\/\/www.ucly.fr\/wp-content\/uploads\/2019\/12\/header-sciences-economiques-1.jpg","width":1920,"height":575,"caption":"header-\u00e9tudiants en ext\u00e9rieur"},{"@type":"BreadcrumbList","@id":"https:\/\/www.ucly.fr\/en\/student-life\/international-relations-office\/international-student-desk\/support-for-international-student\/#breadcrumb","itemListElement":[{"@type":"ListItem","position":1,"name":"Accueil","item":"https:\/\/www.ucly.fr\/en\/"},{"@type":"ListItem","position":2,"name":"Student services","item":"https:\/\/www.ucly.fr\/en\/student-life\/"},{"@type":"ListItem","position":3,"name":"International Relations Office","item":"https:\/\/www.ucly.fr\/en\/student-life\/international-relations-office\/"},{"@type":"ListItem","position":4,"name":"Supporting international students","item":"https:\/\/www.ucly.fr\/en\/student-life\/international-relations-office\/international-student-desk\/"},{"@type":"ListItem","position":5,"name":"International Students Desk (ISD)"}]},{"@type":"WebSite","@id":"https:\/\/www.ucly.fr\/en\/#website","url":"https:\/\/www.ucly.fr\/en\/","name":"UCLy","description":"Un site utilisant WordPress","publisher":{"@id":"https:\/\/www.ucly.fr\/en\/#organization"},"potentialAction":[{"@type":"SearchAction","target":{"@type":"EntryPoint","urlTemplate":"https:\/\/www.ucly.fr\/en\/?s={search_term_string}"},"query-input":{"@type":"PropertyValueSpecification","valueRequired":true,"valueName":"search_term_string"}}],"inLanguage":"en-US"},{"@type":"Organization","@id":"https:\/\/www.ucly.fr\/en\/#organization","name":"UCLy","url":"https:\/\/www.ucly.fr\/en\/","logo":{"@type":"ImageObject","inLanguage":"en-US","@id":"https:\/\/www.ucly.fr\/en\/#\/schema\/logo\/image\/","url":"https:\/\/www.ucly.fr\/wp-content\/uploads\/2025\/06\/logo-150ans-blanc.svg","contentUrl":"https:\/\/www.ucly.fr\/wp-content\/uploads\/2025\/06\/logo-150ans-blanc.svg","caption":"UCLy"},"image":{"@id":"https:\/\/www.ucly.fr\/en\/#\/schema\/logo\/image\/"}}]}},"_links":{"self":[{"href":"https:\/\/www.ucly.fr\/en\/wp-json\/wp\/v2\/pages\/176775","targetHints":{"allow":["GET"]}}],"collection":[{"href":"https:\/\/www.ucly.fr\/en\/wp-json\/wp\/v2\/pages"}],"about":[{"href":"https:\/\/www.ucly.fr\/en\/wp-json\/wp\/v2\/types\/page"}],"author":[{"embeddable":true,"href":"https:\/\/www.ucly.fr\/en\/wp-json\/wp\/v2\/users\/72"}],"replies":[{"embeddable":true,"href":"https:\/\/www.ucly.fr\/en\/wp-json\/wp\/v2\/comments?post=176775"}],"version-history":[{"count":2,"href":"https:\/\/www.ucly.fr\/en\/wp-json\/wp\/v2\/pages\/176775\/revisions"}],"predecessor-version":[{"id":431765,"href":"https:\/\/www.ucly.fr\/en\/wp-json\/wp\/v2\/pages\/176775\/revisions\/431765"}],"up":[{"embeddable":true,"href":"https:\/\/www.ucly.fr\/en\/wp-json\/wp\/v2\/pages\/56354"}],"wp:featuredmedia":[{"embeddable":true,"href":"https:\/\/www.ucly.fr\/en\/wp-json\/wp\/v2\/media\/30683"}],"wp:attachment":[{"href":"https:\/\/www.ucly.fr\/en\/wp-json\/wp\/v2\/media?parent=176775"}],"curies":[{"name":"wp","href":"https:\/\/api.w.org\/{rel}","templated":true}]}}