{"id":142417,"date":"2022-03-31T16:23:40","date_gmt":"2022-03-31T14:23:40","guid":{"rendered":"https:\/\/www.ucly.fr\/?page_id=142417"},"modified":"2023-02-08T11:48:21","modified_gmt":"2023-02-08T10:48:21","slug":"temporary-members","status":"publish","type":"page","link":"https:\/\/www.ucly.fr\/en\/research\/researchers\/temporary-members\/","title":{"rendered":"Temporary members &#038; PhD students"},"content":{"rendered":"<p>The temporary members of the CONFLUENCE Sciences &amp; Humanities Research Center (EA1598) are either experts specifically involved in a research project and are elected by the Scientific Council, either PhD students working on their thesis within UCLy.<\/p><p id=\"vidal\">Direct links to temporary members profiles : <a href=\"#vasilakis\">Georges VASILAKIS<\/a>, <a href=\"#terzan\">Laurence TERZAN<\/a>, <a href=\"#plantier\">Yan PLANTIER<\/a>,<a href=\"#piatti\"> <\/a><a href=\"#garcia-baena\">Federico GARCIA-BERNA<\/a>, <a href=\"#favet\">No\u00eblle FAVET<\/a>, <a href=\"#clifft\">Sarah CLIFFT<\/a><\/p><div class=\"wp-block-button js-fade-scroll\">\n\n    <a href=\"https:\/\/www.ucly.fr\/la-recherche\/les-enseignants-chercheurs\/nos-doctorants\/\" target=\"_blank\" title=\"Visit the page of our PhD students (in French)\" class=\"button primary\">Visit the page of our PhD students (in French)<\/a>\n\n  <\/div><div class=\"wp-block-separator js-fade-scroll\"><\/div><div class=\"wp-block-media-text alignwide is-stacked-on-mobile\" style=\"grid-template-columns:15% auto\"><figure class=\"wp-block-media-text__media\"><img decoding=\"async\" width=\"1618\" height=\"1283\" src=\"https:\/\/www.ucly.fr\/wp-content\/uploads\/2023\/01\/photo-jeremie-2022.jpg\" alt=\"\" class=\"wp-image-180374 size-full\" srcset=\"https:\/\/www.ucly.fr\/wp-content\/uploads\/2023\/01\/photo-jeremie-2022.jpg 1618w, https:\/\/www.ucly.fr\/wp-content\/uploads\/2023\/01\/photo-jeremie-2022-1536x1218.jpg 1536w, https:\/\/www.ucly.fr\/wp-content\/uploads\/2023\/01\/photo-jeremie-2022-177x140.jpg 177w, https:\/\/www.ucly.fr\/wp-content\/uploads\/2023\/01\/photo-jeremie-2022-66x52.jpg 66w, https:\/\/www.ucly.fr\/wp-content\/uploads\/2023\/01\/photo-jeremie-2022-520x412.jpg 520w\" sizes=\"(max-width: 1618px) 100vw, 1618px\" \/><\/figure><div class=\"wp-block-media-text__content\"><h2 class=\"wp-block-heading\" id=\"guillaume-bady\">J\u00e9r\u00e9mie SUPIOT<\/h2>\n\n<p><strong>Temporary member of the project<\/strong> <strong><a href=\"https:\/\/www.ucly.fr\/la-recherche\/institut-chaire-projets-recherche\/programmes-de-recherche\/projet-nhnai\/\">NHNAI - New Humanism at the time of Neurosciences and Artificial Intelligence<\/a><\/strong><\/p>\n\n<p>J\u00e9r\u00e9mie Supiot is a doctoral student in philosophy at the Catholic University of Lyon and at the LUMSA University in Rome. He holds a Master's degree in Philosophy with a specialization in Ethics, Ecology and Sustainable Development from the University Jean Moulin Lyon 3. His thesis focuses on ethical empowerment at the interface between society and the university. She is directed by Mathieu Guillermin (Catholic University of Lyon) and Stefano Biancu (LUMSA, ROME), and is part of activity 4 of the NHNAI project. His research topics are mainly epistemology and ethics applied to science and technology, especially engineering sciences. He co-organizes the ETIUS seminars at the Universit\u00e9 Catholique de Lyon. He is also a member of the EPSI research group, which organizes the Cultures of Engineers and Training seminar.<\/p><\/div><\/div><div class=\"wp-block-separator js-fade-scroll\"><\/div><div class=\"wp-block-media-text alignwide is-stacked-on-mobile\" style=\"grid-template-columns:15% auto\"><figure class=\"wp-block-media-text__media\"><img decoding=\"async\" width=\"200\" height=\"200\" src=\"https:\/\/www.ucly.fr\/wp-content\/uploads\/2022\/03\/vasilakis_georges_200.jpg\" alt=\"\" class=\"wp-image-133529 size-full\" srcset=\"https:\/\/www.ucly.fr\/wp-content\/uploads\/2022\/03\/vasilakis_georges_200.jpg 200w, https:\/\/www.ucly.fr\/wp-content\/uploads\/2022\/03\/vasilakis_georges_200-150x150.jpg 150w, https:\/\/www.ucly.fr\/wp-content\/uploads\/2022\/03\/vasilakis_georges_200-140x140.jpg 140w\" sizes=\"(max-width: 200px) 100vw, 200px\" \/><\/figure><div class=\"wp-block-media-text__content\"><h2 class=\"wp-block-heading\" id=\"guillaume-bady\">Georges VASILAKIS<\/h2>\n\n<p><strong>Temporary member of the <a href=\"https:\/\/www.ucly.fr\/en\/research\/research-groups\/bible-and-ancient-literatures-and-cultures\/\" target=\"_blank\" rel=\"noreferrer noopener\">Research group #2 - Bible and Ancient Literatures and Cultures<\/a><\/strong><\/p>\n\n<p id=\"terzan\">Father Georges Vasilakis is a lecturer in Semiotics and Introduction to Biblical Greek at UCLy. He holds Licences in Management, Orthodox Theology and General Theology. He has completed a Master I in Patristic Studies and a Master II in Biblical Exegesis and Semiotics. Doctoral student at the Aristotle University of Thessaloniki, he is preparing a thesis entitled '<em>Semiotic Analysis of the Prologues of the Pauline Epistles. The Hermeneutics of Semiotics<\/em>'. For the past 7 years, he has organised the seminar 'Semiotics and the Bible'. He co-organised the international conference 'Semiotics and Spirituality: Meaning of Transcendence' and presented the article 'Dire l'indicible: le pouvoir des signes dans la Bible' (Qu\u00e9bec '21).<\/p><\/div><\/div><div class=\"wp-block-separator js-fade-scroll\"><\/div><div class=\"wp-block-media-text alignwide is-stacked-on-mobile\" style=\"grid-template-columns:15% auto\"><figure class=\"wp-block-media-text__media\"><img decoding=\"async\" width=\"200\" height=\"200\" src=\"https:\/\/www.ucly.fr\/wp-content\/uploads\/2022\/03\/terzan_laurence_200.jpg\" alt=\"\" class=\"wp-image-133562 size-full\" srcset=\"https:\/\/www.ucly.fr\/wp-content\/uploads\/2022\/03\/terzan_laurence_200.jpg 200w, https:\/\/www.ucly.fr\/wp-content\/uploads\/2022\/03\/terzan_laurence_200-150x150.jpg 150w, https:\/\/www.ucly.fr\/wp-content\/uploads\/2022\/03\/terzan_laurence_200-140x140.jpg 140w\" sizes=\"(max-width: 200px) 100vw, 200px\" \/><\/figure><div class=\"wp-block-media-text__content\"><h2 class=\"wp-block-heading\" id=\"jean-marie-exbrayat\">Laurence TERZAN<\/h2>\n\n<p><strong>Temporary member of the <a href=\"https:\/\/www.ucly.fr\/en\/research\/research-groups\/integral-human-development-ecology-and-ethics\/\" target=\"_blank\" rel=\"noreferrer noopener\">Research group #5 - Integral Human Development, Ecology and Ethics<\/a><\/strong><\/p>\n\n<p>Emergency doctor at the Centre hospitalier des Vals d'Ard\u00e8che, in Privas and doctoral student. After a career that took her from the management of the Mother and Child Protection Centers in French Guiana to the coordination of a project of the Ministry of Foreign Affairs at the French Embassy in Surinam, then to the WHO, she resumed her studies in philosophy in 2017.<\/p>\n\n<p id=\"plantier\">She is currently preparing a PhD in philosophy and biology at the \u00c9cole Pratique des Hautes Etudes (EPHE) in Paris ('Symbiosis and the living'), in collaboration with the SOCA research platform in Lyon and INRA.<\/p><\/div><\/div><div class=\"wp-block-separator js-fade-scroll\"><\/div><div class=\"wp-block-media-text alignwide is-stacked-on-mobile\" style=\"grid-template-columns:15% auto\"><figure class=\"wp-block-media-text__media\"><img decoding=\"async\" width=\"150\" height=\"150\" src=\"https:\/\/www.ucly.fr\/wp-content\/uploads\/2019\/11\/yan-plantier-portrait-150x150.jpg\" alt=\"\" class=\"wp-image-18133 size-full\" srcset=\"https:\/\/www.ucly.fr\/wp-content\/uploads\/2019\/11\/yan-plantier-portrait-150x150.jpg 150w, https:\/\/www.ucly.fr\/wp-content\/uploads\/2019\/11\/yan-plantier-portrait-150x150-140x140.jpg 140w\" sizes=\"(max-width: 150px) 100vw, 150px\" \/><\/figure><div class=\"wp-block-media-text__content\"><h2 class=\"wp-block-heading\">Yan PLANTIER<\/h2>\n\n<p><strong>Temporary member of the <a href=\"https:\/\/www.ucly.fr\/en\/research\/research-groups\/education-people-and-support\/\" target=\"_blank\" rel=\"noreferrer noopener\">Research group #4 - Education, People and Support<\/a><\/strong><\/p>\n\n<p id=\"garcia-baena\">Professor of Philosophy, lecturer at the UCLy (ethics and philosophy of education), he also worked for ten years in prisons.<\/p><\/div><\/div><div class=\"wp-block-separator js-fade-scroll\"><\/div><div class=\"wp-block-media-text alignwide is-stacked-on-mobile\" style=\"grid-template-columns:15% auto\"><figure class=\"wp-block-media-text__media\"><img decoding=\"async\" width=\"200\" height=\"200\" src=\"https:\/\/www.ucly.fr\/wp-content\/uploads\/2022\/03\/garcia_baena_federico_200.jpg\" alt=\"\" class=\"wp-image-134662 size-full\" srcset=\"https:\/\/www.ucly.fr\/wp-content\/uploads\/2022\/03\/garcia_baena_federico_200.jpg 200w, https:\/\/www.ucly.fr\/wp-content\/uploads\/2022\/03\/garcia_baena_federico_200-150x150.jpg 150w, https:\/\/www.ucly.fr\/wp-content\/uploads\/2022\/03\/garcia_baena_federico_200-140x140.jpg 140w\" sizes=\"(max-width: 200px) 100vw, 200px\" \/><\/figure><div class=\"wp-block-media-text__content\"><h2 class=\"wp-block-heading\" id=\"claudine-gay\">Federico GARCIA BAENA<\/h2>\n\n<p><strong>Temporary member of the <a href=\"https:\/\/www.ucly.fr\/en\/research\/research-groups\/sustainable-business-and-organisations\/\" target=\"_blank\" rel=\"noreferrer noopener\">Research group #8 - Sustainable business and organizations<\/a><\/strong><\/p>\n\n<p>Trilingual marketing professional who has been working for more than 10 years in the field, in marketing agencies, companies and as a consultant. He is currently preparing a PhD on self-monitoring practices and consumer cultures at the IAE of Poitiers.<\/p>\n\n<p>He is a teacher at the Marketing &amp; Digital Business Pole at the ESDES Business school of UCLy.<\/p>\n\n<p id=\"favet\">Within the Rsearch group #8, he participates in the activities of the axis \"Consumer and market perspectives.\"<\/p><\/div><\/div><div class=\"wp-block-separator js-fade-scroll\"><\/div><div class=\"wp-block-media-text alignwide is-stacked-on-mobile\" style=\"grid-template-columns:15% auto\"><figure class=\"wp-block-media-text__media\"><img decoding=\"async\" width=\"200\" height=\"200\" src=\"https:\/\/www.ucly.fr\/wp-content\/uploads\/2022\/03\/favet_noelle_200.jpg\" alt=\"\" class=\"wp-image-134669 size-full\" srcset=\"https:\/\/www.ucly.fr\/wp-content\/uploads\/2022\/03\/favet_noelle_200.jpg 200w, https:\/\/www.ucly.fr\/wp-content\/uploads\/2022\/03\/favet_noelle_200-150x150.jpg 150w, https:\/\/www.ucly.fr\/wp-content\/uploads\/2022\/03\/favet_noelle_200-140x140.jpg 140w\" sizes=\"(max-width: 200px) 100vw, 200px\" \/><\/figure><div class=\"wp-block-media-text__content\"><h2 class=\"wp-block-heading\" id=\"jean-marie-exbrayat\">No\u00eblle FAVET<\/h2>\n\n<p><strong>Temporary member of the <a href=\"https:\/\/www.ucly.fr\/en\/research\/research-groups\/integral-human-development-ecology-and-ethics\/\" target=\"_blank\" rel=\"noreferrer noopener\">Research group #5 - Integral Human Development, Ecology and Ethics<\/a><\/strong><\/p>\n\n<p id=\"clifft\">Ignatian Sister, Doctor in molecular biology. Responsible for training in spiritual life and discernment.<\/p><\/div><\/div><div class=\"wp-block-separator js-fade-scroll\"><\/div><div class=\"wp-block-media-text alignwide is-stacked-on-mobile\" style=\"grid-template-columns:15% auto\"><figure class=\"wp-block-media-text__media\"><img decoding=\"async\" width=\"200\" height=\"200\" src=\"https:\/\/www.ucly.fr\/wp-content\/uploads\/2022\/03\/clifft_sarah_200.jpg\" alt=\"\" class=\"wp-image-134665 size-full\" srcset=\"https:\/\/www.ucly.fr\/wp-content\/uploads\/2022\/03\/clifft_sarah_200.jpg 200w, https:\/\/www.ucly.fr\/wp-content\/uploads\/2022\/03\/clifft_sarah_200-150x150.jpg 150w, https:\/\/www.ucly.fr\/wp-content\/uploads\/2022\/03\/clifft_sarah_200-140x140.jpg 140w\" sizes=\"(max-width: 200px) 100vw, 200px\" \/><\/figure><div class=\"wp-block-media-text__content\"><h2 class=\"wp-block-heading\" id=\"jean-marie-exbrayat\">Sarah CLIFFT<\/h2>\n\n<p><strong>Temporary member of the <a href=\"https:\/\/www.ucly.fr\/en\/research\/research-groups\/sustainable-business-and-organisations\/\" target=\"_blank\" rel=\"noreferrer noopener\">Research group #8 - Sustainable business and organizations<\/a><\/strong><\/p>\n\n<p>Sarah Clifft is a lecturer in Marketing and Digital Business at ESDES Lyon Business School. She holds a Master's degree in French Studies from Lancaster University and a PhD from Cardiff School of Management. Her thesis is about 'Preparing for the Uber Economy in B2B - the digital transformation of SMEs in the industrial sector in France'.<\/p>\n\n<p>Her research interests are in the areas of digital marketing in B2B and educational innovation. She participated in the EIRASS conference (Vancouver) in June 2017 where she presented her paper about 'The digital transformation of pedagogy'.<\/p><\/div><\/div><div class=\"wp-block-separator js-fade-scroll\"><\/div><div class=\"wp-block-cross-content js-fade-scroll\">\n    <p class=\"wp-block-cross-content-title\">Discover more<\/p>\n            <div class=\"row wp-block-cross-content-row\">\n                                <div class=\"column small-12 medium-6 large-4 wp-block-cross-content-col\">\n                        <a class=\"wp-block-cross-content-top\" href=\"https:\/\/www.ucly.fr\/en\/research\/research-groups\/\" title=\"Identify the 8 Research Groups\">\n                            <span class=\"wp-block-cross-content-name\">Identify the 8 Research Groups<\/span>\n                            <span class=\"wp-block-cross-content-image\"><img decoding=\"async\" width=\"630\" height=\"570\" src=\"https:\/\/www.ucly.fr\/wp-content\/uploads\/2019\/11\/campus-st-paul-630x570.jpg\" class=\" wp-post-image\" alt=\"\" \/><\/span>\n                            <span class=\"wp-block-cross-content-more\">\n                                <span class=\"icon-more\"><\/span>\n                            <\/span>\n                        <\/a>\n                        <div class=\"wp-block-cross-content-excerpt\"><\/div>\n                    <\/div>\n                                                <div class=\"column small-12 medium-6 large-4 wp-block-cross-content-col\">\n                        <a class=\"wp-block-cross-content-top\" href=\"https:\/\/www.ucly.fr\/en\/research\/researchers\/visiting-professors\/\" title=\"Visiting professors\">\n                            <span class=\"wp-block-cross-content-name\">Visiting professors<\/span>\n                            <span class=\"wp-block-cross-content-image\"><img decoding=\"async\" width=\"630\" height=\"570\" src=\"https:\/\/www.ucly.fr\/wp-content\/uploads\/2022\/02\/vue-du-rhone_ville-de-lyon-630x570.jpg\" class=\" wp-post-image\" alt=\"\" \/><\/span>\n                            <span class=\"wp-block-cross-content-more\">\n                                <span class=\"icon-more\"><\/span>\n                            <\/span>\n                        <\/a>\n                        <div class=\"wp-block-cross-content-excerpt\"><\/div>\n                    <\/div>\n                                                <div class=\"column small-12 medium-6 large-4 wp-block-cross-content-col\">\n                        <a class=\"wp-block-cross-content-top\" href=\"https:\/\/www.ucly.fr\/en\/research\/researchers\/fellow-members\/\" title=\"Fellow members\">\n                            <span class=\"wp-block-cross-content-name\">Fellow members<\/span>\n                            <span class=\"wp-block-cross-content-image\"><img decoding=\"async\" width=\"630\" height=\"570\" src=\"https:\/\/www.ucly.fr\/wp-content\/uploads\/2022\/03\/shooting-ucly-mars-331-630x570.jpg\" class=\" wp-post-image\" alt=\"\" \/><\/span>\n                            <span class=\"wp-block-cross-content-more\">\n                                <span class=\"icon-more\"><\/span>\n                            <\/span>\n                        <\/a>\n                        <div class=\"wp-block-cross-content-excerpt\"><\/div>\n                    <\/div>\n                                    <\/div>\n    <\/div>","protected":false},"excerpt":{"rendered":"<p>The temporary members of the CONFLUENCE Sciences &amp; Humanities Research Center (EA1598) are either experts specifically involved in a research project and are elected [&hellip;]<\/p>\n","protected":false},"author":43,"featured_media":133598,"parent":113003,"menu_order":4,"comment_status":"closed","ping_status":"closed","template":"","meta":{"_acf_changed":false,"footnotes":""},"class_list":["post-142417","page","type-page","status-publish","has-post-thumbnail","hentry"],"acf":[],"yoast_head":"<!-- This site is optimized with the Yoast SEO plugin v24.1 - https:\/\/yoast.com\/wordpress\/plugins\/seo\/ -->\n<title>Temporary members &amp; PhD students - UCLy<\/title>\n<meta name=\"robots\" content=\"index, follow, max-snippet:-1, max-image-preview:large, max-video-preview:-1\" \/>\n<link rel=\"canonical\" href=\"https:\/\/www.ucly.fr\/en\/research\/researchers\/temporary-members\/\" \/>\n<meta property=\"og:locale\" content=\"en_US\" \/>\n<meta property=\"og:type\" content=\"article\" \/>\n<meta property=\"og:title\" content=\"Temporary members &amp; PhD students - UCLy\" \/>\n<meta property=\"og:description\" content=\"The temporary members of the CONFLUENCE Sciences &amp; Humanities Research Center (EA1598) are either experts specifically involved in a research project and are elected [&hellip;]\" \/>\n<meta property=\"og:url\" content=\"https:\/\/www.ucly.fr\/en\/research\/researchers\/temporary-members\/\" \/>\n<meta property=\"og:site_name\" content=\"UCLy\" \/>\n<meta property=\"article:modified_time\" content=\"2023-02-08T10:48:21+00:00\" \/>\n<meta property=\"og:image\" content=\"https:\/\/www.ucly.fr\/wp-content\/uploads\/2022\/03\/ucly-hd-128formation-continue-catalogue-2018-1601x576.jpg\" \/>\n\t<meta property=\"og:image:width\" content=\"1601\" \/>\n\t<meta property=\"og:image:height\" content=\"898\" \/>\n\t<meta property=\"og:image:type\" content=\"image\/jpeg\" \/>\n<meta name=\"twitter:card\" content=\"summary_large_image\" \/>\n<meta name=\"twitter:label1\" content=\"Est. reading time\" \/>\n\t<meta name=\"twitter:data1\" content=\"5 minutes\" \/>\n<script type=\"application\/ld+json\" class=\"yoast-schema-graph\">{\"@context\":\"https:\/\/schema.org\",\"@graph\":[{\"@type\":\"WebPage\",\"@id\":\"https:\/\/www.ucly.fr\/en\/research\/researchers\/temporary-members\/\",\"url\":\"https:\/\/www.ucly.fr\/en\/research\/researchers\/temporary-members\/\",\"name\":\"Temporary members & PhD students - UCLy\",\"isPartOf\":{\"@id\":\"https:\/\/www.ucly.fr\/en\/#website\"},\"primaryImageOfPage\":{\"@id\":\"https:\/\/www.ucly.fr\/en\/research\/researchers\/temporary-members\/#primaryimage\"},\"image\":{\"@id\":\"https:\/\/www.ucly.fr\/en\/research\/researchers\/temporary-members\/#primaryimage\"},\"thumbnailUrl\":\"https:\/\/www.ucly.fr\/wp-content\/uploads\/2022\/03\/ucly-hd-128formation-continue-catalogue-2018-1601x576.jpg\",\"datePublished\":\"2022-03-31T14:23:40+00:00\",\"dateModified\":\"2023-02-08T10:48:21+00:00\",\"breadcrumb\":{\"@id\":\"https:\/\/www.ucly.fr\/en\/research\/researchers\/temporary-members\/#breadcrumb\"},\"inLanguage\":\"en-US\",\"potentialAction\":[{\"@type\":\"ReadAction\",\"target\":[\"https:\/\/www.ucly.fr\/en\/research\/researchers\/temporary-members\/\"]}]},{\"@type\":\"ImageObject\",\"inLanguage\":\"en-US\",\"@id\":\"https:\/\/www.ucly.fr\/en\/research\/researchers\/temporary-members\/#primaryimage\",\"url\":\"https:\/\/www.ucly.fr\/wp-content\/uploads\/2022\/03\/ucly-hd-128formation-continue-catalogue-2018-1601x576.jpg\",\"contentUrl\":\"https:\/\/www.ucly.fr\/wp-content\/uploads\/2022\/03\/ucly-hd-128formation-continue-catalogue-2018-1601x576.jpg\",\"width\":1601,\"height\":898,\"caption\":\"\u00e9tudiants devant universit\u00e9 \u00e0 Lyon\"},{\"@type\":\"BreadcrumbList\",\"@id\":\"https:\/\/www.ucly.fr\/en\/research\/researchers\/temporary-members\/#breadcrumb\",\"itemListElement\":[{\"@type\":\"ListItem\",\"position\":1,\"name\":\"Accueil\",\"item\":\"https:\/\/www.ucly.fr\/en\/\"},{\"@type\":\"ListItem\",\"position\":2,\"name\":\"Research\",\"item\":\"https:\/\/www.ucly.fr\/en\/research\/\"},{\"@type\":\"ListItem\",\"position\":3,\"name\":\"Discover the members of the Research Center\",\"item\":\"https:\/\/www.ucly.fr\/en\/research\/researchers\/\"},{\"@type\":\"ListItem\",\"position\":4,\"name\":\"Temporary members &#038; PhD students\"}]},{\"@type\":\"WebSite\",\"@id\":\"https:\/\/www.ucly.fr\/en\/#website\",\"url\":\"https:\/\/www.ucly.fr\/en\/\",\"name\":\"UCLy\",\"description\":\"Un site utilisant WordPress\",\"publisher\":{\"@id\":\"https:\/\/www.ucly.fr\/en\/#organization\"},\"potentialAction\":[{\"@type\":\"SearchAction\",\"target\":{\"@type\":\"EntryPoint\",\"urlTemplate\":\"https:\/\/www.ucly.fr\/en\/?s={search_term_string}\"},\"query-input\":{\"@type\":\"PropertyValueSpecification\",\"valueRequired\":true,\"valueName\":\"search_term_string\"}}],\"inLanguage\":\"en-US\"},{\"@type\":\"Organization\",\"@id\":\"https:\/\/www.ucly.fr\/en\/#organization\",\"name\":\"UCLy\",\"url\":\"https:\/\/www.ucly.fr\/en\/\",\"logo\":{\"@type\":\"ImageObject\",\"inLanguage\":\"en-US\",\"@id\":\"https:\/\/www.ucly.fr\/en\/#\/schema\/logo\/image\/\",\"url\":\"https:\/\/www.ucly.fr\/wp-content\/uploads\/2025\/06\/logo-150ans-blanc.svg\",\"contentUrl\":\"https:\/\/www.ucly.fr\/wp-content\/uploads\/2025\/06\/logo-150ans-blanc.svg\",\"caption\":\"UCLy\"},\"image\":{\"@id\":\"https:\/\/www.ucly.fr\/en\/#\/schema\/logo\/image\/\"}}]}<\/script>\n<!-- \/ Yoast SEO plugin. -->","yoast_head_json":{"title":"Temporary members & PhD students - UCLy","robots":{"index":"index","follow":"follow","max-snippet":"max-snippet:-1","max-image-preview":"max-image-preview:large","max-video-preview":"max-video-preview:-1"},"canonical":"https:\/\/www.ucly.fr\/en\/research\/researchers\/temporary-members\/","og_locale":"en_US","og_type":"article","og_title":"Temporary members & PhD students - UCLy","og_description":"The temporary members of the CONFLUENCE Sciences &amp; Humanities Research Center (EA1598) are either experts specifically involved in a research project and are elected [&hellip;]","og_url":"https:\/\/www.ucly.fr\/en\/research\/researchers\/temporary-members\/","og_site_name":"UCLy","article_modified_time":"2023-02-08T10:48:21+00:00","og_image":[{"width":1601,"height":898,"url":"https:\/\/www.ucly.fr\/wp-content\/uploads\/2022\/03\/ucly-hd-128formation-continue-catalogue-2018-1601x576.jpg","type":"image\/jpeg"}],"twitter_card":"summary_large_image","twitter_misc":{"Est. reading time":"5 minutes"},"schema":{"@context":"https:\/\/schema.org","@graph":[{"@type":"WebPage","@id":"https:\/\/www.ucly.fr\/en\/research\/researchers\/temporary-members\/","url":"https:\/\/www.ucly.fr\/en\/research\/researchers\/temporary-members\/","name":"Temporary members & PhD students - UCLy","isPartOf":{"@id":"https:\/\/www.ucly.fr\/en\/#website"},"primaryImageOfPage":{"@id":"https:\/\/www.ucly.fr\/en\/research\/researchers\/temporary-members\/#primaryimage"},"image":{"@id":"https:\/\/www.ucly.fr\/en\/research\/researchers\/temporary-members\/#primaryimage"},"thumbnailUrl":"https:\/\/www.ucly.fr\/wp-content\/uploads\/2022\/03\/ucly-hd-128formation-continue-catalogue-2018-1601x576.jpg","datePublished":"2022-03-31T14:23:40+00:00","dateModified":"2023-02-08T10:48:21+00:00","breadcrumb":{"@id":"https:\/\/www.ucly.fr\/en\/research\/researchers\/temporary-members\/#breadcrumb"},"inLanguage":"en-US","potentialAction":[{"@type":"ReadAction","target":["https:\/\/www.ucly.fr\/en\/research\/researchers\/temporary-members\/"]}]},{"@type":"ImageObject","inLanguage":"en-US","@id":"https:\/\/www.ucly.fr\/en\/research\/researchers\/temporary-members\/#primaryimage","url":"https:\/\/www.ucly.fr\/wp-content\/uploads\/2022\/03\/ucly-hd-128formation-continue-catalogue-2018-1601x576.jpg","contentUrl":"https:\/\/www.ucly.fr\/wp-content\/uploads\/2022\/03\/ucly-hd-128formation-continue-catalogue-2018-1601x576.jpg","width":1601,"height":898,"caption":"\u00e9tudiants devant universit\u00e9 \u00e0 Lyon"},{"@type":"BreadcrumbList","@id":"https:\/\/www.ucly.fr\/en\/research\/researchers\/temporary-members\/#breadcrumb","itemListElement":[{"@type":"ListItem","position":1,"name":"Accueil","item":"https:\/\/www.ucly.fr\/en\/"},{"@type":"ListItem","position":2,"name":"Research","item":"https:\/\/www.ucly.fr\/en\/research\/"},{"@type":"ListItem","position":3,"name":"Discover the members of the Research Center","item":"https:\/\/www.ucly.fr\/en\/research\/researchers\/"},{"@type":"ListItem","position":4,"name":"Temporary members &#038; PhD students"}]},{"@type":"WebSite","@id":"https:\/\/www.ucly.fr\/en\/#website","url":"https:\/\/www.ucly.fr\/en\/","name":"UCLy","description":"Un site utilisant WordPress","publisher":{"@id":"https:\/\/www.ucly.fr\/en\/#organization"},"potentialAction":[{"@type":"SearchAction","target":{"@type":"EntryPoint","urlTemplate":"https:\/\/www.ucly.fr\/en\/?s={search_term_string}"},"query-input":{"@type":"PropertyValueSpecification","valueRequired":true,"valueName":"search_term_string"}}],"inLanguage":"en-US"},{"@type":"Organization","@id":"https:\/\/www.ucly.fr\/en\/#organization","name":"UCLy","url":"https:\/\/www.ucly.fr\/en\/","logo":{"@type":"ImageObject","inLanguage":"en-US","@id":"https:\/\/www.ucly.fr\/en\/#\/schema\/logo\/image\/","url":"https:\/\/www.ucly.fr\/wp-content\/uploads\/2025\/06\/logo-150ans-blanc.svg","contentUrl":"https:\/\/www.ucly.fr\/wp-content\/uploads\/2025\/06\/logo-150ans-blanc.svg","caption":"UCLy"},"image":{"@id":"https:\/\/www.ucly.fr\/en\/#\/schema\/logo\/image\/"}}]}},"_links":{"self":[{"href":"https:\/\/www.ucly.fr\/en\/wp-json\/wp\/v2\/pages\/142417","targetHints":{"allow":["GET"]}}],"collection":[{"href":"https:\/\/www.ucly.fr\/en\/wp-json\/wp\/v2\/pages"}],"about":[{"href":"https:\/\/www.ucly.fr\/en\/wp-json\/wp\/v2\/types\/page"}],"author":[{"embeddable":true,"href":"https:\/\/www.ucly.fr\/en\/wp-json\/wp\/v2\/users\/43"}],"replies":[{"embeddable":true,"href":"https:\/\/www.ucly.fr\/en\/wp-json\/wp\/v2\/comments?post=142417"}],"version-history":[{"count":23,"href":"https:\/\/www.ucly.fr\/en\/wp-json\/wp\/v2\/pages\/142417\/revisions"}],"predecessor-version":[{"id":182813,"href":"https:\/\/www.ucly.fr\/en\/wp-json\/wp\/v2\/pages\/142417\/revisions\/182813"}],"up":[{"embeddable":true,"href":"https:\/\/www.ucly.fr\/en\/wp-json\/wp\/v2\/pages\/113003"}],"wp:featuredmedia":[{"embeddable":true,"href":"https:\/\/www.ucly.fr\/en\/wp-json\/wp\/v2\/media\/133598"}],"wp:attachment":[{"href":"https:\/\/www.ucly.fr\/en\/wp-json\/wp\/v2\/media?parent=142417"}],"curies":[{"name":"wp","href":"https:\/\/api.w.org\/{rel}","templated":true}]}}