{"id":130428,"date":"2022-03-01T16:50:15","date_gmt":"2022-03-01T15:50:15","guid":{"rendered":"https:\/\/www.ucly.fr\/?page_id=130428"},"modified":"2025-07-01T12:22:33","modified_gmt":"2025-07-01T10:22:33","slug":"health-division","status":"publish","type":"page","link":"https:\/\/www.ucly.fr\/en\/student-life\/health-division\/","title":{"rendered":"Health Department at UCLy (P\u00f4le Sant\u00e9)"},"content":{"rendered":"<p>UCLy\u2019s Health Department, made up of Preventive healthcare, the Counselling Service and Disabled Student Support, helps our students with the different aspects of physical and mental health and with their learning, to give them the best chance of success in their university studies.<\/p><p>The Department includes the<strong> <\/strong>:<\/p><ul class=\"wp-block-list\"><li><strong>M\u00e9decine pr\u00e9ventive<\/strong> (preventive medicine)<\/li><\/ul><ul class=\"wp-block-list\"><li><strong>Point \u00c9coute<\/strong> (psychological support) <\/li><\/ul><ul class=\"wp-block-list\"><li><strong>Mission Handicap<\/strong> (support for students with disabilities)<\/li><\/ul><p>Throughout their time at UCLy, our students have access to consultations and individual support, as well as ad-hoc large-scale preventive actions and activities around student health and well-being (smoking, sleep, alcohol, addiction, etc.).<\/p><div class=\"wp-block-button js-fade-scroll\">\n\n    <a href=\"https:\/\/www.ucly.fr\/wp-content\/uploads\/2025\/07\/plaquette-pole-sante-25-26-en.pdf\" target=\"_blank\" title=\"Download the document\" class=\"button primary\">Download the document<\/a>\n\n  <\/div><div class=\"wp-block-faq js-fade-scroll\">\n  <p class=\"wp-block-faq-title\">Health services at UCLy<\/p>\n\n      <ul class=\"accordion\" data-accordion data-allow-all-closed=\"true\">\n              <li class=\"accordion-item\" data-accordion-item>\n          <a href=\"#\" class=\"accordion-title\">M\u00e9decine pr\u00e9ventive (Preventive Medicine)<\/a>\n          <div class=\"accordion-content\" data-tab-content><p>Doctor Marie-Chalotte BOURDEL offers you care, advice and information about medical subjects. Students can freely speak about vaccination, addiction, sexual health, stress, low morale or simply have a medical advice.<\/p>\n<p>For international student outside Europe staying more than 3 months, the Health Division offers a medical consultation.<\/p>\n<p>To make an appointment with Dr BOURDEL: <a href=\"http:\/\/www.rdv-med.fr\">www.rdv-med.fr<\/a> \/ professional code (&#8220;code praticien&#8221;): A\u00e90540<br \/>\nDr BOURDEL is also available without appointment every Thursday from 3pm to 5pm<\/p>\n<p>&nbsp;<\/p>\n<h2 style=\"text-align: center;\"><strong>Contacts<\/strong><\/h2>\n<p>&nbsp;<\/p>\n<ul>\n<li><strong>Heath Department<\/strong> (P\u00f4le Sant\u00e9): St Paul Campus<br \/>\n<a href=\"mailto:pole.sante@univ-catholyon.fr\">pole.sante@univ-catholyon.fr<\/a><\/li>\n<\/ul>\n<p>&nbsp;<\/p>\n<ul>\n<li><strong>Dr Marie-Charlotte BOURDEL<\/strong> : St Paul Campus \u2013 Hall C \u2013 Ground floor \u2013 Office C 029<br \/>\n<a href=\"mailto:pole.sante@univ-catholyon.fr\" target=\"_blank\" rel=\"noopener\">pole.sante@univ-catholyon.fr<\/a><\/li>\n<\/ul>\n<p>&nbsp;<\/p>\n<ul>\n<li><strong>Alicia CANOVA (Student Life Department)<\/strong>: St Paul Campus \u2013 Hall C \u2013 Ground floor \u2013 Office C 025<br \/>\n+33 (0)4 72 32 51 72<br \/>\n<a href=\"acanova@univ-catholyon.fr\">pole.sante@univ-catholyon.fr<\/a><\/li>\n<\/ul>\n<\/div>\n        <\/li>\n              <li class=\"accordion-item\" data-accordion-item>\n          <a href=\"#\" class=\"accordion-title\">Point Ecoute - A psychological support for students<\/a>\n          <div class=\"accordion-content\" data-tab-content><p>A psychologist helps students facing difficulties. Consultations are <strong>free<\/strong>, <strong>confidential<\/strong> and are <strong>available in English<\/strong>.<\/p>\n<p>The Point Ecoute is a talking space for all UCLy\u2019s students. Sessions are in group and offer dialogs and supports regarding your academic and personal life.<\/p>\n<p>Students can write (anonymously) at <a href=\"mailto:point.ecoute@univ-catholyon.fr\">point.ecoute@univ-catholyon.fr<\/a><\/p>\n<p>To make an appointment: <a href=\"mailto:pole.sante@univ-catholyon.fr\">pole.sante@univ-catholyon.fr<\/a><\/p>\n<p style=\"text-align: center;\"><strong><span style=\"color: #b70033;\"><a class=\"lien_interne\" style=\"color: #b70033;\" href=\" https:\/\/www.ucly.fr\/wp-content\/uploads\/2023\/02\/flyer-dispositif-decoute-anglais.png\" target=\"_blank\" rel=\"noopener\"><span class=\"button\"> Other listenning service for international students<\/span><\/a><\/span><\/strong><\/p>\n<p><strong>Cultural shares<\/strong><\/p>\n<p>Besides talking session, the Point Ecoute invite students to share with others interests in various subjects such as music, poesy, philosophy, science etc.<\/p>\n<p>&nbsp;<\/p>\n<h2 style=\"text-align: center;\"><strong>Contacts<\/strong><\/h2>\n<p>&nbsp;<\/p>\n<ul>\n<li><strong>Ludovic CARON<\/strong> (Psychologist) : St Paul Campus \u2013 Hall C, Ground floor, Office C 030<\/li>\n<\/ul>\n<p>&nbsp;<\/p>\n<ul>\n<li><strong>Alicia CANOVA<\/strong> (Student Life Department): St Paul Campus \u2013 Hall C \u2013 Ground floor \u2013 Office C 025<br \/>\n+33 (0)4 72 32 51 72<br \/>\n<a href=\"mailto:point.ecoute@univ-catholyon.fr\">point.ecoute@univ-catholyon.fr<\/a><\/li>\n<\/ul>\n<p>&nbsp;<\/p>\n<\/div>\n        <\/li>\n              <li class=\"accordion-item\" data-accordion-item>\n          <a href=\"#\" class=\"accordion-title\">Mission handicap - Support of students with disabilities<\/a>\n          <div class=\"accordion-content\" data-tab-content><p>Throughout their studies, the Mission Handicap supports UCLy\u2019s students to success in their learning.<\/p>\n<p>Since 2005, UCLy has been implementing a \u201c<a href=\"https:\/\/www.ucly.fr\/en\/student-life\/healthcare\/student-with-disabilities\/\" target=\"_blank\" rel=\"noopener\"><em>Mission Handicap<\/em><\/a>\u201d that centralises the requests of UCLy students with disabilities, hence facilitating the communication with their School\/Faculty\/Institute.<\/p>\n<h4>Who is concerned?<\/h4>\n<ul>\n<li><strong>Students who already benefit from a support<\/strong> and\/or academic accommodations during their scholarship.<\/li>\n<\/ul>\n<p>&nbsp;<\/p>\n<ul>\n<li><strong>Students who never ask for a support and face difficulties<\/strong> that have consequences during their studies: cognitive\/mental\/physical impairments, \u201cdys\u201d conditions, physical deficiencies, health conditions etc.<\/li>\n<\/ul>\n<p>&nbsp;<\/p>\n<ul>\n<li><strong>Students who face a temporary disability<\/strong>: factures, immobilizations etc.<\/li>\n<\/ul>\n<p>&nbsp;<\/p>\n<p>Compensations are not systematic. You have to ask for a support to obtain it. Every year, your request will by study during a meeting.<\/p>\n<p>Special arrangements during your studies and\/or your exams can be provided depending on your disability and evolve during your time at the UCLy.<\/p>\n<p>&nbsp;<\/p>\n<h4>How to ask for a support ?<\/h4>\n<ul>\n<li><strong>For a 1<sup>st<\/sup> request<br \/>\n<\/strong><\/li>\n<\/ul>\n<p>Make an appointment with the Dr MariE-Charlotte BOURDEL: <a href=\"http:\/\/www.rdv-med.fr\">www.rdv-med.fr<\/a> \u2013 \u201ccode praticien\u201d: A\u00e90540.<\/p>\n<p><em>CAUTION: Every request of support must mandatory be justified with (para-)medical documents and reports.<\/em><\/p>\n<ul>\n<li><strong>For a renewal<br \/>\n<\/strong><\/li>\n<\/ul>\n<p>Make an appointment with Ang\u00e9lique HENAULT (Disability Project Leader) in April of the current year: <a href=\"http:\/\/www.rdv-med.fr\">www.rdv-med.fr<\/a> \u2013 \u201ccode praticien\u201d: BB6651.<\/p>\n<p>&nbsp;<\/p>\n<h2 style=\"text-align: center;\"><strong>Contacts<\/strong><\/h2>\n<p>&nbsp;<\/p>\n<ul>\n<li><strong>Ang\u00e9lique HENAULT<\/strong> (Disability Project Leader): St Paul Campus \u2013 Hall C \u2013 Ground floor \u2013 Office C026<\/li>\n<\/ul>\n<p>&nbsp;<\/p>\n<ul>\n<li><strong>Alicia CANOVA<\/strong> (Student Life Department): St Paul Campus \u2013 Hall C \u2013 Ground floor \u2013 Office C 027<br \/>\n+33 (0)4 72 32 51 72<br \/>\n<a href=\"mailto:point.ecoute@univ-catholyon.fr\">point.ecoute@univ-catholyon.fr<\/a><\/li>\n<\/ul>\n<p>&nbsp;<\/p>\n<\/div>\n        <\/li>\n              <li class=\"accordion-item\" data-accordion-item>\n          <a href=\"#\" class=\"accordion-title\">Activities with the Health Department<\/a>\n          <div class=\"accordion-content\" data-tab-content><p><strong>Blood donation<\/strong><\/p>\n<p>Blood donation can save lives. Next to the St Paul Campus, students can go the <em>Maison du Don <\/em>and registered as blood donors.<\/p>\n<p>Students can also participate to punctual events organized by the <em>Etablissement Fran\u00e7ais du Sang (EFS)<\/em>, such as blood donor mobile clinics.<\/p>\n<p><strong>Contact<\/strong><\/p>\n<p>Alicia CANOVA (Student Life Department): <a href=\"mailto:pole.sante@univ-catholyon.fr\">pole.sante@univ-catholyon.fr<\/a><\/p>\n<p>&nbsp;<\/p>\n<p><strong>Sophrology sessions <\/strong><\/p>\n<p>Discover sophrology and its relaxation techniques through a cycle of 5 sessions.<\/p>\n<p><strong>Registration<\/strong>: <a href=\"mailto:pole.sante@univ-catholyon.fr\">pole.sante@univ-catholyon.fr<\/a><\/p>\n<p>&nbsp;<\/p>\n<p><strong>Social service<br \/>\n<\/strong><\/p>\n<p>A social worker helps you find concrete solutions<\/p>\n<p>Fields of intervention:<\/p>\n<ul>\n<li>Financial resources and budget<\/li>\n<li>Health<\/li>\n<li>Accommodation<\/li>\n<li>Family<\/li>\n<li>Work<\/li>\n<li>Law and legislation<\/li>\n<\/ul>\n<p>&nbsp;<\/p>\n<p>To make an (phone) appointment with the social worker: <a href=\"mailto:ucly@interface-es.fr\">ucly@interface-es.fr<\/a> \u00a0<strong>Mail must contained: Department\/Faculty, field of study, subject and phone number.<\/strong><u><br \/>\n<\/u><\/p>\n<p>&nbsp;<\/p>\n<p><strong>Contact<\/strong><\/p>\n<p>Social worker: <a href=\"mailto:ucly@interface-es.fr\">ucly@interface-es.fr<\/a><br \/>\nPhone number (<strong>for emergency only !<\/strong>): +33 (0)4 87 91 51 75<\/p>\n<\/div>\n        <\/li>\n              <li class=\"accordion-item\" data-accordion-item>\n          <a href=\"#\" class=\"accordion-title\">Emergency and useful numbers<\/a>\n          <div class=\"accordion-content\" data-tab-content><p><span style=\"color: #b70000;\"><strong>You are a victim or a witness of violence\/an accident ?<\/strong><\/span><\/p>\n<p>Police: 17<\/p>\n<p>SAMU (medical emergency): 15<\/p>\n<p>Firefighter: 18<\/p>\n<p>Emergency in France and European Union: 112<\/p>\n<p>For hard of hearing or deafened person: 117<\/p>\n<p>Reporting violence against a child : 119 (Enfance en Danger \/ Child in Danger)<\/p>\n<p>Reporting violence by SMS: 117<\/p>\n<p>Reporting sexual violence or aussault by chatting: <a href=\"https:\/\/www.service-public.fr\/cmi\" target=\"_blank\" rel=\"noopener\">https:\/\/www.service-public.fr\/cmi<\/a><\/p>\n<p>Reporting violence against women: 3919<\/p>\n<p>&nbsp;<\/p>\n<p style=\"text-align: center;\"><span style=\"color: #b70000;\"><strong>Download all phone numbers to take care of your health<\/strong><\/span><\/p>\n<p style=\"text-align: center;\"><strong><span style=\"color: #b70033;\"><a class=\"lien_interne\" style=\"color: #b70033;\" href=\"https:\/\/www.ucly.fr\/wp-content\/uploads\/2022\/03\/useful-numbers-health-services.pdf\" target=\"_blank\" rel=\"noopener\"><span class=\"button\">Useful numbers<\/span><\/a><\/span><\/strong><\/p>\n<\/div>\n        <\/li>\n          <\/ul>\n  <\/div><div class=\"wp-block-button js-fade-scroll\">\n\n    <a href=\"https:\/\/www.ucly.fr\/wp-content\/uploads\/2022\/03\/useful-numbers-health-services.pdf\" target=\"_blank\" title=\"All phone numbers to take care of your health\" class=\"button primary\">All phone numbers to take care of your health<\/a>\n\n  <\/div><div class=\"wp-block-cross-content js-fade-scroll\">\n    <p class=\"wp-block-cross-content-title\">More about health<\/p>\n            <div class=\"row wp-block-cross-content-row\">\n                                <div class=\"column small-12 medium-6 large-4 wp-block-cross-content-col\">\n                        <a class=\"wp-block-cross-content-top\" href=\"https:\/\/www.ucly.fr\/en\/healthcare\/student-with-disabilities\/\" title=\"Student with disabilities\">\n                            <span class=\"wp-block-cross-content-name\">Student with disabilities<\/span>\n                            <span class=\"wp-block-cross-content-image\"><img loading=\"lazy\" decoding=\"async\" width=\"545\" height=\"570\" src=\"https:\/\/www.ucly.fr\/wp-content\/uploads\/2019\/11\/etudiants-exterieur-carnot-550x575.jpg\" class=\" wp-post-image\" alt=\"header-etudiants-exterieur-carnot\" \/><\/span>\n                            <span class=\"wp-block-cross-content-more\">\n                                <span class=\"icon-more\"><\/span>\n                            <\/span>\n                        <\/a>\n                        <div class=\"wp-block-cross-content-excerpt\"><\/div>\n                    <\/div>\n                                                <div class=\"column small-12 medium-6 large-4 wp-block-cross-content-col\">\n                        <a class=\"wp-block-cross-content-top\" href=\"https:\/\/www.ucly.fr\/en\/student-life\/international-relations-office\/international-student-desk\/administrative-procedures\/health-coverage\/\" title=\"Health insurance\">\n                            <span class=\"wp-block-cross-content-name\">Health insurance<\/span>\n                            <span class=\"wp-block-cross-content-image\"><img loading=\"lazy\" decoding=\"async\" width=\"630\" height=\"570\" src=\"https:\/\/www.ucly.fr\/wp-content\/uploads\/2021\/02\/insurance-3906680_1920-630x570.jpg\" class=\" wp-post-image\" alt=\"\" \/><\/span>\n                            <span class=\"wp-block-cross-content-more\">\n                                <span class=\"icon-more\"><\/span>\n                            <\/span>\n                        <\/a>\n                        <div class=\"wp-block-cross-content-excerpt\"><\/div>\n                    <\/div>\n                                                <div class=\"column small-12 medium-6 large-4 wp-block-cross-content-col\">\n                        <a class=\"wp-block-cross-content-top\" href=\"https:\/\/www.ucly.fr\/en\/?page_id=129491\" title=\"FAQ Covid\">\n                            <span class=\"wp-block-cross-content-name\">FAQ Covid<\/span>\n                            <span class=\"wp-block-cross-content-image\"><img loading=\"lazy\" decoding=\"async\" width=\"630\" height=\"570\" src=\"https:\/\/www.ucly.fr\/wp-content\/uploads\/2020\/11\/header-covid-2-630x570.jpg\" class=\" wp-post-image\" alt=\"\" \/><\/span>\n                            <span class=\"wp-block-cross-content-more\">\n                                <span class=\"icon-more\"><\/span>\n                            <\/span>\n                        <\/a>\n                        <div class=\"wp-block-cross-content-excerpt\"><\/div>\n                    <\/div>\n                                    <\/div>\n    <\/div><p><\/p>","protected":false},"excerpt":{"rendered":"<p>UCLy\u2019s Health Department, made up of Preventive healthcare, the Counselling Service and Disabled Student Support, helps our students with the different aspects of physical [&hellip;]<\/p>\n","protected":false},"author":208,"featured_media":27134,"parent":43984,"menu_order":6,"comment_status":"closed","ping_status":"closed","template":"","meta":{"_acf_changed":false,"footnotes":""},"class_list":["post-130428","page","type-page","status-publish","has-post-thumbnail","hentry"],"acf":[],"yoast_head":"<!-- This site is optimized with the Yoast SEO plugin v24.1 - https:\/\/yoast.com\/wordpress\/plugins\/seo\/ -->\n<title>Health Department at UCLy (P\u00f4le Sant\u00e9) - UCLy<\/title>\n<meta name=\"description\" content=\"UCLy&#039;s &quot;P\u00f4le sant\u00e9&quot; includes the M\u00e9decine pr\u00e9ventive (preventive medicine), the Point \u00c9coute (psychological support) and the Mission Handicap (support of students with disabilities)\" \/>\n<meta name=\"robots\" content=\"index, follow, max-snippet:-1, max-image-preview:large, max-video-preview:-1\" \/>\n<link rel=\"canonical\" href=\"https:\/\/www.ucly.fr\/en\/student-life\/health-division\/\" \/>\n<meta property=\"og:locale\" content=\"en_US\" \/>\n<meta property=\"og:type\" content=\"article\" \/>\n<meta property=\"og:title\" content=\"Health Department at UCLy (P\u00f4le Sant\u00e9) - UCLy\" \/>\n<meta property=\"og:description\" content=\"UCLy&#039;s &quot;P\u00f4le sant\u00e9&quot; includes the M\u00e9decine pr\u00e9ventive (preventive medicine), the Point \u00c9coute (psychological support) and the Mission Handicap (support of students with disabilities)\" \/>\n<meta property=\"og:url\" content=\"https:\/\/www.ucly.fr\/en\/student-life\/health-division\/\" \/>\n<meta property=\"og:site_name\" content=\"UCLy\" \/>\n<meta property=\"article:modified_time\" content=\"2025-07-01T10:22:33+00:00\" \/>\n<meta property=\"og:image\" content=\"https:\/\/www.ucly.fr\/wp-content\/uploads\/2019\/11\/header-cours-mensuel-ete-ilcf.jpg\" \/>\n\t<meta property=\"og:image:width\" content=\"1920\" \/>\n\t<meta property=\"og:image:height\" content=\"575\" \/>\n\t<meta property=\"og:image:type\" content=\"image\/jpeg\" \/>\n<meta name=\"twitter:card\" content=\"summary_large_image\" \/>\n<meta name=\"twitter:label1\" content=\"Est. reading time\" \/>\n\t<meta name=\"twitter:data1\" content=\"1 minute\" \/>\n<script type=\"application\/ld+json\" class=\"yoast-schema-graph\">{\"@context\":\"https:\/\/schema.org\",\"@graph\":[{\"@type\":\"WebPage\",\"@id\":\"https:\/\/www.ucly.fr\/en\/student-life\/health-division\/\",\"url\":\"https:\/\/www.ucly.fr\/en\/student-life\/health-division\/\",\"name\":\"Health Department at UCLy (P\u00f4le Sant\u00e9) - UCLy\",\"isPartOf\":{\"@id\":\"https:\/\/www.ucly.fr\/en\/#website\"},\"primaryImageOfPage\":{\"@id\":\"https:\/\/www.ucly.fr\/en\/student-life\/health-division\/#primaryimage\"},\"image\":{\"@id\":\"https:\/\/www.ucly.fr\/en\/student-life\/health-division\/#primaryimage\"},\"thumbnailUrl\":\"https:\/\/www.ucly.fr\/wp-content\/uploads\/2019\/11\/header-cours-mensuel-ete-ilcf.jpg\",\"datePublished\":\"2022-03-01T15:50:15+00:00\",\"dateModified\":\"2025-07-01T10:22:33+00:00\",\"description\":\"UCLy's \\\"P\u00f4le sant\u00e9\\\" includes the M\u00e9decine pr\u00e9ventive (preventive medicine), the Point \u00c9coute (psychological support) and the Mission Handicap (support of students with disabilities)\",\"breadcrumb\":{\"@id\":\"https:\/\/www.ucly.fr\/en\/student-life\/health-division\/#breadcrumb\"},\"inLanguage\":\"en-US\",\"potentialAction\":[{\"@type\":\"ReadAction\",\"target\":[\"https:\/\/www.ucly.fr\/en\/student-life\/health-division\/\"]}]},{\"@type\":\"ImageObject\",\"inLanguage\":\"en-US\",\"@id\":\"https:\/\/www.ucly.fr\/en\/student-life\/health-division\/#primaryimage\",\"url\":\"https:\/\/www.ucly.fr\/wp-content\/uploads\/2019\/11\/header-cours-mensuel-ete-ilcf.jpg\",\"contentUrl\":\"https:\/\/www.ucly.fr\/wp-content\/uploads\/2019\/11\/header-cours-mensuel-ete-ilcf.jpg\",\"width\":1920,\"height\":575,\"caption\":\"\u00c9tudiants internationaux se promenant dans un parc\"},{\"@type\":\"BreadcrumbList\",\"@id\":\"https:\/\/www.ucly.fr\/en\/student-life\/health-division\/#breadcrumb\",\"itemListElement\":[{\"@type\":\"ListItem\",\"position\":1,\"name\":\"Accueil\",\"item\":\"https:\/\/www.ucly.fr\/en\/\"},{\"@type\":\"ListItem\",\"position\":2,\"name\":\"Student services\",\"item\":\"https:\/\/www.ucly.fr\/en\/student-life\/\"},{\"@type\":\"ListItem\",\"position\":3,\"name\":\"Health Department at UCLy (P\u00f4le Sant\u00e9)\"}]},{\"@type\":\"WebSite\",\"@id\":\"https:\/\/www.ucly.fr\/en\/#website\",\"url\":\"https:\/\/www.ucly.fr\/en\/\",\"name\":\"UCLy\",\"description\":\"Un site utilisant WordPress\",\"publisher\":{\"@id\":\"https:\/\/www.ucly.fr\/en\/#organization\"},\"potentialAction\":[{\"@type\":\"SearchAction\",\"target\":{\"@type\":\"EntryPoint\",\"urlTemplate\":\"https:\/\/www.ucly.fr\/en\/?s={search_term_string}\"},\"query-input\":{\"@type\":\"PropertyValueSpecification\",\"valueRequired\":true,\"valueName\":\"search_term_string\"}}],\"inLanguage\":\"en-US\"},{\"@type\":\"Organization\",\"@id\":\"https:\/\/www.ucly.fr\/en\/#organization\",\"name\":\"UCLy\",\"url\":\"https:\/\/www.ucly.fr\/en\/\",\"logo\":{\"@type\":\"ImageObject\",\"inLanguage\":\"en-US\",\"@id\":\"https:\/\/www.ucly.fr\/en\/#\/schema\/logo\/image\/\",\"url\":\"https:\/\/www.ucly.fr\/wp-content\/uploads\/2025\/06\/logo-150ans-blanc.svg\",\"contentUrl\":\"https:\/\/www.ucly.fr\/wp-content\/uploads\/2025\/06\/logo-150ans-blanc.svg\",\"caption\":\"UCLy\"},\"image\":{\"@id\":\"https:\/\/www.ucly.fr\/en\/#\/schema\/logo\/image\/\"}}]}<\/script>\n<!-- \/ Yoast SEO plugin. -->","yoast_head_json":{"title":"Health Department at UCLy (P\u00f4le Sant\u00e9) - UCLy","description":"UCLy's \"P\u00f4le sant\u00e9\" includes the M\u00e9decine pr\u00e9ventive (preventive medicine), the Point \u00c9coute (psychological support) and the Mission Handicap (support of students with disabilities)","robots":{"index":"index","follow":"follow","max-snippet":"max-snippet:-1","max-image-preview":"max-image-preview:large","max-video-preview":"max-video-preview:-1"},"canonical":"https:\/\/www.ucly.fr\/en\/student-life\/health-division\/","og_locale":"en_US","og_type":"article","og_title":"Health Department at UCLy (P\u00f4le Sant\u00e9) - UCLy","og_description":"UCLy's \"P\u00f4le sant\u00e9\" includes the M\u00e9decine pr\u00e9ventive (preventive medicine), the Point \u00c9coute (psychological support) and the Mission Handicap (support of students with disabilities)","og_url":"https:\/\/www.ucly.fr\/en\/student-life\/health-division\/","og_site_name":"UCLy","article_modified_time":"2025-07-01T10:22:33+00:00","og_image":[{"width":1920,"height":575,"url":"https:\/\/www.ucly.fr\/wp-content\/uploads\/2019\/11\/header-cours-mensuel-ete-ilcf.jpg","type":"image\/jpeg"}],"twitter_card":"summary_large_image","twitter_misc":{"Est. reading time":"1 minute"},"schema":{"@context":"https:\/\/schema.org","@graph":[{"@type":"WebPage","@id":"https:\/\/www.ucly.fr\/en\/student-life\/health-division\/","url":"https:\/\/www.ucly.fr\/en\/student-life\/health-division\/","name":"Health Department at UCLy (P\u00f4le Sant\u00e9) - UCLy","isPartOf":{"@id":"https:\/\/www.ucly.fr\/en\/#website"},"primaryImageOfPage":{"@id":"https:\/\/www.ucly.fr\/en\/student-life\/health-division\/#primaryimage"},"image":{"@id":"https:\/\/www.ucly.fr\/en\/student-life\/health-division\/#primaryimage"},"thumbnailUrl":"https:\/\/www.ucly.fr\/wp-content\/uploads\/2019\/11\/header-cours-mensuel-ete-ilcf.jpg","datePublished":"2022-03-01T15:50:15+00:00","dateModified":"2025-07-01T10:22:33+00:00","description":"UCLy's \"P\u00f4le sant\u00e9\" includes the M\u00e9decine pr\u00e9ventive (preventive medicine), the Point \u00c9coute (psychological support) and the Mission Handicap (support of students with disabilities)","breadcrumb":{"@id":"https:\/\/www.ucly.fr\/en\/student-life\/health-division\/#breadcrumb"},"inLanguage":"en-US","potentialAction":[{"@type":"ReadAction","target":["https:\/\/www.ucly.fr\/en\/student-life\/health-division\/"]}]},{"@type":"ImageObject","inLanguage":"en-US","@id":"https:\/\/www.ucly.fr\/en\/student-life\/health-division\/#primaryimage","url":"https:\/\/www.ucly.fr\/wp-content\/uploads\/2019\/11\/header-cours-mensuel-ete-ilcf.jpg","contentUrl":"https:\/\/www.ucly.fr\/wp-content\/uploads\/2019\/11\/header-cours-mensuel-ete-ilcf.jpg","width":1920,"height":575,"caption":"\u00c9tudiants internationaux se promenant dans un parc"},{"@type":"BreadcrumbList","@id":"https:\/\/www.ucly.fr\/en\/student-life\/health-division\/#breadcrumb","itemListElement":[{"@type":"ListItem","position":1,"name":"Accueil","item":"https:\/\/www.ucly.fr\/en\/"},{"@type":"ListItem","position":2,"name":"Student services","item":"https:\/\/www.ucly.fr\/en\/student-life\/"},{"@type":"ListItem","position":3,"name":"Health Department at UCLy (P\u00f4le Sant\u00e9)"}]},{"@type":"WebSite","@id":"https:\/\/www.ucly.fr\/en\/#website","url":"https:\/\/www.ucly.fr\/en\/","name":"UCLy","description":"Un site utilisant WordPress","publisher":{"@id":"https:\/\/www.ucly.fr\/en\/#organization"},"potentialAction":[{"@type":"SearchAction","target":{"@type":"EntryPoint","urlTemplate":"https:\/\/www.ucly.fr\/en\/?s={search_term_string}"},"query-input":{"@type":"PropertyValueSpecification","valueRequired":true,"valueName":"search_term_string"}}],"inLanguage":"en-US"},{"@type":"Organization","@id":"https:\/\/www.ucly.fr\/en\/#organization","name":"UCLy","url":"https:\/\/www.ucly.fr\/en\/","logo":{"@type":"ImageObject","inLanguage":"en-US","@id":"https:\/\/www.ucly.fr\/en\/#\/schema\/logo\/image\/","url":"https:\/\/www.ucly.fr\/wp-content\/uploads\/2025\/06\/logo-150ans-blanc.svg","contentUrl":"https:\/\/www.ucly.fr\/wp-content\/uploads\/2025\/06\/logo-150ans-blanc.svg","caption":"UCLy"},"image":{"@id":"https:\/\/www.ucly.fr\/en\/#\/schema\/logo\/image\/"}}]}},"_links":{"self":[{"href":"https:\/\/www.ucly.fr\/en\/wp-json\/wp\/v2\/pages\/130428","targetHints":{"allow":["GET"]}}],"collection":[{"href":"https:\/\/www.ucly.fr\/en\/wp-json\/wp\/v2\/pages"}],"about":[{"href":"https:\/\/www.ucly.fr\/en\/wp-json\/wp\/v2\/types\/page"}],"author":[{"embeddable":true,"href":"https:\/\/www.ucly.fr\/en\/wp-json\/wp\/v2\/users\/208"}],"replies":[{"embeddable":true,"href":"https:\/\/www.ucly.fr\/en\/wp-json\/wp\/v2\/comments?post=130428"}],"version-history":[{"count":3,"href":"https:\/\/www.ucly.fr\/en\/wp-json\/wp\/v2\/pages\/130428\/revisions"}],"predecessor-version":[{"id":386107,"href":"https:\/\/www.ucly.fr\/en\/wp-json\/wp\/v2\/pages\/130428\/revisions\/386107"}],"up":[{"embeddable":true,"href":"https:\/\/www.ucly.fr\/en\/wp-json\/wp\/v2\/pages\/43984"}],"wp:featuredmedia":[{"embeddable":true,"href":"https:\/\/www.ucly.fr\/en\/wp-json\/wp\/v2\/media\/27134"}],"wp:attachment":[{"href":"https:\/\/www.ucly.fr\/en\/wp-json\/wp\/v2\/media?parent=130428"}],"curies":[{"name":"wp","href":"https:\/\/api.w.org\/{rel}","templated":true}]}}