{"id":101767,"date":"2021-07-22T18:00:10","date_gmt":"2021-07-22T16:00:10","guid":{"rendered":"https:\/\/www.ucly.fr\/?page_id=101767"},"modified":"2025-04-29T16:55:28","modified_gmt":"2025-04-29T14:55:28","slug":"english-courses-catalogue","status":"publish","type":"page","link":"https:\/\/www.ucly.fr\/en\/academics\/courses-in-english\/english-courses-catalogue\/","title":{"rendered":"Courses in English for exchange students"},"content":{"rendered":"<h2 class=\"wp-block-heading has-text-align-left\">Each semester, UCLy offers a wide range of English-taught courses in different disciplines and at different levels. <\/h2><p>For details about the language requirements to access the different programs, please consult the <a href=\"https:\/\/www.ucly.fr\/en\/admissions\/exchange-students-mobility-program\/\" target=\"_blank\" rel=\"noreferrer noopener\">Admission page<\/a>. <\/p><div class=\"wp-block-faq js-fade-scroll\">\n  <p class=\"wp-block-faq-title\">Academic Year 2025-2026<\/p>\n\n  <\/div><p><\/p><div class=\"wp-block-button js-fade-scroll\">\n\n    <a href=\"https:\/\/view.genially.com\/67bf0dbfbe22e3142d8fc792\/interactive-content-catalogue-courses-in-english\" target=\"_blank\" title=\"Course catalogue for Fall 2025 &amp; Spring 2026\" class=\"button primary\">Course catalogue for Fall 2025 &amp; Spring 2026<\/a>\n\n  <\/div><p><\/p><div class=\"wp-block-cross-content js-fade-scroll\">\n    <p class=\"wp-block-cross-content-title\">See also our full programs in English:<\/p>\n            <div class=\"row wp-block-cross-content-row\">\n                                <div class=\"column small-12 medium-6 large-4 wp-block-cross-content-col\">\n                        <a class=\"wp-block-cross-content-top\" href=\"https:\/\/www.ucly.fr\/en\/our-poles\/economic-and-management\/\" title=\"Faculty of Economic Sciences and Management\">\n                            <span class=\"wp-block-cross-content-name\">Faculty of Economic Sciences and Management<\/span>\n                            <span class=\"wp-block-cross-content-image\"><img decoding=\"async\" width=\"630\" height=\"570\" src=\"https:\/\/www.ucly.fr\/wp-content\/uploads\/2019\/12\/header-sciences-economiques-1-630x570.jpg\" class=\" wp-post-image\" alt=\"header-\u00e9tudiants en ext\u00e9rieur\" \/><\/span>\n                            <span class=\"wp-block-cross-content-more\">\n                                <span class=\"icon-more\"><\/span>\n                            <\/span>\n                        <\/a>\n                        <div class=\"wp-block-cross-content-excerpt\"><\/div>\n                    <\/div>\n                                                <div class=\"column small-12 medium-6 large-4 wp-block-cross-content-col\">\n                        <a class=\"wp-block-cross-content-top\" href=\"https:\/\/www.ucly.fr\/en\/programs-in-english\/\" title=\"Law : Programs in English\">\n                            <span class=\"wp-block-cross-content-name\">Law : Programs in English<\/span>\n                            <span class=\"wp-block-cross-content-image\"><img decoding=\"async\" width=\"630\" height=\"479\" src=\"https:\/\/www.ucly.fr\/wp-content\/uploads\/2020\/01\/droit-rentree2-1-630x479.jpg\" class=\" wp-post-image\" alt=\"\" \/><\/span>\n                            <span class=\"wp-block-cross-content-more\">\n                                <span class=\"icon-more\"><\/span>\n                            <\/span>\n                        <\/a>\n                        <div class=\"wp-block-cross-content-excerpt\"><\/div>\n                    <\/div>\n                                                <div class=\"column small-12 medium-6 large-4 wp-block-cross-content-col\">\n                        <a class=\"wp-block-cross-content-top\" href=\"https:\/\/www.ucly.fr\/en\/academics\/our-programmes\/master-2-law-human-rights-diplomacy-ucly-lyon\/\" title=\"Master's Degree - Human Rights Diplomacy\">\n                            <span class=\"wp-block-cross-content-name\">Master's Degree - Human Rights Diplomacy<\/span>\n                            <span class=\"wp-block-cross-content-image\"><img decoding=\"async\" width=\"630\" height=\"570\" src=\"https:\/\/www.ucly.fr\/wp-content\/uploads\/2025\/06\/p1110603-630x570.jpg\" class=\" wp-post-image\" alt=\"\" \/><\/span>\n                            <span class=\"wp-block-cross-content-more\">\n                                <span class=\"icon-more\"><\/span>\n                            <\/span>\n                        <\/a>\n                        <div class=\"wp-block-cross-content-excerpt\"><\/div>\n                    <\/div>\n                                    <\/div>\n    <\/div><p><\/p>","protected":false},"excerpt":{"rendered":"<p>Each semester, UCLy offers a wide range of English-taught courses in different disciplines and at different levels. For details about the language requirements to [&hellip;]<\/p>\n","protected":false},"author":27,"featured_media":4420,"parent":101769,"menu_order":0,"comment_status":"closed","ping_status":"closed","template":"","meta":{"_acf_changed":false,"footnotes":""},"class_list":["post-101767","page","type-page","status-publish","has-post-thumbnail","hentry"],"acf":[],"yoast_head":"<!-- This site is optimized with the Yoast SEO plugin v24.1 - https:\/\/yoast.com\/wordpress\/plugins\/seo\/ -->\n<title>Courses in English for exchange students - UCLy<\/title>\n<meta name=\"robots\" content=\"index, follow, max-snippet:-1, max-image-preview:large, max-video-preview:-1\" \/>\n<link rel=\"canonical\" href=\"https:\/\/www.ucly.fr\/en\/academics\/courses-in-english\/english-courses-catalogue\/\" \/>\n<meta property=\"og:locale\" content=\"en_US\" \/>\n<meta property=\"og:type\" content=\"article\" \/>\n<meta property=\"og:title\" content=\"Courses in English for exchange students - UCLy\" \/>\n<meta property=\"og:description\" content=\"Each semester, UCLy offers a wide range of English-taught courses in different disciplines and at different levels. For details about the language requirements to [&hellip;]\" \/>\n<meta property=\"og:url\" content=\"https:\/\/www.ucly.fr\/en\/academics\/courses-in-english\/english-courses-catalogue\/\" \/>\n<meta property=\"og:site_name\" content=\"UCLy\" \/>\n<meta property=\"article:modified_time\" content=\"2025-04-29T14:55:28+00:00\" \/>\n<meta property=\"og:image\" content=\"https:\/\/www.ucly.fr\/wp-content\/uploads\/2019\/11\/amphi-etudiants-ucly-1920x575.jpg\" \/>\n\t<meta property=\"og:image:width\" content=\"1920\" \/>\n\t<meta property=\"og:image:height\" content=\"575\" \/>\n\t<meta property=\"og:image:type\" content=\"image\/jpeg\" \/>\n<meta name=\"twitter:card\" content=\"summary_large_image\" \/>\n<meta name=\"twitter:label1\" content=\"Est. reading time\" \/>\n\t<meta name=\"twitter:data1\" content=\"1 minute\" \/>\n<script type=\"application\/ld+json\" class=\"yoast-schema-graph\">{\"@context\":\"https:\/\/schema.org\",\"@graph\":[{\"@type\":\"WebPage\",\"@id\":\"https:\/\/www.ucly.fr\/en\/academics\/courses-in-english\/english-courses-catalogue\/\",\"url\":\"https:\/\/www.ucly.fr\/en\/academics\/courses-in-english\/english-courses-catalogue\/\",\"name\":\"Courses in English for exchange students - UCLy\",\"isPartOf\":{\"@id\":\"https:\/\/www.ucly.fr\/en\/#website\"},\"primaryImageOfPage\":{\"@id\":\"https:\/\/www.ucly.fr\/en\/academics\/courses-in-english\/english-courses-catalogue\/#primaryimage\"},\"image\":{\"@id\":\"https:\/\/www.ucly.fr\/en\/academics\/courses-in-english\/english-courses-catalogue\/#primaryimage\"},\"thumbnailUrl\":\"https:\/\/www.ucly.fr\/wp-content\/uploads\/2019\/11\/amphi-etudiants-ucly-1920x575.jpg\",\"datePublished\":\"2021-07-22T16:00:10+00:00\",\"dateModified\":\"2025-04-29T14:55:28+00:00\",\"breadcrumb\":{\"@id\":\"https:\/\/www.ucly.fr\/en\/academics\/courses-in-english\/english-courses-catalogue\/#breadcrumb\"},\"inLanguage\":\"en-US\",\"potentialAction\":[{\"@type\":\"ReadAction\",\"target\":[\"https:\/\/www.ucly.fr\/en\/academics\/courses-in-english\/english-courses-catalogue\/\"]}]},{\"@type\":\"ImageObject\",\"inLanguage\":\"en-US\",\"@id\":\"https:\/\/www.ucly.fr\/en\/academics\/courses-in-english\/english-courses-catalogue\/#primaryimage\",\"url\":\"https:\/\/www.ucly.fr\/wp-content\/uploads\/2019\/11\/amphi-etudiants-ucly-1920x575.jpg\",\"contentUrl\":\"https:\/\/www.ucly.fr\/wp-content\/uploads\/2019\/11\/amphi-etudiants-ucly-1920x575.jpg\",\"width\":1920,\"height\":575,\"caption\":\"\u00e9tudiants dans un amphith\u00e9\u00e2tre\"},{\"@type\":\"BreadcrumbList\",\"@id\":\"https:\/\/www.ucly.fr\/en\/academics\/courses-in-english\/english-courses-catalogue\/#breadcrumb\",\"itemListElement\":[{\"@type\":\"ListItem\",\"position\":1,\"name\":\"Accueil\",\"item\":\"https:\/\/www.ucly.fr\/en\/\"},{\"@type\":\"ListItem\",\"position\":2,\"name\":\"ACADEMICS\",\"item\":\"https:\/\/www.ucly.fr\/en\/academics\/\"},{\"@type\":\"ListItem\",\"position\":3,\"name\":\"Programs in English\",\"item\":\"https:\/\/www.ucly.fr\/en\/academics\/courses-in-english\/\"},{\"@type\":\"ListItem\",\"position\":4,\"name\":\"Courses in English for exchange students\"}]},{\"@type\":\"WebSite\",\"@id\":\"https:\/\/www.ucly.fr\/en\/#website\",\"url\":\"https:\/\/www.ucly.fr\/en\/\",\"name\":\"UCLy\",\"description\":\"Un site utilisant WordPress\",\"publisher\":{\"@id\":\"https:\/\/www.ucly.fr\/en\/#organization\"},\"potentialAction\":[{\"@type\":\"SearchAction\",\"target\":{\"@type\":\"EntryPoint\",\"urlTemplate\":\"https:\/\/www.ucly.fr\/en\/?s={search_term_string}\"},\"query-input\":{\"@type\":\"PropertyValueSpecification\",\"valueRequired\":true,\"valueName\":\"search_term_string\"}}],\"inLanguage\":\"en-US\"},{\"@type\":\"Organization\",\"@id\":\"https:\/\/www.ucly.fr\/en\/#organization\",\"name\":\"UCLy\",\"url\":\"https:\/\/www.ucly.fr\/en\/\",\"logo\":{\"@type\":\"ImageObject\",\"inLanguage\":\"en-US\",\"@id\":\"https:\/\/www.ucly.fr\/en\/#\/schema\/logo\/image\/\",\"url\":\"https:\/\/www.ucly.fr\/wp-content\/uploads\/2025\/06\/logo-150ans-blanc.svg\",\"contentUrl\":\"https:\/\/www.ucly.fr\/wp-content\/uploads\/2025\/06\/logo-150ans-blanc.svg\",\"caption\":\"UCLy\"},\"image\":{\"@id\":\"https:\/\/www.ucly.fr\/en\/#\/schema\/logo\/image\/\"}}]}<\/script>\n<!-- \/ Yoast SEO plugin. -->","yoast_head_json":{"title":"Courses in English for exchange students - UCLy","robots":{"index":"index","follow":"follow","max-snippet":"max-snippet:-1","max-image-preview":"max-image-preview:large","max-video-preview":"max-video-preview:-1"},"canonical":"https:\/\/www.ucly.fr\/en\/academics\/courses-in-english\/english-courses-catalogue\/","og_locale":"en_US","og_type":"article","og_title":"Courses in English for exchange students - UCLy","og_description":"Each semester, UCLy offers a wide range of English-taught courses in different disciplines and at different levels. For details about the language requirements to [&hellip;]","og_url":"https:\/\/www.ucly.fr\/en\/academics\/courses-in-english\/english-courses-catalogue\/","og_site_name":"UCLy","article_modified_time":"2025-04-29T14:55:28+00:00","og_image":[{"width":1920,"height":575,"url":"https:\/\/www.ucly.fr\/wp-content\/uploads\/2019\/11\/amphi-etudiants-ucly-1920x575.jpg","type":"image\/jpeg"}],"twitter_card":"summary_large_image","twitter_misc":{"Est. reading time":"1 minute"},"schema":{"@context":"https:\/\/schema.org","@graph":[{"@type":"WebPage","@id":"https:\/\/www.ucly.fr\/en\/academics\/courses-in-english\/english-courses-catalogue\/","url":"https:\/\/www.ucly.fr\/en\/academics\/courses-in-english\/english-courses-catalogue\/","name":"Courses in English for exchange students - UCLy","isPartOf":{"@id":"https:\/\/www.ucly.fr\/en\/#website"},"primaryImageOfPage":{"@id":"https:\/\/www.ucly.fr\/en\/academics\/courses-in-english\/english-courses-catalogue\/#primaryimage"},"image":{"@id":"https:\/\/www.ucly.fr\/en\/academics\/courses-in-english\/english-courses-catalogue\/#primaryimage"},"thumbnailUrl":"https:\/\/www.ucly.fr\/wp-content\/uploads\/2019\/11\/amphi-etudiants-ucly-1920x575.jpg","datePublished":"2021-07-22T16:00:10+00:00","dateModified":"2025-04-29T14:55:28+00:00","breadcrumb":{"@id":"https:\/\/www.ucly.fr\/en\/academics\/courses-in-english\/english-courses-catalogue\/#breadcrumb"},"inLanguage":"en-US","potentialAction":[{"@type":"ReadAction","target":["https:\/\/www.ucly.fr\/en\/academics\/courses-in-english\/english-courses-catalogue\/"]}]},{"@type":"ImageObject","inLanguage":"en-US","@id":"https:\/\/www.ucly.fr\/en\/academics\/courses-in-english\/english-courses-catalogue\/#primaryimage","url":"https:\/\/www.ucly.fr\/wp-content\/uploads\/2019\/11\/amphi-etudiants-ucly-1920x575.jpg","contentUrl":"https:\/\/www.ucly.fr\/wp-content\/uploads\/2019\/11\/amphi-etudiants-ucly-1920x575.jpg","width":1920,"height":575,"caption":"\u00e9tudiants dans un amphith\u00e9\u00e2tre"},{"@type":"BreadcrumbList","@id":"https:\/\/www.ucly.fr\/en\/academics\/courses-in-english\/english-courses-catalogue\/#breadcrumb","itemListElement":[{"@type":"ListItem","position":1,"name":"Accueil","item":"https:\/\/www.ucly.fr\/en\/"},{"@type":"ListItem","position":2,"name":"ACADEMICS","item":"https:\/\/www.ucly.fr\/en\/academics\/"},{"@type":"ListItem","position":3,"name":"Programs in English","item":"https:\/\/www.ucly.fr\/en\/academics\/courses-in-english\/"},{"@type":"ListItem","position":4,"name":"Courses in English for exchange students"}]},{"@type":"WebSite","@id":"https:\/\/www.ucly.fr\/en\/#website","url":"https:\/\/www.ucly.fr\/en\/","name":"UCLy","description":"Un site utilisant WordPress","publisher":{"@id":"https:\/\/www.ucly.fr\/en\/#organization"},"potentialAction":[{"@type":"SearchAction","target":{"@type":"EntryPoint","urlTemplate":"https:\/\/www.ucly.fr\/en\/?s={search_term_string}"},"query-input":{"@type":"PropertyValueSpecification","valueRequired":true,"valueName":"search_term_string"}}],"inLanguage":"en-US"},{"@type":"Organization","@id":"https:\/\/www.ucly.fr\/en\/#organization","name":"UCLy","url":"https:\/\/www.ucly.fr\/en\/","logo":{"@type":"ImageObject","inLanguage":"en-US","@id":"https:\/\/www.ucly.fr\/en\/#\/schema\/logo\/image\/","url":"https:\/\/www.ucly.fr\/wp-content\/uploads\/2025\/06\/logo-150ans-blanc.svg","contentUrl":"https:\/\/www.ucly.fr\/wp-content\/uploads\/2025\/06\/logo-150ans-blanc.svg","caption":"UCLy"},"image":{"@id":"https:\/\/www.ucly.fr\/en\/#\/schema\/logo\/image\/"}}]}},"_links":{"self":[{"href":"https:\/\/www.ucly.fr\/en\/wp-json\/wp\/v2\/pages\/101767","targetHints":{"allow":["GET"]}}],"collection":[{"href":"https:\/\/www.ucly.fr\/en\/wp-json\/wp\/v2\/pages"}],"about":[{"href":"https:\/\/www.ucly.fr\/en\/wp-json\/wp\/v2\/types\/page"}],"author":[{"embeddable":true,"href":"https:\/\/www.ucly.fr\/en\/wp-json\/wp\/v2\/users\/27"}],"replies":[{"embeddable":true,"href":"https:\/\/www.ucly.fr\/en\/wp-json\/wp\/v2\/comments?post=101767"}],"version-history":[{"count":4,"href":"https:\/\/www.ucly.fr\/en\/wp-json\/wp\/v2\/pages\/101767\/revisions"}],"predecessor-version":[{"id":377231,"href":"https:\/\/www.ucly.fr\/en\/wp-json\/wp\/v2\/pages\/101767\/revisions\/377231"}],"up":[{"embeddable":true,"href":"https:\/\/www.ucly.fr\/en\/wp-json\/wp\/v2\/pages\/101769"}],"wp:featuredmedia":[{"embeddable":true,"href":"https:\/\/www.ucly.fr\/en\/wp-json\/wp\/v2\/media\/4420"}],"wp:attachment":[{"href":"https:\/\/www.ucly.fr\/en\/wp-json\/wp\/v2\/media?parent=101767"}],"curies":[{"name":"wp","href":"https:\/\/api.w.org\/{rel}","templated":true}]}}