{"id":101063,"date":"2019-12-10T15:52:31","date_gmt":"2019-12-10T14:52:31","guid":{"rendered":"https:\/\/www.ucly.fr\/?page_id=101063"},"modified":"2025-02-11T11:06:12","modified_gmt":"2025-02-11T10:06:12","slug":"legal-political-and-social-sciences","status":"publish","type":"page","link":"https:\/\/www.ucly.fr\/en\/research\/research-groups\/legal-political-and-social-sciences\/","title":{"rendered":"Study of norms in a legal, political and social context"},"content":{"rendered":"<p><strong>Manager<\/strong>: <a href=\"https:\/\/www.ucly.fr\/en\/research\/researchers\/discover-the-researchers\/monot-fouletier-marjolaine-268-2\/\" target=\"_blank\" rel=\"noreferrer noopener\">Professor Marjolaine MONOT-FOULETIER<\/a><br><br><strong>Permanent members<\/strong>: <a href=\"https:\/\/www.ucly.fr\/en\/research\/researchers\/discover-the-researchers\/briatta-marion-11447-2\/\" target=\"_blank\" rel=\"noreferrer noopener\">Dr Marion BRIATTA<\/a>, <a href=\"https:\/\/www.ucly.fr\/en\/research\/researchers\/discover-the-researchers\/bui-leturcq-marie-216-2\/\" target=\"_blank\" rel=\"noreferrer noopener\">Dr Marie BUI-LETURCQ<\/a>, <a href=\"https:\/\/www.ucly.fr\/en\/research\/researchers\/discover-the-researchers\/cannarsa-michel-218-2\/\" target=\"_blank\" rel=\"noreferrer noopener\">Professor Michel CANNARSA<\/a>, <a href=\"https:\/\/www.ucly.fr\/en\/research\/researchers\/discover-the-researchers\/copain-heritier-carine-225-2\/\" target=\"_blank\" rel=\"noreferrer noopener\">Dr Carine COPAIN<\/a>, <a href=\"https:\/\/www.ucly.fr\/en\/research\/researchers\/discover-the-researchers\/cursoux-bruyere-sandrine-227-2\/\" target=\"_blank\" rel=\"noreferrer noopener\">Dr Sandrine CURSOUX-BRUY\u00c8RE<\/a>, <a href=\"https:\/\/www.ucly.fr\/en\/research\/researchers\/discover-the-researchers\/girard-gaymard-tristan-11449-2\/\" target=\"_blank\" rel=\"noreferrer noopener\">Dr Tristan GIRARD GAYMARD<\/a>, <a href=\"https:\/\/www.ucly.fr\/en\/research\/researchers\/discover-the-researchers\/kurek-camille-11450-2\/\" target=\"_blank\" rel=\"noreferrer noopener\">Dr Camille KUREK<\/a>, <a href=\"https:\/\/www.ucly.fr\/en\/research\/researchers\/discover-the-researchers\/koude-roger-k-255\/\" target=\"_blank\" rel=\"noreferrer noopener\">Professor Roger KOUDE<\/a>, <a href=\"https:\/\/www.ucly.fr\/en\/research\/researchers\/discover-the-researchers\/longere-frederique-261-2\/\" target=\"_blank\" rel=\"noreferrer noopener\">Dr Fr\u00e9d\u00e9rique LONG\u00c8RE<\/a>, <a href=\"https:\/\/www.ucly.fr\/en\/research\/researchers\/discover-the-researchers\/moya-djoleen-273-2\/\" target=\"_blank\" rel=\"noreferrer noopener\">Dr Djoleen MOYA<\/a>, <a href=\"https:\/\/www.ucly.fr\/en\/research\/researchers\/discover-the-researchers\/muka-tshibende-louis-daniel-274-2\/\" target=\"_blank\" rel=\"noreferrer noopener\">Dr Louis-Daniel MUKA TSHIBENDE<\/a>, <a href=\"https:\/\/www.ucly.fr\/en\/research\/researchers\/discover-the-researchers\/ollivier-marc-276-2\/\" target=\"_blank\" rel=\"noreferrer noopener\">Dr Marc OLLIVIER<\/a>, <a href=\"https:\/\/www.ucly.fr\/en\/research\/researchers\/discover-the-researchers\/palanco-alexandre-11451-2\/\" target=\"_blank\" rel=\"noreferrer noopener\">Dr Alexandre PALANCO<\/a>, <a href=\"https:\/\/www.ucly.fr\/en\/research\/researchers\/discover-the-researchers\/pellegrini-cecile-279-2\/\" target=\"_blank\" rel=\"noreferrer noopener\">Dr C\u00e9cile PELLEGRINI<\/a>, <a href=\"https:\/\/www.ucly.fr\/en\/research\/researchers\/discover-the-researchers\/petit-carole-280-2\/\" target=\"_blank\" rel=\"noreferrer noopener\">Dr Carole PETIT<\/a>, <a href=\"https:\/\/www.ucly.fr\/en\/research\/researchers\/discover-the-researchers\/saccucci-yann-288-2\/\" target=\"_blank\" rel=\"noreferrer noopener\">Dr Yann SACCUCCI<\/a>, , <a href=\"https:\/\/www.ucly.fr\/en\/research\/researchers\/discover-the-researchers\/thevand-aude-293-2\/\" target=\"_blank\" rel=\"noreferrer noopener\">Dr Aude THEVAND<\/a>, <a href=\"https:\/\/www.ucly.fr\/en\/research\/researchers\/discover-the-researchers\/de-vaujany-emmanuel-229-2\/\" target=\"_blank\" rel=\"noreferrer noopener\">Dr Emmanuel DE VAUJANY<\/a>, <a href=\"https:\/\/www.ucly.fr\/en\/research\/researchers\/discover-the-researchers\/vern-flora-297-2\/\" target=\"_blank\" rel=\"noreferrer noopener\">Dr. Flora VERN<\/a>, <a href=\"https:\/\/www.ucly.fr\/en\/research\/researchers\/discover-the-researchers\/violet-franck-300-2\/\" target=\"_blank\" rel=\"noreferrer noopener\">Professor Franck VIOLET<\/a>, <a href=\"https:\/\/www.ucly.fr\/en\/research\/researchers\/discover-the-researchers\/zamir-noam-306-2\/\" target=\"_blank\" rel=\"noreferrer noopener\">Dr Noam ZAMIR<\/a><br><br><strong>Fellow members<\/strong>: <a href=\"https:\/\/www.ucly.fr\/en\/research\/researchers\/fellow-members\/#pascale-boucaud\" target=\"_blank\" rel=\"noreferrer noopener\">Professor Pascale BOUCAUD<\/a> (Honorary Professor of UCLy), <a href=\"https:\/\/www.ucly.fr\/en\/research\/researchers\/fellow-members\/#Iony-RANDRIANIRINA\" target=\"_blank\" rel=\"noreferrer noopener\">Dr Iony RANDRIANIRINA<\/a> (Universit\u00e9 de Lorraine), <a href=\"https:\/\/www.ucly.fr\/en\/research\/researchers\/fellow-members\/#giulia-terlizzi\" target=\"_blank\" rel=\"noreferrer noopener\">Dr Giulia TERLIZZI<\/a> (Universit\u00e0 degli Studi di Torino)<\/p><p><strong>Disciplines involved<\/strong>: Private Law and Criminal Sciences, Public Law, History of Law, Political Sciences<\/p><p><\/p><h2 class=\"wp-block-heading\">Topic and goals<\/h2><p>This group brings researchers working on legal, political and social sciences together to give a multidisciplinary dimension to the research undertaken and enable researchers to compare and make use of the complementarity of different methods applied to complex subjects.<br><br>The group\u2019s originality lies in the use of observational research (work on vulnerability - incarcerated women and law on foreign nationals in particular) based on our courses, research that is both experimental and foresightbased (legal clinics looking at law on new technologies and environmental law) and pure research (based on the development of seminar and\/or lecture series ending with a symposium then edited publications, for example in international business and investment law).<br><br>It can also be seen in the international dimension to the research, through an extensive network of partnerships with foreign universities. The research and events related to business law have mostly been done in English in order to give them a fully international dimension in terms of contributions (foreign academics and practitioners) and dissemination (publication in European journals and by international publishers such as Cambridge University Press).<\/p><p><\/p><h2 class=\"wp-block-heading\">Flagship project for 2020-2025<\/h2><p>\u2018<strong>Changes and regulations\u2019<\/strong><\/p><p>Law being both a product and a driver of changes, it seems appropriate to analyse how the relationships between law and changes raise essential political, social and economic considerations and, at the same time, bring risks of crisis and hope for progress.<br><br>One aspect will be engaging in a critical analysis to draw up a list of changes and put them into context, a cross-disciplinary context where appropriate, in order to reveal the existence or absence of cross-over and\/or consistency of the phenomena observed, beyond their mere definition for example. This complex operation will involve identifying cross-disciplinary themes (the role of judges, elected representatives and individual will, the weakening of individual rights, etc.), drafting assessment criteria for the expected changes and formulating a method for examining these changes. This critical analysis is intended to lead to identification of the trends and conditions governing the combination \u2018changes and law'.<\/p><p><\/p>","protected":false},"excerpt":{"rendered":"<p>Manager: Professor Marjolaine MONOT-FOULETIERPermanent members: Dr Marion BRIATTA, Dr Marie BUI-LETURCQ, Professor Michel CANNARSA, Dr Carine COPAIN, Dr Sandrine CURSOUX-BRUY\u00c8RE, Dr Tristan GIRARD GAYMARD, [&hellip;]<\/p>\n","protected":false},"author":27,"featured_media":40486,"parent":139194,"menu_order":6,"comment_status":"closed","ping_status":"closed","template":"","meta":{"_acf_changed":false,"footnotes":""},"class_list":["post-101063","page","type-page","status-publish","has-post-thumbnail","hentry"],"acf":[],"yoast_head":"<!-- This site is optimized with the Yoast SEO plugin v24.1 - https:\/\/yoast.com\/wordpress\/plugins\/seo\/ -->\n<title>Study of norms in a legal, political and social context - UCLy<\/title>\n<meta name=\"robots\" content=\"index, follow, max-snippet:-1, max-image-preview:large, max-video-preview:-1\" \/>\n<link rel=\"canonical\" href=\"https:\/\/www.ucly.fr\/en\/research\/research-groups\/legal-political-and-social-sciences\/\" \/>\n<meta property=\"og:locale\" content=\"en_US\" \/>\n<meta property=\"og:type\" content=\"article\" \/>\n<meta property=\"og:title\" content=\"Study of norms in a legal, political and social context - UCLy\" \/>\n<meta property=\"og:description\" content=\"Manager: Professor Marjolaine MONOT-FOULETIERPermanent members: Dr Marion BRIATTA, Dr Marie BUI-LETURCQ, Professor Michel CANNARSA, Dr Carine COPAIN, Dr Sandrine CURSOUX-BRUY\u00c8RE, Dr Tristan GIRARD GAYMARD, [&hellip;]\" \/>\n<meta property=\"og:url\" content=\"https:\/\/www.ucly.fr\/en\/research\/research-groups\/legal-political-and-social-sciences\/\" \/>\n<meta property=\"og:site_name\" content=\"UCLy\" \/>\n<meta property=\"article:modified_time\" content=\"2025-02-11T10:06:12+00:00\" \/>\n<meta property=\"og:image\" content=\"https:\/\/www.ucly.fr\/wp-content\/uploads\/2019\/12\/header-recherche-droit.jpg\" \/>\n\t<meta property=\"og:image:width\" content=\"1920\" \/>\n\t<meta property=\"og:image:height\" content=\"575\" \/>\n\t<meta property=\"og:image:type\" content=\"image\/jpeg\" \/>\n<meta name=\"twitter:card\" content=\"summary_large_image\" \/>\n<meta name=\"twitter:label1\" content=\"Est. reading time\" \/>\n\t<meta name=\"twitter:data1\" content=\"3 minutes\" \/>\n<script type=\"application\/ld+json\" class=\"yoast-schema-graph\">{\"@context\":\"https:\/\/schema.org\",\"@graph\":[{\"@type\":\"WebPage\",\"@id\":\"https:\/\/www.ucly.fr\/en\/research\/research-groups\/legal-political-and-social-sciences\/\",\"url\":\"https:\/\/www.ucly.fr\/en\/research\/research-groups\/legal-political-and-social-sciences\/\",\"name\":\"Study of norms in a legal, political and social context - UCLy\",\"isPartOf\":{\"@id\":\"https:\/\/www.ucly.fr\/en\/#website\"},\"primaryImageOfPage\":{\"@id\":\"https:\/\/www.ucly.fr\/en\/research\/research-groups\/legal-political-and-social-sciences\/#primaryimage\"},\"image\":{\"@id\":\"https:\/\/www.ucly.fr\/en\/research\/research-groups\/legal-political-and-social-sciences\/#primaryimage\"},\"thumbnailUrl\":\"https:\/\/www.ucly.fr\/wp-content\/uploads\/2019\/12\/header-recherche-droit.jpg\",\"datePublished\":\"2019-12-10T14:52:31+00:00\",\"dateModified\":\"2025-02-11T10:06:12+00:00\",\"breadcrumb\":{\"@id\":\"https:\/\/www.ucly.fr\/en\/research\/research-groups\/legal-political-and-social-sciences\/#breadcrumb\"},\"inLanguage\":\"en-US\",\"potentialAction\":[{\"@type\":\"ReadAction\",\"target\":[\"https:\/\/www.ucly.fr\/en\/research\/research-groups\/legal-political-and-social-sciences\/\"]}]},{\"@type\":\"ImageObject\",\"inLanguage\":\"en-US\",\"@id\":\"https:\/\/www.ucly.fr\/en\/research\/research-groups\/legal-political-and-social-sciences\/#primaryimage\",\"url\":\"https:\/\/www.ucly.fr\/wp-content\/uploads\/2019\/12\/header-recherche-droit.jpg\",\"contentUrl\":\"https:\/\/www.ucly.fr\/wp-content\/uploads\/2019\/12\/header-recherche-droit.jpg\",\"width\":1920,\"height\":575,\"caption\":\"codes juridiques et balance\"},{\"@type\":\"BreadcrumbList\",\"@id\":\"https:\/\/www.ucly.fr\/en\/research\/research-groups\/legal-political-and-social-sciences\/#breadcrumb\",\"itemListElement\":[{\"@type\":\"ListItem\",\"position\":1,\"name\":\"Accueil\",\"item\":\"https:\/\/www.ucly.fr\/en\/\"},{\"@type\":\"ListItem\",\"position\":2,\"name\":\"Research\",\"item\":\"https:\/\/www.ucly.fr\/en\/research\/\"},{\"@type\":\"ListItem\",\"position\":3,\"name\":\"Identify the 8 Research Groups\",\"item\":\"https:\/\/www.ucly.fr\/en\/research\/research-groups\/\"},{\"@type\":\"ListItem\",\"position\":4,\"name\":\"Study of norms in a legal, political and social context\"}]},{\"@type\":\"WebSite\",\"@id\":\"https:\/\/www.ucly.fr\/en\/#website\",\"url\":\"https:\/\/www.ucly.fr\/en\/\",\"name\":\"UCLy\",\"description\":\"Un site utilisant WordPress\",\"publisher\":{\"@id\":\"https:\/\/www.ucly.fr\/en\/#organization\"},\"potentialAction\":[{\"@type\":\"SearchAction\",\"target\":{\"@type\":\"EntryPoint\",\"urlTemplate\":\"https:\/\/www.ucly.fr\/en\/?s={search_term_string}\"},\"query-input\":{\"@type\":\"PropertyValueSpecification\",\"valueRequired\":true,\"valueName\":\"search_term_string\"}}],\"inLanguage\":\"en-US\"},{\"@type\":\"Organization\",\"@id\":\"https:\/\/www.ucly.fr\/en\/#organization\",\"name\":\"UCLy\",\"url\":\"https:\/\/www.ucly.fr\/en\/\",\"logo\":{\"@type\":\"ImageObject\",\"inLanguage\":\"en-US\",\"@id\":\"https:\/\/www.ucly.fr\/en\/#\/schema\/logo\/image\/\",\"url\":\"https:\/\/www.ucly.fr\/wp-content\/uploads\/2025\/06\/logo-150ans-blanc.svg\",\"contentUrl\":\"https:\/\/www.ucly.fr\/wp-content\/uploads\/2025\/06\/logo-150ans-blanc.svg\",\"caption\":\"UCLy\"},\"image\":{\"@id\":\"https:\/\/www.ucly.fr\/en\/#\/schema\/logo\/image\/\"}}]}<\/script>\n<!-- \/ Yoast SEO plugin. -->","yoast_head_json":{"title":"Study of norms in a legal, political and social context - UCLy","robots":{"index":"index","follow":"follow","max-snippet":"max-snippet:-1","max-image-preview":"max-image-preview:large","max-video-preview":"max-video-preview:-1"},"canonical":"https:\/\/www.ucly.fr\/en\/research\/research-groups\/legal-political-and-social-sciences\/","og_locale":"en_US","og_type":"article","og_title":"Study of norms in a legal, political and social context - UCLy","og_description":"Manager: Professor Marjolaine MONOT-FOULETIERPermanent members: Dr Marion BRIATTA, Dr Marie BUI-LETURCQ, Professor Michel CANNARSA, Dr Carine COPAIN, Dr Sandrine CURSOUX-BRUY\u00c8RE, Dr Tristan GIRARD GAYMARD, [&hellip;]","og_url":"https:\/\/www.ucly.fr\/en\/research\/research-groups\/legal-political-and-social-sciences\/","og_site_name":"UCLy","article_modified_time":"2025-02-11T10:06:12+00:00","og_image":[{"width":1920,"height":575,"url":"https:\/\/www.ucly.fr\/wp-content\/uploads\/2019\/12\/header-recherche-droit.jpg","type":"image\/jpeg"}],"twitter_card":"summary_large_image","twitter_misc":{"Est. reading time":"3 minutes"},"schema":{"@context":"https:\/\/schema.org","@graph":[{"@type":"WebPage","@id":"https:\/\/www.ucly.fr\/en\/research\/research-groups\/legal-political-and-social-sciences\/","url":"https:\/\/www.ucly.fr\/en\/research\/research-groups\/legal-political-and-social-sciences\/","name":"Study of norms in a legal, political and social context - UCLy","isPartOf":{"@id":"https:\/\/www.ucly.fr\/en\/#website"},"primaryImageOfPage":{"@id":"https:\/\/www.ucly.fr\/en\/research\/research-groups\/legal-political-and-social-sciences\/#primaryimage"},"image":{"@id":"https:\/\/www.ucly.fr\/en\/research\/research-groups\/legal-political-and-social-sciences\/#primaryimage"},"thumbnailUrl":"https:\/\/www.ucly.fr\/wp-content\/uploads\/2019\/12\/header-recherche-droit.jpg","datePublished":"2019-12-10T14:52:31+00:00","dateModified":"2025-02-11T10:06:12+00:00","breadcrumb":{"@id":"https:\/\/www.ucly.fr\/en\/research\/research-groups\/legal-political-and-social-sciences\/#breadcrumb"},"inLanguage":"en-US","potentialAction":[{"@type":"ReadAction","target":["https:\/\/www.ucly.fr\/en\/research\/research-groups\/legal-political-and-social-sciences\/"]}]},{"@type":"ImageObject","inLanguage":"en-US","@id":"https:\/\/www.ucly.fr\/en\/research\/research-groups\/legal-political-and-social-sciences\/#primaryimage","url":"https:\/\/www.ucly.fr\/wp-content\/uploads\/2019\/12\/header-recherche-droit.jpg","contentUrl":"https:\/\/www.ucly.fr\/wp-content\/uploads\/2019\/12\/header-recherche-droit.jpg","width":1920,"height":575,"caption":"codes juridiques et balance"},{"@type":"BreadcrumbList","@id":"https:\/\/www.ucly.fr\/en\/research\/research-groups\/legal-political-and-social-sciences\/#breadcrumb","itemListElement":[{"@type":"ListItem","position":1,"name":"Accueil","item":"https:\/\/www.ucly.fr\/en\/"},{"@type":"ListItem","position":2,"name":"Research","item":"https:\/\/www.ucly.fr\/en\/research\/"},{"@type":"ListItem","position":3,"name":"Identify the 8 Research Groups","item":"https:\/\/www.ucly.fr\/en\/research\/research-groups\/"},{"@type":"ListItem","position":4,"name":"Study of norms in a legal, political and social context"}]},{"@type":"WebSite","@id":"https:\/\/www.ucly.fr\/en\/#website","url":"https:\/\/www.ucly.fr\/en\/","name":"UCLy","description":"Un site utilisant WordPress","publisher":{"@id":"https:\/\/www.ucly.fr\/en\/#organization"},"potentialAction":[{"@type":"SearchAction","target":{"@type":"EntryPoint","urlTemplate":"https:\/\/www.ucly.fr\/en\/?s={search_term_string}"},"query-input":{"@type":"PropertyValueSpecification","valueRequired":true,"valueName":"search_term_string"}}],"inLanguage":"en-US"},{"@type":"Organization","@id":"https:\/\/www.ucly.fr\/en\/#organization","name":"UCLy","url":"https:\/\/www.ucly.fr\/en\/","logo":{"@type":"ImageObject","inLanguage":"en-US","@id":"https:\/\/www.ucly.fr\/en\/#\/schema\/logo\/image\/","url":"https:\/\/www.ucly.fr\/wp-content\/uploads\/2025\/06\/logo-150ans-blanc.svg","contentUrl":"https:\/\/www.ucly.fr\/wp-content\/uploads\/2025\/06\/logo-150ans-blanc.svg","caption":"UCLy"},"image":{"@id":"https:\/\/www.ucly.fr\/en\/#\/schema\/logo\/image\/"}}]}},"_links":{"self":[{"href":"https:\/\/www.ucly.fr\/en\/wp-json\/wp\/v2\/pages\/101063","targetHints":{"allow":["GET"]}}],"collection":[{"href":"https:\/\/www.ucly.fr\/en\/wp-json\/wp\/v2\/pages"}],"about":[{"href":"https:\/\/www.ucly.fr\/en\/wp-json\/wp\/v2\/types\/page"}],"author":[{"embeddable":true,"href":"https:\/\/www.ucly.fr\/en\/wp-json\/wp\/v2\/users\/27"}],"replies":[{"embeddable":true,"href":"https:\/\/www.ucly.fr\/en\/wp-json\/wp\/v2\/comments?post=101063"}],"version-history":[{"count":28,"href":"https:\/\/www.ucly.fr\/en\/wp-json\/wp\/v2\/pages\/101063\/revisions"}],"predecessor-version":[{"id":353456,"href":"https:\/\/www.ucly.fr\/en\/wp-json\/wp\/v2\/pages\/101063\/revisions\/353456"}],"up":[{"embeddable":true,"href":"https:\/\/www.ucly.fr\/en\/wp-json\/wp\/v2\/pages\/139194"}],"wp:featuredmedia":[{"embeddable":true,"href":"https:\/\/www.ucly.fr\/en\/wp-json\/wp\/v2\/media\/40486"}],"wp:attachment":[{"href":"https:\/\/www.ucly.fr\/en\/wp-json\/wp\/v2\/media?parent=101063"}],"curies":[{"name":"wp","href":"https:\/\/api.w.org\/{rel}","templated":true}]}}