{"id":101016,"date":"2021-02-11T15:28:47","date_gmt":"2021-02-11T14:28:47","guid":{"rendered":"https:\/\/www.ucly.fr\/?page_id=101016"},"modified":"2025-07-17T14:21:01","modified_gmt":"2025-07-17T12:21:01","slug":"housing-benefit-caf","status":"publish","type":"page","link":"https:\/\/www.ucly.fr\/en\/student-life\/international-relations-office\/international-student-desk\/administrative-procedures\/housing-benefit-caf\/","title":{"rendered":"Housing benefit (CAF)"},"content":{"rendered":"<p>As any student, you can receive financial allowance from the Caisse d'Allocations Familiales (CAF) to help you pay your rent.<\/p><h2 class=\"wp-block-heading\">What are the conditions to benefit from it?<\/h2><ul class=\"wp-block-list\"><li>If you are not European: <a href=\"https:\/\/www.ucly.fr\/en\/student-life\/international-relations-office\/international-student-desk\/administrative-procedures\/visas-and-residence-permits\/\" target=\"_blank\" rel=\"noreferrer noopener\">validated \"Student\" visa<\/a> or \"Student\" residence card<\/li>\n\n<li>Have a lease contract with your name<br>It is not possible to obtain the housing benefit if you live in a hotel \/ Airbnb<\/li>\n\n<li>Do not have family relationship with the landlord<\/li>\n\n<li>Have a <a href=\"https:\/\/www.ucly.fr\/en\/student-life\/administrative-procedures\/bank-account\/\" target=\"_blank\" rel=\"noreferrer noopener\">bank account in France<\/a> <strong>or <\/strong>a bank account in the SEPA zone: Andorra, Austria, Belgium, Bulgaria, Croatia, Cyprus, Czech Republic, Denmark, Estonia, Finland, France, Germany, Gibraltar, Greece, Hungary, Iceland, Ireland, Italy, Latvia, Liechtenstein, Lithuania, Luxembourg, Malta, Monaco, Netherlands, Norway, Poland, Portugal, Romania, San Marino, Slovenia, Slovakia, Spain, Sweden, Switzerland, UK and Vatican City.<\/li>\n\n<li>Have <strong>all <\/strong>required documents (list below)<\/li><\/ul><h2 class=\"wp-block-heading has-text-align-center\"><strong>Make sure to have all supporting documents before applying<\/strong><\/h2><div class=\"wp-block-button js-fade-scroll\">\n\n    <a href=\"https:\/\/www.ucly.fr\/wp-content\/uploads\/2025\/07\/ri-2025-caf-list-documents-maj_eng.pdf\" target=\"_blank\" title=\"Housing benefits CAF - List of documents\" class=\"button primary\">Housing benefits CAF - List of documents<\/a>\n\n  <\/div><p>***<\/p><div class=\"wp-block-button js-fade-scroll\">\n\n    <a href=\"https:\/\/www.ucly.fr\/wp-content\/uploads\/2025\/02\/ri-2025-caf-attestation-de-loyer-et-de-residence-en-foyer.pdf\" target=\"_blank\" title=\"Attestation de loyer \/ r\u00e9sidence en foyer\" class=\"button primary\">Attestation de loyer \/ r\u00e9sidence en foyer<\/a>\n\n  <\/div><div class=\"wp-block-button js-fade-scroll\">\n\n    <a href=\"https:\/\/www.ucly.fr\/wp-content\/uploads\/2025\/02\/ri-2025-caf-declaration-sur-lhonneur-de-ressources-europeens.pdf\" target=\"_blank\" title=\"European students: Statement of resources\" class=\"button primary\">European students: Statement of resources<\/a>\n\n  <\/div><h2 class=\"wp-block-heading\">When to apply?<\/h2><p><strong>As soon as you arrive in your accommodation.<\/strong><br>Indeed, <strong>the CAF will take into account the date of your online application<\/strong> and<strong> not the date of entry into your accommodation<\/strong>. <br><br><strong>The allowance is due from the 1st day following the month of your application<\/strong>.<br>For example: If you apply for the housing benefits on the 15th September, your rights to the housing benefit will start in October, that will be pay at the begining of November.<\/p><p><strong>If you do not have a French Social Security number<\/strong> yet (French Health Insurance number): answer \"No\" to the question \"Je poss\u00e8de un num\u00e9ro de S\u00e9curit\u00e9 sociale\".<\/p><p><img decoding=\"async\" class=\"wp-image-187532\" style=\"width: 400px;\" src=\"https:\/\/www.ucly.fr\/wp-content\/uploads\/2024\/03\/ri-2024-num-cpam-etudiants-europe.jpg\" alt=\"\"><\/p><p>You will get a <strong>provisional CAF number<\/strong> at the end of the process, via email or text: <strong>P + 8 figures<\/strong>. You will also find it on the summary screen.<\/p><h2 class=\"wp-block-heading\">Amount &amp; processing times<\/h2><p><strong>Caution: <\/strong>processing times can be very long. <br><a href=\"https:\/\/www.caf.fr\/allocataires\/caf-du-rhone\/indicateurs-de-qualite-de-service\" target=\"_blank\" rel=\"noreferrer noopener\">See the CAF website to know more.<\/a><\/p><p><strong>If you uploaded ALL documents<\/strong> (see list in PDF above), the CAF will take into account the date of your online application. So your rights to the APL are retroactiv: the first payment will include the current month and the passed months since your application.<\/p><p>The estimated amount, recipient and date of 1st payment are mentionned at the end of the application.<br><strong>Take a screenshot of this page<\/strong>. These information can't be found after closing the page.<\/p><p><img decoding=\"async\" width=\"800\" height=\"378\" class=\"wp-image-353688\" style=\"width: 800px;\" src=\"https:\/\/www.ucly.fr\/wp-content\/uploads\/2025\/02\/ri-2025-caf_eng.jpg\" alt=\"\" srcset=\"https:\/\/www.ucly.fr\/wp-content\/uploads\/2025\/02\/ri-2025-caf_eng.jpg 1497w, https:\/\/www.ucly.fr\/wp-content\/uploads\/2025\/02\/ri-2025-caf_eng-296x140.jpg 296w, https:\/\/www.ucly.fr\/wp-content\/uploads\/2025\/02\/ri-2025-caf_eng-520x246.jpg 520w, https:\/\/www.ucly.fr\/wp-content\/uploads\/2025\/02\/ri-2025-caf_eng-494x233.jpg 494w\" sizes=\"(max-width: 800px) 100vw, 800px\" \/><\/p><h2 class=\"wp-block-heading\">Step 1: Create your CAF account<\/h2><div class=\"wp-block-button js-fade-scroll\">\n\n    <a href=\"https:\/\/www.ucly.fr\/wp-content\/uploads\/2025\/01\/ri-caf-creation-de-compte_eng.pdf\" target=\"_blank\" title=\"Tutorial: Create your CAF account\" class=\"button primary\">Tutorial: Create your CAF account<\/a>\n\n  <\/div><h2 class=\"wp-block-heading\">Step 2: Application for the housing benefit<\/h2><h3 class=\"wp-block-heading\">Consult the CAF tutorials in English to fill your application according to your accommodation:<\/h3><div class=\"wp-block-button js-fade-scroll\">\n\n    <a href=\"https:\/\/www.ucly.fr\/wp-content\/uploads\/2024\/11\/ri-caf-crous-residence.pdf\" target=\"_blank\" title=\"CROUS residence\" class=\"button primary\">CROUS residence<\/a>\n\n  <\/div><p>***<\/p><div class=\"wp-block-button js-fade-scroll\">\n\n    <a href=\"https:\/\/www.ucly.fr\/wp-content\/uploads\/2024\/11\/ri-caf-non-crous-student-residence.pdf\" target=\"_blank\" title=\"Non-CROUS student residence: Maison Saint-Laurent, Saint-Bernard &amp; private student residence\" class=\"button primary\">Non-CROUS student residence: Maison Saint-Laurent, Saint-Bernard &amp; private student residence<\/a>\n\n  <\/div><p>***<\/p><div class=\"wp-block-button js-fade-scroll\">\n\n    <a href=\"https:\/\/www.ucly.fr\/wp-content\/uploads\/2024\/11\/ri-caf-private-market-accomodation.pdf\" target=\"_blank\" title=\"Private market accomodation\" class=\"button primary\">Private market accomodation<\/a>\n\n  <\/div><h2 class=\"wp-block-heading\">If you move<\/h2><p>You move <strong>in France<\/strong>:<\/p><ul class=\"wp-block-list\"><li>Don't forget to inform the CAF about your new address in France from your CAF account.<\/li>\n\n<li>To benefit from the allowance at your new address, <strong>you will mandatory have to re-apply<\/strong> (See Step 2).<\/li><\/ul><p>You move <strong>abroad<\/strong>:<\/p><ul class=\"wp-block-list\"><li>Don't forget to inform the CAF from your CAF account.<\/li><\/ul><div class=\"wp-block-cross-content js-fade-scroll\">\n    <p class=\"wp-block-cross-content-title\">More information<\/p>\n            <div class=\"row wp-block-cross-content-row\">\n                                <div class=\"column small-12 medium-6 large-4 wp-block-cross-content-col\">\n                        <a class=\"wp-block-cross-content-top\" href=\"https:\/\/www.ucly.fr\/en\/student-life\/international-relations-office\/international-student-desk\/daily-life\/bank-account\/\" title=\"Bank account\">\n                            <span class=\"wp-block-cross-content-name\">Bank account<\/span>\n                            <span class=\"wp-block-cross-content-image\"><img decoding=\"async\" width=\"630\" height=\"570\" src=\"https:\/\/www.ucly.fr\/wp-content\/uploads\/2021\/02\/wallet-3950973_1920-630x570.jpg\" class=\" wp-post-image\" alt=\"\" \/><\/span>\n                            <span class=\"wp-block-cross-content-more\">\n                                <span class=\"icon-more\"><\/span>\n                            <\/span>\n                        <\/a>\n                        <div class=\"wp-block-cross-content-excerpt\"><\/div>\n                    <\/div>\n                                                <div class=\"column small-12 medium-6 large-4 wp-block-cross-content-col\">\n                        <a class=\"wp-block-cross-content-top\" href=\"https:\/\/www.ucly.fr\/en\/student-life\/international-relations-office\/international-student-desk\/administrative-procedures\/health-coverage\/\" title=\"Health insurance\">\n                            <span class=\"wp-block-cross-content-name\">Health insurance<\/span>\n                            <span class=\"wp-block-cross-content-image\"><img decoding=\"async\" width=\"630\" height=\"570\" src=\"https:\/\/www.ucly.fr\/wp-content\/uploads\/2021\/02\/insurance-3906680_1920-630x570.jpg\" class=\" wp-post-image\" alt=\"\" \/><\/span>\n                            <span class=\"wp-block-cross-content-more\">\n                                <span class=\"icon-more\"><\/span>\n                            <\/span>\n                        <\/a>\n                        <div class=\"wp-block-cross-content-excerpt\"><\/div>\n                    <\/div>\n                                                <div class=\"column small-12 medium-6 large-4 wp-block-cross-content-col\">\n                        <a class=\"wp-block-cross-content-top\" href=\"https:\/\/www.ucly.fr\/en\/student-life\/international-relations-office\/international-student-desk\/administrative-procedures\/visas-and-residence-permits\/\" title=\"Visas and residence permits\">\n                            <span class=\"wp-block-cross-content-name\">Visas and residence permits<\/span>\n                            <span class=\"wp-block-cross-content-image\"><img decoding=\"async\" width=\"630\" height=\"570\" src=\"https:\/\/www.ucly.fr\/wp-content\/uploads\/2021\/02\/visa-3653492_1920-630x570.jpg\" class=\" wp-post-image\" alt=\"\" \/><\/span>\n                            <span class=\"wp-block-cross-content-more\">\n                                <span class=\"icon-more\"><\/span>\n                            <\/span>\n                        <\/a>\n                        <div class=\"wp-block-cross-content-excerpt\"><\/div>\n                    <\/div>\n                                    <\/div>\n    <\/div>","protected":false},"excerpt":{"rendered":"<p>As any student, you can receive financial allowance from the Caisse d&#8217;Allocations Familiales (CAF) to help you pay your rent.What are the conditions to [&hellip;]<\/p>\n","protected":false},"author":112,"featured_media":82536,"parent":101332,"menu_order":4,"comment_status":"closed","ping_status":"closed","template":"","meta":{"_acf_changed":false,"footnotes":""},"class_list":["post-101016","page","type-page","status-publish","has-post-thumbnail","hentry"],"acf":[],"yoast_head":"<!-- This site is optimized with the Yoast SEO plugin v24.1 - https:\/\/yoast.com\/wordpress\/plugins\/seo\/ -->\n<title>Housing benefit (CAF) - UCLy<\/title>\n<meta name=\"robots\" content=\"index, follow, max-snippet:-1, max-image-preview:large, max-video-preview:-1\" \/>\n<link rel=\"canonical\" href=\"https:\/\/www.ucly.fr\/en\/student-life\/international-relations-office\/international-student-desk\/administrative-procedures\/housing-benefit-caf\/\" \/>\n<meta property=\"og:locale\" content=\"en_US\" \/>\n<meta property=\"og:type\" content=\"article\" \/>\n<meta property=\"og:title\" content=\"Housing benefit (CAF) - UCLy\" \/>\n<meta property=\"og:description\" content=\"As any student, you can receive financial allowance from the Caisse d&#039;Allocations Familiales (CAF) to help you pay your rent.What are the conditions to [&hellip;]\" \/>\n<meta property=\"og:url\" content=\"https:\/\/www.ucly.fr\/en\/student-life\/international-relations-office\/international-student-desk\/administrative-procedures\/housing-benefit-caf\/\" \/>\n<meta property=\"og:site_name\" content=\"UCLy\" \/>\n<meta property=\"article:modified_time\" content=\"2025-07-17T12:21:01+00:00\" \/>\n<meta property=\"og:image\" content=\"https:\/\/www.ucly.fr\/wp-content\/uploads\/2021\/02\/electronic-4433604_1920-1920x576.jpg\" \/>\n\t<meta property=\"og:image:width\" content=\"1920\" \/>\n\t<meta property=\"og:image:height\" content=\"1221\" \/>\n\t<meta property=\"og:image:type\" content=\"image\/jpeg\" \/>\n<meta name=\"twitter:card\" content=\"summary_large_image\" \/>\n<meta name=\"twitter:label1\" content=\"Est. reading time\" \/>\n\t<meta name=\"twitter:data1\" content=\"1 minute\" \/>\n<script type=\"application\/ld+json\" class=\"yoast-schema-graph\">{\"@context\":\"https:\/\/schema.org\",\"@graph\":[{\"@type\":\"WebPage\",\"@id\":\"https:\/\/www.ucly.fr\/en\/student-life\/international-relations-office\/international-student-desk\/administrative-procedures\/housing-benefit-caf\/\",\"url\":\"https:\/\/www.ucly.fr\/en\/student-life\/international-relations-office\/international-student-desk\/administrative-procedures\/housing-benefit-caf\/\",\"name\":\"Housing benefit (CAF) - UCLy\",\"isPartOf\":{\"@id\":\"https:\/\/www.ucly.fr\/en\/#website\"},\"primaryImageOfPage\":{\"@id\":\"https:\/\/www.ucly.fr\/en\/student-life\/international-relations-office\/international-student-desk\/administrative-procedures\/housing-benefit-caf\/#primaryimage\"},\"image\":{\"@id\":\"https:\/\/www.ucly.fr\/en\/student-life\/international-relations-office\/international-student-desk\/administrative-procedures\/housing-benefit-caf\/#primaryimage\"},\"thumbnailUrl\":\"https:\/\/www.ucly.fr\/wp-content\/uploads\/2021\/02\/electronic-4433604_1920-1920x576.jpg\",\"datePublished\":\"2021-02-11T14:28:47+00:00\",\"dateModified\":\"2025-07-17T12:21:01+00:00\",\"breadcrumb\":{\"@id\":\"https:\/\/www.ucly.fr\/en\/student-life\/international-relations-office\/international-student-desk\/administrative-procedures\/housing-benefit-caf\/#breadcrumb\"},\"inLanguage\":\"en-US\",\"potentialAction\":[{\"@type\":\"ReadAction\",\"target\":[\"https:\/\/www.ucly.fr\/en\/student-life\/international-relations-office\/international-student-desk\/administrative-procedures\/housing-benefit-caf\/\"]}]},{\"@type\":\"ImageObject\",\"inLanguage\":\"en-US\",\"@id\":\"https:\/\/www.ucly.fr\/en\/student-life\/international-relations-office\/international-student-desk\/administrative-procedures\/housing-benefit-caf\/#primaryimage\",\"url\":\"https:\/\/www.ucly.fr\/wp-content\/uploads\/2021\/02\/electronic-4433604_1920-1920x576.jpg\",\"contentUrl\":\"https:\/\/www.ucly.fr\/wp-content\/uploads\/2021\/02\/electronic-4433604_1920-1920x576.jpg\",\"width\":1920,\"height\":1221,\"caption\":\"formalit\u00e9 caf pour \u00e9tudiants \u00e9trangers\"},{\"@type\":\"BreadcrumbList\",\"@id\":\"https:\/\/www.ucly.fr\/en\/student-life\/international-relations-office\/international-student-desk\/administrative-procedures\/housing-benefit-caf\/#breadcrumb\",\"itemListElement\":[{\"@type\":\"ListItem\",\"position\":1,\"name\":\"Accueil\",\"item\":\"https:\/\/www.ucly.fr\/en\/\"},{\"@type\":\"ListItem\",\"position\":2,\"name\":\"Student services\",\"item\":\"https:\/\/www.ucly.fr\/en\/student-life\/\"},{\"@type\":\"ListItem\",\"position\":3,\"name\":\"International Relations Office\",\"item\":\"https:\/\/www.ucly.fr\/en\/student-life\/international-relations-office\/\"},{\"@type\":\"ListItem\",\"position\":4,\"name\":\"Supporting international students\",\"item\":\"https:\/\/www.ucly.fr\/en\/student-life\/international-relations-office\/international-student-desk\/\"},{\"@type\":\"ListItem\",\"position\":5,\"name\":\"Administrative procedures\",\"item\":\"https:\/\/www.ucly.fr\/en\/student-life\/international-relations-office\/international-student-desk\/administrative-procedures\/\"},{\"@type\":\"ListItem\",\"position\":6,\"name\":\"Housing benefit (CAF)\"}]},{\"@type\":\"WebSite\",\"@id\":\"https:\/\/www.ucly.fr\/en\/#website\",\"url\":\"https:\/\/www.ucly.fr\/en\/\",\"name\":\"UCLy\",\"description\":\"Un site utilisant WordPress\",\"publisher\":{\"@id\":\"https:\/\/www.ucly.fr\/en\/#organization\"},\"potentialAction\":[{\"@type\":\"SearchAction\",\"target\":{\"@type\":\"EntryPoint\",\"urlTemplate\":\"https:\/\/www.ucly.fr\/en\/?s={search_term_string}\"},\"query-input\":{\"@type\":\"PropertyValueSpecification\",\"valueRequired\":true,\"valueName\":\"search_term_string\"}}],\"inLanguage\":\"en-US\"},{\"@type\":\"Organization\",\"@id\":\"https:\/\/www.ucly.fr\/en\/#organization\",\"name\":\"UCLy\",\"url\":\"https:\/\/www.ucly.fr\/en\/\",\"logo\":{\"@type\":\"ImageObject\",\"inLanguage\":\"en-US\",\"@id\":\"https:\/\/www.ucly.fr\/en\/#\/schema\/logo\/image\/\",\"url\":\"https:\/\/www.ucly.fr\/wp-content\/uploads\/2025\/06\/logo-150ans-blanc.svg\",\"contentUrl\":\"https:\/\/www.ucly.fr\/wp-content\/uploads\/2025\/06\/logo-150ans-blanc.svg\",\"caption\":\"UCLy\"},\"image\":{\"@id\":\"https:\/\/www.ucly.fr\/en\/#\/schema\/logo\/image\/\"}}]}<\/script>\n<!-- \/ Yoast SEO plugin. -->","yoast_head_json":{"title":"Housing benefit (CAF) - UCLy","robots":{"index":"index","follow":"follow","max-snippet":"max-snippet:-1","max-image-preview":"max-image-preview:large","max-video-preview":"max-video-preview:-1"},"canonical":"https:\/\/www.ucly.fr\/en\/student-life\/international-relations-office\/international-student-desk\/administrative-procedures\/housing-benefit-caf\/","og_locale":"en_US","og_type":"article","og_title":"Housing benefit (CAF) - UCLy","og_description":"As any student, you can receive financial allowance from the Caisse d'Allocations Familiales (CAF) to help you pay your rent.What are the conditions to [&hellip;]","og_url":"https:\/\/www.ucly.fr\/en\/student-life\/international-relations-office\/international-student-desk\/administrative-procedures\/housing-benefit-caf\/","og_site_name":"UCLy","article_modified_time":"2025-07-17T12:21:01+00:00","og_image":[{"width":1920,"height":1221,"url":"https:\/\/www.ucly.fr\/wp-content\/uploads\/2021\/02\/electronic-4433604_1920-1920x576.jpg","type":"image\/jpeg"}],"twitter_card":"summary_large_image","twitter_misc":{"Est. reading time":"1 minute"},"schema":{"@context":"https:\/\/schema.org","@graph":[{"@type":"WebPage","@id":"https:\/\/www.ucly.fr\/en\/student-life\/international-relations-office\/international-student-desk\/administrative-procedures\/housing-benefit-caf\/","url":"https:\/\/www.ucly.fr\/en\/student-life\/international-relations-office\/international-student-desk\/administrative-procedures\/housing-benefit-caf\/","name":"Housing benefit (CAF) - UCLy","isPartOf":{"@id":"https:\/\/www.ucly.fr\/en\/#website"},"primaryImageOfPage":{"@id":"https:\/\/www.ucly.fr\/en\/student-life\/international-relations-office\/international-student-desk\/administrative-procedures\/housing-benefit-caf\/#primaryimage"},"image":{"@id":"https:\/\/www.ucly.fr\/en\/student-life\/international-relations-office\/international-student-desk\/administrative-procedures\/housing-benefit-caf\/#primaryimage"},"thumbnailUrl":"https:\/\/www.ucly.fr\/wp-content\/uploads\/2021\/02\/electronic-4433604_1920-1920x576.jpg","datePublished":"2021-02-11T14:28:47+00:00","dateModified":"2025-07-17T12:21:01+00:00","breadcrumb":{"@id":"https:\/\/www.ucly.fr\/en\/student-life\/international-relations-office\/international-student-desk\/administrative-procedures\/housing-benefit-caf\/#breadcrumb"},"inLanguage":"en-US","potentialAction":[{"@type":"ReadAction","target":["https:\/\/www.ucly.fr\/en\/student-life\/international-relations-office\/international-student-desk\/administrative-procedures\/housing-benefit-caf\/"]}]},{"@type":"ImageObject","inLanguage":"en-US","@id":"https:\/\/www.ucly.fr\/en\/student-life\/international-relations-office\/international-student-desk\/administrative-procedures\/housing-benefit-caf\/#primaryimage","url":"https:\/\/www.ucly.fr\/wp-content\/uploads\/2021\/02\/electronic-4433604_1920-1920x576.jpg","contentUrl":"https:\/\/www.ucly.fr\/wp-content\/uploads\/2021\/02\/electronic-4433604_1920-1920x576.jpg","width":1920,"height":1221,"caption":"formalit\u00e9 caf pour \u00e9tudiants \u00e9trangers"},{"@type":"BreadcrumbList","@id":"https:\/\/www.ucly.fr\/en\/student-life\/international-relations-office\/international-student-desk\/administrative-procedures\/housing-benefit-caf\/#breadcrumb","itemListElement":[{"@type":"ListItem","position":1,"name":"Accueil","item":"https:\/\/www.ucly.fr\/en\/"},{"@type":"ListItem","position":2,"name":"Student services","item":"https:\/\/www.ucly.fr\/en\/student-life\/"},{"@type":"ListItem","position":3,"name":"International Relations Office","item":"https:\/\/www.ucly.fr\/en\/student-life\/international-relations-office\/"},{"@type":"ListItem","position":4,"name":"Supporting international students","item":"https:\/\/www.ucly.fr\/en\/student-life\/international-relations-office\/international-student-desk\/"},{"@type":"ListItem","position":5,"name":"Administrative procedures","item":"https:\/\/www.ucly.fr\/en\/student-life\/international-relations-office\/international-student-desk\/administrative-procedures\/"},{"@type":"ListItem","position":6,"name":"Housing benefit (CAF)"}]},{"@type":"WebSite","@id":"https:\/\/www.ucly.fr\/en\/#website","url":"https:\/\/www.ucly.fr\/en\/","name":"UCLy","description":"Un site utilisant WordPress","publisher":{"@id":"https:\/\/www.ucly.fr\/en\/#organization"},"potentialAction":[{"@type":"SearchAction","target":{"@type":"EntryPoint","urlTemplate":"https:\/\/www.ucly.fr\/en\/?s={search_term_string}"},"query-input":{"@type":"PropertyValueSpecification","valueRequired":true,"valueName":"search_term_string"}}],"inLanguage":"en-US"},{"@type":"Organization","@id":"https:\/\/www.ucly.fr\/en\/#organization","name":"UCLy","url":"https:\/\/www.ucly.fr\/en\/","logo":{"@type":"ImageObject","inLanguage":"en-US","@id":"https:\/\/www.ucly.fr\/en\/#\/schema\/logo\/image\/","url":"https:\/\/www.ucly.fr\/wp-content\/uploads\/2025\/06\/logo-150ans-blanc.svg","contentUrl":"https:\/\/www.ucly.fr\/wp-content\/uploads\/2025\/06\/logo-150ans-blanc.svg","caption":"UCLy"},"image":{"@id":"https:\/\/www.ucly.fr\/en\/#\/schema\/logo\/image\/"}}]}},"_links":{"self":[{"href":"https:\/\/www.ucly.fr\/en\/wp-json\/wp\/v2\/pages\/101016","targetHints":{"allow":["GET"]}}],"collection":[{"href":"https:\/\/www.ucly.fr\/en\/wp-json\/wp\/v2\/pages"}],"about":[{"href":"https:\/\/www.ucly.fr\/en\/wp-json\/wp\/v2\/types\/page"}],"author":[{"embeddable":true,"href":"https:\/\/www.ucly.fr\/en\/wp-json\/wp\/v2\/users\/112"}],"replies":[{"embeddable":true,"href":"https:\/\/www.ucly.fr\/en\/wp-json\/wp\/v2\/comments?post=101016"}],"version-history":[{"count":2,"href":"https:\/\/www.ucly.fr\/en\/wp-json\/wp\/v2\/pages\/101016\/revisions"}],"predecessor-version":[{"id":389529,"href":"https:\/\/www.ucly.fr\/en\/wp-json\/wp\/v2\/pages\/101016\/revisions\/389529"}],"up":[{"embeddable":true,"href":"https:\/\/www.ucly.fr\/en\/wp-json\/wp\/v2\/pages\/101332"}],"wp:featuredmedia":[{"embeddable":true,"href":"https:\/\/www.ucly.fr\/en\/wp-json\/wp\/v2\/media\/82536"}],"wp:attachment":[{"href":"https:\/\/www.ucly.fr\/en\/wp-json\/wp\/v2\/media?parent=101016"}],"curies":[{"name":"wp","href":"https:\/\/api.w.org\/{rel}","templated":true}]}}