{"id":101004,"date":"2021-02-11T16:35:06","date_gmt":"2021-02-11T15:35:06","guid":{"rendered":"https:\/\/www.ucly.fr\/?page_id=101004"},"modified":"2025-08-18T14:50:06","modified_gmt":"2025-08-18T12:50:06","slug":"bank-account","status":"publish","type":"page","link":"https:\/\/www.ucly.fr\/en\/student-life\/international-relations-office\/international-student-desk\/daily-life\/bank-account\/","title":{"rendered":"Bank account"},"content":{"rendered":"<p>Opening a bank account in France is not mandatory but will ease your daily life.<br>Thus, you will be able to pay your rent, bills and subscriptions, receive your salaries and refunds of your medical expenses. <br>If you don't have a european bank account (\u20ac zone), this account is also <strong>mandatory for the <a href=\"https:\/\/www.ucly.fr\/en\/student-life\/international-relations-office\/international-student-desk\/administrative-procedures\/health-coverage\/\">French Health Insurance<\/a> and\/or to obtain the <a href=\"https:\/\/www.ucly.fr\/en\/student-life\/international-relations-office\/international-student-desk\/administrative-procedures\/housing-benefit-caf\/\" target=\"_blank\" rel=\"noreferrer noopener\">housing benefit from the CAF<\/a>.<\/strong><\/p><p><strong><em>Student with a visa \"Underage student\" (\"Mineur scolaris\u00e9\")<\/em><\/strong>: one of your parents \/ legal guardian (official document necessary) must be present to open a bank account on your name. <\/p><h2 class=\"wp-block-heading\">Which bank to choose?<\/h2><p>We advise you to <strong>compare the offers of the different banks <\/strong>and to choose the one matching your needs. Indeed, the costs related to various operations (international transfers, money withdrawals abroad, use of a credit card...) can vary from one organization to another. In addition, most banks offer <strong>attractive rates for both French and international students<\/strong>.<\/p><p>Ask for information from <strong>UCLy's banking partners:<br><a href=\"https:\/\/www.credit-agricole.fr\/ca-centrest\/particulier.html\">Cr\u00e9dit Agricole Centre Est<\/a><br><a href=\"https:\/\/www.caisse-epargne.fr\/rhone-alpes\/particuliers\">Caisse d\u2019Epargne Rh\u00f4ne-Alpes<\/a><\/strong><br><strong><a href=\"https:\/\/www.bpaura.banquepopulaire.fr\">Banque Populaire Loire et Lyonnais<\/a> <\/strong><\/p><p><\/p><h2 class=\"wp-block-heading\">Offers for French and international students from UCLy <\/h2><div class=\"wp-block-text-image\">\n  <div class=\"row align-bottom collapse\">\n    <div class=\"column small-12 medium-6 xlarge-5 xxlarge-expand wp-block-text-image-info js-fade-scroll\">\n      <p class=\"wp-block-text-image-title\">Caisse d'Epargne<\/p>\n      <div class=\"wp-block-text-image-intro\"><p><a href=\"https:\/\/www.ucly.fr\/wp-content\/uploads\/2025\/08\/offre-ucly-anglais-septembre-decembre-2025.pdf\" target=\"_blank\" rel=\"noopener\">Click here to consult their offer in English<\/a><\/p>\n<\/div>\n    <\/div>\n\n    <div class=\"column small-12 medium-6 xlarge-7 xxlarge-shrink wp-block-text-image-picture js-fade-scroll\">\n      <img decoding=\"async\" width=\"320\" height=\"376\" src=\"https:\/\/www.ucly.fr\/wp-content\/uploads\/2024\/03\/logo-cera-e1710164676182.png\" class=\"attachment-text_image size-text_image\" alt=\"Logo Caisse d&#039;Epargne\" \/>    <\/div>\n  <\/div>\n<\/div><div class=\"wp-block-text-image\">\n  <div class=\"row align-bottom collapse\">\n    <div class=\"column small-12 medium-6 xlarge-5 xxlarge-expand wp-block-text-image-info js-fade-scroll\">\n      <p class=\"wp-block-text-image-title\">Banque Populaire<\/p>\n      <div class=\"wp-block-text-image-intro\"><p><a href=\"https:\/\/www.ucly.fr\/wp-content\/uploads\/2023\/10\/ri-2023-offre-ucly-banque-populaire.pdf\" target=\"_blank\" rel=\"noopener\">Click here to consult their offer (PDF only available in French)<\/a><\/p>\n<\/div>\n    <\/div>\n\n    <div class=\"column small-12 medium-6 xlarge-7 xxlarge-shrink wp-block-text-image-picture js-fade-scroll\">\n      <img decoding=\"async\" width=\"320\" height=\"320\" src=\"https:\/\/www.ucly.fr\/wp-content\/uploads\/2024\/03\/logo-bp.png\" class=\"attachment-text_image size-text_image\" alt=\"\" srcset=\"https:\/\/www.ucly.fr\/wp-content\/uploads\/2024\/03\/logo-bp.png 320w, https:\/\/www.ucly.fr\/wp-content\/uploads\/2024\/03\/logo-bp-150x150.png 150w, https:\/\/www.ucly.fr\/wp-content\/uploads\/2024\/03\/logo-bp-140x140.png 140w\" sizes=\"(max-width: 320px) 100vw, 320px\" \/>    <\/div>\n  <\/div>\n<\/div><h2 class=\"wp-block-heading\">Requested documents:<\/h2><h3 class=\"wp-block-heading\">1) Identity:<\/h3><ul class=\"wp-block-list\"><li>European student: ID card<\/li>\n\n<li>Non-European stuednt: passport <strong>+<\/strong> \"Student\" visa <strong>+<\/strong> visa validation<\/li><\/ul><h3 class=\"wp-block-heading\">2) Proof of residence:<\/h3><ul class=\"wp-block-list\"><li>CROUS residences: proof of residence (<em>Attestation de r\u00e9sidence<\/em>) <strong>and <\/strong>lease contract<\/li>\n\n<li>Non-CROUS residences \/ private accommodation: last rent receipt <strong>or <\/strong>last water\/electricity\/gas bill <strong>or <\/strong>home insurance<\/li>\n\n<li>You are staying with a private individual (family, friend etc.): dated and signed certificate of accomodation from your host <strong>+<\/strong> his\/her ID card <strong>+<\/strong> his\/her last electricity bill<\/li><\/ul><h3 class=\"wp-block-heading\">3) School certificate at the UCLy<\/h3><p>Pre-enrolment certificate \/ admission letter are not valid<\/p><p><\/p><p>Once your account is opened, you will have bank account details (<strong>RIB\/IBAN<\/strong>) which will be asked when you register for the <strong><a href=\"https:\/\/www.ucly.fr\/en\/student-life\/international-relations-office\/international-student-desk\/administrative-procedures\/health-coverage\/\" target=\"_blank\" rel=\"noreferrer noopener\">French health insurance<\/a><\/strong> or when you apply for the <strong><a href=\"https:\/\/www.ucly.fr\/en\/student-life\/international-relations-office\/international-student-desk\/administrative-procedures\/housing-benefit-caf\/\" target=\"_blank\" rel=\"noreferrer noopener\">housing benefit from the CAF<\/a><\/strong>.<\/p><h2 class=\"wp-block-heading has-text-align-center\"><strong>Don't forget to close your bank account before leaving France.<\/strong><\/h2><h3 class=\"wp-block-heading\">Watch the Campus France tutorials<br>English and Spanish subtitles<\/h3><div class=\"wp-block-youtube-videos-carrousel js-fade-scroll\">\n  <div class=\"owl-carousel owl-theme owl-gallery\">\n          <div class=\"item\">\n        <div class=\"wp-block-youtube-videos-carrousel-url plyr__video-embed js-player\">\n          <iframe src=\"https:\/\/www.youtube.com\/embed\/AdMgERlOnkI?origin=https:\/\/plyr.io&amp;iv_load_policy=3&amp;modestbranding=1&amp;playsinline=1&amp;showinfo=0&amp;rel=0&amp;enablejsapi=1\" allowfullscreen allowtransparency allow=\"autoplay\" poster=\"\" ratio=\"4:3\"><\/iframe>\n        <\/div>\n\n        <p class=\"wp-block-youtube-videos-carrousel-title\">Opening a bank account - English subtitles<\/p>\n        <div class=\"wp-block-youtube-videos-carrousel-description\"><\/div>\n      <\/div>\n            <div class=\"item\">\n        <div class=\"wp-block-youtube-videos-carrousel-url plyr__video-embed js-player\">\n          <iframe src=\"https:\/\/www.youtube.com\/embed\/SrebrxNbrnE?origin=https:\/\/plyr.io&amp;iv_load_policy=3&amp;modestbranding=1&amp;playsinline=1&amp;showinfo=0&amp;rel=0&amp;enablejsapi=1\" allowfullscreen allowtransparency allow=\"autoplay\" poster=\"\" ratio=\"4:3\"><\/iframe>\n        <\/div>\n\n        <p class=\"wp-block-youtube-videos-carrousel-title\">Abrir una cuenta bancaria - Subt\u00edtulos en Espa\u00f1ol<\/p>\n        <div class=\"wp-block-youtube-videos-carrousel-description\"><\/div>\n      <\/div>\n        <\/div>\n\n  <div class=\"owl-numbers\">\n    <span class=\"owl-number-current\"><\/span>\n    <span class=\"owl-number-sep\"><\/span>\n    <span class=\"owl-number-total\"><\/span>\n  <\/div>\n<\/div><div class=\"wp-block-cross-content js-fade-scroll\">\n    <p class=\"wp-block-cross-content-title\">More information<\/p>\n            <div class=\"row wp-block-cross-content-row\">\n                                <div class=\"column small-12 medium-6 large-4 wp-block-cross-content-col\">\n                        <a class=\"wp-block-cross-content-top\" href=\"https:\/\/www.ucly.fr\/en\/student-life\/international-relations-office\/international-student-desk\/administrative-procedures\/health-coverage\/\" title=\"Health insurance\">\n                            <span class=\"wp-block-cross-content-name\">Health insurance<\/span>\n                            <span class=\"wp-block-cross-content-image\"><img decoding=\"async\" width=\"630\" height=\"570\" src=\"https:\/\/www.ucly.fr\/wp-content\/uploads\/2021\/02\/insurance-3906680_1920-630x570.jpg\" class=\" wp-post-image\" alt=\"\" \/><\/span>\n                            <span class=\"wp-block-cross-content-more\">\n                                <span class=\"icon-more\"><\/span>\n                            <\/span>\n                        <\/a>\n                        <div class=\"wp-block-cross-content-excerpt\"><\/div>\n                    <\/div>\n                                                <div class=\"column small-12 medium-6 large-4 wp-block-cross-content-col\">\n                        <a class=\"wp-block-cross-content-top\" href=\"https:\/\/www.ucly.fr\/en\/student-life\/international-relations-office\/international-student-desk\/administrative-procedures\/housing-benefit-caf\/\" title=\"Housing benefit (CAF)\">\n                            <span class=\"wp-block-cross-content-name\">Housing benefit (CAF)<\/span>\n                            <span class=\"wp-block-cross-content-image\"><img decoding=\"async\" width=\"630\" height=\"570\" src=\"https:\/\/www.ucly.fr\/wp-content\/uploads\/2021\/02\/electronic-4433604_1920-630x570.jpg\" class=\" wp-post-image\" alt=\"formalit\u00e9 caf pour \u00e9tudiants \u00e9trangers\" \/><\/span>\n                            <span class=\"wp-block-cross-content-more\">\n                                <span class=\"icon-more\"><\/span>\n                            <\/span>\n                        <\/a>\n                        <div class=\"wp-block-cross-content-excerpt\"><\/div>\n                    <\/div>\n                                                <div class=\"column small-12 medium-6 large-4 wp-block-cross-content-col\">\n                        <a class=\"wp-block-cross-content-top\" href=\"https:\/\/www.ucly.fr\/en\/student-life\/international-relations-office\/international-student-desk\/administrative-procedures\/visas-and-residence-permits\/\" title=\"Visas and residence permits\">\n                            <span class=\"wp-block-cross-content-name\">Visas and residence permits<\/span>\n                            <span class=\"wp-block-cross-content-image\"><img decoding=\"async\" width=\"630\" height=\"570\" src=\"https:\/\/www.ucly.fr\/wp-content\/uploads\/2021\/02\/visa-3653492_1920-630x570.jpg\" class=\" wp-post-image\" alt=\"\" \/><\/span>\n                            <span class=\"wp-block-cross-content-more\">\n                                <span class=\"icon-more\"><\/span>\n                            <\/span>\n                        <\/a>\n                        <div class=\"wp-block-cross-content-excerpt\"><\/div>\n                    <\/div>\n                                    <\/div>\n    <\/div>","protected":false},"excerpt":{"rendered":"<p>Opening a bank account in France is not mandatory but will ease your daily life.Thus, you will be able to pay your rent, bills [&hellip;]<\/p>\n","protected":false},"author":112,"featured_media":82529,"parent":386686,"menu_order":3,"comment_status":"closed","ping_status":"closed","template":"","meta":{"_acf_changed":false,"footnotes":""},"class_list":["post-101004","page","type-page","status-publish","has-post-thumbnail","hentry"],"acf":[],"yoast_head":"<!-- This site is optimized with the Yoast SEO plugin v24.1 - https:\/\/yoast.com\/wordpress\/plugins\/seo\/ -->\n<title>Bank account - UCLy<\/title>\n<meta name=\"robots\" content=\"index, follow, max-snippet:-1, max-image-preview:large, max-video-preview:-1\" \/>\n<link rel=\"canonical\" href=\"https:\/\/www.ucly.fr\/en\/student-life\/international-relations-office\/international-student-desk\/daily-life\/bank-account\/\" \/>\n<meta property=\"og:locale\" content=\"en_US\" \/>\n<meta property=\"og:type\" content=\"article\" \/>\n<meta property=\"og:title\" content=\"Bank account - UCLy\" \/>\n<meta property=\"og:description\" content=\"Opening a bank account in France is not mandatory but will ease your daily life.Thus, you will be able to pay your rent, bills [&hellip;]\" \/>\n<meta property=\"og:url\" content=\"https:\/\/www.ucly.fr\/en\/student-life\/international-relations-office\/international-student-desk\/daily-life\/bank-account\/\" \/>\n<meta property=\"og:site_name\" content=\"UCLy\" \/>\n<meta property=\"article:modified_time\" content=\"2025-08-18T12:50:06+00:00\" \/>\n<meta property=\"og:image\" content=\"https:\/\/www.ucly.fr\/wp-content\/uploads\/2021\/02\/wallet-3950973_1920-1920x576.jpg\" \/>\n\t<meta property=\"og:image:width\" content=\"1920\" \/>\n\t<meta property=\"og:image:height\" content=\"1114\" \/>\n\t<meta property=\"og:image:type\" content=\"image\/jpeg\" \/>\n<meta name=\"twitter:card\" content=\"summary_large_image\" \/>\n<meta name=\"twitter:label1\" content=\"Est. reading time\" \/>\n\t<meta name=\"twitter:data1\" content=\"2 minutes\" \/>\n<script type=\"application\/ld+json\" class=\"yoast-schema-graph\">{\"@context\":\"https:\/\/schema.org\",\"@graph\":[{\"@type\":\"WebPage\",\"@id\":\"https:\/\/www.ucly.fr\/en\/student-life\/international-relations-office\/international-student-desk\/daily-life\/bank-account\/\",\"url\":\"https:\/\/www.ucly.fr\/en\/student-life\/international-relations-office\/international-student-desk\/daily-life\/bank-account\/\",\"name\":\"Bank account - UCLy\",\"isPartOf\":{\"@id\":\"https:\/\/www.ucly.fr\/en\/#website\"},\"primaryImageOfPage\":{\"@id\":\"https:\/\/www.ucly.fr\/en\/student-life\/international-relations-office\/international-student-desk\/daily-life\/bank-account\/#primaryimage\"},\"image\":{\"@id\":\"https:\/\/www.ucly.fr\/en\/student-life\/international-relations-office\/international-student-desk\/daily-life\/bank-account\/#primaryimage\"},\"thumbnailUrl\":\"https:\/\/www.ucly.fr\/wp-content\/uploads\/2021\/02\/wallet-3950973_1920-1920x576.jpg\",\"datePublished\":\"2021-02-11T15:35:06+00:00\",\"dateModified\":\"2025-08-18T12:50:06+00:00\",\"breadcrumb\":{\"@id\":\"https:\/\/www.ucly.fr\/en\/student-life\/international-relations-office\/international-student-desk\/daily-life\/bank-account\/#breadcrumb\"},\"inLanguage\":\"en-US\",\"potentialAction\":[{\"@type\":\"ReadAction\",\"target\":[\"https:\/\/www.ucly.fr\/en\/student-life\/international-relations-office\/international-student-desk\/daily-life\/bank-account\/\"]}]},{\"@type\":\"ImageObject\",\"inLanguage\":\"en-US\",\"@id\":\"https:\/\/www.ucly.fr\/en\/student-life\/international-relations-office\/international-student-desk\/daily-life\/bank-account\/#primaryimage\",\"url\":\"https:\/\/www.ucly.fr\/wp-content\/uploads\/2021\/02\/wallet-3950973_1920-1920x576.jpg\",\"contentUrl\":\"https:\/\/www.ucly.fr\/wp-content\/uploads\/2021\/02\/wallet-3950973_1920-1920x576.jpg\",\"width\":1920,\"height\":1114},{\"@type\":\"BreadcrumbList\",\"@id\":\"https:\/\/www.ucly.fr\/en\/student-life\/international-relations-office\/international-student-desk\/daily-life\/bank-account\/#breadcrumb\",\"itemListElement\":[{\"@type\":\"ListItem\",\"position\":1,\"name\":\"Accueil\",\"item\":\"https:\/\/www.ucly.fr\/en\/\"},{\"@type\":\"ListItem\",\"position\":2,\"name\":\"Student services\",\"item\":\"https:\/\/www.ucly.fr\/en\/student-life\/\"},{\"@type\":\"ListItem\",\"position\":3,\"name\":\"International Relations Office\",\"item\":\"https:\/\/www.ucly.fr\/en\/student-life\/international-relations-office\/\"},{\"@type\":\"ListItem\",\"position\":4,\"name\":\"Supporting international students\",\"item\":\"https:\/\/www.ucly.fr\/en\/student-life\/international-relations-office\/international-student-desk\/\"},{\"@type\":\"ListItem\",\"position\":5,\"name\":\"Daily life\",\"item\":\"https:\/\/www.ucly.fr\/en\/student-life\/international-relations-office\/international-student-desk\/daily-life\/\"},{\"@type\":\"ListItem\",\"position\":6,\"name\":\"Bank account\"}]},{\"@type\":\"WebSite\",\"@id\":\"https:\/\/www.ucly.fr\/en\/#website\",\"url\":\"https:\/\/www.ucly.fr\/en\/\",\"name\":\"UCLy\",\"description\":\"Un site utilisant WordPress\",\"publisher\":{\"@id\":\"https:\/\/www.ucly.fr\/en\/#organization\"},\"potentialAction\":[{\"@type\":\"SearchAction\",\"target\":{\"@type\":\"EntryPoint\",\"urlTemplate\":\"https:\/\/www.ucly.fr\/en\/?s={search_term_string}\"},\"query-input\":{\"@type\":\"PropertyValueSpecification\",\"valueRequired\":true,\"valueName\":\"search_term_string\"}}],\"inLanguage\":\"en-US\"},{\"@type\":\"Organization\",\"@id\":\"https:\/\/www.ucly.fr\/en\/#organization\",\"name\":\"UCLy\",\"url\":\"https:\/\/www.ucly.fr\/en\/\",\"logo\":{\"@type\":\"ImageObject\",\"inLanguage\":\"en-US\",\"@id\":\"https:\/\/www.ucly.fr\/en\/#\/schema\/logo\/image\/\",\"url\":\"https:\/\/www.ucly.fr\/wp-content\/uploads\/2025\/06\/logo-150ans-blanc.svg\",\"contentUrl\":\"https:\/\/www.ucly.fr\/wp-content\/uploads\/2025\/06\/logo-150ans-blanc.svg\",\"caption\":\"UCLy\"},\"image\":{\"@id\":\"https:\/\/www.ucly.fr\/en\/#\/schema\/logo\/image\/\"}}]}<\/script>\n<!-- \/ Yoast SEO plugin. -->","yoast_head_json":{"title":"Bank account - UCLy","robots":{"index":"index","follow":"follow","max-snippet":"max-snippet:-1","max-image-preview":"max-image-preview:large","max-video-preview":"max-video-preview:-1"},"canonical":"https:\/\/www.ucly.fr\/en\/student-life\/international-relations-office\/international-student-desk\/daily-life\/bank-account\/","og_locale":"en_US","og_type":"article","og_title":"Bank account - UCLy","og_description":"Opening a bank account in France is not mandatory but will ease your daily life.Thus, you will be able to pay your rent, bills [&hellip;]","og_url":"https:\/\/www.ucly.fr\/en\/student-life\/international-relations-office\/international-student-desk\/daily-life\/bank-account\/","og_site_name":"UCLy","article_modified_time":"2025-08-18T12:50:06+00:00","og_image":[{"width":1920,"height":1114,"url":"https:\/\/www.ucly.fr\/wp-content\/uploads\/2021\/02\/wallet-3950973_1920-1920x576.jpg","type":"image\/jpeg"}],"twitter_card":"summary_large_image","twitter_misc":{"Est. reading time":"2 minutes"},"schema":{"@context":"https:\/\/schema.org","@graph":[{"@type":"WebPage","@id":"https:\/\/www.ucly.fr\/en\/student-life\/international-relations-office\/international-student-desk\/daily-life\/bank-account\/","url":"https:\/\/www.ucly.fr\/en\/student-life\/international-relations-office\/international-student-desk\/daily-life\/bank-account\/","name":"Bank account - UCLy","isPartOf":{"@id":"https:\/\/www.ucly.fr\/en\/#website"},"primaryImageOfPage":{"@id":"https:\/\/www.ucly.fr\/en\/student-life\/international-relations-office\/international-student-desk\/daily-life\/bank-account\/#primaryimage"},"image":{"@id":"https:\/\/www.ucly.fr\/en\/student-life\/international-relations-office\/international-student-desk\/daily-life\/bank-account\/#primaryimage"},"thumbnailUrl":"https:\/\/www.ucly.fr\/wp-content\/uploads\/2021\/02\/wallet-3950973_1920-1920x576.jpg","datePublished":"2021-02-11T15:35:06+00:00","dateModified":"2025-08-18T12:50:06+00:00","breadcrumb":{"@id":"https:\/\/www.ucly.fr\/en\/student-life\/international-relations-office\/international-student-desk\/daily-life\/bank-account\/#breadcrumb"},"inLanguage":"en-US","potentialAction":[{"@type":"ReadAction","target":["https:\/\/www.ucly.fr\/en\/student-life\/international-relations-office\/international-student-desk\/daily-life\/bank-account\/"]}]},{"@type":"ImageObject","inLanguage":"en-US","@id":"https:\/\/www.ucly.fr\/en\/student-life\/international-relations-office\/international-student-desk\/daily-life\/bank-account\/#primaryimage","url":"https:\/\/www.ucly.fr\/wp-content\/uploads\/2021\/02\/wallet-3950973_1920-1920x576.jpg","contentUrl":"https:\/\/www.ucly.fr\/wp-content\/uploads\/2021\/02\/wallet-3950973_1920-1920x576.jpg","width":1920,"height":1114},{"@type":"BreadcrumbList","@id":"https:\/\/www.ucly.fr\/en\/student-life\/international-relations-office\/international-student-desk\/daily-life\/bank-account\/#breadcrumb","itemListElement":[{"@type":"ListItem","position":1,"name":"Accueil","item":"https:\/\/www.ucly.fr\/en\/"},{"@type":"ListItem","position":2,"name":"Student services","item":"https:\/\/www.ucly.fr\/en\/student-life\/"},{"@type":"ListItem","position":3,"name":"International Relations Office","item":"https:\/\/www.ucly.fr\/en\/student-life\/international-relations-office\/"},{"@type":"ListItem","position":4,"name":"Supporting international students","item":"https:\/\/www.ucly.fr\/en\/student-life\/international-relations-office\/international-student-desk\/"},{"@type":"ListItem","position":5,"name":"Daily life","item":"https:\/\/www.ucly.fr\/en\/student-life\/international-relations-office\/international-student-desk\/daily-life\/"},{"@type":"ListItem","position":6,"name":"Bank account"}]},{"@type":"WebSite","@id":"https:\/\/www.ucly.fr\/en\/#website","url":"https:\/\/www.ucly.fr\/en\/","name":"UCLy","description":"Un site utilisant WordPress","publisher":{"@id":"https:\/\/www.ucly.fr\/en\/#organization"},"potentialAction":[{"@type":"SearchAction","target":{"@type":"EntryPoint","urlTemplate":"https:\/\/www.ucly.fr\/en\/?s={search_term_string}"},"query-input":{"@type":"PropertyValueSpecification","valueRequired":true,"valueName":"search_term_string"}}],"inLanguage":"en-US"},{"@type":"Organization","@id":"https:\/\/www.ucly.fr\/en\/#organization","name":"UCLy","url":"https:\/\/www.ucly.fr\/en\/","logo":{"@type":"ImageObject","inLanguage":"en-US","@id":"https:\/\/www.ucly.fr\/en\/#\/schema\/logo\/image\/","url":"https:\/\/www.ucly.fr\/wp-content\/uploads\/2025\/06\/logo-150ans-blanc.svg","contentUrl":"https:\/\/www.ucly.fr\/wp-content\/uploads\/2025\/06\/logo-150ans-blanc.svg","caption":"UCLy"},"image":{"@id":"https:\/\/www.ucly.fr\/en\/#\/schema\/logo\/image\/"}}]}},"_links":{"self":[{"href":"https:\/\/www.ucly.fr\/en\/wp-json\/wp\/v2\/pages\/101004","targetHints":{"allow":["GET"]}}],"collection":[{"href":"https:\/\/www.ucly.fr\/en\/wp-json\/wp\/v2\/pages"}],"about":[{"href":"https:\/\/www.ucly.fr\/en\/wp-json\/wp\/v2\/types\/page"}],"author":[{"embeddable":true,"href":"https:\/\/www.ucly.fr\/en\/wp-json\/wp\/v2\/users\/112"}],"replies":[{"embeddable":true,"href":"https:\/\/www.ucly.fr\/en\/wp-json\/wp\/v2\/comments?post=101004"}],"version-history":[{"count":4,"href":"https:\/\/www.ucly.fr\/en\/wp-json\/wp\/v2\/pages\/101004\/revisions"}],"predecessor-version":[{"id":393741,"href":"https:\/\/www.ucly.fr\/en\/wp-json\/wp\/v2\/pages\/101004\/revisions\/393741"}],"up":[{"embeddable":true,"href":"https:\/\/www.ucly.fr\/en\/wp-json\/wp\/v2\/pages\/386686"}],"wp:featuredmedia":[{"embeddable":true,"href":"https:\/\/www.ucly.fr\/en\/wp-json\/wp\/v2\/media\/82529"}],"wp:attachment":[{"href":"https:\/\/www.ucly.fr\/en\/wp-json\/wp\/v2\/media?parent=101004"}],"curies":[{"name":"wp","href":"https:\/\/api.w.org\/{rel}","templated":true}]}}